{"id":21317,"date":"2025-11-11T13:28:55","date_gmt":"2025-11-11T13:28:55","guid":{"rendered":"https:\/\/www.xiaomistoreks.com\/?post_type=product&#038;p=21317"},"modified":"2026-03-29T19:23:42","modified_gmt":"2026-03-29T19:23:42","slug":"xiaomi-tv-stick-4k-2nd-gen","status":"publish","type":"product","link":"https:\/\/www.xiaomistoreks.com\/en\/product\/xiaomi-tv-stick-4k-2nd-gen\/","title":{"rendered":"Xiaomi TV Stick 4K (2nd Gen)"},"content":{"rendered":"<p><a href=\"https:\/\/www.xiaomistoreks.com\/wp-content\/uploads\/2025\/11\/screencapture-mi-global-product-xiaomi-tv-stick-4k-2nd-gen-2025-11-11-13_41_06_01.png\"><img fetchpriority=\"high\" decoding=\"async\" class=\"alignnone size-full wp-image-21319\" src=\"https:\/\/www.xiaomistoreks.com\/wp-content\/uploads\/2025\/11\/screencapture-mi-global-product-xiaomi-tv-stick-4k-2nd-gen-2025-11-11-13_41_06_01.png\" alt=\"\" width=\"1146\" height=\"599\" \/><\/a> <a href=\"https:\/\/www.xiaomistoreks.com\/wp-content\/uploads\/2025\/11\/screencapture-mi-global-product-xiaomi-tv-stick-4k-2nd-gen-2025-11-11-13_41_06_02.png\"><img decoding=\"async\" class=\"alignnone size-full wp-image-21320\" src=\"https:\/\/www.xiaomistoreks.com\/wp-content\/uploads\/2025\/11\/screencapture-mi-global-product-xiaomi-tv-stick-4k-2nd-gen-2025-11-11-13_41_06_02.png\" alt=\"\" width=\"1146\" height=\"1303\" \/><\/a> <a href=\"https:\/\/www.xiaomistoreks.com\/wp-content\/uploads\/2025\/11\/screencapture-mi-global-product-xiaomi-tv-stick-4k-2nd-gen-2025-11-11-13_41_06_03.png\"><img decoding=\"async\" class=\"alignnone size-full wp-image-21321\" src=\"https:\/\/www.xiaomistoreks.com\/wp-content\/uploads\/2025\/11\/screencapture-mi-global-product-xiaomi-tv-stick-4k-2nd-gen-2025-11-11-13_41_06_03.png\" alt=\"\" width=\"1146\" height=\"1488\" \/><\/a> <a href=\"https:\/\/www.xiaomistoreks.com\/wp-content\/uploads\/2025\/11\/screencapture-mi-global-product-xiaomi-tv-stick-4k-2nd-gen-2025-11-11-13_41_06_04.png\"><img loading=\"lazy\" decoding=\"async\" class=\"alignnone size-full wp-image-21322\" src=\"https:\/\/www.xiaomistoreks.com\/wp-content\/uploads\/2025\/11\/screencapture-mi-global-product-xiaomi-tv-stick-4k-2nd-gen-2025-11-11-13_41_06_04.png\" alt=\"\" width=\"1146\" height=\"779\" \/><\/a> <a href=\"https:\/\/www.xiaomistoreks.com\/wp-content\/uploads\/2025\/11\/screencapture-mi-global-product-xiaomi-tv-stick-4k-2nd-gen-2025-11-11-13_41_06_05.png\"><img loading=\"lazy\" decoding=\"async\" class=\"alignnone size-full wp-image-21323\" src=\"https:\/\/www.xiaomistoreks.com\/wp-content\/uploads\/2025\/11\/screencapture-mi-global-product-xiaomi-tv-stick-4k-2nd-gen-2025-11-11-13_41_06_05.png\" alt=\"\" width=\"1146\" height=\"1402\" \/><\/a> <a href=\"https:\/\/www.xiaomistoreks.com\/wp-content\/uploads\/2025\/11\/screencapture-mi-global-product-xiaomi-tv-stick-4k-2nd-gen-2025-11-11-13_41_06_06.png\"><img loading=\"lazy\" decoding=\"async\" class=\"alignnone size-full wp-image-21324\" src=\"https:\/\/www.xiaomistoreks.com\/wp-content\/uploads\/2025\/11\/screencapture-mi-global-product-xiaomi-tv-stick-4k-2nd-gen-2025-11-11-13_41_06_06.png\" alt=\"\" width=\"1146\" height=\"1373\" \/><\/a> <a href=\"https:\/\/www.xiaomistoreks.com\/wp-content\/uploads\/2025\/11\/screencapture-mi-global-product-xiaomi-tv-stick-4k-2nd-gen-2025-11-11-13_41_06_07.png\"><img loading=\"lazy\" decoding=\"async\" class=\"alignnone size-full wp-image-21325\" src=\"https:\/\/www.xiaomistoreks.com\/wp-content\/uploads\/2025\/11\/screencapture-mi-global-product-xiaomi-tv-stick-4k-2nd-gen-2025-11-11-13_41_06_07.png\" alt=\"\" width=\"1146\" height=\"1245\" \/><\/a><\/p>\n","protected":false},"excerpt":{"rendered":"<p>Xiaomi TV Stick 4K (2nd Gen) \u2013 Nj\u00eb pajisje kompakte dhe e fuqishme q\u00eb e kthen \u00e7do televizor n\u00eb nj\u00eb smart TV. Me mb\u00ebshtetje p\u00ebr 4K Ultra HD dhe Dolby Vision, ofron pamje mahnit\u00ebse me ngjyra t\u00eb thella dhe kontrast t\u00eb lart\u00eb. Sistemi Google TV mund\u00ebson qasje t\u00eb leht\u00eb n\u00eb aplikacione, filma dhe muzik\u00eb p\u00ebrmes komandave zanore me Google Assistant. Pajisja mb\u00ebshtet gjithashtu Chromecast p\u00ebr ndarje t\u00eb shpejt\u00eb t\u00eb p\u00ebrmbajtjes nga telefoni. Me procesor t\u00eb shpejt\u00eb, Wi-Fi t\u00eb q\u00ebndruesh\u00ebm dhe dizajn ultra-portativ, Xiaomi TV Stick 4K (2nd Gen) \u00ebsht\u00eb zgjidhja ideale p\u00ebr arg\u00ebtim inteligjent kudo.<\/p>\n","protected":false},"featured_media":21318,"template":"","meta":[],"product_cat":[176,204,205],"product_tag":[],"_links":{"self":[{"href":"https:\/\/www.xiaomistoreks.com\/en\/wp-json\/wp\/v2\/product\/21317"}],"collection":[{"href":"https:\/\/www.xiaomistoreks.com\/en\/wp-json\/wp\/v2\/product"}],"about":[{"href":"https:\/\/www.xiaomistoreks.com\/en\/wp-json\/wp\/v2\/types\/product"}],"version-history":[{"count":1,"href":"https:\/\/www.xiaomistoreks.com\/en\/wp-json\/wp\/v2\/product\/21317\/revisions"}],"predecessor-version":[{"id":21326,"href":"https:\/\/www.xiaomistoreks.com\/en\/wp-json\/wp\/v2\/product\/21317\/revisions\/21326"}],"wp:featuredmedia":[{"embeddable":true,"href":"https:\/\/www.xiaomistoreks.com\/en\/wp-json\/wp\/v2\/media\/21318"}],"wp:attachment":[{"href":"https:\/\/www.xiaomistoreks.com\/en\/wp-json\/wp\/v2\/media?parent=21317"}],"wp:term":[{"taxonomy":"product_cat","embeddable":true,"href":"https:\/\/www.xiaomistoreks.com\/en\/wp-json\/wp\/v2\/product_cat?post=21317"},{"taxonomy":"product_tag","embeddable":true,"href":"https:\/\/www.xiaomistoreks.com\/en\/wp-json\/wp\/v2\/product_tag?post=21317"}],"curies":[{"name":"wp","href":"https:\/\/api.w.org\/{rel}","templated":true}]}}