{"id":21263,"date":"2025-11-10T16:46:06","date_gmt":"2025-11-10T16:46:06","guid":{"rendered":"https:\/\/www.xiaomistoreks.com\/?post_type=product&#038;p=21263"},"modified":"2026-04-08T00:06:35","modified_gmt":"2026-04-08T00:06:35","slug":"xiaomi-15t-pro","status":"publish","type":"product","link":"https:\/\/www.xiaomistoreks.com\/en\/product\/xiaomi-15t-pro\/","title":{"rendered":"Xiaomi 15T Pro"},"content":{"rendered":"<p><a href=\"https:\/\/www.xiaomistoreks.com\/wp-content\/uploads\/2025\/11\/screencapture-mi-global-product-xiaomi-15t-pro-2025-11-10-16_08_18_01.png\"><img fetchpriority=\"high\" decoding=\"async\" class=\"alignnone size-full wp-image-21268\" src=\"https:\/\/www.xiaomistoreks.com\/wp-content\/uploads\/2025\/11\/screencapture-mi-global-product-xiaomi-15t-pro-2025-11-10-16_08_18_01.png\" alt=\"\" width=\"1129\" height=\"550\" \/><\/a> <a href=\"https:\/\/www.xiaomistoreks.com\/wp-content\/uploads\/2025\/11\/screencapture-mi-global-product-xiaomi-15t-pro-2025-11-10-16_08_18_02.png\"><img decoding=\"async\" class=\"alignnone size-full wp-image-21269\" src=\"https:\/\/www.xiaomistoreks.com\/wp-content\/uploads\/2025\/11\/screencapture-mi-global-product-xiaomi-15t-pro-2025-11-10-16_08_18_02.png\" alt=\"\" width=\"1129\" height=\"1041\" \/><\/a> <a href=\"https:\/\/www.xiaomistoreks.com\/wp-content\/uploads\/2025\/11\/screencapture-mi-global-product-xiaomi-15t-pro-2025-11-10-16_08_18_03.png\"><img decoding=\"async\" class=\"alignnone size-full wp-image-21270\" src=\"https:\/\/www.xiaomistoreks.com\/wp-content\/uploads\/2025\/11\/screencapture-mi-global-product-xiaomi-15t-pro-2025-11-10-16_08_18_03.png\" alt=\"\" width=\"1129\" height=\"1520\" \/><\/a> <a href=\"https:\/\/www.xiaomistoreks.com\/wp-content\/uploads\/2025\/11\/screencapture-mi-global-product-xiaomi-15t-pro-2025-11-10-16_08_18_04.png\"><img loading=\"lazy\" decoding=\"async\" class=\"alignnone size-full wp-image-21271\" src=\"https:\/\/www.xiaomistoreks.com\/wp-content\/uploads\/2025\/11\/screencapture-mi-global-product-xiaomi-15t-pro-2025-11-10-16_08_18_04.png\" alt=\"\" width=\"1129\" height=\"1930\" \/><\/a> <a href=\"https:\/\/www.xiaomistoreks.com\/wp-content\/uploads\/2025\/11\/screencapture-mi-global-product-xiaomi-15t-pro-2025-11-10-16_08_18_05.png\"><img loading=\"lazy\" decoding=\"async\" class=\"alignnone size-full wp-image-21272\" src=\"https:\/\/www.xiaomistoreks.com\/wp-content\/uploads\/2025\/11\/screencapture-mi-global-product-xiaomi-15t-pro-2025-11-10-16_08_18_05.png\" alt=\"\" width=\"1129\" height=\"1667\" \/><\/a> <a href=\"https:\/\/www.xiaomistoreks.com\/wp-content\/uploads\/2025\/11\/screencapture-mi-global-product-xiaomi-15t-pro-2025-11-10-16_08_18_06.png\"><img loading=\"lazy\" decoding=\"async\" class=\"alignnone size-full wp-image-21273\" src=\"https:\/\/www.xiaomistoreks.com\/wp-content\/uploads\/2025\/11\/screencapture-mi-global-product-xiaomi-15t-pro-2025-11-10-16_08_18_06.png\" alt=\"\" width=\"1129\" height=\"1485\" \/><\/a> <a href=\"https:\/\/www.xiaomistoreks.com\/wp-content\/uploads\/2025\/11\/screencapture-mi-global-product-xiaomi-15t-pro-2025-11-10-16_08_18-2_01.png\"><img loading=\"lazy\" decoding=\"async\" class=\"alignnone size-full wp-image-21274\" src=\"https:\/\/www.xiaomistoreks.com\/wp-content\/uploads\/2025\/11\/screencapture-mi-global-product-xiaomi-15t-pro-2025-11-10-16_08_18-2_01.png\" alt=\"\" width=\"1240\" height=\"891\" \/><\/a> <a href=\"https:\/\/www.xiaomistoreks.com\/wp-content\/uploads\/2025\/11\/screencapture-mi-global-product-xiaomi-15t-pro-2025-11-10-16_08_18-2_02.png\"><img loading=\"lazy\" decoding=\"async\" class=\"alignnone size-full wp-image-21275\" src=\"https:\/\/www.xiaomistoreks.com\/wp-content\/uploads\/2025\/11\/screencapture-mi-global-product-xiaomi-15t-pro-2025-11-10-16_08_18-2_02.png\" alt=\"\" width=\"1240\" height=\"1574\" \/><\/a> <a href=\"https:\/\/www.xiaomistoreks.com\/wp-content\/uploads\/2025\/11\/screencapture-mi-global-product-xiaomi-15t-pro-2025-11-10-16_08_18-2_03.png\"><img loading=\"lazy\" decoding=\"async\" class=\"alignnone size-full wp-image-21276\" src=\"https:\/\/www.xiaomistoreks.com\/wp-content\/uploads\/2025\/11\/screencapture-mi-global-product-xiaomi-15t-pro-2025-11-10-16_08_18-2_03.png\" alt=\"\" width=\"1240\" height=\"1587\" \/><\/a> <a href=\"https:\/\/www.xiaomistoreks.com\/wp-content\/uploads\/2025\/11\/screencapture-mi-global-product-xiaomi-15t-pro-2025-11-10-16_08_18-2_04.png\"><img loading=\"lazy\" decoding=\"async\" class=\"alignnone size-full wp-image-21277\" src=\"https:\/\/www.xiaomistoreks.com\/wp-content\/uploads\/2025\/11\/screencapture-mi-global-product-xiaomi-15t-pro-2025-11-10-16_08_18-2_04.png\" alt=\"\" width=\"1240\" height=\"1459\" \/><\/a> <a href=\"https:\/\/www.xiaomistoreks.com\/wp-content\/uploads\/2025\/11\/screencapture-mi-global-product-xiaomi-15t-pro-2025-11-10-16_08_18-2_05.png\"><img loading=\"lazy\" decoding=\"async\" class=\"alignnone size-full wp-image-21278\" src=\"https:\/\/www.xiaomistoreks.com\/wp-content\/uploads\/2025\/11\/screencapture-mi-global-product-xiaomi-15t-pro-2025-11-10-16_08_18-2_05.png\" alt=\"\" width=\"1240\" height=\"1050\" \/><\/a> <a href=\"https:\/\/www.xiaomistoreks.com\/wp-content\/uploads\/2025\/11\/screencapture-mi-global-product-xiaomi-15t-pro-2025-11-10-16_08_18-2_06.png\"><img loading=\"lazy\" decoding=\"async\" class=\"alignnone size-full wp-image-21279\" src=\"https:\/\/www.xiaomistoreks.com\/wp-content\/uploads\/2025\/11\/screencapture-mi-global-product-xiaomi-15t-pro-2025-11-10-16_08_18-2_06.png\" alt=\"\" width=\"1240\" height=\"1631\" \/><\/a> <a href=\"https:\/\/www.xiaomistoreks.com\/wp-content\/uploads\/2025\/11\/screencapture-mi-global-product-xiaomi-15t-pro-2025-11-10-16_08_18-3_01.png\"><img loading=\"lazy\" decoding=\"async\" class=\"alignnone size-full wp-image-21280\" src=\"https:\/\/www.xiaomistoreks.com\/wp-content\/uploads\/2025\/11\/screencapture-mi-global-product-xiaomi-15t-pro-2025-11-10-16_08_18-3_01.png\" alt=\"\" width=\"1132\" height=\"1379\" \/><\/a> <a href=\"https:\/\/www.xiaomistoreks.com\/wp-content\/uploads\/2025\/11\/screencapture-mi-global-product-xiaomi-15t-pro-2025-11-10-16_08_18-3_02.png\"><img loading=\"lazy\" decoding=\"async\" class=\"alignnone size-full wp-image-21281\" src=\"https:\/\/www.xiaomistoreks.com\/wp-content\/uploads\/2025\/11\/screencapture-mi-global-product-xiaomi-15t-pro-2025-11-10-16_08_18-3_02.png\" alt=\"\" width=\"1132\" height=\"669\" \/><\/a> <a href=\"https:\/\/www.xiaomistoreks.com\/wp-content\/uploads\/2025\/11\/screencapture-mi-global-product-xiaomi-15t-pro-2025-11-10-16_08_18-3_03.png\"><img loading=\"lazy\" decoding=\"async\" class=\"alignnone size-full wp-image-21282\" src=\"https:\/\/www.xiaomistoreks.com\/wp-content\/uploads\/2025\/11\/screencapture-mi-global-product-xiaomi-15t-pro-2025-11-10-16_08_18-3_03.png\" alt=\"\" width=\"1132\" height=\"1440\" \/><\/a> <a href=\"https:\/\/www.xiaomistoreks.com\/wp-content\/uploads\/2025\/11\/screencapture-mi-global-product-xiaomi-15t-pro-2025-11-10-16_08_18-3_04.png\"><img loading=\"lazy\" decoding=\"async\" class=\"alignnone size-full wp-image-21283\" src=\"https:\/\/www.xiaomistoreks.com\/wp-content\/uploads\/2025\/11\/screencapture-mi-global-product-xiaomi-15t-pro-2025-11-10-16_08_18-3_04.png\" alt=\"\" width=\"1132\" height=\"1984\" \/><\/a> <a href=\"https:\/\/www.xiaomistoreks.com\/wp-content\/uploads\/2025\/11\/screencapture-mi-global-product-xiaomi-15t-pro-2025-11-10-16_08_18-3_05.png\"><img loading=\"lazy\" decoding=\"async\" class=\"alignnone size-full wp-image-21284\" src=\"https:\/\/www.xiaomistoreks.com\/wp-content\/uploads\/2025\/11\/screencapture-mi-global-product-xiaomi-15t-pro-2025-11-10-16_08_18-3_05.png\" alt=\"\" width=\"1132\" height=\"1717\" \/><\/a> <a href=\"https:\/\/www.xiaomistoreks.com\/wp-content\/uploads\/2025\/11\/screencapture-mi-global-product-xiaomi-15t-pro-2025-11-10-16_08_18-3_06.png\"><img loading=\"lazy\" decoding=\"async\" class=\"alignnone size-full wp-image-21285\" src=\"https:\/\/www.xiaomistoreks.com\/wp-content\/uploads\/2025\/11\/screencapture-mi-global-product-xiaomi-15t-pro-2025-11-10-16_08_18-3_06.png\" alt=\"\" width=\"1132\" height=\"1005\" \/><\/a><\/p>\n","protected":false},"excerpt":{"rendered":"<p class=\"p1\">Xiaomi 15T Pro \u2013 Nj\u00eb telefon premium i nd\u00ebrtuar p\u00ebr performanc\u00eb dhe stil. I fuqizuar nga procesori Snapdragon 8 Gen 3 dhe ekrani AMOLED 1.5K me 120Hz refresh rate, ofron shpejt\u00ebsi t\u00eb jasht\u00ebzakonshme dhe ngjyra t\u00eb pasura. Sistemi i trefisht\u00eb i kamerave me sensor kryesor 50MP dhe lente telefoto siguron foto profesionale n\u00eb \u00e7do situat\u00eb. Bateria 5000mAh mb\u00ebshtet karikim t\u00eb shpejt\u00eb 120W, duke ofruar energji t\u00eb plot\u00eb n\u00eb pak minuta. Me dizajn elegant, trup alumini dhe mbrojtje IP68, Xiaomi 15T Pro kombinon fuqin\u00eb, efikasitetin dhe estetik\u00ebn n\u00eb nj\u00eb pajisje t\u00eb vetme.<\/p>\n","protected":false},"featured_media":21264,"template":"","meta":[],"product_cat":[150,176,153,371],"product_tag":[],"_links":{"self":[{"href":"https:\/\/www.xiaomistoreks.com\/en\/wp-json\/wp\/v2\/product\/21263"}],"collection":[{"href":"https:\/\/www.xiaomistoreks.com\/en\/wp-json\/wp\/v2\/product"}],"about":[{"href":"https:\/\/www.xiaomistoreks.com\/en\/wp-json\/wp\/v2\/types\/product"}],"version-history":[{"count":2,"href":"https:\/\/www.xiaomistoreks.com\/en\/wp-json\/wp\/v2\/product\/21263\/revisions"}],"predecessor-version":[{"id":22443,"href":"https:\/\/www.xiaomistoreks.com\/en\/wp-json\/wp\/v2\/product\/21263\/revisions\/22443"}],"wp:featuredmedia":[{"embeddable":true,"href":"https:\/\/www.xiaomistoreks.com\/en\/wp-json\/wp\/v2\/media\/21264"}],"wp:attachment":[{"href":"https:\/\/www.xiaomistoreks.com\/en\/wp-json\/wp\/v2\/media?parent=21263"}],"wp:term":[{"taxonomy":"product_cat","embeddable":true,"href":"https:\/\/www.xiaomistoreks.com\/en\/wp-json\/wp\/v2\/product_cat?post=21263"},{"taxonomy":"product_tag","embeddable":true,"href":"https:\/\/www.xiaomistoreks.com\/en\/wp-json\/wp\/v2\/product_tag?post=21263"}],"curies":[{"name":"wp","href":"https:\/\/api.w.org\/{rel}","templated":true}]}}