{"id":21234,"date":"2025-11-10T16:09:37","date_gmt":"2025-11-10T16:09:37","guid":{"rendered":"https:\/\/www.xiaomistoreks.com\/?post_type=product&#038;p=21234"},"modified":"2026-05-13T12:27:12","modified_gmt":"2026-05-13T12:27:12","slug":"xiaomi-15t","status":"publish","type":"product","link":"https:\/\/www.xiaomistoreks.com\/en\/product\/xiaomi-15t\/","title":{"rendered":"Xiaomi 15T"},"content":{"rendered":"<p><a href=\"https:\/\/www.xiaomistoreks.com\/wp-content\/uploads\/2025\/11\/screencapture-mi-global-product-xiaomi-15t-2025-11-10-16_01_57_01.png\"><img fetchpriority=\"high\" decoding=\"async\" class=\"alignnone size-full wp-image-21240\" src=\"https:\/\/www.xiaomistoreks.com\/wp-content\/uploads\/2025\/11\/screencapture-mi-global-product-xiaomi-15t-2025-11-10-16_01_57_01.png\" alt=\"\" width=\"1141\" height=\"606\" \/><\/a> <a href=\"https:\/\/www.xiaomistoreks.com\/wp-content\/uploads\/2025\/11\/screencapture-mi-global-product-xiaomi-15t-2025-11-10-16_01_57_02.png\"><img decoding=\"async\" class=\"alignnone size-full wp-image-21241\" src=\"https:\/\/www.xiaomistoreks.com\/wp-content\/uploads\/2025\/11\/screencapture-mi-global-product-xiaomi-15t-2025-11-10-16_01_57_02.png\" alt=\"\" width=\"1141\" height=\"1037\" \/><\/a> <a href=\"https:\/\/www.xiaomistoreks.com\/wp-content\/uploads\/2025\/11\/screencapture-mi-global-product-xiaomi-15t-2025-11-10-16_01_57_03.png\"><img decoding=\"async\" class=\"alignnone size-full wp-image-21242\" src=\"https:\/\/www.xiaomistoreks.com\/wp-content\/uploads\/2025\/11\/screencapture-mi-global-product-xiaomi-15t-2025-11-10-16_01_57_03.png\" alt=\"\" width=\"1141\" height=\"1256\" \/><\/a> <a href=\"https:\/\/www.xiaomistoreks.com\/wp-content\/uploads\/2025\/11\/screencapture-mi-global-product-xiaomi-15t-2025-11-10-16_01_57_04.png\"><img loading=\"lazy\" decoding=\"async\" class=\"alignnone size-full wp-image-21243\" src=\"https:\/\/www.xiaomistoreks.com\/wp-content\/uploads\/2025\/11\/screencapture-mi-global-product-xiaomi-15t-2025-11-10-16_01_57_04.png\" alt=\"\" width=\"1141\" height=\"1462\" \/><\/a> <a href=\"https:\/\/www.xiaomistoreks.com\/wp-content\/uploads\/2025\/11\/screencapture-mi-global-product-xiaomi-15t-2025-11-10-16_01_57_05.png\"><img loading=\"lazy\" decoding=\"async\" class=\"alignnone size-full wp-image-21244\" src=\"https:\/\/www.xiaomistoreks.com\/wp-content\/uploads\/2025\/11\/screencapture-mi-global-product-xiaomi-15t-2025-11-10-16_01_57_05.png\" alt=\"\" width=\"1141\" height=\"1475\" \/><\/a> <a href=\"https:\/\/www.xiaomistoreks.com\/wp-content\/uploads\/2025\/11\/screencapture-mi-global-product-xiaomi-15t-2025-11-10-16_01_57_06.png\"><img loading=\"lazy\" decoding=\"async\" class=\"alignnone size-full wp-image-21245\" src=\"https:\/\/www.xiaomistoreks.com\/wp-content\/uploads\/2025\/11\/screencapture-mi-global-product-xiaomi-15t-2025-11-10-16_01_57_06.png\" alt=\"\" width=\"1141\" height=\"1328\" \/><\/a> <a href=\"https:\/\/www.xiaomistoreks.com\/wp-content\/uploads\/2025\/11\/screencapture-mi-global-product-xiaomi-15t-2025-11-10-16_01_57_07.png\"><img loading=\"lazy\" decoding=\"async\" class=\"alignnone size-full wp-image-21246\" src=\"https:\/\/www.xiaomistoreks.com\/wp-content\/uploads\/2025\/11\/screencapture-mi-global-product-xiaomi-15t-2025-11-10-16_01_57_07.png\" alt=\"\" width=\"1141\" height=\"1032\" \/><\/a> <a href=\"https:\/\/www.xiaomistoreks.com\/wp-content\/uploads\/2025\/11\/screencapture-mi-global-product-xiaomi-15t-2025-11-10-16_01_57-2_01.png\"><img loading=\"lazy\" decoding=\"async\" class=\"alignnone size-full wp-image-21247\" src=\"https:\/\/www.xiaomistoreks.com\/wp-content\/uploads\/2025\/11\/screencapture-mi-global-product-xiaomi-15t-2025-11-10-16_01_57-2_01.png\" alt=\"\" width=\"1190\" height=\"1185\" \/><\/a> <a href=\"https:\/\/www.xiaomistoreks.com\/wp-content\/uploads\/2025\/11\/screencapture-mi-global-product-xiaomi-15t-2025-11-10-16_01_57-2_02.png\"><img loading=\"lazy\" decoding=\"async\" class=\"alignnone size-full wp-image-21248\" src=\"https:\/\/www.xiaomistoreks.com\/wp-content\/uploads\/2025\/11\/screencapture-mi-global-product-xiaomi-15t-2025-11-10-16_01_57-2_02.png\" alt=\"\" width=\"1190\" height=\"1389\" \/><\/a> <a href=\"https:\/\/www.xiaomistoreks.com\/wp-content\/uploads\/2025\/11\/screencapture-mi-global-product-xiaomi-15t-2025-11-10-16_01_57-2_03.png\"><img loading=\"lazy\" decoding=\"async\" class=\"alignnone size-full wp-image-21249\" src=\"https:\/\/www.xiaomistoreks.com\/wp-content\/uploads\/2025\/11\/screencapture-mi-global-product-xiaomi-15t-2025-11-10-16_01_57-2_03.png\" alt=\"\" width=\"1190\" height=\"1486\" \/><\/a> <a href=\"https:\/\/www.xiaomistoreks.com\/wp-content\/uploads\/2025\/11\/screencapture-mi-global-product-xiaomi-15t-2025-11-10-16_01_57-2_04.png\"><img loading=\"lazy\" decoding=\"async\" class=\"alignnone size-full wp-image-21250\" src=\"https:\/\/www.xiaomistoreks.com\/wp-content\/uploads\/2025\/11\/screencapture-mi-global-product-xiaomi-15t-2025-11-10-16_01_57-2_04.png\" alt=\"\" width=\"1190\" height=\"1420\" \/><\/a> <a href=\"https:\/\/www.xiaomistoreks.com\/wp-content\/uploads\/2025\/11\/screencapture-mi-global-product-xiaomi-15t-2025-11-10-16_01_57-2_05.png\"><img loading=\"lazy\" decoding=\"async\" class=\"alignnone size-full wp-image-21251\" src=\"https:\/\/www.xiaomistoreks.com\/wp-content\/uploads\/2025\/11\/screencapture-mi-global-product-xiaomi-15t-2025-11-10-16_01_57-2_05.png\" alt=\"\" width=\"1190\" height=\"1238\" \/><\/a> <a href=\"https:\/\/www.xiaomistoreks.com\/wp-content\/uploads\/2025\/11\/screencapture-mi-global-product-xiaomi-15t-2025-11-10-16_01_57-2_06.png\"><img loading=\"lazy\" decoding=\"async\" class=\"alignnone size-full wp-image-21252\" src=\"https:\/\/www.xiaomistoreks.com\/wp-content\/uploads\/2025\/11\/screencapture-mi-global-product-xiaomi-15t-2025-11-10-16_01_57-2_06.png\" alt=\"\" width=\"1190\" height=\"1474\" \/><\/a> <a href=\"https:\/\/www.xiaomistoreks.com\/wp-content\/uploads\/2025\/11\/screencapture-mi-global-product-xiaomi-15t-2025-11-10-16_01_57-3_01.png\"><img loading=\"lazy\" decoding=\"async\" class=\"alignnone size-full wp-image-21253\" src=\"https:\/\/www.xiaomistoreks.com\/wp-content\/uploads\/2025\/11\/screencapture-mi-global-product-xiaomi-15t-2025-11-10-16_01_57-3_01.png\" alt=\"\" width=\"1231\" height=\"873\" \/><\/a> <a href=\"https:\/\/www.xiaomistoreks.com\/wp-content\/uploads\/2025\/11\/screencapture-mi-global-product-xiaomi-15t-2025-11-10-16_01_57-3_02.png\"><img loading=\"lazy\" decoding=\"async\" class=\"alignnone size-full wp-image-21254\" src=\"https:\/\/www.xiaomistoreks.com\/wp-content\/uploads\/2025\/11\/screencapture-mi-global-product-xiaomi-15t-2025-11-10-16_01_57-3_02.png\" alt=\"\" width=\"1231\" height=\"1771\" \/><\/a> <a href=\"https:\/\/www.xiaomistoreks.com\/wp-content\/uploads\/2025\/11\/screencapture-mi-global-product-xiaomi-15t-2025-11-10-16_01_57-3_03.png\"><img loading=\"lazy\" decoding=\"async\" class=\"alignnone size-full wp-image-21255\" src=\"https:\/\/www.xiaomistoreks.com\/wp-content\/uploads\/2025\/11\/screencapture-mi-global-product-xiaomi-15t-2025-11-10-16_01_57-3_03.png\" alt=\"\" width=\"1231\" height=\"1389\" \/><\/a> <a href=\"https:\/\/www.xiaomistoreks.com\/wp-content\/uploads\/2025\/11\/screencapture-mi-global-product-xiaomi-15t-2025-11-10-16_01_57-3_04.png\"><img loading=\"lazy\" decoding=\"async\" class=\"alignnone size-full wp-image-21256\" src=\"https:\/\/www.xiaomistoreks.com\/wp-content\/uploads\/2025\/11\/screencapture-mi-global-product-xiaomi-15t-2025-11-10-16_01_57-3_04.png\" alt=\"\" width=\"1231\" height=\"1276\" \/><\/a> <a href=\"https:\/\/www.xiaomistoreks.com\/wp-content\/uploads\/2025\/11\/screencapture-mi-global-product-xiaomi-15t-2025-11-10-16_01_57-3_05.png\"><img loading=\"lazy\" decoding=\"async\" class=\"alignnone size-full wp-image-21257\" src=\"https:\/\/www.xiaomistoreks.com\/wp-content\/uploads\/2025\/11\/screencapture-mi-global-product-xiaomi-15t-2025-11-10-16_01_57-3_05.png\" alt=\"\" width=\"1231\" height=\"1572\" \/><\/a> <a href=\"https:\/\/www.xiaomistoreks.com\/wp-content\/uploads\/2025\/11\/screencapture-mi-global-product-xiaomi-15t-2025-11-10-16_01_57-3_06.png\"><img loading=\"lazy\" decoding=\"async\" class=\"alignnone size-full wp-image-21258\" src=\"https:\/\/www.xiaomistoreks.com\/wp-content\/uploads\/2025\/11\/screencapture-mi-global-product-xiaomi-15t-2025-11-10-16_01_57-3_06.png\" alt=\"\" width=\"1231\" height=\"1312\" \/><\/a><\/p>\n","protected":false},"excerpt":{"rendered":"<p class=\"p1\">Xiaomi 15T \u2013 Nj\u00eb smartphone i fuqish\u00ebm q\u00eb kombinon performanc\u00ebn e lart\u00eb me dizajnin elegant. I pajisur me procesorin Snapdragon 8 Gen 3 dhe ekran AMOLED 1.5K me 120Hz refresh rate, ofron p\u00ebrvoj\u00eb t\u00eb qet\u00eb dhe ngjyra mahnit\u00ebse. Sistemi i trefisht\u00eb i kamerave me sensor kryesor 50MP siguron foto t\u00eb detajuara dhe video t\u00eb qarta n\u00eb \u00e7do ndri\u00e7im. Bateria 5000mAh mb\u00ebshtet karikimin e shpejt\u00eb 120W, duke siguruar energji p\u00ebr gjith\u00eb dit\u00ebn me vet\u00ebm disa minuta karikim. Me trup alumini dhe mbrojtje IP68, Xiaomi 15T \u00ebsht\u00eb krijuar p\u00ebr q\u00ebndrueshm\u00ebri dhe eleganc\u00eb n\u00eb p\u00ebrdorim t\u00eb p\u00ebrditsh\u00ebm.<\/p>\n","protected":false},"featured_media":21235,"template":"","meta":[],"product_cat":[150,176,153,371],"product_tag":[],"_links":{"self":[{"href":"https:\/\/www.xiaomistoreks.com\/en\/wp-json\/wp\/v2\/product\/21234"}],"collection":[{"href":"https:\/\/www.xiaomistoreks.com\/en\/wp-json\/wp\/v2\/product"}],"about":[{"href":"https:\/\/www.xiaomistoreks.com\/en\/wp-json\/wp\/v2\/types\/product"}],"version-history":[{"count":2,"href":"https:\/\/www.xiaomistoreks.com\/en\/wp-json\/wp\/v2\/product\/21234\/revisions"}],"predecessor-version":[{"id":21262,"href":"https:\/\/www.xiaomistoreks.com\/en\/wp-json\/wp\/v2\/product\/21234\/revisions\/21262"}],"wp:featuredmedia":[{"embeddable":true,"href":"https:\/\/www.xiaomistoreks.com\/en\/wp-json\/wp\/v2\/media\/21235"}],"wp:attachment":[{"href":"https:\/\/www.xiaomistoreks.com\/en\/wp-json\/wp\/v2\/media?parent=21234"}],"wp:term":[{"taxonomy":"product_cat","embeddable":true,"href":"https:\/\/www.xiaomistoreks.com\/en\/wp-json\/wp\/v2\/product_cat?post=21234"},{"taxonomy":"product_tag","embeddable":true,"href":"https:\/\/www.xiaomistoreks.com\/en\/wp-json\/wp\/v2\/product_tag?post=21234"}],"curies":[{"name":"wp","href":"https:\/\/api.w.org\/{rel}","templated":true}]}}