{"id":21078,"date":"2025-10-23T15:14:17","date_gmt":"2025-10-23T15:14:17","guid":{"rendered":"https:\/\/www.xiaomistoreks.com\/?post_type=product&#038;p=21078"},"modified":"2026-03-06T00:36:14","modified_gmt":"2026-03-06T00:36:14","slug":"xiaomi-smart-pet-fountain-2-filter","status":"publish","type":"product","link":"https:\/\/www.xiaomistoreks.com\/en\/product\/xiaomi-smart-pet-fountain-2-filter\/","title":{"rendered":"Xiaomi Smart Pet Fountain 2 Filter"},"content":{"rendered":"<p><a href=\"https:\/\/www.xiaomistoreks.com\/wp-content\/uploads\/2025\/10\/screencapture-mi-global-product-xiaomi-smart-pet-fountain2-filter-2025-10-23-16_57_22_01.png\"><img fetchpriority=\"high\" decoding=\"async\" class=\"alignnone size-full wp-image-21079\" src=\"https:\/\/www.xiaomistoreks.com\/wp-content\/uploads\/2025\/10\/screencapture-mi-global-product-xiaomi-smart-pet-fountain2-filter-2025-10-23-16_57_22_01.png\" alt=\"\" width=\"1914\" height=\"992\" \/><\/a> <a href=\"https:\/\/www.xiaomistoreks.com\/wp-content\/uploads\/2025\/10\/screencapture-mi-global-product-xiaomi-smart-pet-fountain2-filter-2025-10-23-16_57_22_02.png\"><img decoding=\"async\" class=\"alignnone size-full wp-image-21080\" src=\"https:\/\/www.xiaomistoreks.com\/wp-content\/uploads\/2025\/10\/screencapture-mi-global-product-xiaomi-smart-pet-fountain2-filter-2025-10-23-16_57_22_02.png\" alt=\"\" width=\"1914\" height=\"1285\" \/><\/a> <a href=\"https:\/\/www.xiaomistoreks.com\/wp-content\/uploads\/2025\/10\/screencapture-mi-global-product-xiaomi-smart-pet-fountain2-filter-2025-10-23-16_57_22_03.png\"><img decoding=\"async\" class=\"alignnone size-full wp-image-21081\" src=\"https:\/\/www.xiaomistoreks.com\/wp-content\/uploads\/2025\/10\/screencapture-mi-global-product-xiaomi-smart-pet-fountain2-filter-2025-10-23-16_57_22_03.png\" alt=\"\" width=\"1914\" height=\"1405\" \/><\/a> <a href=\"https:\/\/www.xiaomistoreks.com\/wp-content\/uploads\/2025\/10\/screencapture-mi-global-product-xiaomi-smart-pet-fountain2-filter-2025-10-23-16_57_22_04.png\"><img loading=\"lazy\" decoding=\"async\" class=\"alignnone size-full wp-image-21082\" src=\"https:\/\/www.xiaomistoreks.com\/wp-content\/uploads\/2025\/10\/screencapture-mi-global-product-xiaomi-smart-pet-fountain2-filter-2025-10-23-16_57_22_04.png\" alt=\"\" width=\"1914\" height=\"1284\" \/><\/a> <a href=\"https:\/\/www.xiaomistoreks.com\/wp-content\/uploads\/2025\/10\/screencapture-mi-global-product-xiaomi-smart-pet-fountain2-filter-2025-10-23-16_57_22_05.png\"><img loading=\"lazy\" decoding=\"async\" class=\"alignnone size-full wp-image-21083\" src=\"https:\/\/www.xiaomistoreks.com\/wp-content\/uploads\/2025\/10\/screencapture-mi-global-product-xiaomi-smart-pet-fountain2-filter-2025-10-23-16_57_22_05.png\" alt=\"\" width=\"1914\" height=\"1457\" \/><\/a> <a href=\"https:\/\/www.xiaomistoreks.com\/wp-content\/uploads\/2025\/10\/screencapture-mi-global-product-xiaomi-smart-pet-fountain2-filter-2025-10-23-16_57_22_06.png\"><img loading=\"lazy\" decoding=\"async\" class=\"alignnone size-full wp-image-21084\" src=\"https:\/\/www.xiaomistoreks.com\/wp-content\/uploads\/2025\/10\/screencapture-mi-global-product-xiaomi-smart-pet-fountain2-filter-2025-10-23-16_57_22_06.png\" alt=\"\" width=\"1914\" height=\"1768\" \/><\/a><\/p>\n","protected":false},"excerpt":{"rendered":"<p>Xiaomi Smart Pet Fountain 2 Filter \u2013 Filter i avancuar p\u00ebr fontan\u00ebn inteligjente t\u00eb kafsh\u00ebve, me filtrim n\u00eb kat\u00ebr shtresa: pambuk PP me densitet t\u00eb lart\u00eb p\u00ebr kapjen e flok\u00ebve dhe grimcave t\u00eb m\u00ebdha, aktiv karbon p\u00ebr eliminimin e aromave dhe nxjerrjen e ngjyrave, dhe resina ion-exchange p\u00ebr p\u00ebrmir\u00ebsimin e shijes dhe zbutjen e ujit. Ka mb\u00ebshtetje p\u00ebr aplikacionin Xiaomi Home q\u00eb tregon koh\u00ebn p\u00ebr nd\u00ebrrojen e filtrit (rekomandohet \u00e7do muaj). Pesha rreth 30 g dhe dimensionet 156 \u00d7 51 \u00d7 11 mm.<\/p>\n","protected":false},"featured_media":21085,"template":"","meta":[],"product_cat":[176,192],"product_tag":[],"_links":{"self":[{"href":"https:\/\/www.xiaomistoreks.com\/en\/wp-json\/wp\/v2\/product\/21078"}],"collection":[{"href":"https:\/\/www.xiaomistoreks.com\/en\/wp-json\/wp\/v2\/product"}],"about":[{"href":"https:\/\/www.xiaomistoreks.com\/en\/wp-json\/wp\/v2\/types\/product"}],"version-history":[{"count":1,"href":"https:\/\/www.xiaomistoreks.com\/en\/wp-json\/wp\/v2\/product\/21078\/revisions"}],"predecessor-version":[{"id":21087,"href":"https:\/\/www.xiaomistoreks.com\/en\/wp-json\/wp\/v2\/product\/21078\/revisions\/21087"}],"wp:featuredmedia":[{"embeddable":true,"href":"https:\/\/www.xiaomistoreks.com\/en\/wp-json\/wp\/v2\/media\/21085"}],"wp:attachment":[{"href":"https:\/\/www.xiaomistoreks.com\/en\/wp-json\/wp\/v2\/media?parent=21078"}],"wp:term":[{"taxonomy":"product_cat","embeddable":true,"href":"https:\/\/www.xiaomistoreks.com\/en\/wp-json\/wp\/v2\/product_cat?post=21078"},{"taxonomy":"product_tag","embeddable":true,"href":"https:\/\/www.xiaomistoreks.com\/en\/wp-json\/wp\/v2\/product_tag?post=21078"}],"curies":[{"name":"wp","href":"https:\/\/api.w.org\/{rel}","templated":true}]}}