{"id":20991,"date":"2025-10-22T12:30:16","date_gmt":"2025-10-22T12:30:16","guid":{"rendered":"https:\/\/www.xiaomistoreks.com\/?post_type=product&#038;p=20991"},"modified":"2026-05-13T12:27:08","modified_gmt":"2026-05-13T12:27:08","slug":"xiaomi-polarized-fitover-sunglasses","status":"publish","type":"product","link":"https:\/\/www.xiaomistoreks.com\/en\/product\/xiaomi-polarized-fitover-sunglasses\/","title":{"rendered":"Xiaomi Polarized Fitover Sunglasses"},"content":{"rendered":"<p><a href=\"https:\/\/www.xiaomistoreks.com\/wp-content\/uploads\/2025\/10\/screencapture-mi-global-product-xiaomi-polarized-fitover-sunglasses-2025-10-22-14_22_08_01.png\"><img fetchpriority=\"high\" decoding=\"async\" class=\"alignnone size-full wp-image-20992\" src=\"https:\/\/www.xiaomistoreks.com\/wp-content\/uploads\/2025\/10\/screencapture-mi-global-product-xiaomi-polarized-fitover-sunglasses-2025-10-22-14_22_08_01.png\" alt=\"\" width=\"1318\" height=\"821\" \/><\/a> <a href=\"https:\/\/www.xiaomistoreks.com\/wp-content\/uploads\/2025\/10\/screencapture-mi-global-product-xiaomi-polarized-fitover-sunglasses-2025-10-22-14_22_08_02.png\"><img decoding=\"async\" class=\"alignnone size-full wp-image-20993\" src=\"https:\/\/www.xiaomistoreks.com\/wp-content\/uploads\/2025\/10\/screencapture-mi-global-product-xiaomi-polarized-fitover-sunglasses-2025-10-22-14_22_08_02.png\" alt=\"\" width=\"1318\" height=\"1353\" \/><\/a> <a href=\"https:\/\/www.xiaomistoreks.com\/wp-content\/uploads\/2025\/10\/screencapture-mi-global-product-xiaomi-polarized-fitover-sunglasses-2025-10-22-14_22_08_03.png\"><img decoding=\"async\" class=\"alignnone size-full wp-image-20994\" src=\"https:\/\/www.xiaomistoreks.com\/wp-content\/uploads\/2025\/10\/screencapture-mi-global-product-xiaomi-polarized-fitover-sunglasses-2025-10-22-14_22_08_03.png\" alt=\"\" width=\"1318\" height=\"1540\" \/><\/a> <a href=\"https:\/\/www.xiaomistoreks.com\/wp-content\/uploads\/2025\/10\/screencapture-mi-global-product-xiaomi-polarized-fitover-sunglasses-2025-10-22-14_22_08_04.png\"><img loading=\"lazy\" decoding=\"async\" class=\"alignnone size-full wp-image-20995\" src=\"https:\/\/www.xiaomistoreks.com\/wp-content\/uploads\/2025\/10\/screencapture-mi-global-product-xiaomi-polarized-fitover-sunglasses-2025-10-22-14_22_08_04.png\" alt=\"\" width=\"1318\" height=\"1318\" \/><\/a> <a href=\"https:\/\/www.xiaomistoreks.com\/wp-content\/uploads\/2025\/10\/screencapture-mi-global-product-xiaomi-polarized-fitover-sunglasses-2025-10-22-14_22_08_05.png\"><img loading=\"lazy\" decoding=\"async\" class=\"alignnone size-full wp-image-20996\" src=\"https:\/\/www.xiaomistoreks.com\/wp-content\/uploads\/2025\/10\/screencapture-mi-global-product-xiaomi-polarized-fitover-sunglasses-2025-10-22-14_22_08_05.png\" alt=\"\" width=\"1318\" height=\"1209\" \/><\/a> <a href=\"https:\/\/www.xiaomistoreks.com\/wp-content\/uploads\/2025\/10\/screencapture-mi-global-product-xiaomi-polarized-fitover-sunglasses-2025-10-22-14_22_08_06.png\"><img loading=\"lazy\" decoding=\"async\" class=\"alignnone size-full wp-image-20997\" src=\"https:\/\/www.xiaomistoreks.com\/wp-content\/uploads\/2025\/10\/screencapture-mi-global-product-xiaomi-polarized-fitover-sunglasses-2025-10-22-14_22_08_06.png\" alt=\"\" width=\"1318\" height=\"1246\" \/><\/a> <a href=\"https:\/\/www.xiaomistoreks.com\/wp-content\/uploads\/2025\/10\/screencapture-mi-global-product-xiaomi-polarized-fitover-sunglasses-2025-10-22-14_22_08_07.png\"><img loading=\"lazy\" decoding=\"async\" class=\"alignnone size-full wp-image-20998\" src=\"https:\/\/www.xiaomistoreks.com\/wp-content\/uploads\/2025\/10\/screencapture-mi-global-product-xiaomi-polarized-fitover-sunglasses-2025-10-22-14_22_08_07.png\" alt=\"\" width=\"1318\" height=\"702\" \/><\/a><\/p>\n","protected":false},"excerpt":{"rendered":"<p>Xiaomi Polarized Fitover Sunglasses \u2013 Diellore polaroide t\u00eb dizajnuara p\u00ebr t\u2019u veshur mbi syzet me dioptri. Me lente gri t\u00eb polarizuara q\u00eb ofrojn\u00eb mbrojtje UV400 dhe shtres\u00eb anti-reflektim OAR p\u00ebr pamje t\u00eb qart\u00eb dhe pa lodhje vizuale. Kuadro TR90 t\u00eb lehta (~23g), me shina silikoni q\u00eb sigurojn\u00eb p\u00ebrshtatje t\u00eb rehatshme. P\u00ebrshtaten me syze me gjer\u00ebsi deri n\u00eb 145 mm dhe lart\u00ebsi deri n\u00eb 50 mm. Ideale p\u00ebr vozitje, ecje, udh\u00ebtime dhe aktivitete n\u00eb natyr\u00eb.<\/p>\n","protected":false},"featured_media":20999,"template":"","meta":[],"product_cat":[176,188],"product_tag":[],"_links":{"self":[{"href":"https:\/\/www.xiaomistoreks.com\/en\/wp-json\/wp\/v2\/product\/20991"}],"collection":[{"href":"https:\/\/www.xiaomistoreks.com\/en\/wp-json\/wp\/v2\/product"}],"about":[{"href":"https:\/\/www.xiaomistoreks.com\/en\/wp-json\/wp\/v2\/types\/product"}],"version-history":[{"count":1,"href":"https:\/\/www.xiaomistoreks.com\/en\/wp-json\/wp\/v2\/product\/20991\/revisions"}],"predecessor-version":[{"id":21005,"href":"https:\/\/www.xiaomistoreks.com\/en\/wp-json\/wp\/v2\/product\/20991\/revisions\/21005"}],"wp:featuredmedia":[{"embeddable":true,"href":"https:\/\/www.xiaomistoreks.com\/en\/wp-json\/wp\/v2\/media\/20999"}],"wp:attachment":[{"href":"https:\/\/www.xiaomistoreks.com\/en\/wp-json\/wp\/v2\/media?parent=20991"}],"wp:term":[{"taxonomy":"product_cat","embeddable":true,"href":"https:\/\/www.xiaomistoreks.com\/en\/wp-json\/wp\/v2\/product_cat?post=20991"},{"taxonomy":"product_tag","embeddable":true,"href":"https:\/\/www.xiaomistoreks.com\/en\/wp-json\/wp\/v2\/product_tag?post=20991"}],"curies":[{"name":"wp","href":"https:\/\/api.w.org\/{rel}","templated":true}]}}