{"id":20949,"date":"2025-10-22T10:01:51","date_gmt":"2025-10-22T10:01:51","guid":{"rendered":"https:\/\/www.xiaomistoreks.com\/?post_type=product&#038;p=20949"},"modified":"2026-04-13T07:04:58","modified_gmt":"2026-04-13T07:04:58","slug":"xiaomi-robot-vacuum-h40","status":"publish","type":"product","link":"https:\/\/www.xiaomistoreks.com\/en\/product\/xiaomi-robot-vacuum-h40\/","title":{"rendered":"Xiaomi Robot Vacuum H40"},"content":{"rendered":"<p><a href=\"https:\/\/www.xiaomistoreks.com\/wp-content\/uploads\/2025\/10\/screencapture-mi-global-product-xiaomi-robot-vacuum-h40-2025-10-22-11_41_29_01.png\"><img fetchpriority=\"high\" decoding=\"async\" class=\"alignnone size-full wp-image-20950\" src=\"https:\/\/www.xiaomistoreks.com\/wp-content\/uploads\/2025\/10\/screencapture-mi-global-product-xiaomi-robot-vacuum-h40-2025-10-22-11_41_29_01.png\" alt=\"\" width=\"1093\" height=\"565\" \/><\/a> <a href=\"https:\/\/www.xiaomistoreks.com\/wp-content\/uploads\/2025\/10\/screencapture-mi-global-product-xiaomi-robot-vacuum-h40-2025-10-22-11_41_29_02.png\"><img decoding=\"async\" class=\"alignnone size-full wp-image-20951\" src=\"https:\/\/www.xiaomistoreks.com\/wp-content\/uploads\/2025\/10\/screencapture-mi-global-product-xiaomi-robot-vacuum-h40-2025-10-22-11_41_29_02.png\" alt=\"\" width=\"1093\" height=\"1329\" \/><\/a> <a href=\"https:\/\/www.xiaomistoreks.com\/wp-content\/uploads\/2025\/10\/screencapture-mi-global-product-xiaomi-robot-vacuum-h40-2025-10-22-11_41_29_03.png\"><img decoding=\"async\" class=\"alignnone size-full wp-image-20952\" src=\"https:\/\/www.xiaomistoreks.com\/wp-content\/uploads\/2025\/10\/screencapture-mi-global-product-xiaomi-robot-vacuum-h40-2025-10-22-11_41_29_03.png\" alt=\"\" width=\"1093\" height=\"1445\" \/><\/a> <a href=\"https:\/\/www.xiaomistoreks.com\/wp-content\/uploads\/2025\/10\/screencapture-mi-global-product-xiaomi-robot-vacuum-h40-2025-10-22-11_41_29_04.png\"><img loading=\"lazy\" decoding=\"async\" class=\"alignnone size-full wp-image-20953\" src=\"https:\/\/www.xiaomistoreks.com\/wp-content\/uploads\/2025\/10\/screencapture-mi-global-product-xiaomi-robot-vacuum-h40-2025-10-22-11_41_29_04.png\" alt=\"\" width=\"1093\" height=\"1518\" \/><\/a> <a href=\"https:\/\/www.xiaomistoreks.com\/wp-content\/uploads\/2025\/10\/screencapture-mi-global-product-xiaomi-robot-vacuum-h40-2025-10-22-11_41_29_05.png\"><img loading=\"lazy\" decoding=\"async\" class=\"alignnone size-full wp-image-20954\" src=\"https:\/\/www.xiaomistoreks.com\/wp-content\/uploads\/2025\/10\/screencapture-mi-global-product-xiaomi-robot-vacuum-h40-2025-10-22-11_41_29_05.png\" alt=\"\" width=\"1093\" height=\"742\" \/><\/a> <a href=\"https:\/\/www.xiaomistoreks.com\/wp-content\/uploads\/2025\/10\/screencapture-mi-global-product-xiaomi-robot-vacuum-h40-2025-10-22-11_41_29_06.png\"><img loading=\"lazy\" decoding=\"async\" class=\"alignnone size-full wp-image-20955\" src=\"https:\/\/www.xiaomistoreks.com\/wp-content\/uploads\/2025\/10\/screencapture-mi-global-product-xiaomi-robot-vacuum-h40-2025-10-22-11_41_29_06.png\" alt=\"\" width=\"1093\" height=\"1361\" \/><\/a> <a href=\"https:\/\/www.xiaomistoreks.com\/wp-content\/uploads\/2025\/10\/screencapture-mi-global-product-xiaomi-robot-vacuum-h40-2025-10-22-11_41_29_07.png\"><img loading=\"lazy\" decoding=\"async\" class=\"alignnone size-full wp-image-20956\" src=\"https:\/\/www.xiaomistoreks.com\/wp-content\/uploads\/2025\/10\/screencapture-mi-global-product-xiaomi-robot-vacuum-h40-2025-10-22-11_41_29_07.png\" alt=\"\" width=\"1093\" height=\"1233\" \/><\/a><\/p>\n","protected":false},"excerpt":{"rendered":"<p>Xiaomi Robot Vacuum H40 &#8211; Robot pastrues inteligjent me 10,000\u202fPa thithje, navigim lazer dhe sistem vet\u00eb-zbraz\u00ebs q\u00eb mban pluhurin deri n\u00eb 90 dit\u00eb. Bateria 5200\u202fmAh siguron deri n\u00eb 180 minuta pun\u00eb, dhe pastron e fshin nj\u00ebkoh\u00ebsisht. Kontrollohet leht\u00eb p\u00ebrmes aplikacionit Xiaomi Home.<\/p>\n","protected":false},"featured_media":20957,"template":"","meta":[],"product_cat":[176,225,169,155],"product_tag":[],"_links":{"self":[{"href":"https:\/\/www.xiaomistoreks.com\/en\/wp-json\/wp\/v2\/product\/20949"}],"collection":[{"href":"https:\/\/www.xiaomistoreks.com\/en\/wp-json\/wp\/v2\/product"}],"about":[{"href":"https:\/\/www.xiaomistoreks.com\/en\/wp-json\/wp\/v2\/types\/product"}],"version-history":[{"count":2,"href":"https:\/\/www.xiaomistoreks.com\/en\/wp-json\/wp\/v2\/product\/20949\/revisions"}],"predecessor-version":[{"id":22603,"href":"https:\/\/www.xiaomistoreks.com\/en\/wp-json\/wp\/v2\/product\/20949\/revisions\/22603"}],"wp:featuredmedia":[{"embeddable":true,"href":"https:\/\/www.xiaomistoreks.com\/en\/wp-json\/wp\/v2\/media\/20957"}],"wp:attachment":[{"href":"https:\/\/www.xiaomistoreks.com\/en\/wp-json\/wp\/v2\/media?parent=20949"}],"wp:term":[{"taxonomy":"product_cat","embeddable":true,"href":"https:\/\/www.xiaomistoreks.com\/en\/wp-json\/wp\/v2\/product_cat?post=20949"},{"taxonomy":"product_tag","embeddable":true,"href":"https:\/\/www.xiaomistoreks.com\/en\/wp-json\/wp\/v2\/product_tag?post=20949"}],"curies":[{"name":"wp","href":"https:\/\/api.w.org\/{rel}","templated":true}]}}