{"id":20860,"date":"2025-10-13T14:43:52","date_gmt":"2025-10-13T14:43:52","guid":{"rendered":"https:\/\/www.xiaomistoreks.com\/?post_type=product&#038;p=20860"},"modified":"2026-03-18T00:06:04","modified_gmt":"2026-03-18T00:06:04","slug":"xiaomi-electric-kettle-2","status":"publish","type":"product","link":"https:\/\/www.xiaomistoreks.com\/en\/product\/xiaomi-electric-kettle-2\/","title":{"rendered":"Xiaomi Electric Kettle 2"},"content":{"rendered":"<p><a href=\"https:\/\/www.xiaomistoreks.com\/wp-content\/uploads\/2025\/10\/screencapture-mi-global-product-xiaomi-electric-kettle-2-2025-10-13-16_18_43_01.png\"><img fetchpriority=\"high\" decoding=\"async\" class=\"alignnone size-full wp-image-20865\" src=\"https:\/\/www.xiaomistoreks.com\/wp-content\/uploads\/2025\/10\/screencapture-mi-global-product-xiaomi-electric-kettle-2-2025-10-13-16_18_43_01.png\" alt=\"\" width=\"1178\" height=\"551\" \/><\/a> <a href=\"https:\/\/www.xiaomistoreks.com\/wp-content\/uploads\/2025\/10\/screencapture-mi-global-product-xiaomi-electric-kettle-2-2025-10-13-16_18_43_02.png\"><img decoding=\"async\" class=\"alignnone size-full wp-image-20866\" src=\"https:\/\/www.xiaomistoreks.com\/wp-content\/uploads\/2025\/10\/screencapture-mi-global-product-xiaomi-electric-kettle-2-2025-10-13-16_18_43_02.png\" alt=\"\" width=\"1178\" height=\"905\" \/><\/a> <a href=\"https:\/\/www.xiaomistoreks.com\/wp-content\/uploads\/2025\/10\/screencapture-mi-global-product-xiaomi-electric-kettle-2-2025-10-13-16_18_43_03.png\"><img decoding=\"async\" class=\"alignnone size-full wp-image-20867\" src=\"https:\/\/www.xiaomistoreks.com\/wp-content\/uploads\/2025\/10\/screencapture-mi-global-product-xiaomi-electric-kettle-2-2025-10-13-16_18_43_03.png\" alt=\"\" width=\"1178\" height=\"1294\" \/><\/a> <a href=\"https:\/\/www.xiaomistoreks.com\/wp-content\/uploads\/2025\/10\/screencapture-mi-global-product-xiaomi-electric-kettle-2-2025-10-13-16_18_43_04.png\"><img loading=\"lazy\" decoding=\"async\" class=\"alignnone size-full wp-image-20868\" src=\"https:\/\/www.xiaomistoreks.com\/wp-content\/uploads\/2025\/10\/screencapture-mi-global-product-xiaomi-electric-kettle-2-2025-10-13-16_18_43_04.png\" alt=\"\" width=\"1178\" height=\"1840\" \/><\/a> <a href=\"https:\/\/www.xiaomistoreks.com\/wp-content\/uploads\/2025\/10\/screencapture-mi-global-product-xiaomi-electric-kettle-2-2025-10-13-16_18_43_05.png\"><img loading=\"lazy\" decoding=\"async\" class=\"alignnone size-full wp-image-20869\" src=\"https:\/\/www.xiaomistoreks.com\/wp-content\/uploads\/2025\/10\/screencapture-mi-global-product-xiaomi-electric-kettle-2-2025-10-13-16_18_43_05.png\" alt=\"\" width=\"1178\" height=\"1233\" \/><\/a> <a href=\"https:\/\/www.xiaomistoreks.com\/wp-content\/uploads\/2025\/10\/screencapture-mi-global-product-xiaomi-electric-kettle-2-2025-10-13-16_18_43_06.png\"><img loading=\"lazy\" decoding=\"async\" class=\"alignnone size-full wp-image-20870\" src=\"https:\/\/www.xiaomistoreks.com\/wp-content\/uploads\/2025\/10\/screencapture-mi-global-product-xiaomi-electric-kettle-2-2025-10-13-16_18_43_06.png\" alt=\"\" width=\"1178\" height=\"1356\" \/><\/a> <a href=\"https:\/\/www.xiaomistoreks.com\/wp-content\/uploads\/2025\/10\/screencapture-mi-global-product-xiaomi-electric-kettle-2-2025-10-13-16_18_43_07.png\"><img loading=\"lazy\" decoding=\"async\" class=\"alignnone size-full wp-image-20871\" src=\"https:\/\/www.xiaomistoreks.com\/wp-content\/uploads\/2025\/10\/screencapture-mi-global-product-xiaomi-electric-kettle-2-2025-10-13-16_18_43_07.png\" alt=\"\" width=\"1178\" height=\"1012\" \/><\/a><\/p>\n","protected":false},"excerpt":{"rendered":"<p>Xiaomi Electric Kettle 2 &#8211; Nj\u00eb kazan elektrik modern dhe efikas, i nd\u00ebrtuar me \u00e7elik inox rezistent ndaj korrozionit p\u00ebr siguri dhe q\u00ebndrueshm\u00ebri. Me kapacitet 1.7 litra dhe fuqi 1800W, nxehet shpejt p\u00ebr p\u00ebrgatitjen e ujit, \u00e7ajit apo kafes\u00eb. Dizajni me izolim t\u00eb dyfisht\u00eb ruan nxeht\u00ebsin\u00eb dhe mbron nga djegiet, nd\u00ebrsa sistemi automatik e fik pajisjen kur uji vlon. Nj\u00eb kombinim i p\u00ebrsosur i thjesht\u00ebsis\u00eb, shpejt\u00ebsis\u00eb dhe eleganc\u00ebs p\u00ebr p\u00ebrdorim t\u00eb p\u00ebrditsh\u00ebm.<\/p>\n","protected":false},"featured_media":20861,"template":"","meta":[],"product_cat":[176,238,169],"product_tag":[],"_links":{"self":[{"href":"https:\/\/www.xiaomistoreks.com\/en\/wp-json\/wp\/v2\/product\/20860"}],"collection":[{"href":"https:\/\/www.xiaomistoreks.com\/en\/wp-json\/wp\/v2\/product"}],"about":[{"href":"https:\/\/www.xiaomistoreks.com\/en\/wp-json\/wp\/v2\/types\/product"}],"version-history":[{"count":1,"href":"https:\/\/www.xiaomistoreks.com\/en\/wp-json\/wp\/v2\/product\/20860\/revisions"}],"predecessor-version":[{"id":20872,"href":"https:\/\/www.xiaomistoreks.com\/en\/wp-json\/wp\/v2\/product\/20860\/revisions\/20872"}],"wp:featuredmedia":[{"embeddable":true,"href":"https:\/\/www.xiaomistoreks.com\/en\/wp-json\/wp\/v2\/media\/20861"}],"wp:attachment":[{"href":"https:\/\/www.xiaomistoreks.com\/en\/wp-json\/wp\/v2\/media?parent=20860"}],"wp:term":[{"taxonomy":"product_cat","embeddable":true,"href":"https:\/\/www.xiaomistoreks.com\/en\/wp-json\/wp\/v2\/product_cat?post=20860"},{"taxonomy":"product_tag","embeddable":true,"href":"https:\/\/www.xiaomistoreks.com\/en\/wp-json\/wp\/v2\/product_tag?post=20860"}],"curies":[{"name":"wp","href":"https:\/\/api.w.org\/{rel}","templated":true}]}}