{"id":20673,"date":"2025-09-18T17:53:20","date_gmt":"2025-09-18T17:53:20","guid":{"rendered":"https:\/\/www.xiaomistoreks.com\/?post_type=product&#038;p=20673"},"modified":"2026-03-06T00:36:12","modified_gmt":"2026-03-06T00:36:12","slug":"redmi-15c","status":"publish","type":"product","link":"https:\/\/www.xiaomistoreks.com\/en\/product\/redmi-15c\/","title":{"rendered":"REDMI 15C"},"content":{"rendered":"<p><a href=\"https:\/\/www.xiaomistoreks.com\/wp-content\/uploads\/2025\/09\/screencapture-mi-global-product-redmi-15c-2025-09-18-19_19_09_01.png\"><img fetchpriority=\"high\" decoding=\"async\" class=\"alignnone size-full wp-image-20682\" src=\"https:\/\/www.xiaomistoreks.com\/wp-content\/uploads\/2025\/09\/screencapture-mi-global-product-redmi-15c-2025-09-18-19_19_09_01.png\" alt=\"\" width=\"1116\" height=\"606\" \/><\/a> <a href=\"https:\/\/www.xiaomistoreks.com\/wp-content\/uploads\/2025\/09\/screencapture-mi-global-product-redmi-15c-2025-09-18-19_19_09_02.png\"><img decoding=\"async\" class=\"alignnone size-full wp-image-20683\" src=\"https:\/\/www.xiaomistoreks.com\/wp-content\/uploads\/2025\/09\/screencapture-mi-global-product-redmi-15c-2025-09-18-19_19_09_02.png\" alt=\"\" width=\"1116\" height=\"1179\" \/><\/a> <a href=\"https:\/\/www.xiaomistoreks.com\/wp-content\/uploads\/2025\/09\/screencapture-mi-global-product-redmi-15c-2025-09-18-19_19_09_03.png\"><img decoding=\"async\" class=\"alignnone size-full wp-image-20684\" src=\"https:\/\/www.xiaomistoreks.com\/wp-content\/uploads\/2025\/09\/screencapture-mi-global-product-redmi-15c-2025-09-18-19_19_09_03.png\" alt=\"\" width=\"1116\" height=\"1602\" \/><\/a> <a href=\"https:\/\/www.xiaomistoreks.com\/wp-content\/uploads\/2025\/09\/screencapture-mi-global-product-redmi-15c-2025-09-18-19_19_09_04.png\"><img loading=\"lazy\" decoding=\"async\" class=\"alignnone size-full wp-image-20685\" src=\"https:\/\/www.xiaomistoreks.com\/wp-content\/uploads\/2025\/09\/screencapture-mi-global-product-redmi-15c-2025-09-18-19_19_09_04.png\" alt=\"\" width=\"1116\" height=\"1238\" \/><\/a> <a href=\"https:\/\/www.xiaomistoreks.com\/wp-content\/uploads\/2025\/09\/screencapture-mi-global-product-redmi-15c-2025-09-18-19_19_09_05.png\"><img loading=\"lazy\" decoding=\"async\" class=\"alignnone size-full wp-image-20686\" src=\"https:\/\/www.xiaomistoreks.com\/wp-content\/uploads\/2025\/09\/screencapture-mi-global-product-redmi-15c-2025-09-18-19_19_09_05.png\" alt=\"\" width=\"1116\" height=\"1227\" \/><\/a> <a href=\"https:\/\/www.xiaomistoreks.com\/wp-content\/uploads\/2025\/09\/screencapture-mi-global-product-redmi-15c-2025-09-18-19_19_09_06.png\"><img loading=\"lazy\" decoding=\"async\" class=\"alignnone size-full wp-image-20687\" src=\"https:\/\/www.xiaomistoreks.com\/wp-content\/uploads\/2025\/09\/screencapture-mi-global-product-redmi-15c-2025-09-18-19_19_09_06.png\" alt=\"\" width=\"1116\" height=\"1068\" \/><\/a> <a href=\"https:\/\/www.xiaomistoreks.com\/wp-content\/uploads\/2025\/09\/screencapture-mi-global-product-redmi-15c-2025-09-18-19_19_09_07.png\"><img loading=\"lazy\" decoding=\"async\" class=\"alignnone size-full wp-image-20688\" src=\"https:\/\/www.xiaomistoreks.com\/wp-content\/uploads\/2025\/09\/screencapture-mi-global-product-redmi-15c-2025-09-18-19_19_09_07.png\" alt=\"\" width=\"1116\" height=\"1274\" \/><\/a> <a href=\"https:\/\/www.xiaomistoreks.com\/wp-content\/uploads\/2025\/09\/screencapture-mi-global-product-redmi-15c-2025-09-18-19_19_09-2_01.png\"><img loading=\"lazy\" decoding=\"async\" class=\"alignnone size-full wp-image-20689\" src=\"https:\/\/www.xiaomistoreks.com\/wp-content\/uploads\/2025\/09\/screencapture-mi-global-product-redmi-15c-2025-09-18-19_19_09-2_01.png\" alt=\"\" width=\"1110\" height=\"1492\" \/><\/a> <a href=\"https:\/\/www.xiaomistoreks.com\/wp-content\/uploads\/2025\/09\/screencapture-mi-global-product-redmi-15c-2025-09-18-19_19_09-2_02.png\"><img loading=\"lazy\" decoding=\"async\" class=\"alignnone size-full wp-image-20690\" src=\"https:\/\/www.xiaomistoreks.com\/wp-content\/uploads\/2025\/09\/screencapture-mi-global-product-redmi-15c-2025-09-18-19_19_09-2_02.png\" alt=\"\" width=\"1110\" height=\"1345\" \/><\/a> <a href=\"https:\/\/www.xiaomistoreks.com\/wp-content\/uploads\/2025\/09\/screencapture-mi-global-product-redmi-15c-2025-09-18-19_19_09-2_03.png\"><img loading=\"lazy\" decoding=\"async\" class=\"alignnone size-full wp-image-20691\" src=\"https:\/\/www.xiaomistoreks.com\/wp-content\/uploads\/2025\/09\/screencapture-mi-global-product-redmi-15c-2025-09-18-19_19_09-2_03.png\" alt=\"\" width=\"1110\" height=\"1409\" \/><\/a> <a href=\"https:\/\/www.xiaomistoreks.com\/wp-content\/uploads\/2025\/09\/screencapture-mi-global-product-redmi-15c-2025-09-18-19_19_09-2_04.png\"><img loading=\"lazy\" decoding=\"async\" class=\"alignnone size-full wp-image-20692\" src=\"https:\/\/www.xiaomistoreks.com\/wp-content\/uploads\/2025\/09\/screencapture-mi-global-product-redmi-15c-2025-09-18-19_19_09-2_04.png\" alt=\"\" width=\"1110\" height=\"1179\" \/><\/a> <a href=\"https:\/\/www.xiaomistoreks.com\/wp-content\/uploads\/2025\/09\/screencapture-mi-global-product-redmi-15c-2025-09-18-19_19_09-2_05.png\"><img loading=\"lazy\" decoding=\"async\" class=\"alignnone size-full wp-image-20693\" src=\"https:\/\/www.xiaomistoreks.com\/wp-content\/uploads\/2025\/09\/screencapture-mi-global-product-redmi-15c-2025-09-18-19_19_09-2_05.png\" alt=\"\" width=\"1110\" height=\"845\" \/><\/a> <a href=\"https:\/\/www.xiaomistoreks.com\/wp-content\/uploads\/2025\/09\/screencapture-mi-global-product-redmi-15c-2025-09-18-19_19_09-2_06.png\"><img loading=\"lazy\" decoding=\"async\" class=\"alignnone size-full wp-image-20694\" src=\"https:\/\/www.xiaomistoreks.com\/wp-content\/uploads\/2025\/09\/screencapture-mi-global-product-redmi-15c-2025-09-18-19_19_09-2_06.png\" alt=\"\" width=\"1110\" height=\"1264\" \/><\/a> <a href=\"https:\/\/www.xiaomistoreks.com\/wp-content\/uploads\/2025\/09\/screencapture-mi-global-product-redmi-15c-2025-09-18-19_19_09-2_07.png\"><img loading=\"lazy\" decoding=\"async\" class=\"alignnone size-full wp-image-20695\" src=\"https:\/\/www.xiaomistoreks.com\/wp-content\/uploads\/2025\/09\/screencapture-mi-global-product-redmi-15c-2025-09-18-19_19_09-2_07.png\" alt=\"\" width=\"1110\" height=\"660\" \/><\/a><\/p>\n","protected":false},"excerpt":{"rendered":"<p>Redmi 15C &#8211; Smartphone i fuqish\u00ebm dhe praktik me ekran 6.53&#8243; FHD+ p\u00ebr pamje t\u00eb qarta. I pajisur me procesor efikas, bateri 5000mAh me karikim 18W dhe kamera kryesore 50MP p\u00ebr foto t\u00eb qarta dhe selfie 5MP. Dizajn kompakt dhe modern, ideal p\u00ebr p\u00ebrdorim t\u00eb p\u00ebrditsh\u00ebm dhe arg\u00ebtim.<\/p>\n","protected":false},"featured_media":20674,"template":"","meta":[],"product_cat":[150,176,151],"product_tag":[],"_links":{"self":[{"href":"https:\/\/www.xiaomistoreks.com\/en\/wp-json\/wp\/v2\/product\/20673"}],"collection":[{"href":"https:\/\/www.xiaomistoreks.com\/en\/wp-json\/wp\/v2\/product"}],"about":[{"href":"https:\/\/www.xiaomistoreks.com\/en\/wp-json\/wp\/v2\/types\/product"}],"version-history":[{"count":3,"href":"https:\/\/www.xiaomistoreks.com\/en\/wp-json\/wp\/v2\/product\/20673\/revisions"}],"predecessor-version":[{"id":20767,"href":"https:\/\/www.xiaomistoreks.com\/en\/wp-json\/wp\/v2\/product\/20673\/revisions\/20767"}],"wp:featuredmedia":[{"embeddable":true,"href":"https:\/\/www.xiaomistoreks.com\/en\/wp-json\/wp\/v2\/media\/20674"}],"wp:attachment":[{"href":"https:\/\/www.xiaomistoreks.com\/en\/wp-json\/wp\/v2\/media?parent=20673"}],"wp:term":[{"taxonomy":"product_cat","embeddable":true,"href":"https:\/\/www.xiaomistoreks.com\/en\/wp-json\/wp\/v2\/product_cat?post=20673"},{"taxonomy":"product_tag","embeddable":true,"href":"https:\/\/www.xiaomistoreks.com\/en\/wp-json\/wp\/v2\/product_tag?post=20673"}],"curies":[{"name":"wp","href":"https:\/\/api.w.org\/{rel}","templated":true}]}}