{"id":20630,"date":"2025-09-18T12:53:36","date_gmt":"2025-09-18T12:53:36","guid":{"rendered":"https:\/\/www.xiaomistoreks.com\/?post_type=product&#038;p=20630"},"modified":"2026-05-13T12:27:04","modified_gmt":"2026-05-13T12:27:04","slug":"redmi-13c-5g","status":"publish","type":"product","link":"https:\/\/www.xiaomistoreks.com\/en\/product\/redmi-13c-5g\/","title":{"rendered":"Redmi 13C 5G"},"content":{"rendered":"<p><a href=\"https:\/\/www.xiaomistoreks.com\/wp-content\/uploads\/2025\/09\/screencapture-mi-global-product-redmi-13c-5g-2025-09-18-14_34_40_01.png\"><img fetchpriority=\"high\" decoding=\"async\" class=\"alignnone size-full wp-image-20632\" src=\"https:\/\/www.xiaomistoreks.com\/wp-content\/uploads\/2025\/09\/screencapture-mi-global-product-redmi-13c-5g-2025-09-18-14_34_40_01.png\" alt=\"\" width=\"1192\" height=\"1324\" \/><\/a> <a href=\"https:\/\/www.xiaomistoreks.com\/wp-content\/uploads\/2025\/09\/screencapture-mi-global-product-redmi-13c-5g-2025-09-18-14_34_40_02.png\"><img decoding=\"async\" class=\"alignnone size-full wp-image-20633\" src=\"https:\/\/www.xiaomistoreks.com\/wp-content\/uploads\/2025\/09\/screencapture-mi-global-product-redmi-13c-5g-2025-09-18-14_34_40_02.png\" alt=\"\" width=\"1192\" height=\"908\" \/><\/a> <a href=\"https:\/\/www.xiaomistoreks.com\/wp-content\/uploads\/2025\/09\/screencapture-mi-global-product-redmi-13c-5g-2025-09-18-14_34_40_03.png\"><img decoding=\"async\" class=\"alignnone size-full wp-image-20634\" src=\"https:\/\/www.xiaomistoreks.com\/wp-content\/uploads\/2025\/09\/screencapture-mi-global-product-redmi-13c-5g-2025-09-18-14_34_40_03.png\" alt=\"\" width=\"1192\" height=\"913\" \/><\/a> <a href=\"https:\/\/www.xiaomistoreks.com\/wp-content\/uploads\/2025\/09\/screencapture-mi-global-product-redmi-13c-5g-2025-09-18-14_34_40_04.png\"><img loading=\"lazy\" decoding=\"async\" class=\"alignnone size-full wp-image-20635\" src=\"https:\/\/www.xiaomistoreks.com\/wp-content\/uploads\/2025\/09\/screencapture-mi-global-product-redmi-13c-5g-2025-09-18-14_34_40_04.png\" alt=\"\" width=\"1192\" height=\"1554\" \/><\/a> <a href=\"https:\/\/www.xiaomistoreks.com\/wp-content\/uploads\/2025\/09\/screencapture-mi-global-product-redmi-13c-5g-2025-09-18-14_34_40_05.png\"><img loading=\"lazy\" decoding=\"async\" class=\"alignnone size-full wp-image-20636\" src=\"https:\/\/www.xiaomistoreks.com\/wp-content\/uploads\/2025\/09\/screencapture-mi-global-product-redmi-13c-5g-2025-09-18-14_34_40_05.png\" alt=\"\" width=\"1192\" height=\"1182\" \/><\/a> <a href=\"https:\/\/www.xiaomistoreks.com\/wp-content\/uploads\/2025\/09\/screencapture-mi-global-product-redmi-13c-5g-2025-09-18-14_34_40_06.png\"><img loading=\"lazy\" decoding=\"async\" class=\"alignnone size-full wp-image-20637\" src=\"https:\/\/www.xiaomistoreks.com\/wp-content\/uploads\/2025\/09\/screencapture-mi-global-product-redmi-13c-5g-2025-09-18-14_34_40_06.png\" alt=\"\" width=\"1192\" height=\"1324\" \/><\/a> <a href=\"https:\/\/www.xiaomistoreks.com\/wp-content\/uploads\/2025\/09\/screencapture-mi-global-product-redmi-13c-5g-2025-09-18-14_34_40_07.png\"><img loading=\"lazy\" decoding=\"async\" class=\"alignnone size-full wp-image-20638\" src=\"https:\/\/www.xiaomistoreks.com\/wp-content\/uploads\/2025\/09\/screencapture-mi-global-product-redmi-13c-5g-2025-09-18-14_34_40_07.png\" alt=\"\" width=\"1192\" height=\"984\" \/><\/a><\/p>\n","protected":false},"excerpt":{"rendered":"<p>Redmi 13C 5G &#8211; Smartphone praktik dhe i fuqish\u00ebm me ekran 6.6&#8243; FHD+ 90Hz p\u00ebr p\u00ebrvoj\u00eb t\u00eb qet\u00eb. I pajisur me procesor 5G p\u00ebr lidhje t\u00eb shpejt\u00eb dhe efikase, kamer\u00eb kryesore 50MP p\u00ebr foto t\u00eb qarta dhe bateri 5000mAh me karikim t\u00eb shpejt\u00eb 18W p\u00ebr p\u00ebrdorim t\u00eb gjat\u00eb gjat\u00eb dit\u00ebs.<\/p>\n","protected":false},"featured_media":20631,"template":"","meta":[],"product_cat":[150,176,151],"product_tag":[],"_links":{"self":[{"href":"https:\/\/www.xiaomistoreks.com\/en\/wp-json\/wp\/v2\/product\/20630"}],"collection":[{"href":"https:\/\/www.xiaomistoreks.com\/en\/wp-json\/wp\/v2\/product"}],"about":[{"href":"https:\/\/www.xiaomistoreks.com\/en\/wp-json\/wp\/v2\/types\/product"}],"version-history":[{"count":3,"href":"https:\/\/www.xiaomistoreks.com\/en\/wp-json\/wp\/v2\/product\/20630\/revisions"}],"predecessor-version":[{"id":21460,"href":"https:\/\/www.xiaomistoreks.com\/en\/wp-json\/wp\/v2\/product\/20630\/revisions\/21460"}],"wp:featuredmedia":[{"embeddable":true,"href":"https:\/\/www.xiaomistoreks.com\/en\/wp-json\/wp\/v2\/media\/20631"}],"wp:attachment":[{"href":"https:\/\/www.xiaomistoreks.com\/en\/wp-json\/wp\/v2\/media?parent=20630"}],"wp:term":[{"taxonomy":"product_cat","embeddable":true,"href":"https:\/\/www.xiaomistoreks.com\/en\/wp-json\/wp\/v2\/product_cat?post=20630"},{"taxonomy":"product_tag","embeddable":true,"href":"https:\/\/www.xiaomistoreks.com\/en\/wp-json\/wp\/v2\/product_tag?post=20630"}],"curies":[{"name":"wp","href":"https:\/\/api.w.org\/{rel}","templated":true}]}}