{"id":20524,"date":"2025-09-12T13:08:05","date_gmt":"2025-09-12T13:08:05","guid":{"rendered":"https:\/\/www.xiaomistoreks.com\/?post_type=product&#038;p=20524"},"modified":"2026-03-18T00:06:26","modified_gmt":"2026-03-18T00:06:26","slug":"xiaomi-massage-gun-2","status":"publish","type":"product","link":"https:\/\/www.xiaomistoreks.com\/en\/product\/xiaomi-massage-gun-2\/","title":{"rendered":"Xiaomi Massage Gun 2"},"content":{"rendered":"<p><a href=\"https:\/\/www.xiaomistoreks.com\/wp-content\/uploads\/2025\/09\/screencapture-mi-global-product-xiaomi-massage-gun-2-2025-09-12-14_56_24_01.png\"><img fetchpriority=\"high\" decoding=\"async\" class=\"alignnone size-full wp-image-20525\" src=\"https:\/\/www.xiaomistoreks.com\/wp-content\/uploads\/2025\/09\/screencapture-mi-global-product-xiaomi-massage-gun-2-2025-09-12-14_56_24_01.png\" alt=\"\" width=\"1446\" height=\"737\" \/><\/a> <a href=\"https:\/\/www.xiaomistoreks.com\/wp-content\/uploads\/2025\/09\/screencapture-mi-global-product-xiaomi-massage-gun-2-2025-09-12-14_56_24_02.png\"><img decoding=\"async\" class=\"alignnone size-full wp-image-20526\" src=\"https:\/\/www.xiaomistoreks.com\/wp-content\/uploads\/2025\/09\/screencapture-mi-global-product-xiaomi-massage-gun-2-2025-09-12-14_56_24_02.png\" alt=\"\" width=\"1446\" height=\"1381\" \/><\/a> <a href=\"https:\/\/www.xiaomistoreks.com\/wp-content\/uploads\/2025\/09\/screencapture-mi-global-product-xiaomi-massage-gun-2-2025-09-12-14_56_24_03.png\"><img decoding=\"async\" class=\"alignnone size-full wp-image-20527\" src=\"https:\/\/www.xiaomistoreks.com\/wp-content\/uploads\/2025\/09\/screencapture-mi-global-product-xiaomi-massage-gun-2-2025-09-12-14_56_24_03.png\" alt=\"\" width=\"1446\" height=\"1531\" \/><\/a> <a href=\"https:\/\/www.xiaomistoreks.com\/wp-content\/uploads\/2025\/09\/screencapture-mi-global-product-xiaomi-massage-gun-2-2025-09-12-14_56_24_04.png\"><img loading=\"lazy\" decoding=\"async\" class=\"alignnone size-full wp-image-20528\" src=\"https:\/\/www.xiaomistoreks.com\/wp-content\/uploads\/2025\/09\/screencapture-mi-global-product-xiaomi-massage-gun-2-2025-09-12-14_56_24_04.png\" alt=\"\" width=\"1446\" height=\"1512\" \/><\/a> <a href=\"https:\/\/www.xiaomistoreks.com\/wp-content\/uploads\/2025\/09\/screencapture-mi-global-product-xiaomi-massage-gun-2-2025-09-12-14_56_24_05.png\"><img loading=\"lazy\" decoding=\"async\" class=\"alignnone size-full wp-image-20529\" src=\"https:\/\/www.xiaomistoreks.com\/wp-content\/uploads\/2025\/09\/screencapture-mi-global-product-xiaomi-massage-gun-2-2025-09-12-14_56_24_05.png\" alt=\"\" width=\"1446\" height=\"1491\" \/><\/a> <a href=\"https:\/\/www.xiaomistoreks.com\/wp-content\/uploads\/2025\/09\/screencapture-mi-global-product-xiaomi-massage-gun-2-2025-09-12-14_56_24_06.png\"><img loading=\"lazy\" decoding=\"async\" class=\"alignnone size-full wp-image-20530\" src=\"https:\/\/www.xiaomistoreks.com\/wp-content\/uploads\/2025\/09\/screencapture-mi-global-product-xiaomi-massage-gun-2-2025-09-12-14_56_24_06.png\" alt=\"\" width=\"1446\" height=\"1539\" \/><\/a><\/p>\n","protected":false},"excerpt":{"rendered":"<p>Xiaomi Massage Gun 2 &#8211; Masazhator i fuqish\u00ebm p\u00ebr leht\u00ebsim t\u00eb tensionit muskulor dhe rikuperim pas ushtrimeve. Ofron disa nivele intensiteti me motor t\u00eb avancuar, funksionim t\u00eb qet\u00eb dhe bateri afatgjat\u00eb. Dizajni ergonomik siguron p\u00ebrdorim t\u00eb rehatsh\u00ebm dhe efektiv n\u00eb \u00e7do koh\u00eb.<\/p>\n","protected":false},"featured_media":20532,"template":"","meta":[],"product_cat":[176,194,188],"product_tag":[],"_links":{"self":[{"href":"https:\/\/www.xiaomistoreks.com\/en\/wp-json\/wp\/v2\/product\/20524"}],"collection":[{"href":"https:\/\/www.xiaomistoreks.com\/en\/wp-json\/wp\/v2\/product"}],"about":[{"href":"https:\/\/www.xiaomistoreks.com\/en\/wp-json\/wp\/v2\/types\/product"}],"version-history":[{"count":2,"href":"https:\/\/www.xiaomistoreks.com\/en\/wp-json\/wp\/v2\/product\/20524\/revisions"}],"predecessor-version":[{"id":20536,"href":"https:\/\/www.xiaomistoreks.com\/en\/wp-json\/wp\/v2\/product\/20524\/revisions\/20536"}],"wp:featuredmedia":[{"embeddable":true,"href":"https:\/\/www.xiaomistoreks.com\/en\/wp-json\/wp\/v2\/media\/20532"}],"wp:attachment":[{"href":"https:\/\/www.xiaomistoreks.com\/en\/wp-json\/wp\/v2\/media?parent=20524"}],"wp:term":[{"taxonomy":"product_cat","embeddable":true,"href":"https:\/\/www.xiaomistoreks.com\/en\/wp-json\/wp\/v2\/product_cat?post=20524"},{"taxonomy":"product_tag","embeddable":true,"href":"https:\/\/www.xiaomistoreks.com\/en\/wp-json\/wp\/v2\/product_tag?post=20524"}],"curies":[{"name":"wp","href":"https:\/\/api.w.org\/{rel}","templated":true}]}}