{"id":20505,"date":"2025-09-12T12:51:44","date_gmt":"2025-09-12T12:51:44","guid":{"rendered":"https:\/\/www.xiaomistoreks.com\/?post_type=product&#038;p=20505"},"modified":"2026-03-06T00:36:03","modified_gmt":"2026-03-06T00:36:03","slug":"xiaomi-massage-gun-mini-2","status":"publish","type":"product","link":"https:\/\/www.xiaomistoreks.com\/en\/product\/xiaomi-massage-gun-mini-2\/","title":{"rendered":"Xiaomi Massage Gun Mini 2"},"content":{"rendered":"<p><a href=\"https:\/\/www.xiaomistoreks.com\/wp-content\/uploads\/2025\/09\/screencapture-mi-global-product-xiaomi-massage-gun-mini-2-2025-09-12-14_35_43_01.png\"><img fetchpriority=\"high\" decoding=\"async\" class=\"alignnone size-full wp-image-20506\" src=\"https:\/\/www.xiaomistoreks.com\/wp-content\/uploads\/2025\/09\/screencapture-mi-global-product-xiaomi-massage-gun-mini-2-2025-09-12-14_35_43_01.png\" alt=\"\" width=\"1382\" height=\"702\" \/><\/a> <a href=\"https:\/\/www.xiaomistoreks.com\/wp-content\/uploads\/2025\/09\/screencapture-mi-global-product-xiaomi-massage-gun-mini-2-2025-09-12-14_35_43_02.png\"><img decoding=\"async\" class=\"alignnone size-full wp-image-20507\" src=\"https:\/\/www.xiaomistoreks.com\/wp-content\/uploads\/2025\/09\/screencapture-mi-global-product-xiaomi-massage-gun-mini-2-2025-09-12-14_35_43_02.png\" alt=\"\" width=\"1382\" height=\"1309\" \/><\/a> <a href=\"https:\/\/www.xiaomistoreks.com\/wp-content\/uploads\/2025\/09\/screencapture-mi-global-product-xiaomi-massage-gun-mini-2-2025-09-12-14_35_43_03.png\"><img decoding=\"async\" class=\"alignnone size-full wp-image-20508\" src=\"https:\/\/www.xiaomistoreks.com\/wp-content\/uploads\/2025\/09\/screencapture-mi-global-product-xiaomi-massage-gun-mini-2-2025-09-12-14_35_43_03.png\" alt=\"\" width=\"1382\" height=\"729\" \/><\/a> <a href=\"https:\/\/www.xiaomistoreks.com\/wp-content\/uploads\/2025\/09\/screencapture-mi-global-product-xiaomi-massage-gun-mini-2-2025-09-12-14_35_43_04.png\"><img loading=\"lazy\" decoding=\"async\" class=\"alignnone size-full wp-image-20509\" src=\"https:\/\/www.xiaomistoreks.com\/wp-content\/uploads\/2025\/09\/screencapture-mi-global-product-xiaomi-massage-gun-mini-2-2025-09-12-14_35_43_04.png\" alt=\"\" width=\"1382\" height=\"1303\" \/><\/a> \u00a0 \u00a0<a href=\"https:\/\/www.xiaomistoreks.com\/wp-content\/uploads\/2025\/09\/screencapture-mi-global-product-xiaomi-massage-gun-mini-2-2025-09-12-14_35_43_01-1.png\"><img loading=\"lazy\" decoding=\"async\" class=\"alignnone size-full wp-image-20515\" src=\"https:\/\/www.xiaomistoreks.com\/wp-content\/uploads\/2025\/09\/screencapture-mi-global-product-xiaomi-massage-gun-mini-2-2025-09-12-14_35_43_01-1.png\" alt=\"\" width=\"1382\" height=\"702\" \/><\/a> <a href=\"https:\/\/www.xiaomistoreks.com\/wp-content\/uploads\/2025\/09\/screencapture-mi-global-product-xiaomi-massage-gun-mini-2-2025-09-12-14_35_43_02-1.png\"><img loading=\"lazy\" decoding=\"async\" class=\"alignnone size-full wp-image-20516\" src=\"https:\/\/www.xiaomistoreks.com\/wp-content\/uploads\/2025\/09\/screencapture-mi-global-product-xiaomi-massage-gun-mini-2-2025-09-12-14_35_43_02-1.png\" alt=\"\" width=\"1382\" height=\"1309\" \/><\/a> <a href=\"https:\/\/www.xiaomistoreks.com\/wp-content\/uploads\/2025\/09\/screencapture-mi-global-product-xiaomi-massage-gun-mini-2-2025-09-12-14_35_43_03-1.png\"><img loading=\"lazy\" decoding=\"async\" class=\"alignnone size-full wp-image-20517\" src=\"https:\/\/www.xiaomistoreks.com\/wp-content\/uploads\/2025\/09\/screencapture-mi-global-product-xiaomi-massage-gun-mini-2-2025-09-12-14_35_43_03-1.png\" alt=\"\" width=\"1382\" height=\"729\" \/><\/a> <a href=\"https:\/\/www.xiaomistoreks.com\/wp-content\/uploads\/2025\/09\/screencapture-mi-global-product-xiaomi-massage-gun-mini-2-2025-09-12-14_35_43_04-1.png\"><img loading=\"lazy\" decoding=\"async\" class=\"alignnone size-full wp-image-20518\" src=\"https:\/\/www.xiaomistoreks.com\/wp-content\/uploads\/2025\/09\/screencapture-mi-global-product-xiaomi-massage-gun-mini-2-2025-09-12-14_35_43_04-1.png\" alt=\"\" width=\"1382\" height=\"1303\" \/><\/a> <a href=\"https:\/\/www.xiaomistoreks.com\/wp-content\/uploads\/2025\/09\/screencapture-mi-global-product-xiaomi-massage-gun-mini-2-2025-09-12-14_35_43_05-1.png\"><img loading=\"lazy\" decoding=\"async\" class=\"alignnone size-full wp-image-20519\" src=\"https:\/\/www.xiaomistoreks.com\/wp-content\/uploads\/2025\/09\/screencapture-mi-global-product-xiaomi-massage-gun-mini-2-2025-09-12-14_35_43_05-1.png\" alt=\"\" width=\"1382\" height=\"1418\" \/><\/a> <a href=\"https:\/\/www.xiaomistoreks.com\/wp-content\/uploads\/2025\/09\/screencapture-mi-global-product-xiaomi-massage-gun-mini-2-2025-09-12-14_35_43_06.png\"><img loading=\"lazy\" decoding=\"async\" class=\"alignnone size-full wp-image-20520\" src=\"https:\/\/www.xiaomistoreks.com\/wp-content\/uploads\/2025\/09\/screencapture-mi-global-product-xiaomi-massage-gun-mini-2-2025-09-12-14_35_43_06.png\" alt=\"\" width=\"1382\" height=\"1602\" \/><\/a> <a href=\"https:\/\/www.xiaomistoreks.com\/wp-content\/uploads\/2025\/09\/screencapture-mi-global-product-xiaomi-massage-gun-mini-2-2025-09-12-14_35_43_07.png\"><img loading=\"lazy\" decoding=\"async\" class=\"alignnone size-full wp-image-20521\" src=\"https:\/\/www.xiaomistoreks.com\/wp-content\/uploads\/2025\/09\/screencapture-mi-global-product-xiaomi-massage-gun-mini-2-2025-09-12-14_35_43_07.png\" alt=\"\" width=\"1382\" height=\"1132\" \/><\/a><\/p>\n","protected":false},"excerpt":{"rendered":"<p>Xiaomi Massage Gun Mini &#8211; Pajisje kompakte p\u00ebr masazh t\u00eb thell\u00eb muskujsh, e leht\u00eb p\u00ebr t\u2019u mbajtur dhe transportuar. Ofron disa nivele intensiteti me motor t\u00eb fuqish\u00ebm dhe punim t\u00eb qet\u00eb. Me bateri t\u00eb q\u00ebndrueshme dhe dizajn ergonomik, ndihmon n\u00eb relaksim dhe rikuperim pas aktivitetit fizik.<\/p>\n","protected":false},"featured_media":20514,"template":"","meta":[],"product_cat":[176,194,188],"product_tag":[],"_links":{"self":[{"href":"https:\/\/www.xiaomistoreks.com\/en\/wp-json\/wp\/v2\/product\/20505"}],"collection":[{"href":"https:\/\/www.xiaomistoreks.com\/en\/wp-json\/wp\/v2\/product"}],"about":[{"href":"https:\/\/www.xiaomistoreks.com\/en\/wp-json\/wp\/v2\/types\/product"}],"version-history":[{"count":2,"href":"https:\/\/www.xiaomistoreks.com\/en\/wp-json\/wp\/v2\/product\/20505\/revisions"}],"predecessor-version":[{"id":20523,"href":"https:\/\/www.xiaomistoreks.com\/en\/wp-json\/wp\/v2\/product\/20505\/revisions\/20523"}],"wp:featuredmedia":[{"embeddable":true,"href":"https:\/\/www.xiaomistoreks.com\/en\/wp-json\/wp\/v2\/media\/20514"}],"wp:attachment":[{"href":"https:\/\/www.xiaomistoreks.com\/en\/wp-json\/wp\/v2\/media?parent=20505"}],"wp:term":[{"taxonomy":"product_cat","embeddable":true,"href":"https:\/\/www.xiaomistoreks.com\/en\/wp-json\/wp\/v2\/product_cat?post=20505"},{"taxonomy":"product_tag","embeddable":true,"href":"https:\/\/www.xiaomistoreks.com\/en\/wp-json\/wp\/v2\/product_tag?post=20505"}],"curies":[{"name":"wp","href":"https:\/\/api.w.org\/{rel}","templated":true}]}}