{"id":20473,"date":"2025-09-11T14:37:37","date_gmt":"2025-09-11T14:37:37","guid":{"rendered":"https:\/\/www.xiaomistoreks.com\/?post_type=product&#038;p=20473"},"modified":"2026-05-02T15:15:57","modified_gmt":"2026-05-02T15:15:57","slug":"xiaomi-20w-power-strip-2c1a","status":"publish","type":"product","link":"https:\/\/www.xiaomistoreks.com\/en\/product\/xiaomi-20w-power-strip-2c1a\/","title":{"rendered":"Xiaomi 20W Power Strip (2C1A)"},"content":{"rendered":"<p><a href=\"https:\/\/www.xiaomistoreks.com\/wp-content\/uploads\/2025\/09\/screencapture-mi-global-product-xiaomi-20w-power-strip-2025-09-11-16_21_49_01.png\"><img fetchpriority=\"high\" decoding=\"async\" class=\"alignnone size-full wp-image-20474\" src=\"https:\/\/www.xiaomistoreks.com\/wp-content\/uploads\/2025\/09\/screencapture-mi-global-product-xiaomi-20w-power-strip-2025-09-11-16_21_49_01.png\" alt=\"\" width=\"2695\" height=\"1122\" \/><\/a> <a href=\"https:\/\/www.xiaomistoreks.com\/wp-content\/uploads\/2025\/09\/screencapture-mi-global-product-xiaomi-20w-power-strip-2025-09-11-16_21_49_02.png\"><img decoding=\"async\" class=\"alignnone size-full wp-image-20475\" src=\"https:\/\/www.xiaomistoreks.com\/wp-content\/uploads\/2025\/09\/screencapture-mi-global-product-xiaomi-20w-power-strip-2025-09-11-16_21_49_02.png\" alt=\"\" width=\"2695\" height=\"2317\" \/><\/a> <a href=\"https:\/\/www.xiaomistoreks.com\/wp-content\/uploads\/2025\/09\/screencapture-mi-global-product-xiaomi-20w-power-strip-2025-09-11-16_21_49_03.png\"><img decoding=\"async\" class=\"alignnone size-full wp-image-20476\" src=\"https:\/\/www.xiaomistoreks.com\/wp-content\/uploads\/2025\/09\/screencapture-mi-global-product-xiaomi-20w-power-strip-2025-09-11-16_21_49_03.png\" alt=\"\" width=\"2695\" height=\"1105\" \/><\/a> <a href=\"https:\/\/www.xiaomistoreks.com\/wp-content\/uploads\/2025\/09\/screencapture-mi-global-product-xiaomi-20w-power-strip-2025-09-11-16_21_49_04.png\"><img loading=\"lazy\" decoding=\"async\" class=\"alignnone size-full wp-image-20477\" src=\"https:\/\/www.xiaomistoreks.com\/wp-content\/uploads\/2025\/09\/screencapture-mi-global-product-xiaomi-20w-power-strip-2025-09-11-16_21_49_04.png\" alt=\"\" width=\"2695\" height=\"1144\" \/><\/a> <a href=\"https:\/\/www.xiaomistoreks.com\/wp-content\/uploads\/2025\/09\/screencapture-mi-global-product-xiaomi-20w-power-strip-2025-09-11-16_21_49_05.png\"><img loading=\"lazy\" decoding=\"async\" class=\"alignnone size-full wp-image-20478\" src=\"https:\/\/www.xiaomistoreks.com\/wp-content\/uploads\/2025\/09\/screencapture-mi-global-product-xiaomi-20w-power-strip-2025-09-11-16_21_49_05.png\" alt=\"\" width=\"2695\" height=\"815\" \/><\/a> <a href=\"https:\/\/www.xiaomistoreks.com\/wp-content\/uploads\/2025\/09\/screencapture-mi-global-product-xiaomi-20w-power-strip-2025-09-11-16_21_49_06.png\"><img loading=\"lazy\" decoding=\"async\" class=\"alignnone size-full wp-image-20479\" src=\"https:\/\/www.xiaomistoreks.com\/wp-content\/uploads\/2025\/09\/screencapture-mi-global-product-xiaomi-20w-power-strip-2025-09-11-16_21_49_06.png\" alt=\"\" width=\"2695\" height=\"1688\" \/><\/a><\/p>\n","protected":false},"excerpt":{"rendered":"<p>Xiaomi 20W Power Strip &#8211; Shirit energjie kompakt me dalje USB-C 20W p\u00ebr karikim t\u00eb shpejt\u00eb dhe tre porta shtes\u00eb AC. Siguri e lart\u00eb me mbrojtje nga mbingarkesa dhe material rezistent ndaj nxeht\u00ebsis\u00eb. Dizajn praktik dhe i leht\u00eb p\u00ebr p\u00ebrdorim n\u00eb sht\u00ebpi apo zyr\u00eb.<\/p>\n","protected":false},"featured_media":20480,"template":"","meta":[],"product_cat":[215,176,169],"product_tag":[],"_links":{"self":[{"href":"https:\/\/www.xiaomistoreks.com\/en\/wp-json\/wp\/v2\/product\/20473"}],"collection":[{"href":"https:\/\/www.xiaomistoreks.com\/en\/wp-json\/wp\/v2\/product"}],"about":[{"href":"https:\/\/www.xiaomistoreks.com\/en\/wp-json\/wp\/v2\/types\/product"}],"version-history":[{"count":1,"href":"https:\/\/www.xiaomistoreks.com\/en\/wp-json\/wp\/v2\/product\/20473\/revisions"}],"predecessor-version":[{"id":20484,"href":"https:\/\/www.xiaomistoreks.com\/en\/wp-json\/wp\/v2\/product\/20473\/revisions\/20484"}],"wp:featuredmedia":[{"embeddable":true,"href":"https:\/\/www.xiaomistoreks.com\/en\/wp-json\/wp\/v2\/media\/20480"}],"wp:attachment":[{"href":"https:\/\/www.xiaomistoreks.com\/en\/wp-json\/wp\/v2\/media?parent=20473"}],"wp:term":[{"taxonomy":"product_cat","embeddable":true,"href":"https:\/\/www.xiaomistoreks.com\/en\/wp-json\/wp\/v2\/product_cat?post=20473"},{"taxonomy":"product_tag","embeddable":true,"href":"https:\/\/www.xiaomistoreks.com\/en\/wp-json\/wp\/v2\/product_tag?post=20473"}],"curies":[{"name":"wp","href":"https:\/\/api.w.org\/{rel}","templated":true}]}}