{"id":20461,"date":"2025-09-11T14:17:43","date_gmt":"2025-09-11T14:17:43","guid":{"rendered":"https:\/\/www.xiaomistoreks.com\/?post_type=product&#038;p=20461"},"modified":"2026-03-06T00:36:02","modified_gmt":"2026-03-06T00:36:02","slug":"xiaomi-dual-zone-air-fryer-10l","status":"publish","type":"product","link":"https:\/\/www.xiaomistoreks.com\/en\/product\/xiaomi-dual-zone-air-fryer-10l\/","title":{"rendered":"Xiaomi Dual Zone Air Fryer 10L"},"content":{"rendered":"<p><a href=\"https:\/\/www.xiaomistoreks.com\/wp-content\/uploads\/2025\/09\/screencapture-mi-global-product-xiaomi-dual-zone-air-fryer-10l-2025-09-11-15_52_07_01.png\"><img fetchpriority=\"high\" decoding=\"async\" class=\"alignnone size-full wp-image-20462\" src=\"https:\/\/www.xiaomistoreks.com\/wp-content\/uploads\/2025\/09\/screencapture-mi-global-product-xiaomi-dual-zone-air-fryer-10l-2025-09-11-15_52_07_01.png\" alt=\"\" width=\"1153\" height=\"594\" \/><\/a> <a href=\"https:\/\/www.xiaomistoreks.com\/wp-content\/uploads\/2025\/09\/screencapture-mi-global-product-xiaomi-dual-zone-air-fryer-10l-2025-09-11-15_52_07_02.png\"><img decoding=\"async\" class=\"alignnone size-full wp-image-20463\" src=\"https:\/\/www.xiaomistoreks.com\/wp-content\/uploads\/2025\/09\/screencapture-mi-global-product-xiaomi-dual-zone-air-fryer-10l-2025-09-11-15_52_07_02.png\" alt=\"\" width=\"1153\" height=\"1082\" \/><\/a> <a href=\"https:\/\/www.xiaomistoreks.com\/wp-content\/uploads\/2025\/09\/screencapture-mi-global-product-xiaomi-dual-zone-air-fryer-10l-2025-09-11-15_52_07_03.png\"><img decoding=\"async\" class=\"alignnone size-full wp-image-20464\" src=\"https:\/\/www.xiaomistoreks.com\/wp-content\/uploads\/2025\/09\/screencapture-mi-global-product-xiaomi-dual-zone-air-fryer-10l-2025-09-11-15_52_07_03.png\" alt=\"\" width=\"1153\" height=\"1281\" \/><\/a> <a href=\"https:\/\/www.xiaomistoreks.com\/wp-content\/uploads\/2025\/09\/screencapture-mi-global-product-xiaomi-dual-zone-air-fryer-10l-2025-09-11-15_52_07_04.png\"><img loading=\"lazy\" decoding=\"async\" class=\"alignnone size-full wp-image-20465\" src=\"https:\/\/www.xiaomistoreks.com\/wp-content\/uploads\/2025\/09\/screencapture-mi-global-product-xiaomi-dual-zone-air-fryer-10l-2025-09-11-15_52_07_04.png\" alt=\"\" width=\"1153\" height=\"1139\" \/><\/a> <a href=\"https:\/\/www.xiaomistoreks.com\/wp-content\/uploads\/2025\/09\/screencapture-mi-global-product-xiaomi-dual-zone-air-fryer-10l-2025-09-11-15_52_07_05.png\"><img loading=\"lazy\" decoding=\"async\" class=\"alignnone size-full wp-image-20466\" src=\"https:\/\/www.xiaomistoreks.com\/wp-content\/uploads\/2025\/09\/screencapture-mi-global-product-xiaomi-dual-zone-air-fryer-10l-2025-09-11-15_52_07_05.png\" alt=\"\" width=\"1153\" height=\"1343\" \/><\/a> <a href=\"https:\/\/www.xiaomistoreks.com\/wp-content\/uploads\/2025\/09\/screencapture-mi-global-product-xiaomi-dual-zone-air-fryer-10l-2025-09-11-15_52_07_06.png\"><img loading=\"lazy\" decoding=\"async\" class=\"alignnone size-full wp-image-20467\" src=\"https:\/\/www.xiaomistoreks.com\/wp-content\/uploads\/2025\/09\/screencapture-mi-global-product-xiaomi-dual-zone-air-fryer-10l-2025-09-11-15_52_07_06.png\" alt=\"\" width=\"1153\" height=\"1247\" \/><\/a> <a href=\"https:\/\/www.xiaomistoreks.com\/wp-content\/uploads\/2025\/09\/screencapture-mi-global-product-xiaomi-dual-zone-air-fryer-10l-2025-09-11-15_52_07_07.png\"><img loading=\"lazy\" decoding=\"async\" class=\"alignnone size-full wp-image-20468\" src=\"https:\/\/www.xiaomistoreks.com\/wp-content\/uploads\/2025\/09\/screencapture-mi-global-product-xiaomi-dual-zone-air-fryer-10l-2025-09-11-15_52_07_07.png\" alt=\"\" width=\"1153\" height=\"1505\" \/><\/a><\/p>\n","protected":false},"excerpt":{"rendered":"<p>Xiaomi Dual Zone Air Fryer 10L &#8211; Fritez\u00eb ajri me kapacitet 10 litra dhe dy zona t\u00eb ndara p\u00ebr gatim paralel t\u00eb recetave t\u00eb ndryshme. Mb\u00ebshtet gatim t\u00eb sinkronizuar ose individual, me temperatura t\u00eb rregullueshme nga 40\u00b0C deri 220\u00b0C. Ka ekran LED me prekje, funksione inteligjente me receta t\u00eb gatshme dhe kontroll p\u00ebrmes aplikacionit Mi Home. P\u00ebrfundim i shpejt\u00eb, i sh\u00ebndetsh\u00ebm dhe me m\u00eb pak yndyr\u00eb.<\/p>\n","protected":false},"featured_media":20469,"template":"","meta":[],"product_cat":[176,238,169],"product_tag":[],"_links":{"self":[{"href":"https:\/\/www.xiaomistoreks.com\/en\/wp-json\/wp\/v2\/product\/20461"}],"collection":[{"href":"https:\/\/www.xiaomistoreks.com\/en\/wp-json\/wp\/v2\/product"}],"about":[{"href":"https:\/\/www.xiaomistoreks.com\/en\/wp-json\/wp\/v2\/types\/product"}],"version-history":[{"count":2,"href":"https:\/\/www.xiaomistoreks.com\/en\/wp-json\/wp\/v2\/product\/20461\/revisions"}],"predecessor-version":[{"id":21469,"href":"https:\/\/www.xiaomistoreks.com\/en\/wp-json\/wp\/v2\/product\/20461\/revisions\/21469"}],"wp:featuredmedia":[{"embeddable":true,"href":"https:\/\/www.xiaomistoreks.com\/en\/wp-json\/wp\/v2\/media\/20469"}],"wp:attachment":[{"href":"https:\/\/www.xiaomistoreks.com\/en\/wp-json\/wp\/v2\/media?parent=20461"}],"wp:term":[{"taxonomy":"product_cat","embeddable":true,"href":"https:\/\/www.xiaomistoreks.com\/en\/wp-json\/wp\/v2\/product_cat?post=20461"},{"taxonomy":"product_tag","embeddable":true,"href":"https:\/\/www.xiaomistoreks.com\/en\/wp-json\/wp\/v2\/product_tag?post=20461"}],"curies":[{"name":"wp","href":"https:\/\/api.w.org\/{rel}","templated":true}]}}