{"id":20446,"date":"2025-09-11T13:49:35","date_gmt":"2025-09-11T13:49:35","guid":{"rendered":"https:\/\/www.xiaomistoreks.com\/?post_type=product&#038;p=20446"},"modified":"2026-05-13T12:26:58","modified_gmt":"2026-05-13T12:26:58","slug":"xiaomi-cordless-hair-straightener-brush","status":"publish","type":"product","link":"https:\/\/www.xiaomistoreks.com\/en\/product\/xiaomi-cordless-hair-straightener-brush\/","title":{"rendered":"Xiaomi Cordless Hair Straightener Brush"},"content":{"rendered":"<p><a href=\"https:\/\/www.xiaomistoreks.com\/wp-content\/uploads\/2025\/09\/screencapture-mi-global-product-xiaomi-cordless-hair-straightener-brush1-2025-09-11-15_37_18_01.png\"><img fetchpriority=\"high\" decoding=\"async\" class=\"alignnone size-full wp-image-20447\" src=\"https:\/\/www.xiaomistoreks.com\/wp-content\/uploads\/2025\/09\/screencapture-mi-global-product-xiaomi-cordless-hair-straightener-brush1-2025-09-11-15_37_18_01.png\" alt=\"\" width=\"1306\" height=\"824\" \/><\/a> <a href=\"https:\/\/www.xiaomistoreks.com\/wp-content\/uploads\/2025\/09\/screencapture-mi-global-product-xiaomi-cordless-hair-straightener-brush1-2025-09-11-15_37_18_02.png\"><img decoding=\"async\" class=\"alignnone size-full wp-image-20448\" src=\"https:\/\/www.xiaomistoreks.com\/wp-content\/uploads\/2025\/09\/screencapture-mi-global-product-xiaomi-cordless-hair-straightener-brush1-2025-09-11-15_37_18_02.png\" alt=\"\" width=\"1306\" height=\"751\" \/><\/a> <a href=\"https:\/\/www.xiaomistoreks.com\/wp-content\/uploads\/2025\/09\/screencapture-mi-global-product-xiaomi-cordless-hair-straightener-brush1-2025-09-11-15_37_18_03.png\"><img decoding=\"async\" class=\"alignnone size-full wp-image-20449\" src=\"https:\/\/www.xiaomistoreks.com\/wp-content\/uploads\/2025\/09\/screencapture-mi-global-product-xiaomi-cordless-hair-straightener-brush1-2025-09-11-15_37_18_03.png\" alt=\"\" width=\"1306\" height=\"1295\" \/><\/a> <a href=\"https:\/\/www.xiaomistoreks.com\/wp-content\/uploads\/2025\/09\/screencapture-mi-global-product-xiaomi-cordless-hair-straightener-brush1-2025-09-11-15_37_18_04.png\"><img loading=\"lazy\" decoding=\"async\" class=\"alignnone size-full wp-image-20450\" src=\"https:\/\/www.xiaomistoreks.com\/wp-content\/uploads\/2025\/09\/screencapture-mi-global-product-xiaomi-cordless-hair-straightener-brush1-2025-09-11-15_37_18_04.png\" alt=\"\" width=\"1306\" height=\"991\" \/><\/a> <a href=\"https:\/\/www.xiaomistoreks.com\/wp-content\/uploads\/2025\/09\/screencapture-mi-global-product-xiaomi-cordless-hair-straightener-brush1-2025-09-11-15_37_18_05.png\"><img loading=\"lazy\" decoding=\"async\" class=\"alignnone size-full wp-image-20451\" src=\"https:\/\/www.xiaomistoreks.com\/wp-content\/uploads\/2025\/09\/screencapture-mi-global-product-xiaomi-cordless-hair-straightener-brush1-2025-09-11-15_37_18_05.png\" alt=\"\" width=\"1306\" height=\"1358\" \/><\/a> <a href=\"https:\/\/www.xiaomistoreks.com\/wp-content\/uploads\/2025\/09\/screencapture-mi-global-product-xiaomi-cordless-hair-straightener-brush1-2025-09-11-15_37_18_06.png\"><img loading=\"lazy\" decoding=\"async\" class=\"alignnone size-full wp-image-20452\" src=\"https:\/\/www.xiaomistoreks.com\/wp-content\/uploads\/2025\/09\/screencapture-mi-global-product-xiaomi-cordless-hair-straightener-brush1-2025-09-11-15_37_18_06.png\" alt=\"\" width=\"1306\" height=\"1597\" \/><\/a> <a href=\"https:\/\/www.xiaomistoreks.com\/wp-content\/uploads\/2025\/09\/screencapture-mi-global-product-xiaomi-cordless-hair-straightener-brush1-2025-09-11-15_37_18_07.png\"><img loading=\"lazy\" decoding=\"async\" class=\"alignnone size-full wp-image-20453\" src=\"https:\/\/www.xiaomistoreks.com\/wp-content\/uploads\/2025\/09\/screencapture-mi-global-product-xiaomi-cordless-hair-straightener-brush1-2025-09-11-15_37_18_07.png\" alt=\"\" width=\"1306\" height=\"1376\" \/><\/a><\/p>\n","protected":false},"excerpt":{"rendered":"<p>Xiaomi Cordless Hair Straightener Brush &#8211; Fur\u00e7\u00eb rrafshuese pa kabllo me dizajn kompakt dhe bateri t\u00eb integruar p\u00ebr p\u00ebrdorim kudo. Ofron ngrohje t\u00eb shpejt\u00eb deri n\u00eb 200\u00b0C dhe tre nivele temperature p\u00ebr stile t\u00eb ndryshme flok\u00ebsh. Me shtres\u00eb qeramike p\u00ebr mbrojtje dhe shk\u00eblqim, si dhe karikim me USB-C p\u00ebr p\u00ebrdorim t\u00eb leht\u00eb e praktik.<\/p>\n","protected":false},"featured_media":20454,"template":"","meta":[],"product_cat":[193,176,188],"product_tag":[],"_links":{"self":[{"href":"https:\/\/www.xiaomistoreks.com\/en\/wp-json\/wp\/v2\/product\/20446"}],"collection":[{"href":"https:\/\/www.xiaomistoreks.com\/en\/wp-json\/wp\/v2\/product"}],"about":[{"href":"https:\/\/www.xiaomistoreks.com\/en\/wp-json\/wp\/v2\/types\/product"}],"version-history":[{"count":1,"href":"https:\/\/www.xiaomistoreks.com\/en\/wp-json\/wp\/v2\/product\/20446\/revisions"}],"predecessor-version":[{"id":20460,"href":"https:\/\/www.xiaomistoreks.com\/en\/wp-json\/wp\/v2\/product\/20446\/revisions\/20460"}],"wp:featuredmedia":[{"embeddable":true,"href":"https:\/\/www.xiaomistoreks.com\/en\/wp-json\/wp\/v2\/media\/20454"}],"wp:attachment":[{"href":"https:\/\/www.xiaomistoreks.com\/en\/wp-json\/wp\/v2\/media?parent=20446"}],"wp:term":[{"taxonomy":"product_cat","embeddable":true,"href":"https:\/\/www.xiaomistoreks.com\/en\/wp-json\/wp\/v2\/product_cat?post=20446"},{"taxonomy":"product_tag","embeddable":true,"href":"https:\/\/www.xiaomistoreks.com\/en\/wp-json\/wp\/v2\/product_tag?post=20446"}],"curies":[{"name":"wp","href":"https:\/\/api.w.org\/{rel}","templated":true}]}}