{"id":20206,"date":"2025-08-14T11:22:35","date_gmt":"2025-08-14T11:22:35","guid":{"rendered":"https:\/\/www.xiaomistoreks.com\/?post_type=product&#038;p=20206"},"modified":"2026-03-06T00:36:05","modified_gmt":"2026-03-06T00:36:05","slug":"redmi-note-14-pro-5g-with-charger","status":"publish","type":"product","link":"https:\/\/www.xiaomistoreks.com\/en\/product\/redmi-note-14-pro-5g-with-charger\/","title":{"rendered":"Redmi Note 14 Pro+ 5G \u2013 With Charger"},"content":{"rendered":"<p><a href=\"https:\/\/www.xiaomistoreks.com\/wp-content\/uploads\/2025\/02\/redmi-note-14-pro-plus-5g-01.png\"><img fetchpriority=\"high\" decoding=\"async\" class=\"alignnone size-full wp-image-17734\" src=\"https:\/\/www.xiaomistoreks.com\/wp-content\/uploads\/2025\/02\/redmi-note-14-pro-plus-5g-01.png\" alt=\"\" width=\"3360\" height=\"1789\" \/><\/a> <a href=\"https:\/\/www.xiaomistoreks.com\/wp-content\/uploads\/2025\/02\/redmi-note-14-pro-plus-5g-02.png\"><img decoding=\"async\" class=\"alignnone size-full wp-image-17733\" src=\"https:\/\/www.xiaomistoreks.com\/wp-content\/uploads\/2025\/02\/redmi-note-14-pro-plus-5g-02.png\" alt=\"\" width=\"3360\" height=\"3848\" \/><\/a> <a href=\"https:\/\/www.xiaomistoreks.com\/wp-content\/uploads\/2025\/02\/redmi-note-14-pro-plus-5g-03.png\"><img decoding=\"async\" class=\"alignnone size-full wp-image-17732\" src=\"https:\/\/www.xiaomistoreks.com\/wp-content\/uploads\/2025\/02\/redmi-note-14-pro-plus-5g-03.png\" alt=\"\" width=\"3360\" height=\"5910\" \/><\/a> <a href=\"https:\/\/www.xiaomistoreks.com\/wp-content\/uploads\/2025\/02\/redmi-note-14-pro-plus-5g-04.png\"><img loading=\"lazy\" decoding=\"async\" class=\"alignnone size-full wp-image-17731\" src=\"https:\/\/www.xiaomistoreks.com\/wp-content\/uploads\/2025\/02\/redmi-note-14-pro-plus-5g-04.png\" alt=\"\" width=\"3360\" height=\"4227\" \/><\/a> <a href=\"https:\/\/www.xiaomistoreks.com\/wp-content\/uploads\/2025\/02\/redmi-note-14-pro-plus-5g-05.png\"><img loading=\"lazy\" decoding=\"async\" class=\"alignnone size-full wp-image-17730\" src=\"https:\/\/www.xiaomistoreks.com\/wp-content\/uploads\/2025\/02\/redmi-note-14-pro-plus-5g-05.png\" alt=\"\" width=\"3360\" height=\"2870\" \/><\/a> <a href=\"https:\/\/www.xiaomistoreks.com\/wp-content\/uploads\/2025\/02\/redmi-note-14-pro-plus-5g-06.png\"><img loading=\"lazy\" decoding=\"async\" class=\"alignnone size-full wp-image-17729\" src=\"https:\/\/www.xiaomistoreks.com\/wp-content\/uploads\/2025\/02\/redmi-note-14-pro-plus-5g-06.png\" alt=\"\" width=\"3360\" height=\"4666\" \/><\/a> <a href=\"https:\/\/www.xiaomistoreks.com\/wp-content\/uploads\/2025\/02\/redmi-note-14-pro-plus-5g-07.png\"><img loading=\"lazy\" decoding=\"async\" class=\"alignnone size-full wp-image-17728\" src=\"https:\/\/www.xiaomistoreks.com\/wp-content\/uploads\/2025\/02\/redmi-note-14-pro-plus-5g-07.png\" alt=\"\" width=\"3360\" height=\"5101\" \/><\/a> <a href=\"https:\/\/www.xiaomistoreks.com\/wp-content\/uploads\/2025\/02\/redmi-note-14-pro-plus-5g-08.png\"><img loading=\"lazy\" decoding=\"async\" class=\"alignnone size-full wp-image-17727\" src=\"https:\/\/www.xiaomistoreks.com\/wp-content\/uploads\/2025\/02\/redmi-note-14-pro-plus-5g-08.png\" alt=\"\" width=\"3360\" height=\"3680\" \/><\/a> <a href=\"https:\/\/www.xiaomistoreks.com\/wp-content\/uploads\/2025\/02\/redmi-note-14-pro-plus-5g-09.png\"><img loading=\"lazy\" decoding=\"async\" class=\"alignnone size-full wp-image-17726\" src=\"https:\/\/www.xiaomistoreks.com\/wp-content\/uploads\/2025\/02\/redmi-note-14-pro-plus-5g-09.png\" alt=\"\" width=\"3360\" height=\"3921\" \/><\/a> <a href=\"https:\/\/www.xiaomistoreks.com\/wp-content\/uploads\/2025\/02\/redmi-note-14-pro-plus-5g-11.png\"><img loading=\"lazy\" decoding=\"async\" class=\"alignnone size-full wp-image-17724\" src=\"https:\/\/www.xiaomistoreks.com\/wp-content\/uploads\/2025\/02\/redmi-note-14-pro-plus-5g-11.png\" alt=\"\" width=\"3360\" height=\"4997\" \/><\/a> <a href=\"https:\/\/www.xiaomistoreks.com\/wp-content\/uploads\/2025\/02\/redmi-note-14-pro-plus-5g-12.png\"><img loading=\"lazy\" decoding=\"async\" class=\"alignnone size-full wp-image-17723\" src=\"https:\/\/www.xiaomistoreks.com\/wp-content\/uploads\/2025\/02\/redmi-note-14-pro-plus-5g-12.png\" alt=\"\" width=\"3360\" height=\"5305\" \/><\/a> <a href=\"https:\/\/www.xiaomistoreks.com\/wp-content\/uploads\/2025\/02\/redmi-note-14-pro-plus-5g-13.png\"><img loading=\"lazy\" decoding=\"async\" class=\"alignnone size-full wp-image-17722\" src=\"https:\/\/www.xiaomistoreks.com\/wp-content\/uploads\/2025\/02\/redmi-note-14-pro-plus-5g-13.png\" alt=\"\" width=\"3360\" height=\"5524\" \/><\/a> <a href=\"https:\/\/www.xiaomistoreks.com\/wp-content\/uploads\/2025\/02\/redmi-note-14-pro-plus-5g-14.png\"><img loading=\"lazy\" decoding=\"async\" class=\"alignnone size-full wp-image-17721\" src=\"https:\/\/www.xiaomistoreks.com\/wp-content\/uploads\/2025\/02\/redmi-note-14-pro-plus-5g-14.png\" alt=\"\" width=\"3360\" height=\"4404\" \/><\/a> <a href=\"https:\/\/www.xiaomistoreks.com\/wp-content\/uploads\/2025\/02\/redmi-note-14-pro-plus-5g-15.png\"><img loading=\"lazy\" decoding=\"async\" class=\"alignnone size-full wp-image-17720\" src=\"https:\/\/www.xiaomistoreks.com\/wp-content\/uploads\/2025\/02\/redmi-note-14-pro-plus-5g-15.png\" alt=\"\" width=\"3360\" height=\"2959\" \/><\/a><\/p>\n","protected":false},"excerpt":{"rendered":"<p><strong>Redmi Note 14 Pro+ 5G<\/strong> \u2013 P\u00ebrvoj\u00eb premium me kamer\u00ebn 200MP AI, ekranin 1.5K 120Hz dhe procesorin Snapdragon\u00ae 7s Gen 3. Karikimi 120W HyperCharge me bateri 5110mAh ofron p\u00ebrdorim t\u00eb gjat\u00eb. Me mbrojtje Corning\u00ae Gorilla\u00ae Glass Victus\u00ae 2 dhe certifikim IP68, \u00ebsht\u00eb rezistent ndaj ujit dhe pluhurit.<\/p>\n","protected":false},"featured_media":17717,"template":"","meta":[],"product_cat":[150,176,334],"product_tag":[],"_links":{"self":[{"href":"https:\/\/www.xiaomistoreks.com\/en\/wp-json\/wp\/v2\/product\/20206"}],"collection":[{"href":"https:\/\/www.xiaomistoreks.com\/en\/wp-json\/wp\/v2\/product"}],"about":[{"href":"https:\/\/www.xiaomistoreks.com\/en\/wp-json\/wp\/v2\/types\/product"}],"version-history":[{"count":3,"href":"https:\/\/www.xiaomistoreks.com\/en\/wp-json\/wp\/v2\/product\/20206\/revisions"}],"predecessor-version":[{"id":21506,"href":"https:\/\/www.xiaomistoreks.com\/en\/wp-json\/wp\/v2\/product\/20206\/revisions\/21506"}],"wp:featuredmedia":[{"embeddable":true,"href":"https:\/\/www.xiaomistoreks.com\/en\/wp-json\/wp\/v2\/media\/17717"}],"wp:attachment":[{"href":"https:\/\/www.xiaomistoreks.com\/en\/wp-json\/wp\/v2\/media?parent=20206"}],"wp:term":[{"taxonomy":"product_cat","embeddable":true,"href":"https:\/\/www.xiaomistoreks.com\/en\/wp-json\/wp\/v2\/product_cat?post=20206"},{"taxonomy":"product_tag","embeddable":true,"href":"https:\/\/www.xiaomistoreks.com\/en\/wp-json\/wp\/v2\/product_tag?post=20206"}],"curies":[{"name":"wp","href":"https:\/\/api.w.org\/{rel}","templated":true}]}}