{"id":20023,"date":"2025-08-02T14:13:56","date_gmt":"2025-08-02T14:13:56","guid":{"rendered":"https:\/\/www.xiaomistoreks.com\/?post_type=product&#038;p=20023"},"modified":"2026-03-06T00:35:57","modified_gmt":"2026-03-06T00:35:57","slug":"xiaomi-robot-vacuum-filter-x20-pro-x20-max","status":"publish","type":"product","link":"https:\/\/www.xiaomistoreks.com\/en\/product\/xiaomi-robot-vacuum-filter-x20-pro-x20-max\/","title":{"rendered":"Xiaomi Robot Vacuum Filter (X20 Pro, X20 Max)"},"content":{"rendered":"","protected":false},"excerpt":{"rendered":"<p>Xiaomi Robot Vacuum X20 Pro\/X20 Max Filter &#8211; Filtri rezerv\u00eb i krijuar p\u00ebr modelet X20 Pro dhe X20 Max, q\u00eb ndihmon n\u00eb mbajtjen e performanc\u00ebs s\u00eb lart\u00eb t\u00eb pastrimit. Kap pluhurin dhe grimcat e imta, duke ndihmuar n\u00eb mbajtjen e ajrit t\u00eb past\u00ebr n\u00eb ambient. Leht\u00eb p\u00ebr t\u2019u nd\u00ebrruar dhe pastruar, rekomandohet t\u00eb z\u00ebvend\u00ebsohet rregullisht p\u00ebr efikasitet maksimal.<\/p>\n","protected":false},"featured_media":20024,"template":"","meta":[],"product_cat":[176,272],"product_tag":[],"_links":{"self":[{"href":"https:\/\/www.xiaomistoreks.com\/en\/wp-json\/wp\/v2\/product\/20023"}],"collection":[{"href":"https:\/\/www.xiaomistoreks.com\/en\/wp-json\/wp\/v2\/product"}],"about":[{"href":"https:\/\/www.xiaomistoreks.com\/en\/wp-json\/wp\/v2\/types\/product"}],"version-history":[{"count":1,"href":"https:\/\/www.xiaomistoreks.com\/en\/wp-json\/wp\/v2\/product\/20023\/revisions"}],"predecessor-version":[{"id":20025,"href":"https:\/\/www.xiaomistoreks.com\/en\/wp-json\/wp\/v2\/product\/20023\/revisions\/20025"}],"wp:featuredmedia":[{"embeddable":true,"href":"https:\/\/www.xiaomistoreks.com\/en\/wp-json\/wp\/v2\/media\/20024"}],"wp:attachment":[{"href":"https:\/\/www.xiaomistoreks.com\/en\/wp-json\/wp\/v2\/media?parent=20023"}],"wp:term":[{"taxonomy":"product_cat","embeddable":true,"href":"https:\/\/www.xiaomistoreks.com\/en\/wp-json\/wp\/v2\/product_cat?post=20023"},{"taxonomy":"product_tag","embeddable":true,"href":"https:\/\/www.xiaomistoreks.com\/en\/wp-json\/wp\/v2\/product_tag?post=20023"}],"curies":[{"name":"wp","href":"https:\/\/api.w.org\/{rel}","templated":true}]}}