{"id":19999,"date":"2025-08-01T14:27:31","date_gmt":"2025-08-01T14:27:31","guid":{"rendered":"https:\/\/www.xiaomistoreks.com\/?post_type=product&#038;p=19999"},"modified":"2026-03-18T00:06:02","modified_gmt":"2026-03-18T00:06:02","slug":"xiaomi-electric-pressure-cooker-4-8l","status":"publish","type":"product","link":"https:\/\/www.xiaomistoreks.com\/en\/product\/xiaomi-electric-pressure-cooker-4-8l\/","title":{"rendered":"Xiaomi Electric Pressure Cooker 4.8L"},"content":{"rendered":"<p><a href=\"https:\/\/www.xiaomistoreks.com\/wp-content\/uploads\/2025\/08\/screencapture-mi-global-product-xiaomi-electric-pressure-cooker-2025-08-01-16_01_20_01.png\"><img fetchpriority=\"high\" decoding=\"async\" class=\"alignnone size-full wp-image-20000\" src=\"https:\/\/www.xiaomistoreks.com\/wp-content\/uploads\/2025\/08\/screencapture-mi-global-product-xiaomi-electric-pressure-cooker-2025-08-01-16_01_20_01.png\" alt=\"\" width=\"1569\" height=\"777\" \/><\/a> <a href=\"https:\/\/www.xiaomistoreks.com\/wp-content\/uploads\/2025\/08\/screencapture-mi-global-product-xiaomi-electric-pressure-cooker-2025-08-01-16_01_20_02.png\"><img decoding=\"async\" class=\"alignnone size-full wp-image-20001\" src=\"https:\/\/www.xiaomistoreks.com\/wp-content\/uploads\/2025\/08\/screencapture-mi-global-product-xiaomi-electric-pressure-cooker-2025-08-01-16_01_20_02.png\" alt=\"\" width=\"1569\" height=\"1351\" \/><\/a> <a href=\"https:\/\/www.xiaomistoreks.com\/wp-content\/uploads\/2025\/08\/screencapture-mi-global-product-xiaomi-electric-pressure-cooker-2025-08-01-16_01_20_03.png\"><img decoding=\"async\" class=\"alignnone size-full wp-image-20002\" src=\"https:\/\/www.xiaomistoreks.com\/wp-content\/uploads\/2025\/08\/screencapture-mi-global-product-xiaomi-electric-pressure-cooker-2025-08-01-16_01_20_03.png\" alt=\"\" width=\"1569\" height=\"1296\" \/><\/a> <a href=\"https:\/\/www.xiaomistoreks.com\/wp-content\/uploads\/2025\/08\/screencapture-mi-global-product-xiaomi-electric-pressure-cooker-2025-08-01-16_01_20_04.png\"><img loading=\"lazy\" decoding=\"async\" class=\"alignnone size-full wp-image-20003\" src=\"https:\/\/www.xiaomistoreks.com\/wp-content\/uploads\/2025\/08\/screencapture-mi-global-product-xiaomi-electric-pressure-cooker-2025-08-01-16_01_20_04.png\" alt=\"\" width=\"1569\" height=\"1291\" \/><\/a> <a href=\"https:\/\/www.xiaomistoreks.com\/wp-content\/uploads\/2025\/08\/screencapture-mi-global-product-xiaomi-electric-pressure-cooker-2025-08-01-16_01_20_05.png\"><img loading=\"lazy\" decoding=\"async\" class=\"alignnone size-full wp-image-20004\" src=\"https:\/\/www.xiaomistoreks.com\/wp-content\/uploads\/2025\/08\/screencapture-mi-global-product-xiaomi-electric-pressure-cooker-2025-08-01-16_01_20_05.png\" alt=\"\" width=\"1569\" height=\"1355\" \/><\/a> <a href=\"https:\/\/www.xiaomistoreks.com\/wp-content\/uploads\/2025\/08\/screencapture-mi-global-product-xiaomi-electric-pressure-cooker-2025-08-01-16_01_20_06.png\"><img loading=\"lazy\" decoding=\"async\" class=\"alignnone size-full wp-image-20005\" src=\"https:\/\/www.xiaomistoreks.com\/wp-content\/uploads\/2025\/08\/screencapture-mi-global-product-xiaomi-electric-pressure-cooker-2025-08-01-16_01_20_06.png\" alt=\"\" width=\"1569\" height=\"1526\" \/><\/a> <a href=\"https:\/\/www.xiaomistoreks.com\/wp-content\/uploads\/2025\/08\/screencapture-mi-global-product-xiaomi-electric-pressure-cooker-2025-08-01-16_01_20_07.png\"><img loading=\"lazy\" decoding=\"async\" class=\"alignnone size-full wp-image-20006\" src=\"https:\/\/www.xiaomistoreks.com\/wp-content\/uploads\/2025\/08\/screencapture-mi-global-product-xiaomi-electric-pressure-cooker-2025-08-01-16_01_20_07.png\" alt=\"\" width=\"1569\" height=\"595\" \/><\/a><\/p>\n","protected":false},"excerpt":{"rendered":"<p>Xiaomi Electric Pressure Cooker &#8211; Gatuese multifunksionale me kapacitet 3 litra dhe 10 programe gatimi. P\u00ebrdor presionin elektrik p\u00ebr t\u00eb gatuar shpejt dhe me kursim energjie. Ka sensor\u00eb preciz p\u00ebr kontrollin e temperatur\u00ebs dhe sigurin\u00eb, me trup prej \u00e7eliku inox dhe kuti t\u00eb brendshme q\u00eb \u00ebsht\u00eb e leht\u00eb p\u00ebr pastrim. Ideale p\u00ebr p\u00ebrgatitje t\u00eb ndryshme ushqimesh, nga supa deri te mishrat dhe drith\u00ebrat.<\/p>\n","protected":false},"featured_media":20007,"template":"","meta":[],"product_cat":[176,238,169],"product_tag":[],"_links":{"self":[{"href":"https:\/\/www.xiaomistoreks.com\/en\/wp-json\/wp\/v2\/product\/19999"}],"collection":[{"href":"https:\/\/www.xiaomistoreks.com\/en\/wp-json\/wp\/v2\/product"}],"about":[{"href":"https:\/\/www.xiaomistoreks.com\/en\/wp-json\/wp\/v2\/types\/product"}],"version-history":[{"count":3,"href":"https:\/\/www.xiaomistoreks.com\/en\/wp-json\/wp\/v2\/product\/19999\/revisions"}],"predecessor-version":[{"id":20615,"href":"https:\/\/www.xiaomistoreks.com\/en\/wp-json\/wp\/v2\/product\/19999\/revisions\/20615"}],"wp:featuredmedia":[{"embeddable":true,"href":"https:\/\/www.xiaomistoreks.com\/en\/wp-json\/wp\/v2\/media\/20007"}],"wp:attachment":[{"href":"https:\/\/www.xiaomistoreks.com\/en\/wp-json\/wp\/v2\/media?parent=19999"}],"wp:term":[{"taxonomy":"product_cat","embeddable":true,"href":"https:\/\/www.xiaomistoreks.com\/en\/wp-json\/wp\/v2\/product_cat?post=19999"},{"taxonomy":"product_tag","embeddable":true,"href":"https:\/\/www.xiaomistoreks.com\/en\/wp-json\/wp\/v2\/product_tag?post=19999"}],"curies":[{"name":"wp","href":"https:\/\/api.w.org\/{rel}","templated":true}]}}