{"id":19995,"date":"2025-08-01T14:27:32","date_gmt":"2025-08-01T14:27:32","guid":{"rendered":"https:\/\/www.xiaomistoreks.com\/?post_type=product&#038;p=19995"},"modified":"2026-04-05T07:15:38","modified_gmt":"2026-04-05T07:15:38","slug":"xiaomi-faucet-water-purifier","status":"publish","type":"product","link":"https:\/\/www.xiaomistoreks.com\/en\/product\/xiaomi-faucet-water-purifier\/","title":{"rendered":"Xiaomi Faucet Water Purifier"},"content":{"rendered":"<p><a href=\"https:\/\/www.xiaomistoreks.com\/wp-content\/uploads\/2025\/08\/screencapture-mi-global-product-xiaomi-faucet-water-purifier-2025-08-01-15_45_48_01.png\"><img fetchpriority=\"high\" decoding=\"async\" class=\"alignnone size-full wp-image-19985\" src=\"https:\/\/www.xiaomistoreks.com\/wp-content\/uploads\/2025\/08\/screencapture-mi-global-product-xiaomi-faucet-water-purifier-2025-08-01-15_45_48_01.png\" alt=\"\" width=\"1140\" height=\"572\" \/><\/a> <a href=\"https:\/\/www.xiaomistoreks.com\/wp-content\/uploads\/2025\/08\/screencapture-mi-global-product-xiaomi-faucet-water-purifier-2025-08-01-15_45_48_02.png\"><img decoding=\"async\" class=\"alignnone size-full wp-image-19986\" src=\"https:\/\/www.xiaomistoreks.com\/wp-content\/uploads\/2025\/08\/screencapture-mi-global-product-xiaomi-faucet-water-purifier-2025-08-01-15_45_48_02.png\" alt=\"\" width=\"1140\" height=\"1284\" \/><\/a> <a href=\"https:\/\/www.xiaomistoreks.com\/wp-content\/uploads\/2025\/08\/screencapture-mi-global-product-xiaomi-faucet-water-purifier-2025-08-01-15_45_48_03.png\"><img decoding=\"async\" class=\"alignnone size-full wp-image-19987\" src=\"https:\/\/www.xiaomistoreks.com\/wp-content\/uploads\/2025\/08\/screencapture-mi-global-product-xiaomi-faucet-water-purifier-2025-08-01-15_45_48_03.png\" alt=\"\" width=\"1140\" height=\"1202\" \/><\/a> <a href=\"https:\/\/www.xiaomistoreks.com\/wp-content\/uploads\/2025\/08\/screencapture-mi-global-product-xiaomi-faucet-water-purifier-2025-08-01-15_45_48_04.png\"><img loading=\"lazy\" decoding=\"async\" class=\"alignnone size-full wp-image-19988\" src=\"https:\/\/www.xiaomistoreks.com\/wp-content\/uploads\/2025\/08\/screencapture-mi-global-product-xiaomi-faucet-water-purifier-2025-08-01-15_45_48_04.png\" alt=\"\" width=\"1140\" height=\"1286\" \/><\/a> <a href=\"https:\/\/www.xiaomistoreks.com\/wp-content\/uploads\/2025\/08\/screencapture-mi-global-product-xiaomi-faucet-water-purifier-2025-08-01-15_45_48_05.png\"><img loading=\"lazy\" decoding=\"async\" class=\"alignnone size-full wp-image-19989\" src=\"https:\/\/www.xiaomistoreks.com\/wp-content\/uploads\/2025\/08\/screencapture-mi-global-product-xiaomi-faucet-water-purifier-2025-08-01-15_45_48_05.png\" alt=\"\" width=\"1140\" height=\"1227\" \/><\/a> <a href=\"https:\/\/www.xiaomistoreks.com\/wp-content\/uploads\/2025\/08\/screencapture-mi-global-product-xiaomi-faucet-water-purifier-2025-08-01-15_45_48_06.png\"><img loading=\"lazy\" decoding=\"async\" class=\"alignnone size-full wp-image-19990\" src=\"https:\/\/www.xiaomistoreks.com\/wp-content\/uploads\/2025\/08\/screencapture-mi-global-product-xiaomi-faucet-water-purifier-2025-08-01-15_45_48_06.png\" alt=\"\" width=\"1140\" height=\"928\" \/><\/a> <a href=\"https:\/\/www.xiaomistoreks.com\/wp-content\/uploads\/2025\/08\/screencapture-mi-global-product-xiaomi-faucet-water-purifier-2025-08-01-15_45_48_07.png\"><img loading=\"lazy\" decoding=\"async\" class=\"alignnone size-full wp-image-19991\" src=\"https:\/\/www.xiaomistoreks.com\/wp-content\/uploads\/2025\/08\/screencapture-mi-global-product-xiaomi-faucet-water-purifier-2025-08-01-15_45_48_07.png\" alt=\"\" width=\"1140\" height=\"1231\" \/><\/a> <a href=\"https:\/\/www.xiaomistoreks.com\/wp-content\/uploads\/2025\/08\/screencapture-mi-global-product-xiaomi-faucet-water-purifier-2025-08-01-15_45_48_08.png\"><img loading=\"lazy\" decoding=\"async\" class=\"alignnone size-full wp-image-19992\" src=\"https:\/\/www.xiaomistoreks.com\/wp-content\/uploads\/2025\/08\/screencapture-mi-global-product-xiaomi-faucet-water-purifier-2025-08-01-15_45_48_08.png\" alt=\"\" width=\"1140\" height=\"464\" \/><\/a><\/p>\n","protected":false},"excerpt":{"rendered":"<p>Xiaomi Faucet Water Purifier &#8211; Pajisje filtrimi uji q\u00eb lidhet direkt n\u00eb rubinet p\u00ebr uj\u00eb t\u00eb past\u00ebr dhe t\u00eb sigurt. Sistemi me 5 shtresa filtri p\u00ebrfshin filtrin ceramic t\u00eb rip\u00ebrdorsh\u00ebm dhe karbon aktiv p\u00ebr eliminimin e ndot\u00ebsve. Ofron derdhje uji deri n\u00eb 3.4 L\/min pa p\u00ebrdorim energjie. Ka tre m\u00ebnyra p\u00ebrdorimi p\u00ebr uj\u00eb t\u00eb filtruar, t\u00eb papastruar dhe sp\u00ebrkatje p\u00ebr fruta dhe perime. Instalimi \u00ebsht\u00eb i leht\u00eb dhe pajisja \u00ebsht\u00eb kompakte dhe e leht\u00eb, ideale p\u00ebr \u00e7do kuzhin\u00eb.<\/p>\n","protected":false},"featured_media":19993,"template":"","meta":[],"product_cat":[176,238,169],"product_tag":[],"_links":{"self":[{"href":"https:\/\/www.xiaomistoreks.com\/en\/wp-json\/wp\/v2\/product\/19995"}],"collection":[{"href":"https:\/\/www.xiaomistoreks.com\/en\/wp-json\/wp\/v2\/product"}],"about":[{"href":"https:\/\/www.xiaomistoreks.com\/en\/wp-json\/wp\/v2\/types\/product"}],"version-history":[{"count":2,"href":"https:\/\/www.xiaomistoreks.com\/en\/wp-json\/wp\/v2\/product\/19995\/revisions"}],"predecessor-version":[{"id":20097,"href":"https:\/\/www.xiaomistoreks.com\/en\/wp-json\/wp\/v2\/product\/19995\/revisions\/20097"}],"wp:featuredmedia":[{"embeddable":true,"href":"https:\/\/www.xiaomistoreks.com\/en\/wp-json\/wp\/v2\/media\/19993"}],"wp:attachment":[{"href":"https:\/\/www.xiaomistoreks.com\/en\/wp-json\/wp\/v2\/media?parent=19995"}],"wp:term":[{"taxonomy":"product_cat","embeddable":true,"href":"https:\/\/www.xiaomistoreks.com\/en\/wp-json\/wp\/v2\/product_cat?post=19995"},{"taxonomy":"product_tag","embeddable":true,"href":"https:\/\/www.xiaomistoreks.com\/en\/wp-json\/wp\/v2\/product_tag?post=19995"}],"curies":[{"name":"wp","href":"https:\/\/api.w.org\/{rel}","templated":true}]}}