{"id":19917,"date":"2025-08-01T14:27:32","date_gmt":"2025-08-01T14:27:32","guid":{"rendered":"https:\/\/www.xiaomistoreks.com\/?post_type=product&#038;p=19917"},"modified":"2026-04-17T09:33:55","modified_gmt":"2026-04-17T09:33:55","slug":"xiaomi-smart-scale-s200","status":"publish","type":"product","link":"https:\/\/www.xiaomistoreks.com\/en\/product\/xiaomi-smart-scale-s200\/","title":{"rendered":"Xiaomi Smart Scale S200"},"content":{"rendered":"<p><a href=\"https:\/\/www.xiaomistoreks.com\/wp-content\/uploads\/2025\/07\/screencapture-mi-global-product-xiaomi-smart-scale-s200-2025-07-31-17_47_39_01.png\"><img fetchpriority=\"high\" decoding=\"async\" class=\"alignnone size-full wp-image-19924\" src=\"https:\/\/www.xiaomistoreks.com\/wp-content\/uploads\/2025\/07\/screencapture-mi-global-product-xiaomi-smart-scale-s200-2025-07-31-17_47_39_01.png\" alt=\"\" width=\"1413\" height=\"762\" \/><\/a> <a href=\"https:\/\/www.xiaomistoreks.com\/wp-content\/uploads\/2025\/07\/screencapture-mi-global-product-xiaomi-smart-scale-s200-2025-07-31-17_47_39_02.png\"><img decoding=\"async\" class=\"alignnone size-full wp-image-19925\" src=\"https:\/\/www.xiaomistoreks.com\/wp-content\/uploads\/2025\/07\/screencapture-mi-global-product-xiaomi-smart-scale-s200-2025-07-31-17_47_39_02.png\" alt=\"\" width=\"1413\" height=\"745\" \/><\/a> <a href=\"https:\/\/www.xiaomistoreks.com\/wp-content\/uploads\/2025\/07\/screencapture-mi-global-product-xiaomi-smart-scale-s200-2025-07-31-17_47_39_03.png\"><img decoding=\"async\" class=\"alignnone size-full wp-image-19926\" src=\"https:\/\/www.xiaomistoreks.com\/wp-content\/uploads\/2025\/07\/screencapture-mi-global-product-xiaomi-smart-scale-s200-2025-07-31-17_47_39_03.png\" alt=\"\" width=\"1413\" height=\"718\" \/><\/a> <a href=\"https:\/\/www.xiaomistoreks.com\/wp-content\/uploads\/2025\/07\/screencapture-mi-global-product-xiaomi-smart-scale-s200-2025-07-31-17_47_39_04.png\"><img loading=\"lazy\" decoding=\"async\" class=\"alignnone size-full wp-image-19927\" src=\"https:\/\/www.xiaomistoreks.com\/wp-content\/uploads\/2025\/07\/screencapture-mi-global-product-xiaomi-smart-scale-s200-2025-07-31-17_47_39_04.png\" alt=\"\" width=\"1413\" height=\"1521\" \/><\/a> <a href=\"https:\/\/www.xiaomistoreks.com\/wp-content\/uploads\/2025\/07\/screencapture-mi-global-product-xiaomi-smart-scale-s200-2025-07-31-17_47_39_05.png\"><img loading=\"lazy\" decoding=\"async\" class=\"alignnone size-full wp-image-19928\" src=\"https:\/\/www.xiaomistoreks.com\/wp-content\/uploads\/2025\/07\/screencapture-mi-global-product-xiaomi-smart-scale-s200-2025-07-31-17_47_39_05.png\" alt=\"\" width=\"1413\" height=\"1264\" \/><\/a> <a href=\"https:\/\/www.xiaomistoreks.com\/wp-content\/uploads\/2025\/07\/screencapture-mi-global-product-xiaomi-smart-scale-s200-2025-07-31-17_47_39_06.png\"><img loading=\"lazy\" decoding=\"async\" class=\"alignnone size-full wp-image-19929\" src=\"https:\/\/www.xiaomistoreks.com\/wp-content\/uploads\/2025\/07\/screencapture-mi-global-product-xiaomi-smart-scale-s200-2025-07-31-17_47_39_06.png\" alt=\"\" width=\"1413\" height=\"1449\" \/><\/a> <a href=\"https:\/\/www.xiaomistoreks.com\/wp-content\/uploads\/2025\/07\/screencapture-mi-global-product-xiaomi-smart-scale-s200-2025-07-31-17_47_39_07.png\"><img loading=\"lazy\" decoding=\"async\" class=\"alignnone size-full wp-image-19930\" src=\"https:\/\/www.xiaomistoreks.com\/wp-content\/uploads\/2025\/07\/screencapture-mi-global-product-xiaomi-smart-scale-s200-2025-07-31-17_47_39_07.png\" alt=\"\" width=\"1413\" height=\"1733\" \/><\/a><\/p>\n","protected":false},"excerpt":{"rendered":"<p>Xiaomi Smart Scale S200 &#8211; Peshore e men\u00e7ur me sensor\u00eb preciz q\u00eb mat pesh\u00ebn nga 0.1 deri n\u00eb 150 kg me sakt\u00ebsi 0.05 kg. Lidhet me aplikacionin Xiaomi Home p\u00ebr t\u00eb ruajtur t\u00eb dh\u00ebnat e deri n\u00eb 36 p\u00ebrdoruesve dhe p\u00ebr t\u00eb monitoruar BMI-n\u00eb. Ofron edhe test t\u00eb ekuilibrit p\u00ebr t\u00eb vler\u00ebsuar stabilitetin. Ka dizajn modern me xham t\u00eb temperuar dhe funksionon me tre bateri AAA.<\/p>\n","protected":false},"featured_media":19923,"template":"","meta":[],"product_cat":[176,190,169],"product_tag":[],"_links":{"self":[{"href":"https:\/\/www.xiaomistoreks.com\/en\/wp-json\/wp\/v2\/product\/19917"}],"collection":[{"href":"https:\/\/www.xiaomistoreks.com\/en\/wp-json\/wp\/v2\/product"}],"about":[{"href":"https:\/\/www.xiaomistoreks.com\/en\/wp-json\/wp\/v2\/types\/product"}],"version-history":[{"count":3,"href":"https:\/\/www.xiaomistoreks.com\/en\/wp-json\/wp\/v2\/product\/19917\/revisions"}],"predecessor-version":[{"id":22582,"href":"https:\/\/www.xiaomistoreks.com\/en\/wp-json\/wp\/v2\/product\/19917\/revisions\/22582"}],"wp:featuredmedia":[{"embeddable":true,"href":"https:\/\/www.xiaomistoreks.com\/en\/wp-json\/wp\/v2\/media\/19923"}],"wp:attachment":[{"href":"https:\/\/www.xiaomistoreks.com\/en\/wp-json\/wp\/v2\/media?parent=19917"}],"wp:term":[{"taxonomy":"product_cat","embeddable":true,"href":"https:\/\/www.xiaomistoreks.com\/en\/wp-json\/wp\/v2\/product_cat?post=19917"},{"taxonomy":"product_tag","embeddable":true,"href":"https:\/\/www.xiaomistoreks.com\/en\/wp-json\/wp\/v2\/product_tag?post=19917"}],"curies":[{"name":"wp","href":"https:\/\/api.w.org\/{rel}","templated":true}]}}