{"id":19895,"date":"2025-08-01T14:27:33","date_gmt":"2025-08-01T14:27:33","guid":{"rendered":"https:\/\/www.xiaomistoreks.com\/?post_type=product&#038;p=19895"},"modified":"2026-03-18T00:06:36","modified_gmt":"2026-03-18T00:06:36","slug":"xiaomi-sport-water-bottle","status":"publish","type":"product","link":"https:\/\/www.xiaomistoreks.com\/en\/product\/xiaomi-sport-water-bottle\/","title":{"rendered":"Xiaomi Sport Water Bottle"},"content":{"rendered":"<p><a href=\"https:\/\/www.xiaomistoreks.com\/wp-content\/uploads\/2025\/07\/screencapture-mi-global-product-xiaomi-sport-water-bottle-2025-07-31-17_10_58_01.png\"><img fetchpriority=\"high\" decoding=\"async\" class=\"alignnone size-full wp-image-19896\" src=\"https:\/\/www.xiaomistoreks.com\/wp-content\/uploads\/2025\/07\/screencapture-mi-global-product-xiaomi-sport-water-bottle-2025-07-31-17_10_58_01.png\" alt=\"\" width=\"1327\" height=\"725\" \/><\/a> <a href=\"https:\/\/www.xiaomistoreks.com\/wp-content\/uploads\/2025\/07\/screencapture-mi-global-product-xiaomi-sport-water-bottle-2025-07-31-17_10_58_02.png\"><img decoding=\"async\" class=\"alignnone size-full wp-image-19897\" src=\"https:\/\/www.xiaomistoreks.com\/wp-content\/uploads\/2025\/07\/screencapture-mi-global-product-xiaomi-sport-water-bottle-2025-07-31-17_10_58_02.png\" alt=\"\" width=\"1327\" height=\"773\" \/><\/a> <a href=\"https:\/\/www.xiaomistoreks.com\/wp-content\/uploads\/2025\/07\/screencapture-mi-global-product-xiaomi-sport-water-bottle-2025-07-31-17_10_58_03.png\"><img decoding=\"async\" class=\"alignnone size-full wp-image-19898\" src=\"https:\/\/www.xiaomistoreks.com\/wp-content\/uploads\/2025\/07\/screencapture-mi-global-product-xiaomi-sport-water-bottle-2025-07-31-17_10_58_03.png\" alt=\"\" width=\"1327\" height=\"1755\" \/><\/a> <a href=\"https:\/\/www.xiaomistoreks.com\/wp-content\/uploads\/2025\/07\/screencapture-mi-global-product-xiaomi-sport-water-bottle-2025-07-31-17_10_58_04.png\"><img loading=\"lazy\" decoding=\"async\" class=\"alignnone size-full wp-image-19899\" src=\"https:\/\/www.xiaomistoreks.com\/wp-content\/uploads\/2025\/07\/screencapture-mi-global-product-xiaomi-sport-water-bottle-2025-07-31-17_10_58_04.png\" alt=\"\" width=\"1327\" height=\"1338\" \/><\/a> <a href=\"https:\/\/www.xiaomistoreks.com\/wp-content\/uploads\/2025\/07\/screencapture-mi-global-product-xiaomi-sport-water-bottle-2025-07-31-17_10_58_05.png\"><img loading=\"lazy\" decoding=\"async\" class=\"alignnone size-full wp-image-19900\" src=\"https:\/\/www.xiaomistoreks.com\/wp-content\/uploads\/2025\/07\/screencapture-mi-global-product-xiaomi-sport-water-bottle-2025-07-31-17_10_58_05.png\" alt=\"\" width=\"1327\" height=\"1418\" \/><\/a> <a href=\"https:\/\/www.xiaomistoreks.com\/wp-content\/uploads\/2025\/07\/screencapture-mi-global-product-xiaomi-sport-water-bottle-2025-07-31-17_10_58_06.png\"><img loading=\"lazy\" decoding=\"async\" class=\"alignnone size-full wp-image-19901\" src=\"https:\/\/www.xiaomistoreks.com\/wp-content\/uploads\/2025\/07\/screencapture-mi-global-product-xiaomi-sport-water-bottle-2025-07-31-17_10_58_06.png\" alt=\"\" width=\"1327\" height=\"1498\" \/><\/a> <a href=\"https:\/\/www.xiaomistoreks.com\/wp-content\/uploads\/2025\/07\/screencapture-mi-global-product-xiaomi-sport-water-bottle-2025-07-31-17_10_58_07.png\"><img loading=\"lazy\" decoding=\"async\" class=\"alignnone size-full wp-image-19902\" src=\"https:\/\/www.xiaomistoreks.com\/wp-content\/uploads\/2025\/07\/screencapture-mi-global-product-xiaomi-sport-water-bottle-2025-07-31-17_10_58_07.png\" alt=\"\" width=\"1327\" height=\"684\" \/><\/a><\/p>\n","protected":false},"excerpt":{"rendered":"<h6 class=\"sr-only\">ChatGPT said:<\/h6>\n<div class=\"text-base my-auto mx-auto pb-10 [--thread-content-margin:--spacing(4)] @[37rem]:[--thread-content-margin:--spacing(6)] @[72rem]:[--thread-content-margin:--spacing(16)] px-(--thread-content-margin)\">\n<div class=\"[--thread-content-max-width:32rem] @[34rem]:[--thread-content-max-width:40rem] @[64rem]:[--thread-content-max-width:48rem] mx-auto max-w-(--thread-content-max-width) flex-1 group\/turn-messages focus-visible:outline-hidden relative flex w-full min-w-0 flex-col agent-turn\">\n<div class=\"flex max-w-full flex-col grow\">\n<div class=\"min-h-8 text-message relative flex w-full flex-col items-end gap-2 text-start break-words whitespace-normal [.text-message+&amp;]:mt-5\" dir=\"auto\" data-message-author-role=\"assistant\" data-message-id=\"26621bef-face-4260-8ed6-76cf7bdcec70\" data-message-model-slug=\"gpt-4o\">\n<div class=\"flex w-full flex-col gap-1 empty:hidden first:pt-[3px]\">\n<div class=\"markdown prose dark:prose-invert w-full break-words light\">\n<p data-start=\"0\" data-end=\"383\" data-is-last-node=\"\" data-is-only-node=\"\">Xiaomi Sport Water Bottle &#8211; Nj\u00eb shishe moderne dhe praktike me kapacitet 700 ml, e nd\u00ebrtuar nga materiale rezistente dhe t\u00eb sigurta p\u00ebr ushqim. Dizajni ergonomik dhe tapa kund\u00ebr rrjedhjes e b\u00ebjn\u00eb t\u00eb p\u00ebrshtatshme p\u00ebr p\u00ebrdorim gjat\u00eb aktiviteteve sportive apo n\u00eb p\u00ebrditshm\u00ebri. Me hapje t\u00eb gjer\u00eb p\u00ebr mbushje t\u00eb leht\u00eb dhe pastrim t\u00eb shpejt\u00eb, \u00ebsht\u00eb zgjedhja ideale p\u00ebr hidratim n\u00eb l\u00ebvizje.<\/p>\n<\/div>\n<\/div>\n<\/div>\n<\/div>\n<\/div>\n<\/div>\n","protected":false},"featured_media":19903,"template":"","meta":[],"product_cat":[176,194,188],"product_tag":[],"_links":{"self":[{"href":"https:\/\/www.xiaomistoreks.com\/en\/wp-json\/wp\/v2\/product\/19895"}],"collection":[{"href":"https:\/\/www.xiaomistoreks.com\/en\/wp-json\/wp\/v2\/product"}],"about":[{"href":"https:\/\/www.xiaomistoreks.com\/en\/wp-json\/wp\/v2\/types\/product"}],"version-history":[{"count":2,"href":"https:\/\/www.xiaomistoreks.com\/en\/wp-json\/wp\/v2\/product\/19895\/revisions"}],"predecessor-version":[{"id":20152,"href":"https:\/\/www.xiaomistoreks.com\/en\/wp-json\/wp\/v2\/product\/19895\/revisions\/20152"}],"wp:featuredmedia":[{"embeddable":true,"href":"https:\/\/www.xiaomistoreks.com\/en\/wp-json\/wp\/v2\/media\/19903"}],"wp:attachment":[{"href":"https:\/\/www.xiaomistoreks.com\/en\/wp-json\/wp\/v2\/media?parent=19895"}],"wp:term":[{"taxonomy":"product_cat","embeddable":true,"href":"https:\/\/www.xiaomistoreks.com\/en\/wp-json\/wp\/v2\/product_cat?post=19895"},{"taxonomy":"product_tag","embeddable":true,"href":"https:\/\/www.xiaomistoreks.com\/en\/wp-json\/wp\/v2\/product_tag?post=19895"}],"curies":[{"name":"wp","href":"https:\/\/api.w.org\/{rel}","templated":true}]}}