{"id":19726,"date":"2025-07-15T15:39:31","date_gmt":"2025-07-15T15:39:31","guid":{"rendered":"https:\/\/www.xiaomistoreks.com\/?post_type=product&#038;p=19726"},"modified":"2026-05-04T07:12:58","modified_gmt":"2026-05-04T07:12:58","slug":"xiaomi-router-ax3000t","status":"publish","type":"product","link":"https:\/\/www.xiaomistoreks.com\/en\/product\/xiaomi-router-ax3000t\/","title":{"rendered":"Xiaomi Router AX3000T"},"content":{"rendered":"<p><a href=\"https:\/\/www.xiaomistoreks.com\/wp-content\/uploads\/2025\/07\/screencapture-mi-global-product-xiaomi-router-ax3000t-2025-07-15-17_15_29_01.png\"><img fetchpriority=\"high\" decoding=\"async\" class=\"alignnone size-full wp-image-19727\" src=\"https:\/\/www.xiaomistoreks.com\/wp-content\/uploads\/2025\/07\/screencapture-mi-global-product-xiaomi-router-ax3000t-2025-07-15-17_15_29_01.png\" alt=\"\" width=\"1491\" height=\"753\" \/><\/a> <a href=\"https:\/\/www.xiaomistoreks.com\/wp-content\/uploads\/2025\/07\/screencapture-mi-global-product-xiaomi-router-ax3000t-2025-07-15-17_15_29_02.png\"><img decoding=\"async\" class=\"alignnone size-full wp-image-19728\" src=\"https:\/\/www.xiaomistoreks.com\/wp-content\/uploads\/2025\/07\/screencapture-mi-global-product-xiaomi-router-ax3000t-2025-07-15-17_15_29_02.png\" alt=\"\" width=\"1491\" height=\"1259\" \/><\/a> <a href=\"https:\/\/www.xiaomistoreks.com\/wp-content\/uploads\/2025\/07\/screencapture-mi-global-product-xiaomi-router-ax3000t-2025-07-15-17_15_29_03.png\"><img decoding=\"async\" class=\"alignnone size-full wp-image-19729\" src=\"https:\/\/www.xiaomistoreks.com\/wp-content\/uploads\/2025\/07\/screencapture-mi-global-product-xiaomi-router-ax3000t-2025-07-15-17_15_29_03.png\" alt=\"\" width=\"1491\" height=\"2131\" \/><\/a> <a href=\"https:\/\/www.xiaomistoreks.com\/wp-content\/uploads\/2025\/07\/screencapture-mi-global-product-xiaomi-router-ax3000t-2025-07-15-17_15_29_04.png\"><img loading=\"lazy\" decoding=\"async\" class=\"alignnone size-full wp-image-19730\" src=\"https:\/\/www.xiaomistoreks.com\/wp-content\/uploads\/2025\/07\/screencapture-mi-global-product-xiaomi-router-ax3000t-2025-07-15-17_15_29_04.png\" alt=\"\" width=\"1491\" height=\"1917\" \/><\/a> <a href=\"https:\/\/www.xiaomistoreks.com\/wp-content\/uploads\/2025\/07\/screencapture-mi-global-product-xiaomi-router-ax3000t-2025-07-15-17_15_29_05.png\"><img loading=\"lazy\" decoding=\"async\" class=\"alignnone size-full wp-image-19731\" src=\"https:\/\/www.xiaomistoreks.com\/wp-content\/uploads\/2025\/07\/screencapture-mi-global-product-xiaomi-router-ax3000t-2025-07-15-17_15_29_05.png\" alt=\"\" width=\"1491\" height=\"2135\" \/><\/a><a href=\"https:\/\/www.xiaomistoreks.com\/wp-content\/uploads\/2025\/07\/screencapture-mi-global-product-xiaomi-router-ax3000t-2025-07-15-17_15_29_01-1.png\"><img loading=\"lazy\" decoding=\"async\" class=\"alignnone size-full wp-image-19732\" src=\"https:\/\/www.xiaomistoreks.com\/wp-content\/uploads\/2025\/07\/screencapture-mi-global-product-xiaomi-router-ax3000t-2025-07-15-17_15_29_01-1.png\" alt=\"\" width=\"1530\" height=\"1175\" \/><\/a> <a href=\"https:\/\/www.xiaomistoreks.com\/wp-content\/uploads\/2025\/07\/screencapture-mi-global-product-xiaomi-router-ax3000t-2025-07-15-17_15_29_02-1.png\"><img loading=\"lazy\" decoding=\"async\" class=\"alignnone size-full wp-image-19733\" src=\"https:\/\/www.xiaomistoreks.com\/wp-content\/uploads\/2025\/07\/screencapture-mi-global-product-xiaomi-router-ax3000t-2025-07-15-17_15_29_02-1.png\" alt=\"\" width=\"1530\" height=\"1112\" \/><\/a> <a href=\"https:\/\/www.xiaomistoreks.com\/wp-content\/uploads\/2025\/07\/screencapture-mi-global-product-xiaomi-router-ax3000t-2025-07-15-17_15_29_03-1.png\"><img loading=\"lazy\" decoding=\"async\" class=\"alignnone size-full wp-image-19734\" src=\"https:\/\/www.xiaomistoreks.com\/wp-content\/uploads\/2025\/07\/screencapture-mi-global-product-xiaomi-router-ax3000t-2025-07-15-17_15_29_03-1.png\" alt=\"\" width=\"1530\" height=\"1855\" \/><\/a> <a href=\"https:\/\/www.xiaomistoreks.com\/wp-content\/uploads\/2025\/07\/screencapture-mi-global-product-xiaomi-router-ax3000t-2025-07-15-17_15_29_04-1.png\"><img loading=\"lazy\" decoding=\"async\" class=\"alignnone size-full wp-image-19735\" src=\"https:\/\/www.xiaomistoreks.com\/wp-content\/uploads\/2025\/07\/screencapture-mi-global-product-xiaomi-router-ax3000t-2025-07-15-17_15_29_04-1.png\" alt=\"\" width=\"1530\" height=\"1531\" \/><\/a> <a href=\"https:\/\/www.xiaomistoreks.com\/wp-content\/uploads\/2025\/07\/screencapture-mi-global-product-xiaomi-router-ax3000t-2025-07-15-17_15_29_05-1.png\"><img loading=\"lazy\" decoding=\"async\" class=\"alignnone size-full wp-image-19736\" src=\"https:\/\/www.xiaomistoreks.com\/wp-content\/uploads\/2025\/07\/screencapture-mi-global-product-xiaomi-router-ax3000t-2025-07-15-17_15_29_05-1.png\" alt=\"\" width=\"1530\" height=\"1740\" \/><\/a> <a href=\"https:\/\/www.xiaomistoreks.com\/wp-content\/uploads\/2025\/07\/screencapture-mi-global-product-xiaomi-router-ax3000t-2025-07-15-17_15_29_06.png\"><img loading=\"lazy\" decoding=\"async\" class=\"alignnone size-full wp-image-19737\" src=\"https:\/\/www.xiaomistoreks.com\/wp-content\/uploads\/2025\/07\/screencapture-mi-global-product-xiaomi-router-ax3000t-2025-07-15-17_15_29_06.png\" alt=\"\" width=\"1530\" height=\"778\" \/><\/a><\/p>\n","protected":false},"excerpt":{"rendered":"<p>Xiaomi Router AX3000T \u2013 Nj\u00eb router Wi\u2011Fi 6 i fuqish\u00ebm dhe i q\u00ebndruesh\u00ebm p\u00ebr sht\u00ebpi apo zyr\u00eb. Ofron shpejt\u00ebsi deri n\u00eb 3000\u202fMbps (574\u202fMbps n\u00eb 2.4\u202fGHz dhe 2402\u202fMbps n\u00eb 5\u202fGHz) dhe teknologji Xtra Range p\u00ebr sinjal t\u00eb fort\u00eb edhe p\u00ebrtej mureve. Me procesor dual-core 1.3\u202fGHz dhe 256\u202fMB RAM, mb\u00ebshtet deri n\u00eb 128 pajisje nj\u00ebkoh\u00ebsisht. P\u00ebrfshin Mesh (wireless dhe me kabllo), \u00e7iftim t\u00eb shpejt\u00eb me NFC dhe 4 porta Gigabit LAN\/WAN. Siguri WPA3 dhe kontroll i plot\u00eb p\u00ebrmes aplikacionit Mi Home \u2013 ideal p\u00ebr rrjete t\u00eb shpejta, stabile dhe t\u00eb mbrojtura.<\/p>\n","protected":false},"featured_media":19738,"template":"","meta":[],"product_cat":[176,212,169],"product_tag":[],"_links":{"self":[{"href":"https:\/\/www.xiaomistoreks.com\/en\/wp-json\/wp\/v2\/product\/19726"}],"collection":[{"href":"https:\/\/www.xiaomistoreks.com\/en\/wp-json\/wp\/v2\/product"}],"about":[{"href":"https:\/\/www.xiaomistoreks.com\/en\/wp-json\/wp\/v2\/types\/product"}],"version-history":[{"count":1,"href":"https:\/\/www.xiaomistoreks.com\/en\/wp-json\/wp\/v2\/product\/19726\/revisions"}],"predecessor-version":[{"id":19745,"href":"https:\/\/www.xiaomistoreks.com\/en\/wp-json\/wp\/v2\/product\/19726\/revisions\/19745"}],"wp:featuredmedia":[{"embeddable":true,"href":"https:\/\/www.xiaomistoreks.com\/en\/wp-json\/wp\/v2\/media\/19738"}],"wp:attachment":[{"href":"https:\/\/www.xiaomistoreks.com\/en\/wp-json\/wp\/v2\/media?parent=19726"}],"wp:term":[{"taxonomy":"product_cat","embeddable":true,"href":"https:\/\/www.xiaomistoreks.com\/en\/wp-json\/wp\/v2\/product_cat?post=19726"},{"taxonomy":"product_tag","embeddable":true,"href":"https:\/\/www.xiaomistoreks.com\/en\/wp-json\/wp\/v2\/product_tag?post=19726"}],"curies":[{"name":"wp","href":"https:\/\/api.w.org\/{rel}","templated":true}]}}