{"id":19609,"date":"2025-07-12T01:20:55","date_gmt":"2025-07-12T01:20:55","guid":{"rendered":"https:\/\/www.xiaomistoreks.com\/?post_type=product&#038;p=19609"},"modified":"2026-04-09T08:48:27","modified_gmt":"2026-04-09T08:48:27","slug":"xiaomi-smart-tower-fan-2","status":"publish","type":"product","link":"https:\/\/www.xiaomistoreks.com\/en\/product\/xiaomi-smart-tower-fan-2\/","title":{"rendered":"Xiaomi Smart Tower Fan 2"},"content":{"rendered":"<p><a href=\"https:\/\/www.xiaomistoreks.com\/wp-content\/uploads\/2025\/07\/screencapture-mi-global-product-xiaomi-smart-tower-fan-2-2025-07-14-12_59_59_01.png\"><img fetchpriority=\"high\" decoding=\"async\" class=\"alignnone size-full wp-image-19679\" src=\"https:\/\/www.xiaomistoreks.com\/wp-content\/uploads\/2025\/07\/screencapture-mi-global-product-xiaomi-smart-tower-fan-2-2025-07-14-12_59_59_01.png\" alt=\"\" width=\"2154\" height=\"1084\" \/><\/a> <a href=\"https:\/\/www.xiaomistoreks.com\/wp-content\/uploads\/2025\/07\/screencapture-mi-global-product-xiaomi-smart-tower-fan-2-2025-07-14-12_59_59_02.png\"><img decoding=\"async\" class=\"alignnone size-full wp-image-19680\" src=\"https:\/\/www.xiaomistoreks.com\/wp-content\/uploads\/2025\/07\/screencapture-mi-global-product-xiaomi-smart-tower-fan-2-2025-07-14-12_59_59_02.png\" alt=\"\" width=\"2154\" height=\"988\" \/><\/a> <a href=\"https:\/\/www.xiaomistoreks.com\/wp-content\/uploads\/2025\/07\/screencapture-mi-global-product-xiaomi-smart-tower-fan-2-2025-07-14-12_59_59_03.png\"><img decoding=\"async\" class=\"alignnone size-full wp-image-19681\" src=\"https:\/\/www.xiaomistoreks.com\/wp-content\/uploads\/2025\/07\/screencapture-mi-global-product-xiaomi-smart-tower-fan-2-2025-07-14-12_59_59_03.png\" alt=\"\" width=\"2154\" height=\"1524\" \/><\/a> <a href=\"https:\/\/www.xiaomistoreks.com\/wp-content\/uploads\/2025\/07\/screencapture-mi-global-product-xiaomi-smart-tower-fan-2-2025-07-14-12_59_59_04.png\"><img loading=\"lazy\" decoding=\"async\" class=\"alignnone size-full wp-image-19682\" src=\"https:\/\/www.xiaomistoreks.com\/wp-content\/uploads\/2025\/07\/screencapture-mi-global-product-xiaomi-smart-tower-fan-2-2025-07-14-12_59_59_04.png\" alt=\"\" width=\"2154\" height=\"2076\" \/><\/a> <a href=\"https:\/\/www.xiaomistoreks.com\/wp-content\/uploads\/2025\/07\/screencapture-mi-global-product-xiaomi-smart-tower-fan-2-2025-07-14-12_59_59_05.png\"><img loading=\"lazy\" decoding=\"async\" class=\"alignnone size-full wp-image-19683\" src=\"https:\/\/www.xiaomistoreks.com\/wp-content\/uploads\/2025\/07\/screencapture-mi-global-product-xiaomi-smart-tower-fan-2-2025-07-14-12_59_59_05.png\" alt=\"\" width=\"2154\" height=\"2519\" \/><\/a><a href=\"https:\/\/www.xiaomistoreks.com\/wp-content\/uploads\/2025\/07\/screencapture-mi-global-product-xiaomi-smart-tower-fan-2-2025-07-14-12_59_59_01-1.png\"><img loading=\"lazy\" decoding=\"async\" class=\"alignnone size-full wp-image-19684\" src=\"https:\/\/www.xiaomistoreks.com\/wp-content\/uploads\/2025\/07\/screencapture-mi-global-product-xiaomi-smart-tower-fan-2-2025-07-14-12_59_59_01-1.png\" alt=\"\" width=\"1879\" height=\"992\" \/><\/a> <a href=\"https:\/\/www.xiaomistoreks.com\/wp-content\/uploads\/2025\/07\/screencapture-mi-global-product-xiaomi-smart-tower-fan-2-2025-07-14-12_59_59_02-1.png\"><img loading=\"lazy\" decoding=\"async\" class=\"alignnone size-full wp-image-19686\" src=\"https:\/\/www.xiaomistoreks.com\/wp-content\/uploads\/2025\/07\/screencapture-mi-global-product-xiaomi-smart-tower-fan-2-2025-07-14-12_59_59_02-1.png\" alt=\"\" width=\"1879\" height=\"2342\" \/><\/a> <a href=\"https:\/\/www.xiaomistoreks.com\/wp-content\/uploads\/2025\/07\/screencapture-mi-global-product-xiaomi-smart-tower-fan-2-2025-07-14-12_59_59_03-1.png\"><img loading=\"lazy\" decoding=\"async\" class=\"alignnone size-full wp-image-19687\" src=\"https:\/\/www.xiaomistoreks.com\/wp-content\/uploads\/2025\/07\/screencapture-mi-global-product-xiaomi-smart-tower-fan-2-2025-07-14-12_59_59_03-1.png\" alt=\"\" width=\"1879\" height=\"1373\" \/><\/a> <a href=\"https:\/\/www.xiaomistoreks.com\/wp-content\/uploads\/2025\/07\/screencapture-mi-global-product-xiaomi-smart-tower-fan-2-2025-07-14-12_59_59_04-1.png\"><img loading=\"lazy\" decoding=\"async\" class=\"alignnone size-full wp-image-19688\" src=\"https:\/\/www.xiaomistoreks.com\/wp-content\/uploads\/2025\/07\/screencapture-mi-global-product-xiaomi-smart-tower-fan-2-2025-07-14-12_59_59_04-1.png\" alt=\"\" width=\"1879\" height=\"1241\" \/><\/a> <a href=\"https:\/\/www.xiaomistoreks.com\/wp-content\/uploads\/2025\/07\/screencapture-mi-global-product-xiaomi-smart-tower-fan-2-2025-07-14-12_59_59_05-1.png\"><img loading=\"lazy\" decoding=\"async\" class=\"alignnone size-full wp-image-19689\" src=\"https:\/\/www.xiaomistoreks.com\/wp-content\/uploads\/2025\/07\/screencapture-mi-global-product-xiaomi-smart-tower-fan-2-2025-07-14-12_59_59_05-1.png\" alt=\"\" width=\"1879\" height=\"2244\" \/><\/a><\/p>\n","protected":false},"excerpt":{"rendered":"<p>Xiaomi Smart Tower Fan 2 \u2013 Ventilator modern dhe i men\u00e7ur me dizajn kull\u00eb q\u00eb ofron rrjedhje ajri t\u00eb fuqishme dhe t\u00eb q\u00ebndrueshme. Me tre nivele shpejt\u00ebsie dhe funksion fshirjeje pluhuri, krijon nj\u00eb ambient t\u00eb fresk\u00ebt dhe t\u00eb past\u00ebr. Mund t\u00eb kontrollohet leht\u00ebsisht p\u00ebrmes aplikacionit Xiaomi Home dhe ka funksion automatik p\u00ebr ruajtjen e energjis\u00eb. Me dizajn t\u00eb holl\u00eb dhe elegant, p\u00ebrshtatet n\u00eb \u00e7do hap\u00ebsir\u00eb sht\u00ebpie ose zyre.<\/p>\n","protected":false},"featured_media":19610,"template":"","meta":[],"product_cat":[176,188,169,155],"product_tag":[],"_links":{"self":[{"href":"https:\/\/www.xiaomistoreks.com\/en\/wp-json\/wp\/v2\/product\/19609"}],"collection":[{"href":"https:\/\/www.xiaomistoreks.com\/en\/wp-json\/wp\/v2\/product"}],"about":[{"href":"https:\/\/www.xiaomistoreks.com\/en\/wp-json\/wp\/v2\/types\/product"}],"version-history":[{"count":3,"href":"https:\/\/www.xiaomistoreks.com\/en\/wp-json\/wp\/v2\/product\/19609\/revisions"}],"predecessor-version":[{"id":19690,"href":"https:\/\/www.xiaomistoreks.com\/en\/wp-json\/wp\/v2\/product\/19609\/revisions\/19690"}],"wp:featuredmedia":[{"embeddable":true,"href":"https:\/\/www.xiaomistoreks.com\/en\/wp-json\/wp\/v2\/media\/19610"}],"wp:attachment":[{"href":"https:\/\/www.xiaomistoreks.com\/en\/wp-json\/wp\/v2\/media?parent=19609"}],"wp:term":[{"taxonomy":"product_cat","embeddable":true,"href":"https:\/\/www.xiaomistoreks.com\/en\/wp-json\/wp\/v2\/product_cat?post=19609"},{"taxonomy":"product_tag","embeddable":true,"href":"https:\/\/www.xiaomistoreks.com\/en\/wp-json\/wp\/v2\/product_tag?post=19609"}],"curies":[{"name":"wp","href":"https:\/\/api.w.org\/{rel}","templated":true}]}}