{"id":19556,"date":"2025-07-11T14:31:44","date_gmt":"2025-07-11T14:31:44","guid":{"rendered":"https:\/\/www.xiaomistoreks.com\/?post_type=product&#038;p=19556"},"modified":"2026-04-20T17:08:37","modified_gmt":"2026-04-20T17:08:37","slug":"xiaomi-smart-standing-fan-2-pro","status":"publish","type":"product","link":"https:\/\/www.xiaomistoreks.com\/en\/product\/xiaomi-smart-standing-fan-2-pro\/","title":{"rendered":"Xiaomi Smart Standing Fan 2 Pro"},"content":{"rendered":"<p><a href=\"https:\/\/www.xiaomistoreks.com\/wp-content\/uploads\/2025\/07\/screencapture-mi-global-product-xiaomi-smart-standing-fan-2-pro-2025-07-11-16_20_05_01.png\"><img fetchpriority=\"high\" decoding=\"async\" class=\"alignnone size-full wp-image-19557\" src=\"https:\/\/www.xiaomistoreks.com\/wp-content\/uploads\/2025\/07\/screencapture-mi-global-product-xiaomi-smart-standing-fan-2-pro-2025-07-11-16_20_05_01.png\" alt=\"\" width=\"1063\" height=\"786\" \/><\/a> <a href=\"https:\/\/www.xiaomistoreks.com\/wp-content\/uploads\/2025\/07\/screencapture-mi-global-product-xiaomi-smart-standing-fan-2-pro-2025-07-11-16_20_05_02.png\"><img decoding=\"async\" class=\"alignnone size-full wp-image-19558\" src=\"https:\/\/www.xiaomistoreks.com\/wp-content\/uploads\/2025\/07\/screencapture-mi-global-product-xiaomi-smart-standing-fan-2-pro-2025-07-11-16_20_05_02.png\" alt=\"\" width=\"1063\" height=\"1337\" \/><\/a> <a href=\"https:\/\/www.xiaomistoreks.com\/wp-content\/uploads\/2025\/07\/screencapture-mi-global-product-xiaomi-smart-standing-fan-2-pro-2025-07-11-16_20_05_03.png\"><img decoding=\"async\" class=\"alignnone size-full wp-image-19559\" src=\"https:\/\/www.xiaomistoreks.com\/wp-content\/uploads\/2025\/07\/screencapture-mi-global-product-xiaomi-smart-standing-fan-2-pro-2025-07-11-16_20_05_03.png\" alt=\"\" width=\"1063\" height=\"1426\" \/><\/a> <a href=\"https:\/\/www.xiaomistoreks.com\/wp-content\/uploads\/2025\/07\/screencapture-mi-global-product-xiaomi-smart-standing-fan-2-pro-2025-07-11-16_20_05_04.png\"><img loading=\"lazy\" decoding=\"async\" class=\"alignnone size-full wp-image-19560\" src=\"https:\/\/www.xiaomistoreks.com\/wp-content\/uploads\/2025\/07\/screencapture-mi-global-product-xiaomi-smart-standing-fan-2-pro-2025-07-11-16_20_05_04.png\" alt=\"\" width=\"1063\" height=\"768\" \/><\/a> <a href=\"https:\/\/www.xiaomistoreks.com\/wp-content\/uploads\/2025\/07\/screencapture-mi-global-product-xiaomi-smart-standing-fan-2-pro-2025-07-11-16_20_05_05.png\"><img loading=\"lazy\" decoding=\"async\" class=\"alignnone size-full wp-image-19561\" src=\"https:\/\/www.xiaomistoreks.com\/wp-content\/uploads\/2025\/07\/screencapture-mi-global-product-xiaomi-smart-standing-fan-2-pro-2025-07-11-16_20_05_05.png\" alt=\"\" width=\"1063\" height=\"967\" \/><\/a> <a href=\"https:\/\/www.xiaomistoreks.com\/wp-content\/uploads\/2025\/07\/screencapture-mi-global-product-xiaomi-smart-standing-fan-2-pro-2025-07-11-16_20_05_06.png\"><img loading=\"lazy\" decoding=\"async\" class=\"alignnone size-full wp-image-19562\" src=\"https:\/\/www.xiaomistoreks.com\/wp-content\/uploads\/2025\/07\/screencapture-mi-global-product-xiaomi-smart-standing-fan-2-pro-2025-07-11-16_20_05_06.png\" alt=\"\" width=\"1063\" height=\"1747\" \/><\/a> <a href=\"https:\/\/www.xiaomistoreks.com\/wp-content\/uploads\/2025\/07\/screencapture-mi-global-product-xiaomi-smart-standing-fan-2-pro-2025-07-11-16_20_05_07.png\"><img loading=\"lazy\" decoding=\"async\" class=\"alignnone size-full wp-image-19563\" src=\"https:\/\/www.xiaomistoreks.com\/wp-content\/uploads\/2025\/07\/screencapture-mi-global-product-xiaomi-smart-standing-fan-2-pro-2025-07-11-16_20_05_07.png\" alt=\"\" width=\"1063\" height=\"572\" \/><\/a> <a href=\"https:\/\/www.xiaomistoreks.com\/wp-content\/uploads\/2025\/07\/screencapture-mi-global-product-xiaomi-smart-standing-fan-2-pro-2025-07-11-16_20_05_08.png\"><img loading=\"lazy\" decoding=\"async\" class=\"alignnone size-full wp-image-19564\" src=\"https:\/\/www.xiaomistoreks.com\/wp-content\/uploads\/2025\/07\/screencapture-mi-global-product-xiaomi-smart-standing-fan-2-pro-2025-07-11-16_20_05_08.png\" alt=\"\" width=\"1063\" height=\"590\" \/><\/a><\/p>\n","protected":false},"excerpt":{"rendered":"<p>Xiaomi Smart Standing Fan 2 Pro \u2013 nj\u00eb ventilator modern, i men\u00e7ur dhe efikas p\u00ebr ambientet e sht\u00ebpis\u00eb ose zyr\u00ebs. Me tre shpejt\u00ebsi termoventili, fasha ndri\u00e7imi ambienti dhe k\u00ebnd rrotullimi 90\u00b0, ofron freski t\u00eb personnalisuar. P\u00ebrshtatet me diell- nat\u00eb, me opsion p\u00ebr mod\u00eb komoditeti q\u00eb shnd\u00ebrrohet n\u00eb vrapim nat\u00ebn me zhurm\u00eb minimale. P\u00ebrdoret leht\u00ebsisht p\u00ebrmes ekranit dhe aplikacionit Mi Home, dhe p\u00ebrfshin sensor temperatur\u00eb, funksion prezence dhe sistem ftohjeje inteligjent q\u00eb ruan energji. Me dizajn t\u00eb holl\u00eb dhe fleksibilitet lart\u00ebsie, sjell freski dhe stil \u00e7do dit\u00eb.<\/p>\n","protected":false},"featured_media":19565,"template":"","meta":[],"product_cat":[176,169,155],"product_tag":[],"_links":{"self":[{"href":"https:\/\/www.xiaomistoreks.com\/en\/wp-json\/wp\/v2\/product\/19556"}],"collection":[{"href":"https:\/\/www.xiaomistoreks.com\/en\/wp-json\/wp\/v2\/product"}],"about":[{"href":"https:\/\/www.xiaomistoreks.com\/en\/wp-json\/wp\/v2\/types\/product"}],"version-history":[{"count":1,"href":"https:\/\/www.xiaomistoreks.com\/en\/wp-json\/wp\/v2\/product\/19556\/revisions"}],"predecessor-version":[{"id":19567,"href":"https:\/\/www.xiaomistoreks.com\/en\/wp-json\/wp\/v2\/product\/19556\/revisions\/19567"}],"wp:featuredmedia":[{"embeddable":true,"href":"https:\/\/www.xiaomistoreks.com\/en\/wp-json\/wp\/v2\/media\/19565"}],"wp:attachment":[{"href":"https:\/\/www.xiaomistoreks.com\/en\/wp-json\/wp\/v2\/media?parent=19556"}],"wp:term":[{"taxonomy":"product_cat","embeddable":true,"href":"https:\/\/www.xiaomistoreks.com\/en\/wp-json\/wp\/v2\/product_cat?post=19556"},{"taxonomy":"product_tag","embeddable":true,"href":"https:\/\/www.xiaomistoreks.com\/en\/wp-json\/wp\/v2\/product_tag?post=19556"}],"curies":[{"name":"wp","href":"https:\/\/api.w.org\/{rel}","templated":true}]}}