{"id":19409,"date":"2025-06-24T13:14:16","date_gmt":"2025-06-24T13:14:16","guid":{"rendered":"https:\/\/www.xiaomistoreks.com\/?post_type=product&#038;p=19409"},"modified":"2026-04-22T12:53:38","modified_gmt":"2026-04-22T12:53:38","slug":"xiaomi-water-flosser-2","status":"publish","type":"product","link":"https:\/\/www.xiaomistoreks.com\/en\/product\/xiaomi-water-flosser-2\/","title":{"rendered":"Xiaomi Water Flosser 2"},"content":{"rendered":"<p><a href=\"https:\/\/www.xiaomistoreks.com\/wp-content\/uploads\/2025\/06\/screencapture-mi-global-product-xiaomi-water-flosser-2-2025-06-24-14_54_11_01.png\"><img fetchpriority=\"high\" decoding=\"async\" class=\"alignnone size-full wp-image-19413\" src=\"https:\/\/www.xiaomistoreks.com\/wp-content\/uploads\/2025\/06\/screencapture-mi-global-product-xiaomi-water-flosser-2-2025-06-24-14_54_11_01.png\" alt=\"\" width=\"1220\" height=\"521\" \/><\/a> <a href=\"https:\/\/www.xiaomistoreks.com\/wp-content\/uploads\/2025\/06\/screencapture-mi-global-product-xiaomi-water-flosser-2-2025-06-24-14_54_11_02.png\"><img decoding=\"async\" class=\"alignnone size-full wp-image-19414\" src=\"https:\/\/www.xiaomistoreks.com\/wp-content\/uploads\/2025\/06\/screencapture-mi-global-product-xiaomi-water-flosser-2-2025-06-24-14_54_11_02.png\" alt=\"\" width=\"1220\" height=\"1155\" \/><\/a> <a href=\"https:\/\/www.xiaomistoreks.com\/wp-content\/uploads\/2025\/06\/screencapture-mi-global-product-xiaomi-water-flosser-2-2025-06-24-14_54_11_03.png\"><img decoding=\"async\" class=\"alignnone size-full wp-image-19415\" src=\"https:\/\/www.xiaomistoreks.com\/wp-content\/uploads\/2025\/06\/screencapture-mi-global-product-xiaomi-water-flosser-2-2025-06-24-14_54_11_03.png\" alt=\"\" width=\"1220\" height=\"1046\" \/><\/a> <a href=\"https:\/\/www.xiaomistoreks.com\/wp-content\/uploads\/2025\/06\/screencapture-mi-global-product-xiaomi-water-flosser-2-2025-06-24-14_54_11_04.png\"><img loading=\"lazy\" decoding=\"async\" class=\"alignnone size-full wp-image-19416\" src=\"https:\/\/www.xiaomistoreks.com\/wp-content\/uploads\/2025\/06\/screencapture-mi-global-product-xiaomi-water-flosser-2-2025-06-24-14_54_11_04.png\" alt=\"\" width=\"1220\" height=\"907\" \/><\/a> <a href=\"https:\/\/www.xiaomistoreks.com\/wp-content\/uploads\/2025\/06\/screencapture-mi-global-product-xiaomi-water-flosser-2-2025-06-24-14_54_11_05.png\"><img loading=\"lazy\" decoding=\"async\" class=\"alignnone size-full wp-image-19417\" src=\"https:\/\/www.xiaomistoreks.com\/wp-content\/uploads\/2025\/06\/screencapture-mi-global-product-xiaomi-water-flosser-2-2025-06-24-14_54_11_05.png\" alt=\"\" width=\"1220\" height=\"1417\" \/><\/a> <a href=\"https:\/\/www.xiaomistoreks.com\/wp-content\/uploads\/2025\/06\/screencapture-mi-global-product-xiaomi-water-flosser-2-2025-06-24-14_54_11_06.png\"><img loading=\"lazy\" decoding=\"async\" class=\"alignnone size-full wp-image-19418\" src=\"https:\/\/www.xiaomistoreks.com\/wp-content\/uploads\/2025\/06\/screencapture-mi-global-product-xiaomi-water-flosser-2-2025-06-24-14_54_11_06.png\" alt=\"\" width=\"1220\" height=\"1139\" \/><\/a> <a href=\"https:\/\/www.xiaomistoreks.com\/wp-content\/uploads\/2025\/06\/screencapture-mi-global-product-xiaomi-water-flosser-2-2025-06-24-14_54_11_07.png\"><img loading=\"lazy\" decoding=\"async\" class=\"alignnone size-full wp-image-19419\" src=\"https:\/\/www.xiaomistoreks.com\/wp-content\/uploads\/2025\/06\/screencapture-mi-global-product-xiaomi-water-flosser-2-2025-06-24-14_54_11_07.png\" alt=\"\" width=\"1220\" height=\"1199\" \/><\/a> <a href=\"https:\/\/www.xiaomistoreks.com\/wp-content\/uploads\/2025\/06\/screencapture-mi-global-product-xiaomi-water-flosser-2-2025-06-24-14_54_11_08.png\"><img loading=\"lazy\" decoding=\"async\" class=\"alignnone size-full wp-image-19420\" src=\"https:\/\/www.xiaomistoreks.com\/wp-content\/uploads\/2025\/06\/screencapture-mi-global-product-xiaomi-water-flosser-2-2025-06-24-14_54_11_08.png\" alt=\"\" width=\"1220\" height=\"806\" \/><\/a><\/p>\n","protected":false},"excerpt":{"rendered":"<p>Xiaomi Water Flosser 2 \u2013 Nj\u00eb pajisje dentare elegante dhe efikase q\u00eb p\u00ebrdor teknologji me pulsim uji me frekuenc\u00eb t\u00eb lart\u00eb p\u00ebr pastrim t\u00eb thell\u00eb n\u00eb mes t\u00eb dh\u00ebmb\u00ebve. Ka tre m\u00ebnyra pastrimi (i but\u00eb, standard, i fuqish\u00ebm) dhe tank uji 200\u202fml\u2014mjaftuesh\u00ebm p\u00ebr nj\u00eb pastrim t\u00eb plot\u00eb. Pajisja p\u00ebrfshin dy koka (nj\u00eb p\u00ebr ortodonci dhe nj\u00eb standarde), ofron efikasitet pastrimi deri n\u00eb 99.4%, dhe zgjat deri n\u00eb 90 dit\u00eb me nj\u00eb karikim t\u00eb vet\u00ebm. \u00cbsht\u00eb plot\u00ebsisht e pap\u00ebrshkueshme nga uji (IPX7), me mbyllje automatike pas 2 minutash p\u00ebr siguri maksimale gjat\u00eb p\u00ebrdorimit.<\/p>\n","protected":false},"featured_media":19410,"template":"","meta":[],"product_cat":[193,176,155],"product_tag":[],"_links":{"self":[{"href":"https:\/\/www.xiaomistoreks.com\/en\/wp-json\/wp\/v2\/product\/19409"}],"collection":[{"href":"https:\/\/www.xiaomistoreks.com\/en\/wp-json\/wp\/v2\/product"}],"about":[{"href":"https:\/\/www.xiaomistoreks.com\/en\/wp-json\/wp\/v2\/types\/product"}],"version-history":[{"count":2,"href":"https:\/\/www.xiaomistoreks.com\/en\/wp-json\/wp\/v2\/product\/19409\/revisions"}],"predecessor-version":[{"id":22631,"href":"https:\/\/www.xiaomistoreks.com\/en\/wp-json\/wp\/v2\/product\/19409\/revisions\/22631"}],"wp:featuredmedia":[{"embeddable":true,"href":"https:\/\/www.xiaomistoreks.com\/en\/wp-json\/wp\/v2\/media\/19410"}],"wp:attachment":[{"href":"https:\/\/www.xiaomistoreks.com\/en\/wp-json\/wp\/v2\/media?parent=19409"}],"wp:term":[{"taxonomy":"product_cat","embeddable":true,"href":"https:\/\/www.xiaomistoreks.com\/en\/wp-json\/wp\/v2\/product_cat?post=19409"},{"taxonomy":"product_tag","embeddable":true,"href":"https:\/\/www.xiaomistoreks.com\/en\/wp-json\/wp\/v2\/product_tag?post=19409"}],"curies":[{"name":"wp","href":"https:\/\/api.w.org\/{rel}","templated":true}]}}