{"id":19399,"date":"2025-06-23T13:55:31","date_gmt":"2025-06-23T13:55:31","guid":{"rendered":"https:\/\/www.xiaomistoreks.com\/?post_type=product&#038;p=19399"},"modified":"2026-04-27T14:28:14","modified_gmt":"2026-04-27T14:28:14","slug":"xiaomi-67w-hypercharge-combo-type-a","status":"publish","type":"product","link":"https:\/\/www.xiaomistoreks.com\/en\/product\/xiaomi-67w-hypercharge-combo-type-a\/","title":{"rendered":"Xiaomi 67W HyperCharge Combo (Type-A)"},"content":{"rendered":"","protected":false},"excerpt":{"rendered":"<p>Xiaomi 67W HyperCharge Combo (Type-A) \u2013 Nj\u00eb karikues i fuqish\u00ebm dhe i avancuar me dy porte, i p\u00ebrshtatsh\u00ebm p\u00ebr karikimin e shpejt\u00eb t\u00eb telefonave dhe pajisjeve t\u00eb tjera. Ofrojn\u00eb karikim deri n\u00eb 67W, duke siguruar ngarkim efikas dhe t\u00eb shpejt\u00eb. Dizajni kompakt dhe mbrojtjet e sigurta kund\u00ebr mbinxehjes dhe mbingarkes\u00ebs e b\u00ebjn\u00eb k\u00ebt\u00eb karikues ideal p\u00ebr p\u00ebrdorim t\u00eb p\u00ebrditsh\u00ebm dhe udh\u00ebtime.<\/p>\n","protected":false},"featured_media":19400,"template":"","meta":[],"product_cat":[171,172,176,177],"product_tag":[],"_links":{"self":[{"href":"https:\/\/www.xiaomistoreks.com\/en\/wp-json\/wp\/v2\/product\/19399"}],"collection":[{"href":"https:\/\/www.xiaomistoreks.com\/en\/wp-json\/wp\/v2\/product"}],"about":[{"href":"https:\/\/www.xiaomistoreks.com\/en\/wp-json\/wp\/v2\/types\/product"}],"version-history":[{"count":3,"href":"https:\/\/www.xiaomistoreks.com\/en\/wp-json\/wp\/v2\/product\/19399\/revisions"}],"predecessor-version":[{"id":21464,"href":"https:\/\/www.xiaomistoreks.com\/en\/wp-json\/wp\/v2\/product\/19399\/revisions\/21464"}],"wp:featuredmedia":[{"embeddable":true,"href":"https:\/\/www.xiaomistoreks.com\/en\/wp-json\/wp\/v2\/media\/19400"}],"wp:attachment":[{"href":"https:\/\/www.xiaomistoreks.com\/en\/wp-json\/wp\/v2\/media?parent=19399"}],"wp:term":[{"taxonomy":"product_cat","embeddable":true,"href":"https:\/\/www.xiaomistoreks.com\/en\/wp-json\/wp\/v2\/product_cat?post=19399"},{"taxonomy":"product_tag","embeddable":true,"href":"https:\/\/www.xiaomistoreks.com\/en\/wp-json\/wp\/v2\/product_tag?post=19399"}],"curies":[{"name":"wp","href":"https:\/\/api.w.org\/{rel}","templated":true}]}}