{"id":19394,"date":"2025-06-23T13:46:12","date_gmt":"2025-06-23T13:46:12","guid":{"rendered":"https:\/\/www.xiaomistoreks.com\/?post_type=product&#038;p=19394"},"modified":"2026-03-06T00:35:51","modified_gmt":"2026-03-06T00:35:51","slug":"xiaomi-22-5w-power-adapter-type-a","status":"publish","type":"product","link":"https:\/\/www.xiaomistoreks.com\/en\/product\/xiaomi-22-5w-power-adapter-type-a\/","title":{"rendered":"Xiaomi 22.5W Power Adapter (Type-A)"},"content":{"rendered":"","protected":false},"excerpt":{"rendered":"<p>Xiaomi 22.5W Power Adapter (Type-A) EU \u2013 Karikues i vog\u00ebl dhe efikas p\u00ebr telefona dhe pajisje t\u00eb tjera me lidhje Type-A. Ofron karikim t\u00eb shpejt\u00eb 22.5W, duke siguruar karikim t\u00eb shpejt\u00eb dhe t\u00eb sigurt. Me mbrojtje kund\u00ebr mbinxehjes dhe mbingarkes\u00ebs, \u00ebsht\u00eb nj\u00eb zgjidhje praktike p\u00ebr p\u00ebrdorim t\u00eb p\u00ebrditsh\u00ebm n\u00eb sht\u00ebpi apo n\u00eb l\u00ebvizje.<\/p>\n","protected":false},"featured_media":19395,"template":"","meta":[],"product_cat":[171,172,176,177],"product_tag":[],"_links":{"self":[{"href":"https:\/\/www.xiaomistoreks.com\/en\/wp-json\/wp\/v2\/product\/19394"}],"collection":[{"href":"https:\/\/www.xiaomistoreks.com\/en\/wp-json\/wp\/v2\/product"}],"about":[{"href":"https:\/\/www.xiaomistoreks.com\/en\/wp-json\/wp\/v2\/types\/product"}],"version-history":[{"count":2,"href":"https:\/\/www.xiaomistoreks.com\/en\/wp-json\/wp\/v2\/product\/19394\/revisions"}],"predecessor-version":[{"id":21879,"href":"https:\/\/www.xiaomistoreks.com\/en\/wp-json\/wp\/v2\/product\/19394\/revisions\/21879"}],"wp:featuredmedia":[{"embeddable":true,"href":"https:\/\/www.xiaomistoreks.com\/en\/wp-json\/wp\/v2\/media\/19395"}],"wp:attachment":[{"href":"https:\/\/www.xiaomistoreks.com\/en\/wp-json\/wp\/v2\/media?parent=19394"}],"wp:term":[{"taxonomy":"product_cat","embeddable":true,"href":"https:\/\/www.xiaomistoreks.com\/en\/wp-json\/wp\/v2\/product_cat?post=19394"},{"taxonomy":"product_tag","embeddable":true,"href":"https:\/\/www.xiaomistoreks.com\/en\/wp-json\/wp\/v2\/product_tag?post=19394"}],"curies":[{"name":"wp","href":"https:\/\/api.w.org\/{rel}","templated":true}]}}