{"id":19384,"date":"2025-06-23T13:37:02","date_gmt":"2025-06-23T13:37:02","guid":{"rendered":"https:\/\/www.xiaomistoreks.com\/?post_type=product&#038;p=19384"},"modified":"2026-04-03T07:30:52","modified_gmt":"2026-04-03T07:30:52","slug":"xiaomi-45w-turbo-charging-power-adapter-type-a","status":"publish","type":"product","link":"https:\/\/www.xiaomistoreks.com\/en\/product\/xiaomi-45w-turbo-charging-power-adapter-type-a\/","title":{"rendered":"Xiaomi 45W Turbo Charging Power Adapter (Type-A)"},"content":{"rendered":"<p><a href=\"https:\/\/www.xiaomistoreks.com\/wp-content\/uploads\/2025\/06\/screencapture-mi-be-nl-product-xiaomi-45w-turbo-charging-power-adapter-type-a-2025-06-23-15_27_03_01.png\"><img fetchpriority=\"high\" decoding=\"async\" class=\"alignnone size-full wp-image-19388\" src=\"https:\/\/www.xiaomistoreks.com\/wp-content\/uploads\/2025\/06\/screencapture-mi-be-nl-product-xiaomi-45w-turbo-charging-power-adapter-type-a-2025-06-23-15_27_03_01.png\" alt=\"\" width=\"3281\" height=\"1778\" \/><\/a> <a href=\"https:\/\/www.xiaomistoreks.com\/wp-content\/uploads\/2025\/06\/screencapture-mi-be-nl-product-xiaomi-45w-turbo-charging-power-adapter-type-a-2025-06-23-15_27_03_02.png\"><img decoding=\"async\" class=\"alignnone size-full wp-image-19389\" src=\"https:\/\/www.xiaomistoreks.com\/wp-content\/uploads\/2025\/06\/screencapture-mi-be-nl-product-xiaomi-45w-turbo-charging-power-adapter-type-a-2025-06-23-15_27_03_02.png\" alt=\"\" width=\"3281\" height=\"2092\" \/><\/a> <a href=\"https:\/\/www.xiaomistoreks.com\/wp-content\/uploads\/2025\/06\/screencapture-mi-be-nl-product-xiaomi-45w-turbo-charging-power-adapter-type-a-2025-06-23-15_27_03_03.png\"><img decoding=\"async\" class=\"alignnone size-full wp-image-19390\" src=\"https:\/\/www.xiaomistoreks.com\/wp-content\/uploads\/2025\/06\/screencapture-mi-be-nl-product-xiaomi-45w-turbo-charging-power-adapter-type-a-2025-06-23-15_27_03_03.png\" alt=\"\" width=\"3281\" height=\"2103\" \/><\/a> <a href=\"https:\/\/www.xiaomistoreks.com\/wp-content\/uploads\/2025\/06\/screencapture-mi-be-nl-product-xiaomi-45w-turbo-charging-power-adapter-type-a-2025-06-23-15_27_03_04.png\"><img loading=\"lazy\" decoding=\"async\" class=\"alignnone size-full wp-image-19391\" src=\"https:\/\/www.xiaomistoreks.com\/wp-content\/uploads\/2025\/06\/screencapture-mi-be-nl-product-xiaomi-45w-turbo-charging-power-adapter-type-a-2025-06-23-15_27_03_04.png\" alt=\"\" width=\"3281\" height=\"2218\" \/><\/a><\/p>\n","protected":false},"excerpt":{"rendered":"<p>Xiaomi 45W Turbo Charging Power Adapter Type-A. Karikues kompakt dhe i fuqish\u00ebm, ideal p\u00ebr telefona, tablet\u00eb dhe pajisje t\u00eb tjera. Mb\u00ebshtet karikim t\u00eb shpejt\u00eb deri n\u00eb 45W me teknologji inteligjente q\u00eb p\u00ebrshtatet me tensionin e pajisjes. I leht\u00eb dhe i vog\u00ebl, me mbrojtje nga mbinxehja dhe mbingarkesa, \u00ebsht\u00eb perfekt p\u00ebr p\u00ebrdorim n\u00eb sht\u00ebpi apo udh\u00ebtime.<\/p>\n","protected":false},"featured_media":19385,"template":"","meta":[],"product_cat":[171,172,176,177,377],"product_tag":[],"_links":{"self":[{"href":"https:\/\/www.xiaomistoreks.com\/en\/wp-json\/wp\/v2\/product\/19384"}],"collection":[{"href":"https:\/\/www.xiaomistoreks.com\/en\/wp-json\/wp\/v2\/product"}],"about":[{"href":"https:\/\/www.xiaomistoreks.com\/en\/wp-json\/wp\/v2\/types\/product"}],"version-history":[{"count":2,"href":"https:\/\/www.xiaomistoreks.com\/en\/wp-json\/wp\/v2\/product\/19384\/revisions"}],"predecessor-version":[{"id":20264,"href":"https:\/\/www.xiaomistoreks.com\/en\/wp-json\/wp\/v2\/product\/19384\/revisions\/20264"}],"wp:featuredmedia":[{"embeddable":true,"href":"https:\/\/www.xiaomistoreks.com\/en\/wp-json\/wp\/v2\/media\/19385"}],"wp:attachment":[{"href":"https:\/\/www.xiaomistoreks.com\/en\/wp-json\/wp\/v2\/media?parent=19384"}],"wp:term":[{"taxonomy":"product_cat","embeddable":true,"href":"https:\/\/www.xiaomistoreks.com\/en\/wp-json\/wp\/v2\/product_cat?post=19384"},{"taxonomy":"product_tag","embeddable":true,"href":"https:\/\/www.xiaomistoreks.com\/en\/wp-json\/wp\/v2\/product_tag?post=19384"}],"curies":[{"name":"wp","href":"https:\/\/api.w.org\/{rel}","templated":true}]}}