{"id":18986,"date":"2025-04-29T18:11:39","date_gmt":"2025-04-29T18:11:39","guid":{"rendered":"https:\/\/www.xiaomistoreks.com\/?post_type=product&#038;p=18986"},"modified":"2026-03-18T00:07:26","modified_gmt":"2026-03-18T00:07:26","slug":"redmi-a5-no-charger","status":"publish","type":"product","link":"https:\/\/www.xiaomistoreks.com\/en\/product\/redmi-a5-no-charger\/","title":{"rendered":"Redmi A5 &#8211; No Charger"},"content":{"rendered":"<p><a href=\"https:\/\/www.xiaomistoreks.com\/wp-content\/uploads\/2025\/04\/screencapture-mi-global-product-redmi-a5-2025-04-29-19_51_17_01.png\"><img fetchpriority=\"high\" decoding=\"async\" class=\"alignnone size-full wp-image-18968\" src=\"https:\/\/www.xiaomistoreks.com\/wp-content\/uploads\/2025\/04\/screencapture-mi-global-product-redmi-a5-2025-04-29-19_51_17_01.png\" alt=\"\" width=\"1542\" height=\"743\" \/><\/a> <a href=\"https:\/\/www.xiaomistoreks.com\/wp-content\/uploads\/2025\/04\/screencapture-mi-global-product-redmi-a5-2025-04-29-19_51_17_02.png\"><img decoding=\"async\" class=\"alignnone size-full wp-image-18969\" src=\"https:\/\/www.xiaomistoreks.com\/wp-content\/uploads\/2025\/04\/screencapture-mi-global-product-redmi-a5-2025-04-29-19_51_17_02.png\" alt=\"\" width=\"1542\" height=\"1603\" \/><\/a> <a href=\"https:\/\/www.xiaomistoreks.com\/wp-content\/uploads\/2025\/04\/screencapture-mi-global-product-redmi-a5-2025-04-29-19_51_17_03.png\"><img decoding=\"async\" class=\"alignnone size-full wp-image-18970\" src=\"https:\/\/www.xiaomistoreks.com\/wp-content\/uploads\/2025\/04\/screencapture-mi-global-product-redmi-a5-2025-04-29-19_51_17_03.png\" alt=\"\" width=\"1542\" height=\"1713\" \/><\/a> <a href=\"https:\/\/www.xiaomistoreks.com\/wp-content\/uploads\/2025\/04\/screencapture-mi-global-product-redmi-a5-2025-04-29-19_51_17_04.png\"><img loading=\"lazy\" decoding=\"async\" class=\"alignnone size-full wp-image-18971\" src=\"https:\/\/www.xiaomistoreks.com\/wp-content\/uploads\/2025\/04\/screencapture-mi-global-product-redmi-a5-2025-04-29-19_51_17_04.png\" alt=\"\" width=\"1542\" height=\"1753\" \/><\/a> <a href=\"https:\/\/www.xiaomistoreks.com\/wp-content\/uploads\/2025\/04\/screencapture-mi-global-product-redmi-a5-2025-04-29-19_51_17_05.png\"><img loading=\"lazy\" decoding=\"async\" class=\"alignnone size-full wp-image-18972\" src=\"https:\/\/www.xiaomistoreks.com\/wp-content\/uploads\/2025\/04\/screencapture-mi-global-product-redmi-a5-2025-04-29-19_51_17_05.png\" alt=\"\" width=\"1542\" height=\"2378\" \/><\/a><a href=\"https:\/\/www.xiaomistoreks.com\/wp-content\/uploads\/2025\/04\/screencapture-mi-global-product-redmi-a5-2025-04-29-19_51_17-2_01.png\"><img loading=\"lazy\" decoding=\"async\" class=\"alignnone size-full wp-image-18973\" src=\"https:\/\/www.xiaomistoreks.com\/wp-content\/uploads\/2025\/04\/screencapture-mi-global-product-redmi-a5-2025-04-29-19_51_17-2_01.png\" alt=\"\" width=\"1549\" height=\"888\" \/><\/a> <a href=\"https:\/\/www.xiaomistoreks.com\/wp-content\/uploads\/2025\/04\/screencapture-mi-global-product-redmi-a5-2025-04-29-19_51_17-2_02.png\"><img loading=\"lazy\" decoding=\"async\" class=\"alignnone size-full wp-image-18974\" src=\"https:\/\/www.xiaomistoreks.com\/wp-content\/uploads\/2025\/04\/screencapture-mi-global-product-redmi-a5-2025-04-29-19_51_17-2_02.png\" alt=\"\" width=\"1549\" height=\"1676\" \/><\/a> <a href=\"https:\/\/www.xiaomistoreks.com\/wp-content\/uploads\/2025\/04\/screencapture-mi-global-product-redmi-a5-2025-04-29-19_51_17-2_03.png\"><img loading=\"lazy\" decoding=\"async\" class=\"alignnone size-full wp-image-18975\" src=\"https:\/\/www.xiaomistoreks.com\/wp-content\/uploads\/2025\/04\/screencapture-mi-global-product-redmi-a5-2025-04-29-19_51_17-2_03.png\" alt=\"\" width=\"1549\" height=\"1168\" \/><\/a> <a href=\"https:\/\/www.xiaomistoreks.com\/wp-content\/uploads\/2025\/04\/screencapture-mi-global-product-redmi-a5-2025-04-29-19_51_17-2_04.png\"><img loading=\"lazy\" decoding=\"async\" class=\"alignnone size-full wp-image-18976\" src=\"https:\/\/www.xiaomistoreks.com\/wp-content\/uploads\/2025\/04\/screencapture-mi-global-product-redmi-a5-2025-04-29-19_51_17-2_04.png\" alt=\"\" width=\"1549\" height=\"984\" \/><\/a> <a href=\"https:\/\/www.xiaomistoreks.com\/wp-content\/uploads\/2025\/04\/screencapture-mi-global-product-redmi-a5-2025-04-29-19_51_17-2_05.png\"><img loading=\"lazy\" decoding=\"async\" class=\"alignnone size-full wp-image-18977\" src=\"https:\/\/www.xiaomistoreks.com\/wp-content\/uploads\/2025\/04\/screencapture-mi-global-product-redmi-a5-2025-04-29-19_51_17-2_05.png\" alt=\"\" width=\"1549\" height=\"1804\" \/><\/a> <a href=\"https:\/\/www.xiaomistoreks.com\/wp-content\/uploads\/2025\/04\/screencapture-mi-global-product-redmi-a5-2025-04-29-19_51_17-2_06.png\"><img loading=\"lazy\" decoding=\"async\" class=\"alignnone size-full wp-image-18978\" src=\"https:\/\/www.xiaomistoreks.com\/wp-content\/uploads\/2025\/04\/screencapture-mi-global-product-redmi-a5-2025-04-29-19_51_17-2_06.png\" alt=\"\" width=\"1549\" height=\"985\" \/><\/a><\/p>\n","protected":false},"excerpt":{"rendered":"<p>Redmi A5. <span class=\"relative -mx-px my-[-0.2rem] rounded px-px py-[0.2rem] transition-colors duration-100 ease-in-out\">Nj\u00eb smartphone i p\u00ebrballuesh\u00ebm dhe i fuqish\u00ebm, i dizajnuar p\u00ebr p\u00ebrdorim t\u00eb p\u00ebrditsh\u00ebm.<\/span> <span class=\"relative -mx-px my-[-0.2rem] rounded px-px py-[0.2rem] transition-colors duration-100 ease-in-out\">Ekrani 6.88&#8243; HD+ me rifreskim 120Hz ofron p\u00ebrvoj\u00eb t\u00eb rrjedhshme vizuale.<\/span> <span class=\"relative -mx-px my-[-0.2rem] rounded px-px py-[0.2rem] transition-colors duration-100 ease-in-out\">Kamera kryesore 32MP dhe kamera frontale 8MP sigurojn\u00eb fotografi dhe selfie cil\u00ebsore.<\/span> <span class=\"relative -mx-px my-[-0.2rem] rounded px-px py-[0.2rem] transition-colors duration-100 ease-in-out\">Procesori Unisoc T7250 dhe 4GB ose 6GB RAM garantojn\u00eb performanc\u00eb t\u00eb q\u00ebndrueshme.<\/span> <span class=\"relative -mx-px my-[-0.2rem] rounded px-px py-[0.2rem] transition-colors duration-100 ease-in-out\">Bateria 5200mAh me karikim t\u00eb shpejt\u00eb 15W ofron p\u00ebrdorim t\u00eb gjat\u00eb pa nevoj\u00eb p\u00ebr karikim t\u00eb shpesht\u00eb.<\/span> <span class=\"relative -mx-px my-[-0.2rem] rounded px-px py-[0.2rem] transition-colors duration-100 ease-in-out\">Me dizajn modern dhe funksione t\u00eb avancuara, Redmi A5 \u00ebsht\u00eb zgjedhje ideale p\u00ebr p\u00ebrdoruesit q\u00eb k\u00ebrkojn\u00eb cil\u00ebsi dhe \u00e7mim t\u00eb p\u00ebrballuesh\u00ebm.<\/span><\/p>\n","protected":false},"featured_media":18965,"template":"","meta":[],"product_cat":[150,176,151],"product_tag":[],"_links":{"self":[{"href":"https:\/\/www.xiaomistoreks.com\/en\/wp-json\/wp\/v2\/product\/18986"}],"collection":[{"href":"https:\/\/www.xiaomistoreks.com\/en\/wp-json\/wp\/v2\/product"}],"about":[{"href":"https:\/\/www.xiaomistoreks.com\/en\/wp-json\/wp\/v2\/types\/product"}],"version-history":[{"count":3,"href":"https:\/\/www.xiaomistoreks.com\/en\/wp-json\/wp\/v2\/product\/18986\/revisions"}],"predecessor-version":[{"id":20243,"href":"https:\/\/www.xiaomistoreks.com\/en\/wp-json\/wp\/v2\/product\/18986\/revisions\/20243"}],"wp:featuredmedia":[{"embeddable":true,"href":"https:\/\/www.xiaomistoreks.com\/en\/wp-json\/wp\/v2\/media\/18965"}],"wp:attachment":[{"href":"https:\/\/www.xiaomistoreks.com\/en\/wp-json\/wp\/v2\/media?parent=18986"}],"wp:term":[{"taxonomy":"product_cat","embeddable":true,"href":"https:\/\/www.xiaomistoreks.com\/en\/wp-json\/wp\/v2\/product_cat?post=18986"},{"taxonomy":"product_tag","embeddable":true,"href":"https:\/\/www.xiaomistoreks.com\/en\/wp-json\/wp\/v2\/product_tag?post=18986"}],"curies":[{"name":"wp","href":"https:\/\/api.w.org\/{rel}","templated":true}]}}