{"id":18837,"date":"2025-04-28T13:30:51","date_gmt":"2025-04-28T13:30:51","guid":{"rendered":"https:\/\/www.xiaomistoreks.com\/?post_type=product&#038;p=18837"},"modified":"2026-04-20T17:10:39","modified_gmt":"2026-04-20T17:10:39","slug":"xiaomi-semi-automatic-espresso-machine","status":"publish","type":"product","link":"https:\/\/www.xiaomistoreks.com\/en\/product\/xiaomi-semi-automatic-espresso-machine\/","title":{"rendered":"Xiaomi Semi-automatic Espresso Machine"},"content":{"rendered":"<p><a href=\"https:\/\/www.xiaomistoreks.com\/wp-content\/uploads\/2025\/04\/screencapture-mi-mx-product-xiaomi-semi-automatic-espresso-machine-2025-04-28-15_18_49_01.png\"><img fetchpriority=\"high\" decoding=\"async\" class=\"size-full wp-image-18842 aligncenter\" src=\"https:\/\/www.xiaomistoreks.com\/wp-content\/uploads\/2025\/04\/screencapture-mi-mx-product-xiaomi-semi-automatic-espresso-machine-2025-04-28-15_18_49_01.png\" alt=\"\" width=\"947\" height=\"497\" \/><\/a> <a href=\"https:\/\/www.xiaomistoreks.com\/wp-content\/uploads\/2025\/04\/screencapture-mi-mx-product-xiaomi-semi-automatic-espresso-machine-2025-04-28-15_18_49_02.png\"><img decoding=\"async\" class=\"size-full wp-image-18843 aligncenter\" src=\"https:\/\/www.xiaomistoreks.com\/wp-content\/uploads\/2025\/04\/screencapture-mi-mx-product-xiaomi-semi-automatic-espresso-machine-2025-04-28-15_18_49_02.png\" alt=\"\" width=\"947\" height=\"657\" \/><\/a> <a href=\"https:\/\/www.xiaomistoreks.com\/wp-content\/uploads\/2025\/04\/screencapture-mi-mx-product-xiaomi-semi-automatic-espresso-machine-2025-04-28-15_18_49_03.png\"><img decoding=\"async\" class=\"size-full wp-image-18844 aligncenter\" src=\"https:\/\/www.xiaomistoreks.com\/wp-content\/uploads\/2025\/04\/screencapture-mi-mx-product-xiaomi-semi-automatic-espresso-machine-2025-04-28-15_18_49_03.png\" alt=\"\" width=\"947\" height=\"462\" \/><\/a> <a href=\"https:\/\/www.xiaomistoreks.com\/wp-content\/uploads\/2025\/04\/screencapture-mi-mx-product-xiaomi-semi-automatic-espresso-machine-2025-04-28-15_18_49_04.png\"><img loading=\"lazy\" decoding=\"async\" class=\"size-full wp-image-18845 aligncenter\" src=\"https:\/\/www.xiaomistoreks.com\/wp-content\/uploads\/2025\/04\/screencapture-mi-mx-product-xiaomi-semi-automatic-espresso-machine-2025-04-28-15_18_49_04.png\" alt=\"\" width=\"947\" height=\"903\" \/><\/a> <a href=\"https:\/\/www.xiaomistoreks.com\/wp-content\/uploads\/2025\/04\/screencapture-mi-mx-product-xiaomi-semi-automatic-espresso-machine-2025-04-28-15_18_49_05.png\"><img loading=\"lazy\" decoding=\"async\" class=\"size-full wp-image-18846 aligncenter\" src=\"https:\/\/www.xiaomistoreks.com\/wp-content\/uploads\/2025\/04\/screencapture-mi-mx-product-xiaomi-semi-automatic-espresso-machine-2025-04-28-15_18_49_05.png\" alt=\"\" width=\"947\" height=\"961\" \/><\/a> <a href=\"https:\/\/www.xiaomistoreks.com\/wp-content\/uploads\/2025\/04\/screencapture-mi-mx-product-xiaomi-semi-automatic-espresso-machine-2025-04-28-15_18_49_06.png\"><img loading=\"lazy\" decoding=\"async\" class=\"size-full wp-image-18847 aligncenter\" src=\"https:\/\/www.xiaomistoreks.com\/wp-content\/uploads\/2025\/04\/screencapture-mi-mx-product-xiaomi-semi-automatic-espresso-machine-2025-04-28-15_18_49_06.png\" alt=\"\" width=\"947\" height=\"926\" \/><\/a> <a href=\"https:\/\/www.xiaomistoreks.com\/wp-content\/uploads\/2025\/04\/screencapture-mi-mx-product-xiaomi-semi-automatic-espresso-machine-2025-04-28-15_18_49_07.png\"><img loading=\"lazy\" decoding=\"async\" class=\"size-full wp-image-18848 aligncenter\" src=\"https:\/\/www.xiaomistoreks.com\/wp-content\/uploads\/2025\/04\/screencapture-mi-mx-product-xiaomi-semi-automatic-espresso-machine-2025-04-28-15_18_49_07.png\" alt=\"\" width=\"947\" height=\"983\" \/><\/a> <a href=\"https:\/\/www.xiaomistoreks.com\/wp-content\/uploads\/2025\/04\/screencapture-mi-mx-product-xiaomi-semi-automatic-espresso-machine-2025-04-28-15_18_49_08.png\"><img loading=\"lazy\" decoding=\"async\" class=\"size-full wp-image-18849 aligncenter\" src=\"https:\/\/www.xiaomistoreks.com\/wp-content\/uploads\/2025\/04\/screencapture-mi-mx-product-xiaomi-semi-automatic-espresso-machine-2025-04-28-15_18_49_08.png\" alt=\"\" width=\"947\" height=\"1604\" \/><\/a> <a href=\"https:\/\/www.xiaomistoreks.com\/wp-content\/uploads\/2025\/04\/screencapture-mi-mx-product-xiaomi-semi-automatic-espresso-machine-2025-04-28-15_18_49_09.png\"><img loading=\"lazy\" decoding=\"async\" class=\"alignnone size-full wp-image-18850 aligncenter\" src=\"https:\/\/www.xiaomistoreks.com\/wp-content\/uploads\/2025\/04\/screencapture-mi-mx-product-xiaomi-semi-automatic-espresso-machine-2025-04-28-15_18_49_09.png\" alt=\"\" width=\"947\" height=\"1201\" \/><\/a><\/p>\n","protected":false},"excerpt":{"rendered":"<p>Xiaomi Semi-automatic Espresso Machine \u2013 <span class=\"relative -mx-px my-[-0.2rem] rounded px-px py-[0.2rem] transition-colors duration-100 ease-in-out\">Makineri ekspresi gjysm\u00eb-automatike me presion pompe 20 bar p\u00ebr ekstraktim t\u00eb q\u00ebndruesh\u00ebm dhe krijim t\u00eb krem\u00ebs s\u00eb pasur.<\/span> <span class=\"relative -mx-px my-[-0.2rem] rounded px-px py-[0.2rem] transition-colors duration-100 ease-in-out\">Pajisur me teknologji t\u00eb infuzionit paraprak me presion t\u00eb ul\u00ebt p\u00ebr nxjerrje t\u00eb plot\u00eb t\u00eb arom\u00ebs s\u00eb kafes\u00eb.<\/span> <span class=\"relative -mx-px my-[-0.2rem] rounded px-px py-[0.2rem] transition-colors duration-100 ease-in-out\">Kontroll i sakt\u00eb i temperatur\u00ebs me sensor NTC p\u00ebr shije t\u00eb q\u00ebndrueshme n\u00eb \u00e7do filxhan.<\/span> <span class=\"relative -mx-px my-[-0.2rem] rounded px-px py-[0.2rem] transition-colors duration-100 ease-in-out\">Tub avulli i fuqish\u00ebm dhe i rrotulluesh\u00ebm p\u00ebr krijimin e shkum\u00ebs s\u00eb dendur t\u00eb qum\u00ebshtit.<\/span> <span class=\"relative -mx-px my-[-0.2rem] rounded px-px py-[0.2rem] transition-colors duration-100 ease-in-out\">Dizajn kompakt prej \u00e7eliku inox me gjer\u00ebsi vet\u00ebm 14 cm, i p\u00ebrshtatsh\u00ebm p\u00ebr \u00e7do hap\u00ebsir\u00eb.<\/span> <span class=\"relative -mx-px my-[-0.2rem] rounded px-px py-[0.2rem] transition-colors duration-100 ease-in-out\">Ekran me prekje p\u00ebr p\u00ebrdorim t\u00eb leht\u00eb dhe intuitiv.<\/span> <span class=\"relative -mx-px my-[-0.2rem] rounded px-px py-[0.2rem] transition-colors duration-100 ease-in-out\">Depozit\u00eb uji me kapacitet 0.9L dhe fuqi 1350W p\u00ebr performanc\u00eb t\u00eb lart\u00eb.<\/span> <span class=\"relative -mx-px my-[-0.2rem] rounded px-px py-[0.2rem] transition-colors duration-100 ease-in-out\">P\u00ebrfshin aksesor\u00eb si portafiltra t\u00eb vet\u00ebm dhe t\u00eb dyfisht\u00eb, lug\u00eb kafeje dhe filt\u00ebr.<\/span><\/p>\n","protected":false},"featured_media":18838,"template":"","meta":[],"product_cat":[176,348,169],"product_tag":[],"_links":{"self":[{"href":"https:\/\/www.xiaomistoreks.com\/en\/wp-json\/wp\/v2\/product\/18837"}],"collection":[{"href":"https:\/\/www.xiaomistoreks.com\/en\/wp-json\/wp\/v2\/product"}],"about":[{"href":"https:\/\/www.xiaomistoreks.com\/en\/wp-json\/wp\/v2\/types\/product"}],"version-history":[{"count":1,"href":"https:\/\/www.xiaomistoreks.com\/en\/wp-json\/wp\/v2\/product\/18837\/revisions"}],"predecessor-version":[{"id":18851,"href":"https:\/\/www.xiaomistoreks.com\/en\/wp-json\/wp\/v2\/product\/18837\/revisions\/18851"}],"wp:featuredmedia":[{"embeddable":true,"href":"https:\/\/www.xiaomistoreks.com\/en\/wp-json\/wp\/v2\/media\/18838"}],"wp:attachment":[{"href":"https:\/\/www.xiaomistoreks.com\/en\/wp-json\/wp\/v2\/media?parent=18837"}],"wp:term":[{"taxonomy":"product_cat","embeddable":true,"href":"https:\/\/www.xiaomistoreks.com\/en\/wp-json\/wp\/v2\/product_cat?post=18837"},{"taxonomy":"product_tag","embeddable":true,"href":"https:\/\/www.xiaomistoreks.com\/en\/wp-json\/wp\/v2\/product_tag?post=18837"}],"curies":[{"name":"wp","href":"https:\/\/api.w.org\/{rel}","templated":true}]}}