{"id":18726,"date":"2025-04-23T18:55:39","date_gmt":"2025-04-23T18:55:39","guid":{"rendered":"https:\/\/www.xiaomistoreks.com\/?post_type=product&#038;p=18726"},"modified":"2026-04-09T00:04:30","modified_gmt":"2026-04-09T00:04:30","slug":"xiaomi-15-5g","status":"publish","type":"product","link":"https:\/\/www.xiaomistoreks.com\/en\/product\/xiaomi-15-5g\/","title":{"rendered":"Xiaomi 15 5G"},"content":{"rendered":"<p><a href=\"https:\/\/www.xiaomistoreks.com\/wp-content\/uploads\/2025\/04\/screencapture-mi-global-product-xiaomi-15-2025-04-23-20_26_26_01.png\"><img fetchpriority=\"high\" decoding=\"async\" class=\"alignnone size-full wp-image-18733\" src=\"https:\/\/www.xiaomistoreks.com\/wp-content\/uploads\/2025\/04\/screencapture-mi-global-product-xiaomi-15-2025-04-23-20_26_26_01.png\" alt=\"\" width=\"1230\" height=\"599\" \/><\/a> <a href=\"https:\/\/www.xiaomistoreks.com\/wp-content\/uploads\/2025\/04\/screencapture-mi-global-product-xiaomi-15-2025-04-23-20_26_26_02.png\"><img decoding=\"async\" class=\"alignnone size-full wp-image-18734\" src=\"https:\/\/www.xiaomistoreks.com\/wp-content\/uploads\/2025\/04\/screencapture-mi-global-product-xiaomi-15-2025-04-23-20_26_26_02.png\" alt=\"\" width=\"1230\" height=\"1126\" \/><\/a> <a href=\"https:\/\/www.xiaomistoreks.com\/wp-content\/uploads\/2025\/04\/screencapture-mi-global-product-xiaomi-15-2025-04-23-20_26_26_03.png\"><img decoding=\"async\" class=\"alignnone size-full wp-image-18735\" src=\"https:\/\/www.xiaomistoreks.com\/wp-content\/uploads\/2025\/04\/screencapture-mi-global-product-xiaomi-15-2025-04-23-20_26_26_03.png\" alt=\"\" width=\"1230\" height=\"1322\" \/><\/a> <a href=\"https:\/\/www.xiaomistoreks.com\/wp-content\/uploads\/2025\/04\/screencapture-mi-global-product-xiaomi-15-2025-04-23-20_26_26_04.png\"><img loading=\"lazy\" decoding=\"async\" class=\"alignnone size-full wp-image-18736\" src=\"https:\/\/www.xiaomistoreks.com\/wp-content\/uploads\/2025\/04\/screencapture-mi-global-product-xiaomi-15-2025-04-23-20_26_26_04.png\" alt=\"\" width=\"1230\" height=\"1333\" \/><\/a> <a href=\"https:\/\/www.xiaomistoreks.com\/wp-content\/uploads\/2025\/04\/screencapture-mi-global-product-xiaomi-15-2025-04-23-20_26_26_05.png\"><img loading=\"lazy\" decoding=\"async\" class=\"alignnone size-full wp-image-18737\" src=\"https:\/\/www.xiaomistoreks.com\/wp-content\/uploads\/2025\/04\/screencapture-mi-global-product-xiaomi-15-2025-04-23-20_26_26_05.png\" alt=\"\" width=\"1230\" height=\"1726\" \/><\/a> <a href=\"https:\/\/www.xiaomistoreks.com\/wp-content\/uploads\/2025\/04\/screencapture-mi-global-product-xiaomi-15-2025-04-23-20_26_26_06.png\"><img loading=\"lazy\" decoding=\"async\" class=\"alignnone size-full wp-image-18738\" src=\"https:\/\/www.xiaomistoreks.com\/wp-content\/uploads\/2025\/04\/screencapture-mi-global-product-xiaomi-15-2025-04-23-20_26_26_06.png\" alt=\"\" width=\"1230\" height=\"1283\" \/><\/a> <a href=\"https:\/\/www.xiaomistoreks.com\/wp-content\/uploads\/2025\/04\/screencapture-mi-global-product-xiaomi-15-2025-04-23-20_26_26-2_01.png\"><img loading=\"lazy\" decoding=\"async\" class=\"alignnone size-full wp-image-18740\" src=\"https:\/\/www.xiaomistoreks.com\/wp-content\/uploads\/2025\/04\/screencapture-mi-global-product-xiaomi-15-2025-04-23-20_26_26-2_01.png\" alt=\"\" width=\"1230\" height=\"1740\" \/><\/a> <a href=\"https:\/\/www.xiaomistoreks.com\/wp-content\/uploads\/2025\/04\/screencapture-mi-global-product-xiaomi-15-2025-04-23-20_26_26-2_02.png\"><img loading=\"lazy\" decoding=\"async\" class=\"alignnone size-full wp-image-18741\" src=\"https:\/\/www.xiaomistoreks.com\/wp-content\/uploads\/2025\/04\/screencapture-mi-global-product-xiaomi-15-2025-04-23-20_26_26-2_02.png\" alt=\"\" width=\"1230\" height=\"917\" \/><\/a> <a href=\"https:\/\/www.xiaomistoreks.com\/wp-content\/uploads\/2025\/04\/screencapture-mi-global-product-xiaomi-15-2025-04-23-20_26_26-2_03.png\"><img loading=\"lazy\" decoding=\"async\" class=\"alignnone size-full wp-image-18742\" src=\"https:\/\/www.xiaomistoreks.com\/wp-content\/uploads\/2025\/04\/screencapture-mi-global-product-xiaomi-15-2025-04-23-20_26_26-2_03.png\" alt=\"\" width=\"1230\" height=\"1657\" \/><\/a> <a href=\"https:\/\/www.xiaomistoreks.com\/wp-content\/uploads\/2025\/04\/screencapture-mi-global-product-xiaomi-15-2025-04-23-20_26_26-2_04.png\"><img loading=\"lazy\" decoding=\"async\" class=\"alignnone size-full wp-image-18743\" src=\"https:\/\/www.xiaomistoreks.com\/wp-content\/uploads\/2025\/04\/screencapture-mi-global-product-xiaomi-15-2025-04-23-20_26_26-2_04.png\" alt=\"\" width=\"1230\" height=\"1901\" \/><\/a> <a href=\"https:\/\/www.xiaomistoreks.com\/wp-content\/uploads\/2025\/04\/screencapture-mi-global-product-xiaomi-15-2025-04-23-20_26_26-2_05.png\"><img loading=\"lazy\" decoding=\"async\" class=\"alignnone size-full wp-image-18744\" src=\"https:\/\/www.xiaomistoreks.com\/wp-content\/uploads\/2025\/04\/screencapture-mi-global-product-xiaomi-15-2025-04-23-20_26_26-2_05.png\" alt=\"\" width=\"1230\" height=\"1304\" \/><\/a><a href=\"https:\/\/www.xiaomistoreks.com\/wp-content\/uploads\/2025\/04\/screencapture-mi-global-product-xiaomi-15-2025-04-23-20_26_26-3_01.png\"><img loading=\"lazy\" decoding=\"async\" class=\"size-full wp-image-18745 aligncenter\" src=\"https:\/\/www.xiaomistoreks.com\/wp-content\/uploads\/2025\/04\/screencapture-mi-global-product-xiaomi-15-2025-04-23-20_26_26-3_01.png\" alt=\"\" width=\"956\" height=\"1198\" \/><\/a> <a href=\"https:\/\/www.xiaomistoreks.com\/wp-content\/uploads\/2025\/04\/screencapture-mi-global-product-xiaomi-15-2025-04-23-20_26_26-3_02.png\"><img loading=\"lazy\" decoding=\"async\" class=\"size-full wp-image-18746 aligncenter\" src=\"https:\/\/www.xiaomistoreks.com\/wp-content\/uploads\/2025\/04\/screencapture-mi-global-product-xiaomi-15-2025-04-23-20_26_26-3_02.png\" alt=\"\" width=\"956\" height=\"1009\" \/><\/a> <a href=\"https:\/\/www.xiaomistoreks.com\/wp-content\/uploads\/2025\/04\/screencapture-mi-global-product-xiaomi-15-2025-04-23-20_26_26-3_03.png\"><img loading=\"lazy\" decoding=\"async\" class=\"size-full wp-image-18747 aligncenter\" src=\"https:\/\/www.xiaomistoreks.com\/wp-content\/uploads\/2025\/04\/screencapture-mi-global-product-xiaomi-15-2025-04-23-20_26_26-3_03.png\" alt=\"\" width=\"956\" height=\"1410\" \/><\/a> <a href=\"https:\/\/www.xiaomistoreks.com\/wp-content\/uploads\/2025\/04\/screencapture-mi-global-product-xiaomi-15-2025-04-23-20_26_26-3_04.png\"><img loading=\"lazy\" decoding=\"async\" class=\"size-full wp-image-18748 aligncenter\" src=\"https:\/\/www.xiaomistoreks.com\/wp-content\/uploads\/2025\/04\/screencapture-mi-global-product-xiaomi-15-2025-04-23-20_26_26-3_04.png\" alt=\"\" width=\"956\" height=\"1334\" \/><\/a> <a href=\"https:\/\/www.xiaomistoreks.com\/wp-content\/uploads\/2025\/04\/screencapture-mi-global-product-xiaomi-15-2025-04-23-20_26_26-3_05.png\"><img loading=\"lazy\" decoding=\"async\" class=\"size-full wp-image-18749 aligncenter\" src=\"https:\/\/www.xiaomistoreks.com\/wp-content\/uploads\/2025\/04\/screencapture-mi-global-product-xiaomi-15-2025-04-23-20_26_26-3_05.png\" alt=\"\" width=\"956\" height=\"1501\" \/><\/a> <a href=\"https:\/\/www.xiaomistoreks.com\/wp-content\/uploads\/2025\/04\/screencapture-mi-global-product-xiaomi-15-2025-04-23-20_26_26-3_06.png\"><img loading=\"lazy\" decoding=\"async\" class=\"size-full wp-image-18750 aligncenter\" src=\"https:\/\/www.xiaomistoreks.com\/wp-content\/uploads\/2025\/04\/screencapture-mi-global-product-xiaomi-15-2025-04-23-20_26_26-3_06.png\" alt=\"\" width=\"956\" height=\"927\" \/><\/a> <a href=\"https:\/\/www.xiaomistoreks.com\/wp-content\/uploads\/2025\/04\/screencapture-mi-global-product-xiaomi-15-2025-04-23-20_26_26-3_07.png\"><img loading=\"lazy\" decoding=\"async\" class=\"size-full wp-image-18751 aligncenter\" src=\"https:\/\/www.xiaomistoreks.com\/wp-content\/uploads\/2025\/04\/screencapture-mi-global-product-xiaomi-15-2025-04-23-20_26_26-3_07.png\" alt=\"\" width=\"956\" height=\"815\" \/><\/a><a href=\"https:\/\/www.xiaomistoreks.com\/wp-content\/uploads\/2025\/04\/screencapture-mi-global-product-xiaomi-15-2025-04-23-20_26_26_07.png\"><img loading=\"lazy\" decoding=\"async\" class=\"size-full wp-image-18739 aligncenter\" src=\"https:\/\/www.xiaomistoreks.com\/wp-content\/uploads\/2025\/04\/screencapture-mi-global-product-xiaomi-15-2025-04-23-20_26_26_07.png\" alt=\"\" width=\"1230\" height=\"806\" \/><\/a><a href=\"https:\/\/www.xiaomistoreks.com\/wp-content\/uploads\/2025\/04\/screencapture-mi-global-product-xiaomi-15-2025-04-23-20_26_26-4_01.png\"><img loading=\"lazy\" decoding=\"async\" class=\"alignnone size-full wp-image-18752\" src=\"https:\/\/www.xiaomistoreks.com\/wp-content\/uploads\/2025\/04\/screencapture-mi-global-product-xiaomi-15-2025-04-23-20_26_26-4_01.png\" alt=\"\" width=\"1665\" height=\"1682\" \/><\/a><a href=\"https:\/\/www.xiaomistoreks.com\/wp-content\/uploads\/2025\/04\/screencapture-mi-global-product-xiaomi-15-2025-04-23-20_26_26-4_02.png\"><img loading=\"lazy\" decoding=\"async\" class=\"alignnone size-full wp-image-18753\" src=\"https:\/\/www.xiaomistoreks.com\/wp-content\/uploads\/2025\/04\/screencapture-mi-global-product-xiaomi-15-2025-04-23-20_26_26-4_02.png\" alt=\"\" width=\"1665\" height=\"1598\" \/><\/a><a href=\"https:\/\/www.xiaomistoreks.com\/wp-content\/uploads\/2025\/04\/screencapture-mi-global-product-xiaomi-15-2025-04-23-20_26_26-4_03.png\"><img loading=\"lazy\" decoding=\"async\" class=\"alignnone size-full wp-image-18754\" src=\"https:\/\/www.xiaomistoreks.com\/wp-content\/uploads\/2025\/04\/screencapture-mi-global-product-xiaomi-15-2025-04-23-20_26_26-4_03.png\" alt=\"\" width=\"1665\" height=\"1569\" \/><\/a><a href=\"https:\/\/www.xiaomistoreks.com\/wp-content\/uploads\/2025\/04\/screencapture-mi-global-product-xiaomi-15-2025-04-23-20_26_26-4_04.png\"><img loading=\"lazy\" decoding=\"async\" class=\"alignnone size-full wp-image-18755\" src=\"https:\/\/www.xiaomistoreks.com\/wp-content\/uploads\/2025\/04\/screencapture-mi-global-product-xiaomi-15-2025-04-23-20_26_26-4_04.png\" alt=\"\" width=\"1665\" height=\"1670\" \/><\/a><a href=\"https:\/\/www.xiaomistoreks.com\/wp-content\/uploads\/2025\/04\/screencapture-mi-global-product-xiaomi-15-2025-04-23-20_26_26-4_05.png\"><img loading=\"lazy\" decoding=\"async\" class=\"alignnone size-full wp-image-18756\" src=\"https:\/\/www.xiaomistoreks.com\/wp-content\/uploads\/2025\/04\/screencapture-mi-global-product-xiaomi-15-2025-04-23-20_26_26-4_05.png\" alt=\"\" width=\"1665\" height=\"1673\" \/><\/a><\/p>\n","protected":false},"excerpt":{"rendered":"<p>Xiaomi 15 \u2013 <span class=\"relative -mx-px my-[-0.2rem] rounded px-px py-[0.2rem] transition-colors duration-100 ease-in-out\">Smartphone i avancuar me ekran 6.36&#8243; OLED, rezolucion 1.5K dhe rifreskim 120Hz p\u00ebr p\u00ebrvoj\u00eb vizuale t\u00eb l\u00ebngshme.<\/span> <span class=\"relative -mx-px my-[-0.2rem] rounded px-px py-[0.2rem] transition-colors duration-100 ease-in-out\">Pajisur me procesor Snapdragon 8 Elite dhe 12\/16 GB RAM LPDDR5X p\u00ebr performanc\u00eb t\u00eb lart\u00eb.<\/span> <span class=\"relative -mx-px my-[-0.2rem] rounded px-px py-[0.2rem] transition-colors duration-100 ease-in-out\">Kamera e trefisht\u00eb Leica 50 MP ofron cil\u00ebsi t\u00eb shk\u00eblqyer fotografike, nd\u00ebrsa kamera e p\u00ebrparme 32 MP siguron selfie t\u00eb qarta.<\/span> <span class=\"relative -mx-px my-[-0.2rem] rounded px-px py-[0.2rem] transition-colors duration-100 ease-in-out\">Bateria 5240 mAh mb\u00ebshtet karikim t\u00eb shpejt\u00eb 90W dhe karikim pa tela 50W.<\/span> <span class=\"relative -mx-px my-[-0.2rem] rounded px-px py-[0.2rem] transition-colors duration-100 ease-in-out\">Dizajni elegant me korniz\u00eb alumini dhe mbrojtje IP68 e b\u00ebn t\u00eb q\u00ebndruesh\u00ebm dhe estetik.<\/span> <span class=\"relative -mx-px my-[-0.2rem] rounded px-px py-[0.2rem] transition-colors duration-100 ease-in-out\">Sistemi operativ HyperOS 2, bazuar n\u00eb Android 15, ofron p\u00ebrvoj\u00eb t\u00eb qet\u00eb dhe t\u00eb personalizuar.<\/span><\/p>\n","protected":false},"featured_media":18727,"template":"","meta":[],"product_cat":[150,176,153,275],"product_tag":[],"_links":{"self":[{"href":"https:\/\/www.xiaomistoreks.com\/en\/wp-json\/wp\/v2\/product\/18726"}],"collection":[{"href":"https:\/\/www.xiaomistoreks.com\/en\/wp-json\/wp\/v2\/product"}],"about":[{"href":"https:\/\/www.xiaomistoreks.com\/en\/wp-json\/wp\/v2\/types\/product"}],"version-history":[{"count":3,"href":"https:\/\/www.xiaomistoreks.com\/en\/wp-json\/wp\/v2\/product\/18726\/revisions"}],"predecessor-version":[{"id":21844,"href":"https:\/\/www.xiaomistoreks.com\/en\/wp-json\/wp\/v2\/product\/18726\/revisions\/21844"}],"wp:featuredmedia":[{"embeddable":true,"href":"https:\/\/www.xiaomistoreks.com\/en\/wp-json\/wp\/v2\/media\/18727"}],"wp:attachment":[{"href":"https:\/\/www.xiaomistoreks.com\/en\/wp-json\/wp\/v2\/media?parent=18726"}],"wp:term":[{"taxonomy":"product_cat","embeddable":true,"href":"https:\/\/www.xiaomistoreks.com\/en\/wp-json\/wp\/v2\/product_cat?post=18726"},{"taxonomy":"product_tag","embeddable":true,"href":"https:\/\/www.xiaomistoreks.com\/en\/wp-json\/wp\/v2\/product_tag?post=18726"}],"curies":[{"name":"wp","href":"https:\/\/api.w.org\/{rel}","templated":true}]}}