{"id":18710,"date":"2025-04-23T18:22:46","date_gmt":"2025-04-23T18:22:46","guid":{"rendered":"https:\/\/www.xiaomistoreks.com\/?post_type=product&#038;p=18710"},"modified":"2026-04-01T07:28:00","modified_gmt":"2026-04-01T07:28:00","slug":"xiaomi-165w-power-bank-10000-integrated-cable","status":"publish","type":"product","link":"https:\/\/www.xiaomistoreks.com\/en\/product\/xiaomi-165w-power-bank-10000-integrated-cable\/","title":{"rendered":"Xiaomi 165W Power Bank 10000 (Integrated Cable)"},"content":{"rendered":"<p><a href=\"https:\/\/www.xiaomistoreks.com\/wp-content\/uploads\/2025\/04\/screencapture-mi-global-product-xiaomi-165w-power-bank-10000-integrated-cable-2025-04-23-20_10_29_01.png\"><img fetchpriority=\"high\" decoding=\"async\" class=\"size-full wp-image-18711 aligncenter\" src=\"https:\/\/www.xiaomistoreks.com\/wp-content\/uploads\/2025\/04\/screencapture-mi-global-product-xiaomi-165w-power-bank-10000-integrated-cable-2025-04-23-20_10_29_01.png\" alt=\"\" width=\"969\" height=\"447\" \/><\/a> <a href=\"https:\/\/www.xiaomistoreks.com\/wp-content\/uploads\/2025\/04\/screencapture-mi-global-product-xiaomi-165w-power-bank-10000-integrated-cable-2025-04-23-20_10_29_02.png\"><img decoding=\"async\" class=\"size-full wp-image-18712 aligncenter\" src=\"https:\/\/www.xiaomistoreks.com\/wp-content\/uploads\/2025\/04\/screencapture-mi-global-product-xiaomi-165w-power-bank-10000-integrated-cable-2025-04-23-20_10_29_02.png\" alt=\"\" width=\"969\" height=\"613\" \/><\/a> <a href=\"https:\/\/www.xiaomistoreks.com\/wp-content\/uploads\/2025\/04\/screencapture-mi-global-product-xiaomi-165w-power-bank-10000-integrated-cable-2025-04-23-20_10_29_03.png\"><img decoding=\"async\" class=\"size-full wp-image-18713 aligncenter\" src=\"https:\/\/www.xiaomistoreks.com\/wp-content\/uploads\/2025\/04\/screencapture-mi-global-product-xiaomi-165w-power-bank-10000-integrated-cable-2025-04-23-20_10_29_03.png\" alt=\"\" width=\"969\" height=\"975\" \/><\/a> <a href=\"https:\/\/www.xiaomistoreks.com\/wp-content\/uploads\/2025\/04\/screencapture-mi-global-product-xiaomi-165w-power-bank-10000-integrated-cable-2025-04-23-20_10_29_04.png\"><img loading=\"lazy\" decoding=\"async\" class=\"size-full wp-image-18714 aligncenter\" src=\"https:\/\/www.xiaomistoreks.com\/wp-content\/uploads\/2025\/04\/screencapture-mi-global-product-xiaomi-165w-power-bank-10000-integrated-cable-2025-04-23-20_10_29_04.png\" alt=\"\" width=\"969\" height=\"1176\" \/><\/a> <a href=\"https:\/\/www.xiaomistoreks.com\/wp-content\/uploads\/2025\/04\/screencapture-mi-global-product-xiaomi-165w-power-bank-10000-integrated-cable-2025-04-23-20_10_29_05.png\"><img loading=\"lazy\" decoding=\"async\" class=\"size-full wp-image-18715 aligncenter\" src=\"https:\/\/www.xiaomistoreks.com\/wp-content\/uploads\/2025\/04\/screencapture-mi-global-product-xiaomi-165w-power-bank-10000-integrated-cable-2025-04-23-20_10_29_05.png\" alt=\"\" width=\"969\" height=\"506\" \/><\/a> <a href=\"https:\/\/www.xiaomistoreks.com\/wp-content\/uploads\/2025\/04\/screencapture-mi-global-product-xiaomi-165w-power-bank-10000-integrated-cable-2025-04-23-20_10_29_06.png\"><img loading=\"lazy\" decoding=\"async\" class=\"size-full wp-image-18716 aligncenter\" src=\"https:\/\/www.xiaomistoreks.com\/wp-content\/uploads\/2025\/04\/screencapture-mi-global-product-xiaomi-165w-power-bank-10000-integrated-cable-2025-04-23-20_10_29_06.png\" alt=\"\" width=\"969\" height=\"1228\" \/><\/a> <a href=\"https:\/\/www.xiaomistoreks.com\/wp-content\/uploads\/2025\/04\/screencapture-mi-global-product-xiaomi-165w-power-bank-10000-integrated-cable-2025-04-23-20_10_29_07.png\"><img loading=\"lazy\" decoding=\"async\" class=\"size-full wp-image-18717 aligncenter\" src=\"https:\/\/www.xiaomistoreks.com\/wp-content\/uploads\/2025\/04\/screencapture-mi-global-product-xiaomi-165w-power-bank-10000-integrated-cable-2025-04-23-20_10_29_07.png\" alt=\"\" width=\"969\" height=\"712\" \/><\/a> <a href=\"https:\/\/www.xiaomistoreks.com\/wp-content\/uploads\/2025\/04\/screencapture-mi-global-product-xiaomi-165w-power-bank-10000-integrated-cable-2025-04-23-20_10_29_08.png\"><img loading=\"lazy\" decoding=\"async\" class=\"size-full wp-image-18718 aligncenter\" src=\"https:\/\/www.xiaomistoreks.com\/wp-content\/uploads\/2025\/04\/screencapture-mi-global-product-xiaomi-165w-power-bank-10000-integrated-cable-2025-04-23-20_10_29_08.png\" alt=\"\" width=\"969\" height=\"861\" \/><\/a> <a href=\"https:\/\/www.xiaomistoreks.com\/wp-content\/uploads\/2025\/04\/screencapture-mi-global-product-xiaomi-165w-power-bank-10000-integrated-cable-2025-04-23-20_10_29_09.png\"><img loading=\"lazy\" decoding=\"async\" class=\"size-full wp-image-18719 aligncenter\" src=\"https:\/\/www.xiaomistoreks.com\/wp-content\/uploads\/2025\/04\/screencapture-mi-global-product-xiaomi-165w-power-bank-10000-integrated-cable-2025-04-23-20_10_29_09.png\" alt=\"\" width=\"969\" height=\"1003\" \/><\/a> <a href=\"https:\/\/www.xiaomistoreks.com\/wp-content\/uploads\/2025\/04\/screencapture-mi-global-product-xiaomi-165w-power-bank-10000-integrated-cable-2025-04-23-20_10_29_10.png\"><img loading=\"lazy\" decoding=\"async\" class=\"size-full wp-image-18720 aligncenter\" src=\"https:\/\/www.xiaomistoreks.com\/wp-content\/uploads\/2025\/04\/screencapture-mi-global-product-xiaomi-165w-power-bank-10000-integrated-cable-2025-04-23-20_10_29_10.png\" alt=\"\" width=\"969\" height=\"669\" \/><\/a><\/p>\n","protected":false},"excerpt":{"rendered":"<p>Xiaomi 165W Power Bank 10000 (Integrated Cable) \u2013 Nj\u00eb power bank kompakt me kapacitet 10000mAh dhe fuqi t\u00eb lart\u00eb deri n\u00eb 165W. Pajisur me kabllo USB-C t\u00eb integruar q\u00eb ofron deri n\u00eb 120W p\u00ebr karikim t\u00eb shpejt\u00eb, si dhe port USB-C shtes\u00eb me dalje 45W. Mb\u00ebshtet karikim t\u00eb dyfisht\u00eb t\u00eb pajisjeve dhe karikim t\u00eb vetes me fuqi deri n\u00eb 90W, duke arritur 75% t\u00eb kapacitetit n\u00eb vet\u00ebm 15 minuta. I p\u00ebrshtatsh\u00ebm p\u00ebr karikimin e telefonave, tablet\u00ebve dhe laptop\u00ebve, p\u00ebrfshir\u00eb Xiaomi 14 Pro dhe MacBook Pro 14&#8243;. Ekrani me ngjyra tregon nivelin e bateris\u00eb dhe statusin e karikimit. Dizajni i tij p\u00ebrfshin mbrojtje t\u00eb shumta p\u00ebr siguri maksimale dhe \u00ebsht\u00eb i lejuar p\u00ebr udh\u00ebtime ajrore.<\/p>\n","protected":false},"featured_media":18721,"template":"","meta":[],"product_cat":[176,218],"product_tag":[],"_links":{"self":[{"href":"https:\/\/www.xiaomistoreks.com\/en\/wp-json\/wp\/v2\/product\/18710"}],"collection":[{"href":"https:\/\/www.xiaomistoreks.com\/en\/wp-json\/wp\/v2\/product"}],"about":[{"href":"https:\/\/www.xiaomistoreks.com\/en\/wp-json\/wp\/v2\/types\/product"}],"version-history":[{"count":1,"href":"https:\/\/www.xiaomistoreks.com\/en\/wp-json\/wp\/v2\/product\/18710\/revisions"}],"predecessor-version":[{"id":18725,"href":"https:\/\/www.xiaomistoreks.com\/en\/wp-json\/wp\/v2\/product\/18710\/revisions\/18725"}],"wp:featuredmedia":[{"embeddable":true,"href":"https:\/\/www.xiaomistoreks.com\/en\/wp-json\/wp\/v2\/media\/18721"}],"wp:attachment":[{"href":"https:\/\/www.xiaomistoreks.com\/en\/wp-json\/wp\/v2\/media?parent=18710"}],"wp:term":[{"taxonomy":"product_cat","embeddable":true,"href":"https:\/\/www.xiaomistoreks.com\/en\/wp-json\/wp\/v2\/product_cat?post=18710"},{"taxonomy":"product_tag","embeddable":true,"href":"https:\/\/www.xiaomistoreks.com\/en\/wp-json\/wp\/v2\/product_tag?post=18710"}],"curies":[{"name":"wp","href":"https:\/\/api.w.org\/{rel}","templated":true}]}}