{"id":18668,"date":"2025-04-18T20:15:42","date_gmt":"2025-04-18T20:15:42","guid":{"rendered":"https:\/\/www.xiaomistoreks.com\/?post_type=product&#038;p=18668"},"modified":"2026-04-19T07:27:52","modified_gmt":"2026-04-19T07:27:52","slug":"xiaomi-smart-camera-c300-dual","status":"publish","type":"product","link":"https:\/\/www.xiaomistoreks.com\/en\/product\/xiaomi-smart-camera-c300-dual\/","title":{"rendered":"Xiaomi Smart Camera C300 Dual"},"content":{"rendered":"<p><a href=\"https:\/\/www.xiaomistoreks.com\/wp-content\/uploads\/2025\/04\/screencapture-mi-global-product-xiaomi-smart-camera-c300-dual-2025-04-18-22_02_57_01.png\"><img fetchpriority=\"high\" decoding=\"async\" class=\"size-full wp-image-18672 aligncenter\" src=\"https:\/\/www.xiaomistoreks.com\/wp-content\/uploads\/2025\/04\/screencapture-mi-global-product-xiaomi-smart-camera-c300-dual-2025-04-18-22_02_57_01.png\" alt=\"\" width=\"1091\" height=\"517\" \/><\/a> <a href=\"https:\/\/www.xiaomistoreks.com\/wp-content\/uploads\/2025\/04\/screencapture-mi-global-product-xiaomi-smart-camera-c300-dual-2025-04-18-22_02_57_02.png\"><img decoding=\"async\" class=\"size-full wp-image-18673 aligncenter\" src=\"https:\/\/www.xiaomistoreks.com\/wp-content\/uploads\/2025\/04\/screencapture-mi-global-product-xiaomi-smart-camera-c300-dual-2025-04-18-22_02_57_02.png\" alt=\"\" width=\"1091\" height=\"783\" \/><\/a> <a href=\"https:\/\/www.xiaomistoreks.com\/wp-content\/uploads\/2025\/04\/screencapture-mi-global-product-xiaomi-smart-camera-c300-dual-2025-04-18-22_02_57_03.png\"><img decoding=\"async\" class=\"size-full wp-image-18674 aligncenter\" src=\"https:\/\/www.xiaomistoreks.com\/wp-content\/uploads\/2025\/04\/screencapture-mi-global-product-xiaomi-smart-camera-c300-dual-2025-04-18-22_02_57_03.png\" alt=\"\" width=\"1091\" height=\"1107\" \/><\/a> <a href=\"https:\/\/www.xiaomistoreks.com\/wp-content\/uploads\/2025\/04\/screencapture-mi-global-product-xiaomi-smart-camera-c300-dual-2025-04-18-22_02_57_04.png\"><img loading=\"lazy\" decoding=\"async\" class=\"size-full wp-image-18675 aligncenter\" src=\"https:\/\/www.xiaomistoreks.com\/wp-content\/uploads\/2025\/04\/screencapture-mi-global-product-xiaomi-smart-camera-c300-dual-2025-04-18-22_02_57_04.png\" alt=\"\" width=\"1091\" height=\"971\" \/><\/a> <a href=\"https:\/\/www.xiaomistoreks.com\/wp-content\/uploads\/2025\/04\/screencapture-mi-global-product-xiaomi-smart-camera-c300-dual-2025-04-18-22_02_57_05.png\"><img loading=\"lazy\" decoding=\"async\" class=\"size-full wp-image-18676 aligncenter\" src=\"https:\/\/www.xiaomistoreks.com\/wp-content\/uploads\/2025\/04\/screencapture-mi-global-product-xiaomi-smart-camera-c300-dual-2025-04-18-22_02_57_05.png\" alt=\"\" width=\"1091\" height=\"813\" \/><\/a> <a href=\"https:\/\/www.xiaomistoreks.com\/wp-content\/uploads\/2025\/04\/screencapture-mi-global-product-xiaomi-smart-camera-c300-dual-2025-04-18-22_02_57_06.png\"><img loading=\"lazy\" decoding=\"async\" class=\"size-full wp-image-18677 aligncenter\" src=\"https:\/\/www.xiaomistoreks.com\/wp-content\/uploads\/2025\/04\/screencapture-mi-global-product-xiaomi-smart-camera-c300-dual-2025-04-18-22_02_57_06.png\" alt=\"\" width=\"1091\" height=\"1378\" \/><\/a> <a href=\"https:\/\/www.xiaomistoreks.com\/wp-content\/uploads\/2025\/04\/screencapture-mi-global-product-xiaomi-smart-camera-c300-dual-2025-04-18-22_02_57_07.png\"><img loading=\"lazy\" decoding=\"async\" class=\"size-full wp-image-18678 aligncenter\" src=\"https:\/\/www.xiaomistoreks.com\/wp-content\/uploads\/2025\/04\/screencapture-mi-global-product-xiaomi-smart-camera-c300-dual-2025-04-18-22_02_57_07.png\" alt=\"\" width=\"1091\" height=\"1191\" \/><\/a> <a href=\"https:\/\/www.xiaomistoreks.com\/wp-content\/uploads\/2025\/04\/screencapture-mi-global-product-xiaomi-smart-camera-c300-dual-2025-04-18-22_02_57_08.png\"><img loading=\"lazy\" decoding=\"async\" class=\"size-full wp-image-18679 aligncenter\" src=\"https:\/\/www.xiaomistoreks.com\/wp-content\/uploads\/2025\/04\/screencapture-mi-global-product-xiaomi-smart-camera-c300-dual-2025-04-18-22_02_57_08.png\" alt=\"\" width=\"1091\" height=\"1429\" \/><\/a><\/p>\n<p>&nbsp;<\/p>\n","protected":false},"excerpt":{"rendered":"<p>Xiaomi Smart Camera C300 Dual &#8211; Kamera inteligjente me dy lente 3MP q\u00eb ofron rezolucion 2304\u00d71296 p\u00ebr pamje t\u00eb qarta dhe t\u00eb detajuara. Lente telefoto 6 mm me rrotullim 360\u00b0 dhe anim 88\u00b0 p\u00ebr ndjekje t\u00eb l\u00ebvizjes, dhe lente fikse 2.8 mm p\u00ebr pamje t\u00eb gjer\u00eb. Ndri\u00e7im infra t\u00eb kuq 940nm p\u00ebr pamje t\u00eb qarta n\u00eb err\u00ebsir\u00eb. Teknologji AI p\u00ebr zbulim t\u00eb njeriut dhe z\u00ebrit, si dhe kufij virtual\u00eb p\u00ebr mbik\u00ebqyrje t\u00eb personalizuar. Lidhje Wi-Fi 6 me dy breza dhe Bluetooth 5.3 p\u00ebr transmetim t\u00eb q\u00ebndruesh\u00ebm. Mb\u00ebshtetje p\u00ebr karta microSD deri n\u00eb 256 GB dhe 128MB memorie t\u00eb brendshme. Kontroll i leht\u00eb p\u00ebrmes aplikacionit Xiaomi Home.<\/p>\n","protected":false},"featured_media":18669,"template":"","meta":[],"product_cat":[176,214],"product_tag":[],"_links":{"self":[{"href":"https:\/\/www.xiaomistoreks.com\/en\/wp-json\/wp\/v2\/product\/18668"}],"collection":[{"href":"https:\/\/www.xiaomistoreks.com\/en\/wp-json\/wp\/v2\/product"}],"about":[{"href":"https:\/\/www.xiaomistoreks.com\/en\/wp-json\/wp\/v2\/types\/product"}],"version-history":[{"count":4,"href":"https:\/\/www.xiaomistoreks.com\/en\/wp-json\/wp\/v2\/product\/18668\/revisions"}],"predecessor-version":[{"id":19335,"href":"https:\/\/www.xiaomistoreks.com\/en\/wp-json\/wp\/v2\/product\/18668\/revisions\/19335"}],"wp:featuredmedia":[{"embeddable":true,"href":"https:\/\/www.xiaomistoreks.com\/en\/wp-json\/wp\/v2\/media\/18669"}],"wp:attachment":[{"href":"https:\/\/www.xiaomistoreks.com\/en\/wp-json\/wp\/v2\/media?parent=18668"}],"wp:term":[{"taxonomy":"product_cat","embeddable":true,"href":"https:\/\/www.xiaomistoreks.com\/en\/wp-json\/wp\/v2\/product_cat?post=18668"},{"taxonomy":"product_tag","embeddable":true,"href":"https:\/\/www.xiaomistoreks.com\/en\/wp-json\/wp\/v2\/product_tag?post=18668"}],"curies":[{"name":"wp","href":"https:\/\/api.w.org\/{rel}","templated":true}]}}