{"id":18518,"date":"2025-03-18T13:37:58","date_gmt":"2025-03-18T13:37:58","guid":{"rendered":"https:\/\/www.xiaomistoreks.com\/?post_type=product&#038;p=18518"},"modified":"2026-03-18T00:06:10","modified_gmt":"2026-03-18T00:06:10","slug":"xiaomi-smart-kettle-2-pro","status":"publish","type":"product","link":"https:\/\/www.xiaomistoreks.com\/en\/product\/xiaomi-smart-kettle-2-pro\/","title":{"rendered":"Xiaomi Smart Kettle 2 Pro"},"content":{"rendered":"<p><a href=\"https:\/\/www.xiaomistoreks.com\/wp-content\/uploads\/2025\/03\/screencapture-mi-global-product-xiaomi-smart-kettle-2-pro-2025-03-18-14_03_32_01.png\"><img fetchpriority=\"high\" decoding=\"async\" class=\"alignnone size-full wp-image-18524\" src=\"https:\/\/www.xiaomistoreks.com\/wp-content\/uploads\/2025\/03\/screencapture-mi-global-product-xiaomi-smart-kettle-2-pro-2025-03-18-14_03_32_01.png\" alt=\"\" width=\"1519\" height=\"1308\" \/><\/a> <a href=\"https:\/\/www.xiaomistoreks.com\/wp-content\/uploads\/2025\/03\/screencapture-mi-global-product-xiaomi-smart-kettle-2-pro-2025-03-18-14_03_32_02.png\"><img decoding=\"async\" class=\"alignnone size-full wp-image-18525\" src=\"https:\/\/www.xiaomistoreks.com\/wp-content\/uploads\/2025\/03\/screencapture-mi-global-product-xiaomi-smart-kettle-2-pro-2025-03-18-14_03_32_02.png\" alt=\"\" width=\"1519\" height=\"965\" \/><\/a> <a href=\"https:\/\/www.xiaomistoreks.com\/wp-content\/uploads\/2025\/03\/screencapture-mi-global-product-xiaomi-smart-kettle-2-pro-2025-03-18-14_03_32_03.png\"><img decoding=\"async\" class=\"alignnone size-full wp-image-18526\" src=\"https:\/\/www.xiaomistoreks.com\/wp-content\/uploads\/2025\/03\/screencapture-mi-global-product-xiaomi-smart-kettle-2-pro-2025-03-18-14_03_32_03.png\" alt=\"\" width=\"1519\" height=\"937\" \/><\/a> <a href=\"https:\/\/www.xiaomistoreks.com\/wp-content\/uploads\/2025\/03\/screencapture-mi-global-product-xiaomi-smart-kettle-2-pro-2025-03-18-14_03_32_04.png\"><img loading=\"lazy\" decoding=\"async\" class=\"alignnone size-full wp-image-18527\" src=\"https:\/\/www.xiaomistoreks.com\/wp-content\/uploads\/2025\/03\/screencapture-mi-global-product-xiaomi-smart-kettle-2-pro-2025-03-18-14_03_32_04.png\" alt=\"\" width=\"1519\" height=\"1701\" \/><\/a> <a href=\"https:\/\/www.xiaomistoreks.com\/wp-content\/uploads\/2025\/03\/screencapture-mi-global-product-xiaomi-smart-kettle-2-pro-2025-03-18-14_03_32_05.png\"><img loading=\"lazy\" decoding=\"async\" class=\"alignnone size-full wp-image-18528\" src=\"https:\/\/www.xiaomistoreks.com\/wp-content\/uploads\/2025\/03\/screencapture-mi-global-product-xiaomi-smart-kettle-2-pro-2025-03-18-14_03_32_05.png\" alt=\"\" width=\"1519\" height=\"1623\" \/><\/a> <a href=\"https:\/\/www.xiaomistoreks.com\/wp-content\/uploads\/2025\/03\/screencapture-mi-global-product-xiaomi-smart-kettle-2-pro-2025-03-18-14_03_32_06.png\"><img loading=\"lazy\" decoding=\"async\" class=\"alignnone size-full wp-image-18529\" src=\"https:\/\/www.xiaomistoreks.com\/wp-content\/uploads\/2025\/03\/screencapture-mi-global-product-xiaomi-smart-kettle-2-pro-2025-03-18-14_03_32_06.png\" alt=\"\" width=\"1519\" height=\"1656\" \/><\/a><\/p>\n","protected":false},"excerpt":{"rendered":"<p>Xiaomi Smart Kettle 2 Pro &#8211; Kettle inteligjent me kapacitet 1.7L, q\u00eb siguron ngrohje t\u00eb shpejt\u00eb me 1800W dhe ruajtje t\u00eb temperatur\u00ebs deri n\u00eb 24 or\u00eb. Kontroll preciz i temperatur\u00ebs deri n\u00eb 1\u00b0C, mund t\u00eb personalizohet p\u00ebrmes aplikacionit Xiaomi Home. Me m\u00ebnyra t\u00eb ndryshme p\u00ebr zierjen e ujit, ky kettle ofron siguri t\u00eb shtuar me mbrojtje shum\u00ebfishe dhe nj\u00eb dizajn t\u00eb dyfisht\u00eb mbrojt\u00ebs p\u00ebr t\u00eb parandaluar djegiet. Kontroll inteligjent me ekran LED dhe sistem sp\u00ebrkat\u00ebs pa pik\u00eb<\/p>\n","protected":false},"featured_media":18523,"template":"","meta":[],"product_cat":[176,238],"product_tag":[],"_links":{"self":[{"href":"https:\/\/www.xiaomistoreks.com\/en\/wp-json\/wp\/v2\/product\/18518"}],"collection":[{"href":"https:\/\/www.xiaomistoreks.com\/en\/wp-json\/wp\/v2\/product"}],"about":[{"href":"https:\/\/www.xiaomistoreks.com\/en\/wp-json\/wp\/v2\/types\/product"}],"version-history":[{"count":2,"href":"https:\/\/www.xiaomistoreks.com\/en\/wp-json\/wp\/v2\/product\/18518\/revisions"}],"predecessor-version":[{"id":21475,"href":"https:\/\/www.xiaomistoreks.com\/en\/wp-json\/wp\/v2\/product\/18518\/revisions\/21475"}],"wp:featuredmedia":[{"embeddable":true,"href":"https:\/\/www.xiaomistoreks.com\/en\/wp-json\/wp\/v2\/media\/18523"}],"wp:attachment":[{"href":"https:\/\/www.xiaomistoreks.com\/en\/wp-json\/wp\/v2\/media?parent=18518"}],"wp:term":[{"taxonomy":"product_cat","embeddable":true,"href":"https:\/\/www.xiaomistoreks.com\/en\/wp-json\/wp\/v2\/product_cat?post=18518"},{"taxonomy":"product_tag","embeddable":true,"href":"https:\/\/www.xiaomistoreks.com\/en\/wp-json\/wp\/v2\/product_tag?post=18518"}],"curies":[{"name":"wp","href":"https:\/\/api.w.org\/{rel}","templated":true}]}}