{"id":18501,"date":"2025-03-18T13:02:12","date_gmt":"2025-03-18T13:02:12","guid":{"rendered":"https:\/\/www.xiaomistoreks.com\/?post_type=product&#038;p=18501"},"modified":"2026-03-06T00:35:40","modified_gmt":"2026-03-06T00:35:40","slug":"xiaomi-mini-led-gaming-monitor-g-pro-27i","status":"publish","type":"product","link":"https:\/\/www.xiaomistoreks.com\/en\/product\/xiaomi-mini-led-gaming-monitor-g-pro-27i\/","title":{"rendered":"Xiaomi Mini LED Gaming Monitor G Pro 27i"},"content":{"rendered":"<p><a href=\"https:\/\/www.xiaomistoreks.com\/wp-content\/uploads\/2025\/03\/Xiaomi-Mini-LED-Gaming-Monitor-G-Pro-27i-01_01.png\"><img fetchpriority=\"high\" decoding=\"async\" class=\"alignnone size-full wp-image-18504\" src=\"https:\/\/www.xiaomistoreks.com\/wp-content\/uploads\/2025\/03\/Xiaomi-Mini-LED-Gaming-Monitor-G-Pro-27i-01_01.png\" alt=\"\" width=\"1414\" height=\"672\" \/><\/a> <a href=\"https:\/\/www.xiaomistoreks.com\/wp-content\/uploads\/2025\/03\/Xiaomi-Mini-LED-Gaming-Monitor-G-Pro-27i-01_02.png\"><img decoding=\"async\" class=\"alignnone size-full wp-image-18505\" src=\"https:\/\/www.xiaomistoreks.com\/wp-content\/uploads\/2025\/03\/Xiaomi-Mini-LED-Gaming-Monitor-G-Pro-27i-01_02.png\" alt=\"\" width=\"1414\" height=\"1149\" \/><\/a> <a href=\"https:\/\/www.xiaomistoreks.com\/wp-content\/uploads\/2025\/03\/Xiaomi-Mini-LED-Gaming-Monitor-G-Pro-27i-01_03.png\"><img decoding=\"async\" class=\"alignnone size-full wp-image-18506\" src=\"https:\/\/www.xiaomistoreks.com\/wp-content\/uploads\/2025\/03\/Xiaomi-Mini-LED-Gaming-Monitor-G-Pro-27i-01_03.png\" alt=\"\" width=\"1414\" height=\"795\" \/><\/a> <a href=\"https:\/\/www.xiaomistoreks.com\/wp-content\/uploads\/2025\/03\/Xiaomi-Mini-LED-Gaming-Monitor-G-Pro-27i-01_04.png\"><img loading=\"lazy\" decoding=\"async\" class=\"alignnone size-full wp-image-18507\" src=\"https:\/\/www.xiaomistoreks.com\/wp-content\/uploads\/2025\/03\/Xiaomi-Mini-LED-Gaming-Monitor-G-Pro-27i-01_04.png\" alt=\"\" width=\"1414\" height=\"1173\" \/><\/a> <a href=\"https:\/\/www.xiaomistoreks.com\/wp-content\/uploads\/2025\/03\/Xiaomi-Mini-LED-Gaming-Monitor-G-Pro-27i-01_05.png\"><img loading=\"lazy\" decoding=\"async\" class=\"alignnone size-full wp-image-18508\" src=\"https:\/\/www.xiaomistoreks.com\/wp-content\/uploads\/2025\/03\/Xiaomi-Mini-LED-Gaming-Monitor-G-Pro-27i-01_05.png\" alt=\"\" width=\"1414\" height=\"678\" \/><\/a> <a href=\"https:\/\/www.xiaomistoreks.com\/wp-content\/uploads\/2025\/03\/Xiaomi-Mini-LED-Gaming-Monitor-G-Pro-27i-01_06.png\"><img loading=\"lazy\" decoding=\"async\" class=\"alignnone size-full wp-image-18509\" src=\"https:\/\/www.xiaomistoreks.com\/wp-content\/uploads\/2025\/03\/Xiaomi-Mini-LED-Gaming-Monitor-G-Pro-27i-01_06.png\" alt=\"\" width=\"1414\" height=\"1233\" \/><\/a> <a href=\"https:\/\/www.xiaomistoreks.com\/wp-content\/uploads\/2025\/03\/Xiaomi-Mini-LED-Gaming-Monitor-G-Pro-27i-01_07.png\"><img loading=\"lazy\" decoding=\"async\" class=\"alignnone size-full wp-image-18510\" src=\"https:\/\/www.xiaomistoreks.com\/wp-content\/uploads\/2025\/03\/Xiaomi-Mini-LED-Gaming-Monitor-G-Pro-27i-01_07.png\" alt=\"\" width=\"1414\" height=\"1482\" \/><\/a> <a href=\"https:\/\/www.xiaomistoreks.com\/wp-content\/uploads\/2025\/03\/Xiaomi-Mini-LED-Gaming-Monitor-G-Pro-27i-01_08.png\"><img loading=\"lazy\" decoding=\"async\" class=\"alignnone size-full wp-image-18511\" src=\"https:\/\/www.xiaomistoreks.com\/wp-content\/uploads\/2025\/03\/Xiaomi-Mini-LED-Gaming-Monitor-G-Pro-27i-01_08.png\" alt=\"\" width=\"1414\" height=\"1010\" \/><\/a> <a href=\"https:\/\/www.xiaomistoreks.com\/wp-content\/uploads\/2025\/03\/Xiaomi-Mini-LED-Gaming-Monitor-G-Pro-27i-02_01.png\"><img loading=\"lazy\" decoding=\"async\" class=\"alignnone size-full wp-image-18512\" src=\"https:\/\/www.xiaomistoreks.com\/wp-content\/uploads\/2025\/03\/Xiaomi-Mini-LED-Gaming-Monitor-G-Pro-27i-02_01.png\" alt=\"\" width=\"1330\" height=\"1538\" \/><\/a> <a href=\"https:\/\/www.xiaomistoreks.com\/wp-content\/uploads\/2025\/03\/Xiaomi-Mini-LED-Gaming-Monitor-G-Pro-27i-02_02.png\"><img loading=\"lazy\" decoding=\"async\" class=\"alignnone size-full wp-image-18513\" src=\"https:\/\/www.xiaomistoreks.com\/wp-content\/uploads\/2025\/03\/Xiaomi-Mini-LED-Gaming-Monitor-G-Pro-27i-02_02.png\" alt=\"\" width=\"1330\" height=\"1774\" \/><\/a> <a href=\"https:\/\/www.xiaomistoreks.com\/wp-content\/uploads\/2025\/03\/Xiaomi-Mini-LED-Gaming-Monitor-G-Pro-27i-02_03.png\"><img loading=\"lazy\" decoding=\"async\" class=\"alignnone size-full wp-image-18514\" src=\"https:\/\/www.xiaomistoreks.com\/wp-content\/uploads\/2025\/03\/Xiaomi-Mini-LED-Gaming-Monitor-G-Pro-27i-02_03.png\" alt=\"\" width=\"1330\" height=\"1399\" \/><\/a> <a href=\"https:\/\/www.xiaomistoreks.com\/wp-content\/uploads\/2025\/03\/Xiaomi-Mini-LED-Gaming-Monitor-G-Pro-27i-02_04.png\"><img loading=\"lazy\" decoding=\"async\" class=\"alignnone size-full wp-image-18515\" src=\"https:\/\/www.xiaomistoreks.com\/wp-content\/uploads\/2025\/03\/Xiaomi-Mini-LED-Gaming-Monitor-G-Pro-27i-02_04.png\" alt=\"\" width=\"1330\" height=\"2261\" \/><\/a> <a href=\"https:\/\/www.xiaomistoreks.com\/wp-content\/uploads\/2025\/03\/Xiaomi-Mini-LED-Gaming-Monitor-G-Pro-27i-02_05.png\"><img loading=\"lazy\" decoding=\"async\" class=\"alignnone size-full wp-image-18516\" src=\"https:\/\/www.xiaomistoreks.com\/wp-content\/uploads\/2025\/03\/Xiaomi-Mini-LED-Gaming-Monitor-G-Pro-27i-02_05.png\" alt=\"\" width=\"1330\" height=\"1217\" \/><\/a><\/p>\n","protected":false},"excerpt":{"rendered":"<div class=\"flex max-w-full flex-col flex-grow\">\n<div class=\"min-h-8 text-message relative flex w-full flex-col items-end gap-2 whitespace-normal break-words text-start [.text-message+&amp;]:mt-5\" dir=\"auto\" data-message-author-role=\"assistant\" data-message-id=\"35c53180-8290-48ea-99ec-8625d650be52\" data-message-model-slug=\"gpt-4o\">\n<div class=\"flex w-full flex-col gap-1 empty:hidden first:pt-[3px]\">\n<div class=\"markdown prose w-full break-words dark:prose-invert light\">\n<p data-start=\"0\" data-end=\"367\" data-is-last-node=\"\" data-is-only-node=\"\">Xiaomi Mini LED Gaming Monitor G Pro 27i &#8211; Ekran Mini LED me 1152 zona ndri\u00e7imi dhe 4608 dioda p\u00ebr kontrast t\u00eb lart\u00eb. Rezolucion 2K, rifreskim 180Hz dhe p\u00ebrgjigje 1ms p\u00ebr loj\u00ebra t\u00eb l\u00ebngshme. Teknologjia FreeSync eliminon nd\u00ebrprerjet, nd\u00ebrsa HDR1000 dhe 99% DCI-P3 ofrojn\u00eb ngjyra t\u00eb pasura. Dizajn elegant me ndri\u00e7im RGB dhe baz\u00eb t\u00eb rregullueshme p\u00ebr rehati maksimale<\/p>\n<\/div>\n<\/div>\n<\/div>\n<\/div>\n","protected":false},"featured_media":18503,"template":"","meta":[],"product_cat":[176,235],"product_tag":[],"_links":{"self":[{"href":"https:\/\/www.xiaomistoreks.com\/en\/wp-json\/wp\/v2\/product\/18501"}],"collection":[{"href":"https:\/\/www.xiaomistoreks.com\/en\/wp-json\/wp\/v2\/product"}],"about":[{"href":"https:\/\/www.xiaomistoreks.com\/en\/wp-json\/wp\/v2\/types\/product"}],"version-history":[{"count":2,"href":"https:\/\/www.xiaomistoreks.com\/en\/wp-json\/wp\/v2\/product\/18501\/revisions"}],"predecessor-version":[{"id":21479,"href":"https:\/\/www.xiaomistoreks.com\/en\/wp-json\/wp\/v2\/product\/18501\/revisions\/21479"}],"wp:featuredmedia":[{"embeddable":true,"href":"https:\/\/www.xiaomistoreks.com\/en\/wp-json\/wp\/v2\/media\/18503"}],"wp:attachment":[{"href":"https:\/\/www.xiaomistoreks.com\/en\/wp-json\/wp\/v2\/media?parent=18501"}],"wp:term":[{"taxonomy":"product_cat","embeddable":true,"href":"https:\/\/www.xiaomistoreks.com\/en\/wp-json\/wp\/v2\/product_cat?post=18501"},{"taxonomy":"product_tag","embeddable":true,"href":"https:\/\/www.xiaomistoreks.com\/en\/wp-json\/wp\/v2\/product_tag?post=18501"}],"curies":[{"name":"wp","href":"https:\/\/api.w.org\/{rel}","templated":true}]}}