{"id":18490,"date":"2025-03-18T12:49:09","date_gmt":"2025-03-18T12:49:09","guid":{"rendered":"https:\/\/www.xiaomistoreks.com\/?post_type=product&#038;p=18490"},"modified":"2026-03-06T00:35:39","modified_gmt":"2026-03-06T00:35:39","slug":"xiaomi-soundbar-2-0ch","status":"publish","type":"product","link":"https:\/\/www.xiaomistoreks.com\/en\/product\/xiaomi-soundbar-2-0ch\/","title":{"rendered":"Xiaomi Soundbar 2.0ch"},"content":{"rendered":"<p><a href=\"https:\/\/www.xiaomistoreks.com\/wp-content\/uploads\/2025\/03\/screencapture-mi-global-product-xiaomi-soundbar-2ch-2025-03-18-13_41_39_01.png\"><img fetchpriority=\"high\" decoding=\"async\" class=\"alignnone size-full wp-image-18494\" src=\"https:\/\/www.xiaomistoreks.com\/wp-content\/uploads\/2025\/03\/screencapture-mi-global-product-xiaomi-soundbar-2ch-2025-03-18-13_41_39_01.png\" alt=\"\" width=\"1366\" height=\"722\" \/><\/a> <a href=\"https:\/\/www.xiaomistoreks.com\/wp-content\/uploads\/2025\/03\/screencapture-mi-global-product-xiaomi-soundbar-2ch-2025-03-18-13_41_39_02.png\"><img decoding=\"async\" class=\"alignnone size-full wp-image-18495\" src=\"https:\/\/www.xiaomistoreks.com\/wp-content\/uploads\/2025\/03\/screencapture-mi-global-product-xiaomi-soundbar-2ch-2025-03-18-13_41_39_02.png\" alt=\"\" width=\"1366\" height=\"1277\" \/><\/a> <a href=\"https:\/\/www.xiaomistoreks.com\/wp-content\/uploads\/2025\/03\/screencapture-mi-global-product-xiaomi-soundbar-2ch-2025-03-18-13_41_39_03.png\"><img decoding=\"async\" class=\"alignnone size-full wp-image-18496\" src=\"https:\/\/www.xiaomistoreks.com\/wp-content\/uploads\/2025\/03\/screencapture-mi-global-product-xiaomi-soundbar-2ch-2025-03-18-13_41_39_03.png\" alt=\"\" width=\"1366\" height=\"1571\" \/><\/a> <a href=\"https:\/\/www.xiaomistoreks.com\/wp-content\/uploads\/2025\/03\/screencapture-mi-global-product-xiaomi-soundbar-2ch-2025-03-18-13_41_39_04.png\"><img loading=\"lazy\" decoding=\"async\" class=\"alignnone size-full wp-image-18497\" src=\"https:\/\/www.xiaomistoreks.com\/wp-content\/uploads\/2025\/03\/screencapture-mi-global-product-xiaomi-soundbar-2ch-2025-03-18-13_41_39_04.png\" alt=\"\" width=\"1366\" height=\"2049\" \/><\/a> <a href=\"https:\/\/www.xiaomistoreks.com\/wp-content\/uploads\/2025\/03\/screencapture-mi-global-product-xiaomi-soundbar-2ch-2025-03-18-13_41_39_05.png\"><img loading=\"lazy\" decoding=\"async\" class=\"alignnone size-full wp-image-18498\" src=\"https:\/\/www.xiaomistoreks.com\/wp-content\/uploads\/2025\/03\/screencapture-mi-global-product-xiaomi-soundbar-2ch-2025-03-18-13_41_39_05.png\" alt=\"\" width=\"1366\" height=\"1240\" \/><\/a> <a href=\"https:\/\/www.xiaomistoreks.com\/wp-content\/uploads\/2025\/03\/screencapture-mi-global-product-xiaomi-soundbar-2ch-2025-03-18-13_41_39_06.png\"><img loading=\"lazy\" decoding=\"async\" class=\"alignnone size-full wp-image-18499\" src=\"https:\/\/www.xiaomistoreks.com\/wp-content\/uploads\/2025\/03\/screencapture-mi-global-product-xiaomi-soundbar-2ch-2025-03-18-13_41_39_06.png\" alt=\"\" width=\"1366\" height=\"1333\" \/><\/a><\/p>\n","protected":false},"excerpt":{"rendered":"<p>Xiaomi Soundbar 2.0ch &#8211; P\u00ebrmir\u00ebsoni p\u00ebrvoj\u00ebn tuaj t\u00eb d\u00ebgjimit me altoparlant\u00ebt e fuqish\u00ebm 2x15W q\u00eb ofrojn\u00eb tingull t\u00eb pasur dhe t\u00eb detajuar. Dizajn elegant me mbules\u00eb metalike t\u00eb zez\u00eb dhe montim fleksib\u00ebl n\u00eb mur ose baz\u00eb. Lidhje t\u00eb shumta me porte SPDIF, Optical dhe AUX, si dhe Bluetooth 5.3 p\u00ebr nj\u00eb eksperienc\u00eb pa tela dhe me konsum t\u00eb ul\u00ebt t\u00eb energjis\u00eb<\/p>\n","protected":false},"featured_media":18493,"template":"","meta":[],"product_cat":[203,202,176],"product_tag":[],"_links":{"self":[{"href":"https:\/\/www.xiaomistoreks.com\/en\/wp-json\/wp\/v2\/product\/18490"}],"collection":[{"href":"https:\/\/www.xiaomistoreks.com\/en\/wp-json\/wp\/v2\/product"}],"about":[{"href":"https:\/\/www.xiaomistoreks.com\/en\/wp-json\/wp\/v2\/types\/product"}],"version-history":[{"count":2,"href":"https:\/\/www.xiaomistoreks.com\/en\/wp-json\/wp\/v2\/product\/18490\/revisions"}],"predecessor-version":[{"id":19349,"href":"https:\/\/www.xiaomistoreks.com\/en\/wp-json\/wp\/v2\/product\/18490\/revisions\/19349"}],"wp:featuredmedia":[{"embeddable":true,"href":"https:\/\/www.xiaomistoreks.com\/en\/wp-json\/wp\/v2\/media\/18493"}],"wp:attachment":[{"href":"https:\/\/www.xiaomistoreks.com\/en\/wp-json\/wp\/v2\/media?parent=18490"}],"wp:term":[{"taxonomy":"product_cat","embeddable":true,"href":"https:\/\/www.xiaomistoreks.com\/en\/wp-json\/wp\/v2\/product_cat?post=18490"},{"taxonomy":"product_tag","embeddable":true,"href":"https:\/\/www.xiaomistoreks.com\/en\/wp-json\/wp\/v2\/product_tag?post=18490"}],"curies":[{"name":"wp","href":"https:\/\/api.w.org\/{rel}","templated":true}]}}