{"id":18476,"date":"2025-03-18T12:40:16","date_gmt":"2025-03-18T12:40:16","guid":{"rendered":"https:\/\/www.xiaomistoreks.com\/?post_type=product&#038;p=18476"},"modified":"2026-04-09T08:46:01","modified_gmt":"2026-04-09T08:46:01","slug":"xiaomi-bluetooth-speaker","status":"publish","type":"product","link":"https:\/\/www.xiaomistoreks.com\/en\/product\/xiaomi-bluetooth-speaker\/","title":{"rendered":"Xiaomi Bluetooth Speaker"},"content":{"rendered":"<p><a href=\"https:\/\/www.xiaomistoreks.com\/wp-content\/uploads\/2025\/03\/screencapture-mi-global-product-xiaomi-bluetooth-speaker-2025-03-18-13_30_38_01.png\"><img fetchpriority=\"high\" decoding=\"async\" class=\"size-full wp-image-18479 aligncenter\" src=\"https:\/\/www.xiaomistoreks.com\/wp-content\/uploads\/2025\/03\/screencapture-mi-global-product-xiaomi-bluetooth-speaker-2025-03-18-13_30_38_01.png\" alt=\"\" width=\"965\" height=\"1103\" \/><\/a> <a href=\"https:\/\/www.xiaomistoreks.com\/wp-content\/uploads\/2025\/03\/screencapture-mi-global-product-xiaomi-bluetooth-speaker-2025-03-18-13_30_38_02.png\"><img decoding=\"async\" class=\"size-full wp-image-18480 aligncenter\" src=\"https:\/\/www.xiaomistoreks.com\/wp-content\/uploads\/2025\/03\/screencapture-mi-global-product-xiaomi-bluetooth-speaker-2025-03-18-13_30_38_02.png\" alt=\"\" width=\"965\" height=\"937\" \/><\/a> <a href=\"https:\/\/www.xiaomistoreks.com\/wp-content\/uploads\/2025\/03\/screencapture-mi-global-product-xiaomi-bluetooth-speaker-2025-03-18-13_30_38_03.png\"><img decoding=\"async\" class=\"size-full wp-image-18481 aligncenter\" src=\"https:\/\/www.xiaomistoreks.com\/wp-content\/uploads\/2025\/03\/screencapture-mi-global-product-xiaomi-bluetooth-speaker-2025-03-18-13_30_38_03.png\" alt=\"\" width=\"965\" height=\"970\" \/><\/a> <a href=\"https:\/\/www.xiaomistoreks.com\/wp-content\/uploads\/2025\/03\/screencapture-mi-global-product-xiaomi-bluetooth-speaker-2025-03-18-13_30_38_04.png\"><img loading=\"lazy\" decoding=\"async\" class=\"size-full wp-image-18482 aligncenter\" src=\"https:\/\/www.xiaomistoreks.com\/wp-content\/uploads\/2025\/03\/screencapture-mi-global-product-xiaomi-bluetooth-speaker-2025-03-18-13_30_38_04.png\" alt=\"\" width=\"965\" height=\"922\" \/><\/a> <a href=\"https:\/\/www.xiaomistoreks.com\/wp-content\/uploads\/2025\/03\/screencapture-mi-global-product-xiaomi-bluetooth-speaker-2025-03-18-13_30_38_05.png\"><img loading=\"lazy\" decoding=\"async\" class=\"size-full wp-image-18483 aligncenter\" src=\"https:\/\/www.xiaomistoreks.com\/wp-content\/uploads\/2025\/03\/screencapture-mi-global-product-xiaomi-bluetooth-speaker-2025-03-18-13_30_38_05.png\" alt=\"\" width=\"965\" height=\"701\" \/><\/a> <a href=\"https:\/\/www.xiaomistoreks.com\/wp-content\/uploads\/2025\/03\/screencapture-mi-global-product-xiaomi-bluetooth-speaker-2025-03-18-13_30_38_06.png\"><img loading=\"lazy\" decoding=\"async\" class=\"size-full wp-image-18484 aligncenter\" src=\"https:\/\/www.xiaomistoreks.com\/wp-content\/uploads\/2025\/03\/screencapture-mi-global-product-xiaomi-bluetooth-speaker-2025-03-18-13_30_38_06.png\" alt=\"\" width=\"965\" height=\"622\" \/><\/a> <a href=\"https:\/\/www.xiaomistoreks.com\/wp-content\/uploads\/2025\/03\/screencapture-mi-global-product-xiaomi-bluetooth-speaker-2025-03-18-13_30_38_07.png\"><img loading=\"lazy\" decoding=\"async\" class=\"size-full wp-image-18485 aligncenter\" src=\"https:\/\/www.xiaomistoreks.com\/wp-content\/uploads\/2025\/03\/screencapture-mi-global-product-xiaomi-bluetooth-speaker-2025-03-18-13_30_38_07.png\" alt=\"\" width=\"965\" height=\"1099\" \/><\/a> <a href=\"https:\/\/www.xiaomistoreks.com\/wp-content\/uploads\/2025\/03\/screencapture-mi-global-product-xiaomi-bluetooth-speaker-2025-03-18-13_30_38_08.png\"><img loading=\"lazy\" decoding=\"async\" class=\"size-full wp-image-18486 aligncenter\" src=\"https:\/\/www.xiaomistoreks.com\/wp-content\/uploads\/2025\/03\/screencapture-mi-global-product-xiaomi-bluetooth-speaker-2025-03-18-13_30_38_08.png\" alt=\"\" width=\"965\" height=\"668\" \/><\/a> <a href=\"https:\/\/www.xiaomistoreks.com\/wp-content\/uploads\/2025\/03\/screencapture-mi-global-product-xiaomi-bluetooth-speaker-2025-03-18-13_30_38_09.png\"><img loading=\"lazy\" decoding=\"async\" class=\"size-full wp-image-18487 aligncenter\" src=\"https:\/\/www.xiaomistoreks.com\/wp-content\/uploads\/2025\/03\/screencapture-mi-global-product-xiaomi-bluetooth-speaker-2025-03-18-13_30_38_09.png\" alt=\"\" width=\"965\" height=\"661\" \/><\/a> <a href=\"https:\/\/www.xiaomistoreks.com\/wp-content\/uploads\/2025\/03\/screencapture-mi-global-product-xiaomi-bluetooth-speaker-2025-03-18-13_30_38_10.png\"><img loading=\"lazy\" decoding=\"async\" class=\"size-full wp-image-18488 aligncenter\" src=\"https:\/\/www.xiaomistoreks.com\/wp-content\/uploads\/2025\/03\/screencapture-mi-global-product-xiaomi-bluetooth-speaker-2025-03-18-13_30_38_10.png\" alt=\"\" width=\"965\" height=\"506\" \/><\/a><\/p>\n","protected":false},"excerpt":{"rendered":"<p>Xiaomi Bluetooth Speaker &#8211; Z\u00eb i fuqish\u00ebm 93dB me konfigurim akustik me 5 nj\u00ebsi dhe dalje 360\u00b0 p\u00ebr p\u00ebrvoj\u00eb t\u00eb plot\u00eb d\u00ebgjimi. Tinguj t\u00eb optimizuar me HARMAN AudioEFX dhe algorit\u00ebm t\u00eb avancuar audio. Mb\u00ebshtet Xiaomi HyperOS Connect, \u00e7iftim t\u00eb shpejt\u00eb NFC dhe lidhje stereo me dy pajisje. Rezistenc\u00eb IP67 ndaj pluhurit dhe ujit p\u00ebr p\u00ebrdorim n\u00eb natyr\u00eb me dizajn t\u00eb q\u00ebndruesh\u00ebm. Bateri me jet\u00ebgjat\u00ebsi deri n\u00eb 17 or\u00eb, karikim t\u00eb shpejt\u00eb 22.5W dhe lidhje stabile me Bluetooth 5.3 dhe LHDC 5.0<\/p>\n","protected":false},"featured_media":18478,"template":"","meta":[],"product_cat":[203,202,176,155],"product_tag":[],"_links":{"self":[{"href":"https:\/\/www.xiaomistoreks.com\/en\/wp-json\/wp\/v2\/product\/18476"}],"collection":[{"href":"https:\/\/www.xiaomistoreks.com\/en\/wp-json\/wp\/v2\/product"}],"about":[{"href":"https:\/\/www.xiaomistoreks.com\/en\/wp-json\/wp\/v2\/types\/product"}],"version-history":[{"count":1,"href":"https:\/\/www.xiaomistoreks.com\/en\/wp-json\/wp\/v2\/product\/18476\/revisions"}],"predecessor-version":[{"id":18489,"href":"https:\/\/www.xiaomistoreks.com\/en\/wp-json\/wp\/v2\/product\/18476\/revisions\/18489"}],"wp:featuredmedia":[{"embeddable":true,"href":"https:\/\/www.xiaomistoreks.com\/en\/wp-json\/wp\/v2\/media\/18478"}],"wp:attachment":[{"href":"https:\/\/www.xiaomistoreks.com\/en\/wp-json\/wp\/v2\/media?parent=18476"}],"wp:term":[{"taxonomy":"product_cat","embeddable":true,"href":"https:\/\/www.xiaomistoreks.com\/en\/wp-json\/wp\/v2\/product_cat?post=18476"},{"taxonomy":"product_tag","embeddable":true,"href":"https:\/\/www.xiaomistoreks.com\/en\/wp-json\/wp\/v2\/product_tag?post=18476"}],"curies":[{"name":"wp","href":"https:\/\/api.w.org\/{rel}","templated":true}]}}