{"id":18451,"date":"2025-03-18T12:18:32","date_gmt":"2025-03-18T12:18:32","guid":{"rendered":"https:\/\/www.xiaomistoreks.com\/?post_type=product&#038;p=18451"},"modified":"2026-04-20T17:09:50","modified_gmt":"2026-04-20T17:09:50","slug":"xiaomi-high-speed-ionic-hair-dryer","status":"publish","type":"product","link":"https:\/\/www.xiaomistoreks.com\/en\/product\/xiaomi-high-speed-ionic-hair-dryer\/","title":{"rendered":"Xiaomi High-speed Ionic Hair Dryer"},"content":{"rendered":"<p><a href=\"https:\/\/www.xiaomistoreks.com\/wp-content\/uploads\/2025\/03\/screencapture-mi-global-product-xiaomi-high-speed-ionic-hair-dryer-2025-03-18-13_07_37_01.png\"><img fetchpriority=\"high\" decoding=\"async\" class=\"alignnone size-full wp-image-18457\" src=\"https:\/\/www.xiaomistoreks.com\/wp-content\/uploads\/2025\/03\/screencapture-mi-global-product-xiaomi-high-speed-ionic-hair-dryer-2025-03-18-13_07_37_01.png\" alt=\"\" width=\"1270\" height=\"1129\" \/><\/a> <a href=\"https:\/\/www.xiaomistoreks.com\/wp-content\/uploads\/2025\/03\/screencapture-mi-global-product-xiaomi-high-speed-ionic-hair-dryer-2025-03-18-13_07_37_02.png\"><img decoding=\"async\" class=\"alignnone size-full wp-image-18458\" src=\"https:\/\/www.xiaomistoreks.com\/wp-content\/uploads\/2025\/03\/screencapture-mi-global-product-xiaomi-high-speed-ionic-hair-dryer-2025-03-18-13_07_37_02.png\" alt=\"\" width=\"1270\" height=\"923\" \/><\/a> <a href=\"https:\/\/www.xiaomistoreks.com\/wp-content\/uploads\/2025\/03\/screencapture-mi-global-product-xiaomi-high-speed-ionic-hair-dryer-2025-03-18-13_07_37_03.png\"><img decoding=\"async\" class=\"alignnone size-full wp-image-18459\" src=\"https:\/\/www.xiaomistoreks.com\/wp-content\/uploads\/2025\/03\/screencapture-mi-global-product-xiaomi-high-speed-ionic-hair-dryer-2025-03-18-13_07_37_03.png\" alt=\"\" width=\"1270\" height=\"1550\" \/><\/a> <a href=\"https:\/\/www.xiaomistoreks.com\/wp-content\/uploads\/2025\/03\/screencapture-mi-global-product-xiaomi-high-speed-ionic-hair-dryer-2025-03-18-13_07_37_04.png\"><img loading=\"lazy\" decoding=\"async\" class=\"alignnone size-full wp-image-18460\" src=\"https:\/\/www.xiaomistoreks.com\/wp-content\/uploads\/2025\/03\/screencapture-mi-global-product-xiaomi-high-speed-ionic-hair-dryer-2025-03-18-13_07_37_04.png\" alt=\"\" width=\"1270\" height=\"1761\" \/><\/a> <a href=\"https:\/\/www.xiaomistoreks.com\/wp-content\/uploads\/2025\/03\/screencapture-mi-global-product-xiaomi-high-speed-ionic-hair-dryer-2025-03-18-13_07_37_05.png\"><img loading=\"lazy\" decoding=\"async\" class=\"alignnone size-full wp-image-18461\" src=\"https:\/\/www.xiaomistoreks.com\/wp-content\/uploads\/2025\/03\/screencapture-mi-global-product-xiaomi-high-speed-ionic-hair-dryer-2025-03-18-13_07_37_05.png\" alt=\"\" width=\"1270\" height=\"1490\" \/><\/a> <a href=\"https:\/\/www.xiaomistoreks.com\/wp-content\/uploads\/2025\/03\/screencapture-mi-global-product-xiaomi-high-speed-ionic-hair-dryer-2025-03-18-13_07_37_06.png\"><img loading=\"lazy\" decoding=\"async\" class=\"alignnone size-full wp-image-18462\" src=\"https:\/\/www.xiaomistoreks.com\/wp-content\/uploads\/2025\/03\/screencapture-mi-global-product-xiaomi-high-speed-ionic-hair-dryer-2025-03-18-13_07_37_06.png\" alt=\"\" width=\"1270\" height=\"1339\" \/><\/a><\/p>\n","protected":false},"excerpt":{"rendered":"<p>Xiaomi High-speed Ionic Hair Dryer &#8211; Fuqi i lart\u00eb i ajrit p\u00ebr tharje t\u00eb shpejt\u00eb. Motor me shpejt\u00ebsi 110,000 rpm dhe rrjedh\u00eb ajri 62 m\/s. Gjeneron jone negative p\u00ebr reduktimin e elektricitetit statik dhe flok\u00eb pa friz\u00eb. 8 modalitete t\u00eb ajrit p\u00ebr tharje fleksibile. Pesh\u00eb e leht\u00eb 400g p\u00ebr p\u00ebrdorim t\u00eb rehatsh\u00ebm. Kontroll i temperatur\u00ebs 100 her\u00eb\/s p\u00ebr mbrojtje nga d\u00ebmtimi nga nxeht\u00ebsia. Dizajn kund\u00ebr thithjes s\u00eb flok\u00ebve dhe filt\u00ebr i leht\u00eb p\u00ebr pastrim<\/p>\n","protected":false},"featured_media":18452,"template":"","meta":[],"product_cat":[193,176],"product_tag":[],"_links":{"self":[{"href":"https:\/\/www.xiaomistoreks.com\/en\/wp-json\/wp\/v2\/product\/18451"}],"collection":[{"href":"https:\/\/www.xiaomistoreks.com\/en\/wp-json\/wp\/v2\/product"}],"about":[{"href":"https:\/\/www.xiaomistoreks.com\/en\/wp-json\/wp\/v2\/types\/product"}],"version-history":[{"count":2,"href":"https:\/\/www.xiaomistoreks.com\/en\/wp-json\/wp\/v2\/product\/18451\/revisions"}],"predecessor-version":[{"id":20848,"href":"https:\/\/www.xiaomistoreks.com\/en\/wp-json\/wp\/v2\/product\/18451\/revisions\/20848"}],"wp:featuredmedia":[{"embeddable":true,"href":"https:\/\/www.xiaomistoreks.com\/en\/wp-json\/wp\/v2\/media\/18452"}],"wp:attachment":[{"href":"https:\/\/www.xiaomistoreks.com\/en\/wp-json\/wp\/v2\/media?parent=18451"}],"wp:term":[{"taxonomy":"product_cat","embeddable":true,"href":"https:\/\/www.xiaomistoreks.com\/en\/wp-json\/wp\/v2\/product_cat?post=18451"},{"taxonomy":"product_tag","embeddable":true,"href":"https:\/\/www.xiaomistoreks.com\/en\/wp-json\/wp\/v2\/product_tag?post=18451"}],"curies":[{"name":"wp","href":"https:\/\/api.w.org\/{rel}","templated":true}]}}