{"id":18413,"date":"2025-03-17T15:39:48","date_gmt":"2025-03-17T15:39:48","guid":{"rendered":"https:\/\/www.xiaomistoreks.com\/?post_type=product&#038;p=18413"},"modified":"2026-03-06T00:35:39","modified_gmt":"2026-03-06T00:35:39","slug":"xiaomi-smart-temperature-and-humidity-monitor-3","status":"publish","type":"product","link":"https:\/\/www.xiaomistoreks.com\/en\/product\/xiaomi-smart-temperature-and-humidity-monitor-3\/","title":{"rendered":"Xiaomi Smart Temperature and Humidity Monitor 3"},"content":{"rendered":"<p><a href=\"https:\/\/www.xiaomistoreks.com\/wp-content\/uploads\/2025\/03\/Xiaomi-Smart-Temperature-and-Humidity-Monitor-3-01_01.png\"><img fetchpriority=\"high\" decoding=\"async\" class=\"alignnone size-full wp-image-18418\" src=\"https:\/\/www.xiaomistoreks.com\/wp-content\/uploads\/2025\/03\/Xiaomi-Smart-Temperature-and-Humidity-Monitor-3-01_01.png\" alt=\"\" width=\"2416\" height=\"2062\" \/><\/a> <a href=\"https:\/\/www.xiaomistoreks.com\/wp-content\/uploads\/2025\/03\/Xiaomi-Smart-Temperature-and-Humidity-Monitor-3-01_02.png\"><img decoding=\"async\" class=\"alignnone size-full wp-image-18419\" src=\"https:\/\/www.xiaomistoreks.com\/wp-content\/uploads\/2025\/03\/Xiaomi-Smart-Temperature-and-Humidity-Monitor-3-01_02.png\" alt=\"\" width=\"2416\" height=\"3014\" \/><\/a> <a href=\"https:\/\/www.xiaomistoreks.com\/wp-content\/uploads\/2025\/03\/Xiaomi-Smart-Temperature-and-Humidity-Monitor-3-01_03.png\"><img decoding=\"async\" class=\"alignnone size-full wp-image-18420\" src=\"https:\/\/www.xiaomistoreks.com\/wp-content\/uploads\/2025\/03\/Xiaomi-Smart-Temperature-and-Humidity-Monitor-3-01_03.png\" alt=\"\" width=\"2416\" height=\"3115\" \/><\/a> <a href=\"https:\/\/www.xiaomistoreks.com\/wp-content\/uploads\/2025\/03\/Xiaomi-Smart-Temperature-and-Humidity-Monitor-3-02_02.png\"><img loading=\"lazy\" decoding=\"async\" class=\"alignnone size-full wp-image-18421\" src=\"https:\/\/www.xiaomistoreks.com\/wp-content\/uploads\/2025\/03\/Xiaomi-Smart-Temperature-and-Humidity-Monitor-3-02_02.png\" alt=\"\" width=\"1932\" height=\"2036\" \/><\/a> <a href=\"https:\/\/www.xiaomistoreks.com\/wp-content\/uploads\/2025\/03\/Xiaomi-Smart-Temperature-and-Humidity-Monitor-3-02_03.png\"><img loading=\"lazy\" decoding=\"async\" class=\"alignnone size-full wp-image-18422\" src=\"https:\/\/www.xiaomistoreks.com\/wp-content\/uploads\/2025\/03\/Xiaomi-Smart-Temperature-and-Humidity-Monitor-3-02_03.png\" alt=\"\" width=\"1932\" height=\"1020\" \/><\/a> <a href=\"https:\/\/www.xiaomistoreks.com\/wp-content\/uploads\/2025\/03\/Xiaomi-Smart-Temperature-and-Humidity-Monitor-3-02_04.png\"><img loading=\"lazy\" decoding=\"async\" class=\"alignnone size-full wp-image-18423\" src=\"https:\/\/www.xiaomistoreks.com\/wp-content\/uploads\/2025\/03\/Xiaomi-Smart-Temperature-and-Humidity-Monitor-3-02_04.png\" alt=\"\" width=\"1932\" height=\"2736\" \/><\/a> <a href=\"https:\/\/www.xiaomistoreks.com\/wp-content\/uploads\/2025\/03\/Xiaomi-Smart-Temperature-and-Humidity-Monitor-3-02_05.png\"><img loading=\"lazy\" decoding=\"async\" class=\"alignnone size-full wp-image-18424\" src=\"https:\/\/www.xiaomistoreks.com\/wp-content\/uploads\/2025\/03\/Xiaomi-Smart-Temperature-and-Humidity-Monitor-3-02_05.png\" alt=\"\" width=\"1932\" height=\"2399\" \/><\/a><\/p>\n","protected":false},"excerpt":{"rendered":"<p>Xiaomi Smart Temperature and Humidity Monitor 3 \u2013 Monitoroni temperatur\u00ebn dhe lag\u00ebshtir\u00ebn p\u00ebr nj\u00eb ambient m\u00eb t\u00eb sh\u00ebndetsh\u00ebm. Me ekran t\u00eb madh LCD, ky monitor tregon koh\u00ebn, dat\u00ebn, temperatur\u00ebn, lag\u00ebshtin\u00eb dhe nivelin e komoditetit. Me precizion t\u00eb nivelit industrial, ai zbulohet ndryshimet e vogla \u00e7do 6 sekonda p\u00ebr t\u00eb menaxhuar klim\u00ebn n\u00eb sht\u00ebpin\u00eb tuaj. Interface miq\u00ebsore me p\u00ebrdoruesin tregon nivelin e komoditetit p\u00ebrmes ikonave t\u00eb fytyr\u00ebs. Me bateri CR2450, ofron deri n\u00eb 1.5 vjet p\u00ebrdorim. P\u00ebrshtatet me aplikacionin Xiaomi Home p\u00ebr azhurnime n\u00eb koh\u00eb reale dhe integrim me pajisje t\u00eb tjera inteligjente<\/p>\n","protected":false},"featured_media":18414,"template":"","meta":[],"product_cat":[176,169,192],"product_tag":[],"_links":{"self":[{"href":"https:\/\/www.xiaomistoreks.com\/en\/wp-json\/wp\/v2\/product\/18413"}],"collection":[{"href":"https:\/\/www.xiaomistoreks.com\/en\/wp-json\/wp\/v2\/product"}],"about":[{"href":"https:\/\/www.xiaomistoreks.com\/en\/wp-json\/wp\/v2\/types\/product"}],"version-history":[{"count":1,"href":"https:\/\/www.xiaomistoreks.com\/en\/wp-json\/wp\/v2\/product\/18413\/revisions"}],"predecessor-version":[{"id":18425,"href":"https:\/\/www.xiaomistoreks.com\/en\/wp-json\/wp\/v2\/product\/18413\/revisions\/18425"}],"wp:featuredmedia":[{"embeddable":true,"href":"https:\/\/www.xiaomistoreks.com\/en\/wp-json\/wp\/v2\/media\/18414"}],"wp:attachment":[{"href":"https:\/\/www.xiaomistoreks.com\/en\/wp-json\/wp\/v2\/media?parent=18413"}],"wp:term":[{"taxonomy":"product_cat","embeddable":true,"href":"https:\/\/www.xiaomistoreks.com\/en\/wp-json\/wp\/v2\/product_cat?post=18413"},{"taxonomy":"product_tag","embeddable":true,"href":"https:\/\/www.xiaomistoreks.com\/en\/wp-json\/wp\/v2\/product_tag?post=18413"}],"curies":[{"name":"wp","href":"https:\/\/api.w.org\/{rel}","templated":true}]}}