{"id":18357,"date":"2025-03-17T14:50:54","date_gmt":"2025-03-17T14:50:54","guid":{"rendered":"https:\/\/www.xiaomistoreks.com\/?post_type=product&#038;p=18357"},"modified":"2026-03-06T00:35:38","modified_gmt":"2026-03-06T00:35:38","slug":"xiaomi-robot-vacuum-x20-pro","status":"publish","type":"product","link":"https:\/\/www.xiaomistoreks.com\/en\/product\/xiaomi-robot-vacuum-x20-pro\/","title":{"rendered":"Xiaomi Robot Vacuum X20 Pro"},"content":{"rendered":"<p><a href=\"https:\/\/www.xiaomistoreks.com\/wp-content\/uploads\/2025\/03\/Xiaomi-Robot-Vacuum-X20-Pro-01_01.png\"><img fetchpriority=\"high\" decoding=\"async\" class=\"alignnone size-full wp-image-18361\" src=\"https:\/\/www.xiaomistoreks.com\/wp-content\/uploads\/2025\/03\/Xiaomi-Robot-Vacuum-X20-Pro-01_01.png\" alt=\"\" width=\"1833\" height=\"2391\" \/><\/a> <a href=\"https:\/\/www.xiaomistoreks.com\/wp-content\/uploads\/2025\/03\/Xiaomi-Robot-Vacuum-X20-Pro-01_02.png\"><img decoding=\"async\" class=\"alignnone size-full wp-image-18362\" src=\"https:\/\/www.xiaomistoreks.com\/wp-content\/uploads\/2025\/03\/Xiaomi-Robot-Vacuum-X20-Pro-01_02.png\" alt=\"\" width=\"1833\" height=\"2958\" \/><\/a> <a href=\"https:\/\/www.xiaomistoreks.com\/wp-content\/uploads\/2025\/03\/Xiaomi-Robot-Vacuum-X20-Pro-01_03.png\"><img decoding=\"async\" class=\"alignnone size-full wp-image-18363\" src=\"https:\/\/www.xiaomistoreks.com\/wp-content\/uploads\/2025\/03\/Xiaomi-Robot-Vacuum-X20-Pro-01_03.png\" alt=\"\" width=\"1833\" height=\"1783\" \/><\/a> <a href=\"https:\/\/www.xiaomistoreks.com\/wp-content\/uploads\/2025\/03\/Xiaomi-Robot-Vacuum-X20-Pro-01_04.png\"><img loading=\"lazy\" decoding=\"async\" class=\"alignnone size-full wp-image-18364\" src=\"https:\/\/www.xiaomistoreks.com\/wp-content\/uploads\/2025\/03\/Xiaomi-Robot-Vacuum-X20-Pro-01_04.png\" alt=\"\" width=\"1833\" height=\"1059\" \/><\/a> <a href=\"https:\/\/www.xiaomistoreks.com\/wp-content\/uploads\/2025\/03\/Xiaomi-Robot-Vacuum-X20-Pro-02_02.png\"><img loading=\"lazy\" decoding=\"async\" class=\"alignnone size-full wp-image-18365\" src=\"https:\/\/www.xiaomistoreks.com\/wp-content\/uploads\/2025\/03\/Xiaomi-Robot-Vacuum-X20-Pro-02_02.png\" alt=\"\" width=\"2107\" height=\"2445\" \/><\/a> <a href=\"https:\/\/www.xiaomistoreks.com\/wp-content\/uploads\/2025\/03\/Xiaomi-Robot-Vacuum-X20-Pro-02_03.png\"><img loading=\"lazy\" decoding=\"async\" class=\"alignnone size-full wp-image-18366\" src=\"https:\/\/www.xiaomistoreks.com\/wp-content\/uploads\/2025\/03\/Xiaomi-Robot-Vacuum-X20-Pro-02_03.png\" alt=\"\" width=\"2107\" height=\"2289\" \/><\/a> <a href=\"https:\/\/www.xiaomistoreks.com\/wp-content\/uploads\/2025\/03\/Xiaomi-Robot-Vacuum-X20-Pro-02_04.png\"><img loading=\"lazy\" decoding=\"async\" class=\"alignnone size-full wp-image-18367\" src=\"https:\/\/www.xiaomistoreks.com\/wp-content\/uploads\/2025\/03\/Xiaomi-Robot-Vacuum-X20-Pro-02_04.png\" alt=\"\" width=\"2107\" height=\"1014\" \/><\/a> <a href=\"https:\/\/www.xiaomistoreks.com\/wp-content\/uploads\/2025\/03\/Xiaomi-Robot-Vacuum-X20-Pro-02_05.png\"><img loading=\"lazy\" decoding=\"async\" class=\"alignnone size-full wp-image-18368\" src=\"https:\/\/www.xiaomistoreks.com\/wp-content\/uploads\/2025\/03\/Xiaomi-Robot-Vacuum-X20-Pro-02_05.png\" alt=\"\" width=\"2107\" height=\"2443\" \/><\/a> <a href=\"https:\/\/www.xiaomistoreks.com\/wp-content\/uploads\/2025\/03\/Xiaomi-Robot-Vacuum-X20-Pro-03_01.png\"><img loading=\"lazy\" decoding=\"async\" class=\"alignnone size-full wp-image-18369\" src=\"https:\/\/www.xiaomistoreks.com\/wp-content\/uploads\/2025\/03\/Xiaomi-Robot-Vacuum-X20-Pro-03_01.png\" alt=\"\" width=\"3360\" height=\"1781\" \/><\/a> <a href=\"https:\/\/www.xiaomistoreks.com\/wp-content\/uploads\/2025\/03\/Xiaomi-Robot-Vacuum-X20-Pro-03_02.png\"><img loading=\"lazy\" decoding=\"async\" class=\"alignnone size-full wp-image-18370\" src=\"https:\/\/www.xiaomistoreks.com\/wp-content\/uploads\/2025\/03\/Xiaomi-Robot-Vacuum-X20-Pro-03_02.png\" alt=\"\" width=\"3360\" height=\"4186\" \/><\/a><\/p>\n","protected":false},"excerpt":{"rendered":"<p>Xiaomi Robot Vacuum X20 Pro \u2013 Pajisur me thithje t\u00eb fuqishme 7000Pa, ky robot pastrues heq pluhurin, mbeturinat dhe flok\u00ebt e kafsh\u00ebve me leht\u00ebsi. Posedon stacion baz\u00eb t\u00eb gjithansh\u00ebm p\u00ebr pastrim dhe tharje automatike t\u00eb fshesave, dhe mbledhje pluhuri, i cili k\u00ebrkon vet\u00ebm zbrazje \u00e7do 75 dit\u00eb. Me nj\u00eb tank pastrimi prej 4L, mbulon deri n\u00eb 120\u33a1 p\u00ebr seanc\u00eb pastrimi. Teknologjia LDS laser siguron navigim t\u00eb sakt\u00eb dhe planifikim t\u00eb rrug\u00ebve, nd\u00ebrsa mb\u00ebshtet kontrollet me z\u00eb p\u00ebrmes Alexa dhe Google Assistant. Bateria e saj 5200mAh ofron deri n\u00eb 160 minuta jet\u00ebgjat\u00ebsi p\u00ebr pastrim t\u00eb plot\u00eb<\/p>\n","protected":false},"featured_media":18358,"template":"","meta":[],"product_cat":[176,225,169],"product_tag":[],"_links":{"self":[{"href":"https:\/\/www.xiaomistoreks.com\/en\/wp-json\/wp\/v2\/product\/18357"}],"collection":[{"href":"https:\/\/www.xiaomistoreks.com\/en\/wp-json\/wp\/v2\/product"}],"about":[{"href":"https:\/\/www.xiaomistoreks.com\/en\/wp-json\/wp\/v2\/types\/product"}],"version-history":[{"count":2,"href":"https:\/\/www.xiaomistoreks.com\/en\/wp-json\/wp\/v2\/product\/18357\/revisions"}],"predecessor-version":[{"id":20096,"href":"https:\/\/www.xiaomistoreks.com\/en\/wp-json\/wp\/v2\/product\/18357\/revisions\/20096"}],"wp:featuredmedia":[{"embeddable":true,"href":"https:\/\/www.xiaomistoreks.com\/en\/wp-json\/wp\/v2\/media\/18358"}],"wp:attachment":[{"href":"https:\/\/www.xiaomistoreks.com\/en\/wp-json\/wp\/v2\/media?parent=18357"}],"wp:term":[{"taxonomy":"product_cat","embeddable":true,"href":"https:\/\/www.xiaomistoreks.com\/en\/wp-json\/wp\/v2\/product_cat?post=18357"},{"taxonomy":"product_tag","embeddable":true,"href":"https:\/\/www.xiaomistoreks.com\/en\/wp-json\/wp\/v2\/product_tag?post=18357"}],"curies":[{"name":"wp","href":"https:\/\/api.w.org\/{rel}","templated":true}]}}