{"id":18330,"date":"2025-03-17T14:20:36","date_gmt":"2025-03-17T14:20:36","guid":{"rendered":"https:\/\/www.xiaomistoreks.com\/?post_type=product&#038;p=18330"},"modified":"2026-04-10T07:30:08","modified_gmt":"2026-04-10T07:30:08","slug":"xiaomi-watch-charging-dock","status":"publish","type":"product","link":"https:\/\/www.xiaomistoreks.com\/en\/product\/xiaomi-watch-charging-dock\/","title":{"rendered":"Xiaomi Watch Charging Dock"},"content":{"rendered":"<p><a href=\"https:\/\/www.xiaomistoreks.com\/wp-content\/uploads\/2025\/03\/screencapture-mi-global-product-xiaomi-watch-charging-dock-2025-03-17-15_06_23_01.png\"><img fetchpriority=\"high\" decoding=\"async\" class=\"alignnone size-full wp-image-18337\" src=\"https:\/\/www.xiaomistoreks.com\/wp-content\/uploads\/2025\/03\/screencapture-mi-global-product-xiaomi-watch-charging-dock-2025-03-17-15_06_23_01.png\" alt=\"\" width=\"3360\" height=\"1894\" \/><\/a><a href=\"https:\/\/www.xiaomistoreks.com\/wp-content\/uploads\/2025\/03\/screencapture-mi-global-product-xiaomi-watch-charging-dock-2025-03-17-15_06_23_02-1.png\"><img decoding=\"async\" class=\"alignnone size-full wp-image-18341\" src=\"https:\/\/www.xiaomistoreks.com\/wp-content\/uploads\/2025\/03\/screencapture-mi-global-product-xiaomi-watch-charging-dock-2025-03-17-15_06_23_02-1.png\" alt=\"\" width=\"3360\" height=\"1951\" \/><\/a><a href=\"https:\/\/www.xiaomistoreks.com\/wp-content\/uploads\/2025\/03\/screencapture-mi-global-product-xiaomi-watch-charging-dock-2025-03-17-15_06_23_03-1.png\"><img decoding=\"async\" class=\"alignnone size-full wp-image-18340\" src=\"https:\/\/www.xiaomistoreks.com\/wp-content\/uploads\/2025\/03\/screencapture-mi-global-product-xiaomi-watch-charging-dock-2025-03-17-15_06_23_03-1.png\" alt=\"\" width=\"3360\" height=\"1853\" \/><\/a><\/p>\n","protected":false},"excerpt":{"rendered":"<p>Xiaomi Watch Charging Dock &#8211; Dock-i i karikimit me magnez q\u00eb siguron nj\u00eb p\u00ebrvoj\u00eb t\u00eb thjesht\u00eb dhe t\u00eb besueshme karikimi p\u00ebr or\u00ebn tuaj Xiaomi. Vet\u00ebm vendoseni or\u00ebn dhe ajo do t\u00eb lidhet automatikisht fal\u00eb magneteve. Baza e karikimit \u00ebsht\u00eb e nd\u00ebrtuar nga materiale PC t\u00eb q\u00ebndrueshme dhe t\u00eb izoluar nga nxeht\u00ebsia, duke ofruar nj\u00eb mbrojtje t\u00eb sigurt. Kablli i karikimit \u00ebsht\u00eb i b\u00ebr\u00eb nga material TPE, q\u00eb e b\u00ebn t\u00eb palossh\u00ebm dhe t\u00eb q\u00ebndruesh\u00ebm p\u00ebr p\u00ebrdorim t\u00eb p\u00ebrs\u00ebritur<\/p>\n","protected":false},"featured_media":18334,"template":"","meta":[],"product_cat":[171,176,177,221],"product_tag":[],"_links":{"self":[{"href":"https:\/\/www.xiaomistoreks.com\/en\/wp-json\/wp\/v2\/product\/18330"}],"collection":[{"href":"https:\/\/www.xiaomistoreks.com\/en\/wp-json\/wp\/v2\/product"}],"about":[{"href":"https:\/\/www.xiaomistoreks.com\/en\/wp-json\/wp\/v2\/types\/product"}],"version-history":[{"count":1,"href":"https:\/\/www.xiaomistoreks.com\/en\/wp-json\/wp\/v2\/product\/18330\/revisions"}],"predecessor-version":[{"id":18342,"href":"https:\/\/www.xiaomistoreks.com\/en\/wp-json\/wp\/v2\/product\/18330\/revisions\/18342"}],"wp:featuredmedia":[{"embeddable":true,"href":"https:\/\/www.xiaomistoreks.com\/en\/wp-json\/wp\/v2\/media\/18334"}],"wp:attachment":[{"href":"https:\/\/www.xiaomistoreks.com\/en\/wp-json\/wp\/v2\/media?parent=18330"}],"wp:term":[{"taxonomy":"product_cat","embeddable":true,"href":"https:\/\/www.xiaomistoreks.com\/en\/wp-json\/wp\/v2\/product_cat?post=18330"},{"taxonomy":"product_tag","embeddable":true,"href":"https:\/\/www.xiaomistoreks.com\/en\/wp-json\/wp\/v2\/product_tag?post=18330"}],"curies":[{"name":"wp","href":"https:\/\/api.w.org\/{rel}","templated":true}]}}