{"id":18318,"date":"2025-03-17T14:04:50","date_gmt":"2025-03-17T14:04:50","guid":{"rendered":"https:\/\/www.xiaomistoreks.com\/?post_type=product&#038;p=18318"},"modified":"2026-03-13T21:08:51","modified_gmt":"2026-03-13T21:08:51","slug":"xiaomi-smart-jump-rope","status":"publish","type":"product","link":"https:\/\/www.xiaomistoreks.com\/en\/product\/xiaomi-smart-jump-rope\/","title":{"rendered":"Xiaomi Smart Jump Rope"},"content":{"rendered":"<p><a href=\"https:\/\/www.xiaomistoreks.com\/wp-content\/uploads\/2025\/03\/screencapture-mi-uk-product-xiaomi-smart-jump-rope-2025-03-17-14_55_31_01-1.png\"><img fetchpriority=\"high\" decoding=\"async\" class=\"alignnone size-full wp-image-18328\" src=\"https:\/\/www.xiaomistoreks.com\/wp-content\/uploads\/2025\/03\/screencapture-mi-uk-product-xiaomi-smart-jump-rope-2025-03-17-14_55_31_01-1.png\" alt=\"\" width=\"1338\" height=\"1391\" \/><\/a><a href=\"https:\/\/www.xiaomistoreks.com\/wp-content\/uploads\/2025\/03\/screencapture-mi-uk-product-xiaomi-smart-jump-rope-2025-03-17-14_55_31_02.png\"><img decoding=\"async\" class=\"alignnone size-full wp-image-18323\" src=\"https:\/\/www.xiaomistoreks.com\/wp-content\/uploads\/2025\/03\/screencapture-mi-uk-product-xiaomi-smart-jump-rope-2025-03-17-14_55_31_02.png\" alt=\"\" width=\"1338\" height=\"1499\" \/><\/a><a href=\"https:\/\/www.xiaomistoreks.com\/wp-content\/uploads\/2025\/03\/screencapture-mi-uk-product-xiaomi-smart-jump-rope-2025-03-17-14_55_31_03.png\"><img decoding=\"async\" class=\"alignnone size-full wp-image-18324\" src=\"https:\/\/www.xiaomistoreks.com\/wp-content\/uploads\/2025\/03\/screencapture-mi-uk-product-xiaomi-smart-jump-rope-2025-03-17-14_55_31_03.png\" alt=\"\" width=\"1338\" height=\"1595\" \/><\/a><a href=\"https:\/\/www.xiaomistoreks.com\/wp-content\/uploads\/2025\/03\/screencapture-mi-uk-product-xiaomi-smart-jump-rope-2025-03-17-14_55_31_04.png\"><img loading=\"lazy\" decoding=\"async\" class=\"alignnone size-full wp-image-18325\" src=\"https:\/\/www.xiaomistoreks.com\/wp-content\/uploads\/2025\/03\/screencapture-mi-uk-product-xiaomi-smart-jump-rope-2025-03-17-14_55_31_04.png\" alt=\"\" width=\"1338\" height=\"1538\" \/><\/a><a href=\"https:\/\/www.xiaomistoreks.com\/wp-content\/uploads\/2025\/03\/screencapture-mi-uk-product-xiaomi-smart-jump-rope-2025-03-17-14_55_31_05.png\"><img loading=\"lazy\" decoding=\"async\" class=\"alignnone size-full wp-image-18326\" src=\"https:\/\/www.xiaomistoreks.com\/wp-content\/uploads\/2025\/03\/screencapture-mi-uk-product-xiaomi-smart-jump-rope-2025-03-17-14_55_31_05.png\" alt=\"\" width=\"1338\" height=\"1449\" \/><\/a><a href=\"https:\/\/www.xiaomistoreks.com\/wp-content\/uploads\/2025\/03\/screencapture-mi-uk-product-xiaomi-smart-jump-rope-2025-03-17-14_55_31_06.png\"><img loading=\"lazy\" decoding=\"async\" class=\"alignnone size-full wp-image-18327\" src=\"https:\/\/www.xiaomistoreks.com\/wp-content\/uploads\/2025\/03\/screencapture-mi-uk-product-xiaomi-smart-jump-rope-2025-03-17-14_55_31_06.png\" alt=\"\" width=\"1338\" height=\"718\" \/><\/a><\/p>\n","protected":false},"excerpt":{"rendered":"<p>Xiaomi Smart Jump Rope &#8211; Ky litar i men\u00e7ur ofron mund\u00ebsi trajnimi t\u00eb pasur p\u00ebr djegien e kalorive dhe p\u00ebrmir\u00ebsimin e kondit\u00ebs fizike. Me dy moda, me litar dhe pa litar, \u00ebsht\u00eb i p\u00ebrshtatsh\u00ebm p\u00ebr \u00e7do ambient, duke mund\u00ebsuar ushtrime brenda dhe jasht\u00eb. Posedon tre sensor\u00eb t\u00eb sakt\u00eb Hall p\u00ebr matje t\u00eb sakt\u00eb t\u00eb p\u00ebrs\u00ebritjeve dhe nj\u00eb ekran t\u00eb matri\u00e7es pa kufi p\u00ebr shikimin e t\u00eb dh\u00ebnave n\u00eb koh\u00eb reale. Mb\u00ebshtet trajnimin bazuar n\u00eb koh\u00eb, kalori, p\u00ebrs\u00ebritje dhe interval, dhe ofron nj\u00eb jet\u00ebgjat\u00ebsi baterie deri n\u00eb 20 dit\u00eb<\/p>\n","protected":false},"featured_media":18319,"template":"","meta":[],"product_cat":[176,194,188],"product_tag":[],"_links":{"self":[{"href":"https:\/\/www.xiaomistoreks.com\/en\/wp-json\/wp\/v2\/product\/18318"}],"collection":[{"href":"https:\/\/www.xiaomistoreks.com\/en\/wp-json\/wp\/v2\/product"}],"about":[{"href":"https:\/\/www.xiaomistoreks.com\/en\/wp-json\/wp\/v2\/types\/product"}],"version-history":[{"count":2,"href":"https:\/\/www.xiaomistoreks.com\/en\/wp-json\/wp\/v2\/product\/18318\/revisions"}],"predecessor-version":[{"id":21474,"href":"https:\/\/www.xiaomistoreks.com\/en\/wp-json\/wp\/v2\/product\/18318\/revisions\/21474"}],"wp:featuredmedia":[{"embeddable":true,"href":"https:\/\/www.xiaomistoreks.com\/en\/wp-json\/wp\/v2\/media\/18319"}],"wp:attachment":[{"href":"https:\/\/www.xiaomistoreks.com\/en\/wp-json\/wp\/v2\/media?parent=18318"}],"wp:term":[{"taxonomy":"product_cat","embeddable":true,"href":"https:\/\/www.xiaomistoreks.com\/en\/wp-json\/wp\/v2\/product_cat?post=18318"},{"taxonomy":"product_tag","embeddable":true,"href":"https:\/\/www.xiaomistoreks.com\/en\/wp-json\/wp\/v2\/product_tag?post=18318"}],"curies":[{"name":"wp","href":"https:\/\/api.w.org\/{rel}","templated":true}]}}