{"id":18288,"date":"2025-03-17T13:34:35","date_gmt":"2025-03-17T13:34:35","guid":{"rendered":"https:\/\/www.xiaomistoreks.com\/?post_type=product&#038;p=18288"},"modified":"2026-04-29T08:02:47","modified_gmt":"2026-04-29T08:02:47","slug":"xiaomi-smart-projector-l1","status":"publish","type":"product","link":"https:\/\/www.xiaomistoreks.com\/en\/product\/xiaomi-smart-projector-l1\/","title":{"rendered":"Xiaomi Smart Projector L1"},"content":{"rendered":"<p><a href=\"https:\/\/www.xiaomistoreks.com\/wp-content\/uploads\/2025\/03\/Xiaomi-Smart-Projector-L1-01_01.png\"><img fetchpriority=\"high\" decoding=\"async\" class=\"size-full wp-image-18292 aligncenter\" src=\"https:\/\/www.xiaomistoreks.com\/wp-content\/uploads\/2025\/03\/Xiaomi-Smart-Projector-L1-01_01.png\" alt=\"\" width=\"964\" height=\"1512\" \/><\/a> <a href=\"https:\/\/www.xiaomistoreks.com\/wp-content\/uploads\/2025\/03\/Xiaomi-Smart-Projector-L1-01_02.png\"><img decoding=\"async\" class=\"size-full wp-image-18293 aligncenter\" src=\"https:\/\/www.xiaomistoreks.com\/wp-content\/uploads\/2025\/03\/Xiaomi-Smart-Projector-L1-01_02.png\" alt=\"\" width=\"964\" height=\"1861\" \/><\/a> <a href=\"https:\/\/www.xiaomistoreks.com\/wp-content\/uploads\/2025\/03\/Xiaomi-Smart-Projector-L1-01_03.png\"><img decoding=\"async\" class=\"size-full wp-image-18294 aligncenter\" src=\"https:\/\/www.xiaomistoreks.com\/wp-content\/uploads\/2025\/03\/Xiaomi-Smart-Projector-L1-01_03.png\" alt=\"\" width=\"964\" height=\"1652\" \/><\/a> <a href=\"https:\/\/www.xiaomistoreks.com\/wp-content\/uploads\/2025\/03\/Xiaomi-Smart-Projector-L1-01_04.png\"><img loading=\"lazy\" decoding=\"async\" class=\"size-full wp-image-18295 aligncenter\" src=\"https:\/\/www.xiaomistoreks.com\/wp-content\/uploads\/2025\/03\/Xiaomi-Smart-Projector-L1-01_04.png\" alt=\"\" width=\"964\" height=\"1481\" \/><\/a> <a href=\"https:\/\/www.xiaomistoreks.com\/wp-content\/uploads\/2025\/03\/Xiaomi-Smart-Projector-L1-01_05.png\"><img loading=\"lazy\" decoding=\"async\" class=\"size-full wp-image-18296 aligncenter\" src=\"https:\/\/www.xiaomistoreks.com\/wp-content\/uploads\/2025\/03\/Xiaomi-Smart-Projector-L1-01_05.png\" alt=\"\" width=\"964\" height=\"1684\" \/><\/a> <a href=\"https:\/\/www.xiaomistoreks.com\/wp-content\/uploads\/2025\/03\/Xiaomi-Smart-Projector-L1-02_01.png\"><img loading=\"lazy\" decoding=\"async\" class=\"alignnone size-full wp-image-18297\" src=\"https:\/\/www.xiaomistoreks.com\/wp-content\/uploads\/2025\/03\/Xiaomi-Smart-Projector-L1-02_01.png\" alt=\"\" width=\"2614\" height=\"3643\" \/><\/a> <a href=\"https:\/\/www.xiaomistoreks.com\/wp-content\/uploads\/2025\/03\/Xiaomi-Smart-Projector-L1-02_02.png\"><img loading=\"lazy\" decoding=\"async\" class=\"alignnone size-full wp-image-18298\" src=\"https:\/\/www.xiaomistoreks.com\/wp-content\/uploads\/2025\/03\/Xiaomi-Smart-Projector-L1-02_02.png\" alt=\"\" width=\"2614\" height=\"4550\" \/><\/a><\/p>\n","protected":false},"excerpt":{"rendered":"<p>Xiaomi Smart Projector L1 &#8211; Projektori inteligjent me cil\u00ebsi t\u00eb lart\u00eb imazhi dhe zhurm\u00eb minimale. Me nj\u00eb lente optike t\u00eb sealur p\u00ebr shikim t\u00eb qart\u00eb dhe t\u00eb sakt\u00eb, mb\u00ebshtet rezolucion 1080p dhe mund t\u00eb shfaq\u00eb filma deri n\u00eb 120 in\u00e7. I pajisur me nj\u00eb sistem automatik p\u00ebr korrigjimin e imazhit, fokusim automatik dhe shmangien e pengesave, ky projektor \u00ebsht\u00eb ideal p\u00ebr \u00e7do mjedis. Me Google TV, mund t\u00eb aksesoni mbi 400,000 filma dhe shfaqje dhe t\u00eb shijoni nj\u00eb p\u00ebrvoj\u00eb kinematografike me tingull Dolby Audio\u2122<\/p>\n","protected":false},"featured_media":18289,"template":"","meta":[],"product_cat":[176,224,155],"product_tag":[],"_links":{"self":[{"href":"https:\/\/www.xiaomistoreks.com\/en\/wp-json\/wp\/v2\/product\/18288"}],"collection":[{"href":"https:\/\/www.xiaomistoreks.com\/en\/wp-json\/wp\/v2\/product"}],"about":[{"href":"https:\/\/www.xiaomistoreks.com\/en\/wp-json\/wp\/v2\/types\/product"}],"version-history":[{"count":1,"href":"https:\/\/www.xiaomistoreks.com\/en\/wp-json\/wp\/v2\/product\/18288\/revisions"}],"predecessor-version":[{"id":18299,"href":"https:\/\/www.xiaomistoreks.com\/en\/wp-json\/wp\/v2\/product\/18288\/revisions\/18299"}],"wp:featuredmedia":[{"embeddable":true,"href":"https:\/\/www.xiaomistoreks.com\/en\/wp-json\/wp\/v2\/media\/18289"}],"wp:attachment":[{"href":"https:\/\/www.xiaomistoreks.com\/en\/wp-json\/wp\/v2\/media?parent=18288"}],"wp:term":[{"taxonomy":"product_cat","embeddable":true,"href":"https:\/\/www.xiaomistoreks.com\/en\/wp-json\/wp\/v2\/product_cat?post=18288"},{"taxonomy":"product_tag","embeddable":true,"href":"https:\/\/www.xiaomistoreks.com\/en\/wp-json\/wp\/v2\/product_tag?post=18288"}],"curies":[{"name":"wp","href":"https:\/\/api.w.org\/{rel}","templated":true}]}}