{"id":18278,"date":"2025-03-17T13:18:58","date_gmt":"2025-03-17T13:18:58","guid":{"rendered":"https:\/\/www.xiaomistoreks.com\/?post_type=product&#038;p=18278"},"modified":"2026-05-11T10:01:22","modified_gmt":"2026-05-11T10:01:22","slug":"xiaomi-smart-band-9-active-strap","status":"publish","type":"product","link":"https:\/\/www.xiaomistoreks.com\/en\/product\/xiaomi-smart-band-9-active-strap\/","title":{"rendered":"Xiaomi Smart Band 9 Active Strap"},"content":{"rendered":"<p><a href=\"https:\/\/www.xiaomistoreks.com\/wp-content\/uploads\/2025\/03\/screencapture-mi-global-product-xiaomi-smart-band-9-active-strap-2025-03-17-14_03_23_01.png\"><img fetchpriority=\"high\" decoding=\"async\" class=\"alignnone size-full wp-image-18282\" src=\"https:\/\/www.xiaomistoreks.com\/wp-content\/uploads\/2025\/03\/screencapture-mi-global-product-xiaomi-smart-band-9-active-strap-2025-03-17-14_03_23_01.png\" alt=\"\" width=\"3360\" height=\"2155\" \/><\/a> <a href=\"https:\/\/www.xiaomistoreks.com\/wp-content\/uploads\/2025\/03\/screencapture-mi-global-product-xiaomi-smart-band-9-active-strap-2025-03-17-14_03_23_02.png\"><img decoding=\"async\" class=\"alignnone size-full wp-image-18283\" src=\"https:\/\/www.xiaomistoreks.com\/wp-content\/uploads\/2025\/03\/screencapture-mi-global-product-xiaomi-smart-band-9-active-strap-2025-03-17-14_03_23_02.png\" alt=\"\" width=\"3360\" height=\"2897\" \/><\/a> <a href=\"https:\/\/www.xiaomistoreks.com\/wp-content\/uploads\/2025\/03\/screencapture-mi-global-product-xiaomi-smart-band-9-active-strap-2025-03-17-14_03_23_03.png\"><img decoding=\"async\" class=\"alignnone size-full wp-image-18284\" src=\"https:\/\/www.xiaomistoreks.com\/wp-content\/uploads\/2025\/03\/screencapture-mi-global-product-xiaomi-smart-band-9-active-strap-2025-03-17-14_03_23_03.png\" alt=\"\" width=\"3360\" height=\"1724\" \/><\/a><\/p>\n","protected":false},"excerpt":{"rendered":"<p>Xiaomi Smart Band 9 Active Strap &#8211; Ky rrip p\u00ebr band\u00ebn Xiaomi Smart Band 9 ofron ngjyra t\u00eb ndryshme dhe nj\u00eb material TPU miq\u00ebsor me l\u00ebkur\u00ebn p\u00ebr rehati maksimale. E disponueshme n\u00eb ngjyra t\u00eb ndryshme si e zeza, e bardha beige, roz\u00eb dhe e verdha, ky rrip \u00ebsht\u00eb i leht\u00eb p\u00ebr t&#8217;u hequr dhe ofron nj\u00eb stil t\u00eb fresk\u00ebt. Rripi i ve\u00e7ant\u00eb lumnor siguron dukshm\u00ebri t\u00eb shtuar gjat\u00eb vrapimeve t\u00eb nat\u00ebs, duke e b\u00ebr\u00eb at\u00eb nj\u00eb zgjedhje t\u00eb shk\u00eblqyer p\u00ebr aktivist\u00ebt e nat\u00ebs.<\/p>\n","protected":false},"featured_media":18280,"template":"","meta":[],"product_cat":[176,188,192],"product_tag":[],"_links":{"self":[{"href":"https:\/\/www.xiaomistoreks.com\/en\/wp-json\/wp\/v2\/product\/18278"}],"collection":[{"href":"https:\/\/www.xiaomistoreks.com\/en\/wp-json\/wp\/v2\/product"}],"about":[{"href":"https:\/\/www.xiaomistoreks.com\/en\/wp-json\/wp\/v2\/types\/product"}],"version-history":[{"count":2,"href":"https:\/\/www.xiaomistoreks.com\/en\/wp-json\/wp\/v2\/product\/18278\/revisions"}],"predecessor-version":[{"id":18287,"href":"https:\/\/www.xiaomistoreks.com\/en\/wp-json\/wp\/v2\/product\/18278\/revisions\/18287"}],"wp:featuredmedia":[{"embeddable":true,"href":"https:\/\/www.xiaomistoreks.com\/en\/wp-json\/wp\/v2\/media\/18280"}],"wp:attachment":[{"href":"https:\/\/www.xiaomistoreks.com\/en\/wp-json\/wp\/v2\/media?parent=18278"}],"wp:term":[{"taxonomy":"product_cat","embeddable":true,"href":"https:\/\/www.xiaomistoreks.com\/en\/wp-json\/wp\/v2\/product_cat?post=18278"},{"taxonomy":"product_tag","embeddable":true,"href":"https:\/\/www.xiaomistoreks.com\/en\/wp-json\/wp\/v2\/product_tag?post=18278"}],"curies":[{"name":"wp","href":"https:\/\/api.w.org\/{rel}","templated":true}]}}