{"id":18202,"date":"2025-03-06T18:53:19","date_gmt":"2025-03-06T18:53:19","guid":{"rendered":"https:\/\/www.xiaomistoreks.com\/?post_type=product&#038;p=18202"},"modified":"2026-03-06T00:35:36","modified_gmt":"2026-03-06T00:35:36","slug":"xiaomi-pad-6s-pro","status":"publish","type":"product","link":"https:\/\/www.xiaomistoreks.com\/en\/product\/xiaomi-pad-6s-pro\/","title":{"rendered":"Xiaomi Pad 6S Pro"},"content":{"rendered":"<p><a href=\"https:\/\/www.xiaomistoreks.com\/wp-content\/uploads\/2025\/03\/screencapture-mi-global-product-xiaomi-pad-6s-pro-124-2025-03-06-19_39_53_01.png\"><img fetchpriority=\"high\" decoding=\"async\" class=\"size-full wp-image-18204 aligncenter\" src=\"https:\/\/www.xiaomistoreks.com\/wp-content\/uploads\/2025\/03\/screencapture-mi-global-product-xiaomi-pad-6s-pro-124-2025-03-06-19_39_53_01.png\" alt=\"\" width=\"1061\" height=\"1729\" \/><\/a> <a href=\"https:\/\/www.xiaomistoreks.com\/wp-content\/uploads\/2025\/03\/screencapture-mi-global-product-xiaomi-pad-6s-pro-124-2025-03-06-19_39_53_02.png\"><img decoding=\"async\" class=\"size-full wp-image-18205 aligncenter\" src=\"https:\/\/www.xiaomistoreks.com\/wp-content\/uploads\/2025\/03\/screencapture-mi-global-product-xiaomi-pad-6s-pro-124-2025-03-06-19_39_53_02.png\" alt=\"\" width=\"1061\" height=\"1504\" \/><\/a> <a href=\"https:\/\/www.xiaomistoreks.com\/wp-content\/uploads\/2025\/03\/screencapture-mi-global-product-xiaomi-pad-6s-pro-124-2025-03-06-19_39_53_03.png\"><img decoding=\"async\" class=\"size-full wp-image-18206 aligncenter\" src=\"https:\/\/www.xiaomistoreks.com\/wp-content\/uploads\/2025\/03\/screencapture-mi-global-product-xiaomi-pad-6s-pro-124-2025-03-06-19_39_53_03.png\" alt=\"\" width=\"1061\" height=\"1346\" \/><\/a> <a href=\"https:\/\/www.xiaomistoreks.com\/wp-content\/uploads\/2025\/03\/screencapture-mi-global-product-xiaomi-pad-6s-pro-124-2025-03-06-19_39_53_04.png\"><img loading=\"lazy\" decoding=\"async\" class=\"size-full wp-image-18207 aligncenter\" src=\"https:\/\/www.xiaomistoreks.com\/wp-content\/uploads\/2025\/03\/screencapture-mi-global-product-xiaomi-pad-6s-pro-124-2025-03-06-19_39_53_04.png\" alt=\"\" width=\"1061\" height=\"732\" \/><\/a> <a href=\"https:\/\/www.xiaomistoreks.com\/wp-content\/uploads\/2025\/03\/screencapture-mi-global-product-xiaomi-pad-6s-pro-124-2025-03-06-19_39_53_06.png\"><img loading=\"lazy\" decoding=\"async\" class=\"size-full wp-image-18208 aligncenter\" src=\"https:\/\/www.xiaomistoreks.com\/wp-content\/uploads\/2025\/03\/screencapture-mi-global-product-xiaomi-pad-6s-pro-124-2025-03-06-19_39_53_06.png\" alt=\"\" width=\"1061\" height=\"1678\" \/><\/a> <a href=\"https:\/\/www.xiaomistoreks.com\/wp-content\/uploads\/2025\/03\/screencapture-mi-global-product-xiaomi-pad-6s-pro-124-2025-03-06-19_39_53_05.png\"><img loading=\"lazy\" decoding=\"async\" class=\"size-full wp-image-18209 aligncenter\" src=\"https:\/\/www.xiaomistoreks.com\/wp-content\/uploads\/2025\/03\/screencapture-mi-global-product-xiaomi-pad-6s-pro-124-2025-03-06-19_39_53_05.png\" alt=\"\" width=\"1061\" height=\"1199\" \/><\/a><a href=\"https:\/\/www.xiaomistoreks.com\/wp-content\/uploads\/2025\/03\/screencapture-mi-global-product-xiaomi-pad-6s-pro-124-2025-03-06-19_39_53-3_01.png\"><img loading=\"lazy\" decoding=\"async\" class=\"size-full wp-image-18210 aligncenter\" src=\"https:\/\/www.xiaomistoreks.com\/wp-content\/uploads\/2025\/03\/screencapture-mi-global-product-xiaomi-pad-6s-pro-124-2025-03-06-19_39_53-3_01.png\" alt=\"\" width=\"977\" height=\"1331\" \/><\/a><a href=\"https:\/\/www.xiaomistoreks.com\/wp-content\/uploads\/2025\/03\/screencapture-mi-global-product-xiaomi-pad-6s-pro-124-2025-03-06-19_39_53-3_02.png\"><img loading=\"lazy\" decoding=\"async\" class=\"size-full wp-image-18211 aligncenter\" src=\"https:\/\/www.xiaomistoreks.com\/wp-content\/uploads\/2025\/03\/screencapture-mi-global-product-xiaomi-pad-6s-pro-124-2025-03-06-19_39_53-3_02.png\" alt=\"\" width=\"977\" height=\"1171\" \/><\/a><a href=\"https:\/\/www.xiaomistoreks.com\/wp-content\/uploads\/2025\/03\/screencapture-mi-global-product-xiaomi-pad-6s-pro-124-2025-03-06-19_39_53-3_03.png\"><img loading=\"lazy\" decoding=\"async\" class=\"size-full wp-image-18212 aligncenter\" src=\"https:\/\/www.xiaomistoreks.com\/wp-content\/uploads\/2025\/03\/screencapture-mi-global-product-xiaomi-pad-6s-pro-124-2025-03-06-19_39_53-3_03.png\" alt=\"\" width=\"977\" height=\"1394\" \/><\/a><a href=\"https:\/\/www.xiaomistoreks.com\/wp-content\/uploads\/2025\/03\/screencapture-mi-global-product-xiaomi-pad-6s-pro-124-2025-03-06-19_39_53-3_04.png\"><img loading=\"lazy\" decoding=\"async\" class=\"size-full wp-image-18213 aligncenter\" src=\"https:\/\/www.xiaomistoreks.com\/wp-content\/uploads\/2025\/03\/screencapture-mi-global-product-xiaomi-pad-6s-pro-124-2025-03-06-19_39_53-3_04.png\" alt=\"\" width=\"977\" height=\"1317\" \/><\/a><a href=\"https:\/\/www.xiaomistoreks.com\/wp-content\/uploads\/2025\/03\/screencapture-mi-global-product-xiaomi-pad-6s-pro-124-2025-03-06-19_39_53-3_05.png\"><img loading=\"lazy\" decoding=\"async\" class=\"size-full wp-image-18214 aligncenter\" src=\"https:\/\/www.xiaomistoreks.com\/wp-content\/uploads\/2025\/03\/screencapture-mi-global-product-xiaomi-pad-6s-pro-124-2025-03-06-19_39_53-3_05.png\" alt=\"\" width=\"977\" height=\"1694\" \/><\/a><a href=\"https:\/\/www.xiaomistoreks.com\/wp-content\/uploads\/2025\/03\/screencapture-mi-global-product-xiaomi-pad-6s-pro-124-2025-03-06-19_39_53-3_06.png\"><img loading=\"lazy\" decoding=\"async\" class=\"size-full wp-image-18215 aligncenter\" src=\"https:\/\/www.xiaomistoreks.com\/wp-content\/uploads\/2025\/03\/screencapture-mi-global-product-xiaomi-pad-6s-pro-124-2025-03-06-19_39_53-3_06.png\" alt=\"\" width=\"977\" height=\"1286\" \/><\/a><\/p>\n","protected":false},"excerpt":{"rendered":"<p>Xiaomi Pad 6S Pro 12.4 &#8211; Tablet i fuqish\u00ebm me ekran 12.4&#8243; 3K dhe rifreskim 144Hz p\u00ebr nj\u00eb p\u00ebrvoj\u00eb vizuale t\u00eb jasht\u00ebzakonshme. I pajisur me Snapdragon\u00ae 8 Gen 2 p\u00ebr performanc\u00eb t\u00eb lart\u00eb dhe Xiaomi HyperOS p\u00ebr produktivitet maksimal. Mb\u00ebshtet multitasking n\u00eb nivel kompjuteri, karikim ultra t\u00eb shpejt\u00eb 120W dhe tingull t\u00eb fuqish\u00ebm me 6 altoparlant\u00eb. P\u00ebrshtatshm\u00ebri e leht\u00eb me pajisje t\u00eb tjera p\u00ebr nj\u00eb ekosistem t\u00eb lidhur.<\/p>\n","protected":false},"featured_media":18203,"template":"","meta":[],"product_cat":[176,154,153],"product_tag":[],"_links":{"self":[{"href":"https:\/\/www.xiaomistoreks.com\/en\/wp-json\/wp\/v2\/product\/18202"}],"collection":[{"href":"https:\/\/www.xiaomistoreks.com\/en\/wp-json\/wp\/v2\/product"}],"about":[{"href":"https:\/\/www.xiaomistoreks.com\/en\/wp-json\/wp\/v2\/types\/product"}],"version-history":[{"count":2,"href":"https:\/\/www.xiaomistoreks.com\/en\/wp-json\/wp\/v2\/product\/18202\/revisions"}],"predecessor-version":[{"id":20344,"href":"https:\/\/www.xiaomistoreks.com\/en\/wp-json\/wp\/v2\/product\/18202\/revisions\/20344"}],"wp:featuredmedia":[{"embeddable":true,"href":"https:\/\/www.xiaomistoreks.com\/en\/wp-json\/wp\/v2\/media\/18203"}],"wp:attachment":[{"href":"https:\/\/www.xiaomistoreks.com\/en\/wp-json\/wp\/v2\/media?parent=18202"}],"wp:term":[{"taxonomy":"product_cat","embeddable":true,"href":"https:\/\/www.xiaomistoreks.com\/en\/wp-json\/wp\/v2\/product_cat?post=18202"},{"taxonomy":"product_tag","embeddable":true,"href":"https:\/\/www.xiaomistoreks.com\/en\/wp-json\/wp\/v2\/product_tag?post=18202"}],"curies":[{"name":"wp","href":"https:\/\/api.w.org\/{rel}","templated":true}]}}