{"id":18129,"date":"2025-03-03T12:12:40","date_gmt":"2025-03-03T12:12:40","guid":{"rendered":"https:\/\/www.xiaomistoreks.com\/?post_type=product&#038;p=18129"},"modified":"2026-05-11T11:16:03","modified_gmt":"2026-05-11T11:16:03","slug":"redmi-watch-5","status":"publish","type":"product","link":"https:\/\/www.xiaomistoreks.com\/en\/product\/redmi-watch-5\/","title":{"rendered":"Redmi Watch 5"},"content":{"rendered":"<p><a href=\"https:\/\/www.xiaomistoreks.com\/wp-content\/uploads\/2025\/03\/redmi-watch-5-2025-01_01.png\"><img fetchpriority=\"high\" decoding=\"async\" class=\"alignnone size-full wp-image-18136\" src=\"https:\/\/www.xiaomistoreks.com\/wp-content\/uploads\/2025\/03\/redmi-watch-5-2025-01_01.png\" alt=\"\" width=\"1012\" height=\"544\" \/><\/a> <a href=\"https:\/\/www.xiaomistoreks.com\/wp-content\/uploads\/2025\/03\/redmi-watch-5-2025-01_02.png\"><img decoding=\"async\" class=\"alignnone size-full wp-image-18137\" src=\"https:\/\/www.xiaomistoreks.com\/wp-content\/uploads\/2025\/03\/redmi-watch-5-2025-01_02.png\" alt=\"\" width=\"1012\" height=\"1089\" \/><\/a> <a href=\"https:\/\/www.xiaomistoreks.com\/wp-content\/uploads\/2025\/03\/redmi-watch-5-2025-01_03.png\"><img decoding=\"async\" class=\"alignnone size-full wp-image-18138\" src=\"https:\/\/www.xiaomistoreks.com\/wp-content\/uploads\/2025\/03\/redmi-watch-5-2025-01_03.png\" alt=\"\" width=\"1012\" height=\"1277\" \/><\/a> <a href=\"https:\/\/www.xiaomistoreks.com\/wp-content\/uploads\/2025\/03\/redmi-watch-5-2025-01_04.png\"><img loading=\"lazy\" decoding=\"async\" class=\"alignnone size-full wp-image-18139\" src=\"https:\/\/www.xiaomistoreks.com\/wp-content\/uploads\/2025\/03\/redmi-watch-5-2025-01_04.png\" alt=\"\" width=\"1012\" height=\"1268\" \/><\/a> <a href=\"https:\/\/www.xiaomistoreks.com\/wp-content\/uploads\/2025\/03\/redmi-watch-5-2025-01_05.png\"><img loading=\"lazy\" decoding=\"async\" class=\"alignnone size-full wp-image-18140\" src=\"https:\/\/www.xiaomistoreks.com\/wp-content\/uploads\/2025\/03\/redmi-watch-5-2025-01_05.png\" alt=\"\" width=\"1012\" height=\"1580\" \/><\/a> <a href=\"https:\/\/www.xiaomistoreks.com\/wp-content\/uploads\/2025\/03\/redmi-watch-5-2025-01_06.png\"><img loading=\"lazy\" decoding=\"async\" class=\"alignnone size-full wp-image-18141\" src=\"https:\/\/www.xiaomistoreks.com\/wp-content\/uploads\/2025\/03\/redmi-watch-5-2025-01_06.png\" alt=\"\" width=\"1012\" height=\"1153\" \/><\/a> <a href=\"https:\/\/www.xiaomistoreks.com\/wp-content\/uploads\/2025\/03\/redmi-watch-5-2025-01_07.png\"><img loading=\"lazy\" decoding=\"async\" class=\"alignnone size-full wp-image-18142\" src=\"https:\/\/www.xiaomistoreks.com\/wp-content\/uploads\/2025\/03\/redmi-watch-5-2025-01_07.png\" alt=\"\" width=\"1012\" height=\"1282\" \/><\/a> <a href=\"https:\/\/www.xiaomistoreks.com\/wp-content\/uploads\/2025\/03\/redmi-watch-5-2025-02_01.png\"><img loading=\"lazy\" decoding=\"async\" class=\"alignnone size-full wp-image-18143\" src=\"https:\/\/www.xiaomistoreks.com\/wp-content\/uploads\/2025\/03\/redmi-watch-5-2025-02_01.png\" alt=\"\" width=\"1717\" height=\"1932\" \/><\/a> <a href=\"https:\/\/www.xiaomistoreks.com\/wp-content\/uploads\/2025\/03\/redmi-watch-5-2025-02_02.png\"><img loading=\"lazy\" decoding=\"async\" class=\"alignnone size-full wp-image-18144\" src=\"https:\/\/www.xiaomistoreks.com\/wp-content\/uploads\/2025\/03\/redmi-watch-5-2025-02_02.png\" alt=\"\" width=\"1717\" height=\"3013\" \/><\/a> <a href=\"https:\/\/www.xiaomistoreks.com\/wp-content\/uploads\/2025\/03\/redmi-watch-5-2025-02_03.png\"><img loading=\"lazy\" decoding=\"async\" class=\"alignnone size-full wp-image-18145\" src=\"https:\/\/www.xiaomistoreks.com\/wp-content\/uploads\/2025\/03\/redmi-watch-5-2025-02_03.png\" alt=\"\" width=\"1717\" height=\"2261\" \/><\/a> <a href=\"https:\/\/www.xiaomistoreks.com\/wp-content\/uploads\/2025\/03\/redmi-watch-5-2025-02_04.png\"><img loading=\"lazy\" decoding=\"async\" class=\"alignnone size-full wp-image-18146\" src=\"https:\/\/www.xiaomistoreks.com\/wp-content\/uploads\/2025\/03\/redmi-watch-5-2025-02_04.png\" alt=\"\" width=\"1717\" height=\"984\" \/><\/a><\/p>\n","protected":false},"excerpt":{"rendered":"<p>Redmi Watch 5 &#8211; Nj\u00eb or\u00eb inteligjente me ekran AMOLED 2.07&#8243; ultra t\u00eb holl\u00eb dhe nj\u00eb dizajn modern q\u00eb ofron performanc\u00eb vizuale t\u00eb shk\u00eblqyer. Me bateri q\u00eb zgjat deri n\u00eb 24 dit\u00eb dhe monitorim t\u00eb vazhduesh\u00ebm t\u00eb sh\u00ebndetit, p\u00ebrfshir\u00eb matjen e ritmit t\u00eb zemr\u00ebs dhe nivelit t\u00eb oksigjenit n\u00eb gjak. P\u00ebrfshin mbi 150 m\u00ebnyra sportive dhe 5ATM mbrojtje nga uji, duke e b\u00ebr\u00eb t\u00eb p\u00ebrshtatshme p\u00ebr aktivitete n\u00eb uj\u00eb. Drit\u00eb vibrimi t\u00eb p\u00ebrmir\u00ebsuar dhe mund\u00ebsi p\u00ebr t\u00eb p\u00ebrgjigjur thirrjeve dhe d\u00ebgjuar muzik\u00eb pa nevoj\u00ebn e telefonit. Struktura e shpejt\u00eb e \u00e7montimit dhe dizajni elegant e b\u00ebjn\u00eb k\u00ebt\u00eb or\u00eb nj\u00eb zgjedhje t\u00eb shk\u00eblqyer p\u00ebr p\u00ebrdorim t\u00eb p\u00ebrditsh\u00ebm.<\/p>\n","protected":false},"featured_media":18135,"template":"","meta":[],"product_cat":[176,188,221],"product_tag":[],"_links":{"self":[{"href":"https:\/\/www.xiaomistoreks.com\/en\/wp-json\/wp\/v2\/product\/18129"}],"collection":[{"href":"https:\/\/www.xiaomistoreks.com\/en\/wp-json\/wp\/v2\/product"}],"about":[{"href":"https:\/\/www.xiaomistoreks.com\/en\/wp-json\/wp\/v2\/types\/product"}],"version-history":[{"count":2,"href":"https:\/\/www.xiaomistoreks.com\/en\/wp-json\/wp\/v2\/product\/18129\/revisions"}],"predecessor-version":[{"id":18191,"href":"https:\/\/www.xiaomistoreks.com\/en\/wp-json\/wp\/v2\/product\/18129\/revisions\/18191"}],"wp:featuredmedia":[{"embeddable":true,"href":"https:\/\/www.xiaomistoreks.com\/en\/wp-json\/wp\/v2\/media\/18135"}],"wp:attachment":[{"href":"https:\/\/www.xiaomistoreks.com\/en\/wp-json\/wp\/v2\/media?parent=18129"}],"wp:term":[{"taxonomy":"product_cat","embeddable":true,"href":"https:\/\/www.xiaomistoreks.com\/en\/wp-json\/wp\/v2\/product_cat?post=18129"},{"taxonomy":"product_tag","embeddable":true,"href":"https:\/\/www.xiaomistoreks.com\/en\/wp-json\/wp\/v2\/product_tag?post=18129"}],"curies":[{"name":"wp","href":"https:\/\/api.w.org\/{rel}","templated":true}]}}