{"id":18094,"date":"2025-03-03T11:36:42","date_gmt":"2025-03-03T11:36:42","guid":{"rendered":"https:\/\/www.xiaomistoreks.com\/?post_type=product&#038;p=18094"},"modified":"2026-04-10T07:22:07","modified_gmt":"2026-04-10T07:22:07","slug":"xiaomi-handheld-steam-iron","status":"publish","type":"product","link":"https:\/\/www.xiaomistoreks.com\/en\/product\/xiaomi-handheld-steam-iron\/","title":{"rendered":"Xiaomi Handheld Steam Iron"},"content":{"rendered":"<p><a href=\"https:\/\/www.xiaomistoreks.com\/wp-content\/uploads\/2025\/03\/xiaomi-handheld-steam-iron-2025-01_01.png\"><img fetchpriority=\"high\" decoding=\"async\" class=\"size-full wp-image-18098 aligncenter\" src=\"https:\/\/www.xiaomistoreks.com\/wp-content\/uploads\/2025\/03\/xiaomi-handheld-steam-iron-2025-01_01.png\" alt=\"\" width=\"993\" height=\"700\" \/><\/a> <a href=\"https:\/\/www.xiaomistoreks.com\/wp-content\/uploads\/2025\/03\/xiaomi-handheld-steam-iron-2025-01_02.png\"><img decoding=\"async\" class=\"size-full wp-image-18099 aligncenter\" src=\"https:\/\/www.xiaomistoreks.com\/wp-content\/uploads\/2025\/03\/xiaomi-handheld-steam-iron-2025-01_02.png\" alt=\"\" width=\"993\" height=\"1176\" \/><\/a> <a href=\"https:\/\/www.xiaomistoreks.com\/wp-content\/uploads\/2025\/03\/xiaomi-handheld-steam-iron-2025-01_03.png\"><img decoding=\"async\" class=\"size-full wp-image-18100 aligncenter\" src=\"https:\/\/www.xiaomistoreks.com\/wp-content\/uploads\/2025\/03\/xiaomi-handheld-steam-iron-2025-01_03.png\" alt=\"\" width=\"993\" height=\"944\" \/><\/a> <a href=\"https:\/\/www.xiaomistoreks.com\/wp-content\/uploads\/2025\/03\/xiaomi-handheld-steam-iron-2025-01_04.png\"><img loading=\"lazy\" decoding=\"async\" class=\"size-full wp-image-18101 aligncenter\" src=\"https:\/\/www.xiaomistoreks.com\/wp-content\/uploads\/2025\/03\/xiaomi-handheld-steam-iron-2025-01_04.png\" alt=\"\" width=\"993\" height=\"1155\" \/><\/a> <a href=\"https:\/\/www.xiaomistoreks.com\/wp-content\/uploads\/2025\/03\/xiaomi-handheld-steam-iron-2025-01_05.png\"><img loading=\"lazy\" decoding=\"async\" class=\"size-full wp-image-18102 aligncenter\" src=\"https:\/\/www.xiaomistoreks.com\/wp-content\/uploads\/2025\/03\/xiaomi-handheld-steam-iron-2025-01_05.png\" alt=\"\" width=\"993\" height=\"1298\" \/><\/a> <a href=\"https:\/\/www.xiaomistoreks.com\/wp-content\/uploads\/2025\/03\/xiaomi-handheld-steam-iron-2025-01_06.png\"><img loading=\"lazy\" decoding=\"async\" class=\"size-full wp-image-18103 aligncenter\" src=\"https:\/\/www.xiaomistoreks.com\/wp-content\/uploads\/2025\/03\/xiaomi-handheld-steam-iron-2025-01_06.png\" alt=\"\" width=\"993\" height=\"1116\" \/><\/a> <a href=\"https:\/\/www.xiaomistoreks.com\/wp-content\/uploads\/2025\/03\/xiaomi-handheld-steam-iron-2025-01_07.png\"><img loading=\"lazy\" decoding=\"async\" class=\"size-full wp-image-18104 aligncenter\" src=\"https:\/\/www.xiaomistoreks.com\/wp-content\/uploads\/2025\/03\/xiaomi-handheld-steam-iron-2025-01_07.png\" alt=\"\" width=\"993\" height=\"1047\" \/><\/a> <a href=\"https:\/\/www.xiaomistoreks.com\/wp-content\/uploads\/2025\/03\/xiaomi-handheld-steam-iron-2025-01_08.png\"><img loading=\"lazy\" decoding=\"async\" class=\"alignnone size-full wp-image-18105\" src=\"https:\/\/www.xiaomistoreks.com\/wp-content\/uploads\/2025\/03\/xiaomi-handheld-steam-iron-2025-01_08.png\" alt=\"\" width=\"993\" height=\"758\" \/><\/a><\/p>\n","protected":false},"excerpt":{"rendered":"<p>Xiaomi Handheld Steam Iron &#8211; \u00c7el\u00ebsi p\u00ebr nj\u00eb hekurosje t\u00eb shpejt\u00eb dhe efikase! Me teknologjin\u00eb e presionit t\u00eb lart\u00eb dhe 10 vrima avulli, kjo hekur mund\u00ebson hekurosje t\u00eb shpejt\u00eb dhe t\u00eb thell\u00eb pa d\u00ebmtuar rrobat. N\u00eb vet\u00ebm 30 sekonda ngrohje, ofron mod\u00eb t\u00eb ndryshme p\u00ebr hekurosje t\u00eb rrobave t\u00eb buta dhe ato t\u00eb trash\u00eb. Me nj\u00eb kapacitet uji 150ml dhe mbrojtje kund\u00ebr nxeht\u00ebsis\u00eb, \u00ebsht\u00eb e sigurt dhe praktike. P\u00ebr m\u00eb shum\u00eb rehati, ka nj\u00eb dizajn komod dhe nj\u00eb sistem automatik p\u00ebr hedhjen e avullit.<\/p>\n","protected":false},"featured_media":18096,"template":"","meta":[],"product_cat":[176,169],"product_tag":[],"_links":{"self":[{"href":"https:\/\/www.xiaomistoreks.com\/en\/wp-json\/wp\/v2\/product\/18094"}],"collection":[{"href":"https:\/\/www.xiaomistoreks.com\/en\/wp-json\/wp\/v2\/product"}],"about":[{"href":"https:\/\/www.xiaomistoreks.com\/en\/wp-json\/wp\/v2\/types\/product"}],"version-history":[{"count":1,"href":"https:\/\/www.xiaomistoreks.com\/en\/wp-json\/wp\/v2\/product\/18094\/revisions"}],"predecessor-version":[{"id":18106,"href":"https:\/\/www.xiaomistoreks.com\/en\/wp-json\/wp\/v2\/product\/18094\/revisions\/18106"}],"wp:featuredmedia":[{"embeddable":true,"href":"https:\/\/www.xiaomistoreks.com\/en\/wp-json\/wp\/v2\/media\/18096"}],"wp:attachment":[{"href":"https:\/\/www.xiaomistoreks.com\/en\/wp-json\/wp\/v2\/media?parent=18094"}],"wp:term":[{"taxonomy":"product_cat","embeddable":true,"href":"https:\/\/www.xiaomistoreks.com\/en\/wp-json\/wp\/v2\/product_cat?post=18094"},{"taxonomy":"product_tag","embeddable":true,"href":"https:\/\/www.xiaomistoreks.com\/en\/wp-json\/wp\/v2\/product_tag?post=18094"}],"curies":[{"name":"wp","href":"https:\/\/api.w.org\/{rel}","templated":true}]}}