{"id":18076,"date":"2025-03-03T11:32:35","date_gmt":"2025-03-03T11:32:35","guid":{"rendered":"https:\/\/www.xiaomistoreks.com\/?post_type=product&#038;p=18076"},"modified":"2026-04-21T15:57:03","modified_gmt":"2026-04-21T15:57:03","slug":"xiaomi-smart-camera-c500-dual","status":"publish","type":"product","link":"https:\/\/www.xiaomistoreks.com\/en\/product\/xiaomi-smart-camera-c500-dual\/","title":{"rendered":"Xiaomi Smart Camera C500 Dual"},"content":{"rendered":"<p><a href=\"https:\/\/www.xiaomistoreks.com\/wp-content\/uploads\/2025\/03\/xiaomi-smart-camera-c500-dual-2025-01_01.png\"><img fetchpriority=\"high\" decoding=\"async\" class=\"size-full wp-image-18080 aligncenter\" src=\"https:\/\/www.xiaomistoreks.com\/wp-content\/uploads\/2025\/03\/xiaomi-smart-camera-c500-dual-2025-01_01.png\" alt=\"\" width=\"567\" height=\"642\" \/><\/a> <a href=\"https:\/\/www.xiaomistoreks.com\/wp-content\/uploads\/2025\/03\/xiaomi-smart-camera-c500-dual-2025-01_02.png\"><img decoding=\"async\" class=\"size-full wp-image-18081 aligncenter\" src=\"https:\/\/www.xiaomistoreks.com\/wp-content\/uploads\/2025\/03\/xiaomi-smart-camera-c500-dual-2025-01_02.png\" alt=\"\" width=\"567\" height=\"611\" \/><\/a> <a href=\"https:\/\/www.xiaomistoreks.com\/wp-content\/uploads\/2025\/03\/xiaomi-smart-camera-c500-dual-2025-01_03.png\"><img decoding=\"async\" class=\"size-full wp-image-18082 aligncenter\" src=\"https:\/\/www.xiaomistoreks.com\/wp-content\/uploads\/2025\/03\/xiaomi-smart-camera-c500-dual-2025-01_03.png\" alt=\"\" width=\"567\" height=\"551\" \/><\/a> <a href=\"https:\/\/www.xiaomistoreks.com\/wp-content\/uploads\/2025\/03\/xiaomi-smart-camera-c500-dual-2025-01_04.png\"><img loading=\"lazy\" decoding=\"async\" class=\"size-full wp-image-18083 aligncenter\" src=\"https:\/\/www.xiaomistoreks.com\/wp-content\/uploads\/2025\/03\/xiaomi-smart-camera-c500-dual-2025-01_04.png\" alt=\"\" width=\"567\" height=\"783\" \/><\/a> <a href=\"https:\/\/www.xiaomistoreks.com\/wp-content\/uploads\/2025\/03\/xiaomi-smart-camera-c500-dual-2025-01_05.png\"><img loading=\"lazy\" decoding=\"async\" class=\"size-full wp-image-18084 aligncenter\" src=\"https:\/\/www.xiaomistoreks.com\/wp-content\/uploads\/2025\/03\/xiaomi-smart-camera-c500-dual-2025-01_05.png\" alt=\"\" width=\"567\" height=\"629\" \/><\/a> <a href=\"https:\/\/www.xiaomistoreks.com\/wp-content\/uploads\/2025\/03\/xiaomi-smart-camera-c500-dual-2025-01_06.png\"><img loading=\"lazy\" decoding=\"async\" class=\"size-full wp-image-18085 aligncenter\" src=\"https:\/\/www.xiaomistoreks.com\/wp-content\/uploads\/2025\/03\/xiaomi-smart-camera-c500-dual-2025-01_06.png\" alt=\"\" width=\"567\" height=\"713\" \/><\/a> <a href=\"https:\/\/www.xiaomistoreks.com\/wp-content\/uploads\/2025\/03\/xiaomi-smart-camera-c500-dual-2025-01_07.png\"><img loading=\"lazy\" decoding=\"async\" class=\"size-full wp-image-18086 aligncenter\" src=\"https:\/\/www.xiaomistoreks.com\/wp-content\/uploads\/2025\/03\/xiaomi-smart-camera-c500-dual-2025-01_07.png\" alt=\"\" width=\"567\" height=\"576\" \/><\/a> <a href=\"https:\/\/www.xiaomistoreks.com\/wp-content\/uploads\/2025\/03\/xiaomi-smart-camera-c500-dual-2025-01_08.png\"><img loading=\"lazy\" decoding=\"async\" class=\"size-full wp-image-18087 aligncenter\" src=\"https:\/\/www.xiaomistoreks.com\/wp-content\/uploads\/2025\/03\/xiaomi-smart-camera-c500-dual-2025-01_08.png\" alt=\"\" width=\"567\" height=\"458\" \/><\/a> <a href=\"https:\/\/www.xiaomistoreks.com\/wp-content\/uploads\/2025\/03\/xiaomi-smart-camera-c500-dual-2025-01_09.png\"><img loading=\"lazy\" decoding=\"async\" class=\"size-full wp-image-18088 aligncenter\" src=\"https:\/\/www.xiaomistoreks.com\/wp-content\/uploads\/2025\/03\/xiaomi-smart-camera-c500-dual-2025-01_09.png\" alt=\"\" width=\"567\" height=\"527\" \/><\/a> <a href=\"https:\/\/www.xiaomistoreks.com\/wp-content\/uploads\/2025\/03\/xiaomi-smart-camera-c500-dual-2025-01_10.png\"><img loading=\"lazy\" decoding=\"async\" class=\"size-full wp-image-18089 aligncenter\" src=\"https:\/\/www.xiaomistoreks.com\/wp-content\/uploads\/2025\/03\/xiaomi-smart-camera-c500-dual-2025-01_10.png\" alt=\"\" width=\"567\" height=\"653\" \/><\/a> <a href=\"https:\/\/www.xiaomistoreks.com\/wp-content\/uploads\/2025\/03\/xiaomi-smart-camera-c500-dual-2025-01_11.png\"><img loading=\"lazy\" decoding=\"async\" class=\"size-full wp-image-18090 aligncenter\" src=\"https:\/\/www.xiaomistoreks.com\/wp-content\/uploads\/2025\/03\/xiaomi-smart-camera-c500-dual-2025-01_11.png\" alt=\"\" width=\"567\" height=\"751\" \/><\/a> <a href=\"https:\/\/www.xiaomistoreks.com\/wp-content\/uploads\/2025\/03\/xiaomi-smart-camera-c500-dual-2025-01_12.png\"><img loading=\"lazy\" decoding=\"async\" class=\"size-full wp-image-18091 aligncenter\" src=\"https:\/\/www.xiaomistoreks.com\/wp-content\/uploads\/2025\/03\/xiaomi-smart-camera-c500-dual-2025-01_12.png\" alt=\"\" width=\"567\" height=\"649\" \/><\/a> <a href=\"https:\/\/www.xiaomistoreks.com\/wp-content\/uploads\/2025\/03\/xiaomi-smart-camera-c500-dual-2025-01_13.png\"><img loading=\"lazy\" decoding=\"async\" class=\"size-full wp-image-18092 aligncenter\" src=\"https:\/\/www.xiaomistoreks.com\/wp-content\/uploads\/2025\/03\/xiaomi-smart-camera-c500-dual-2025-01_13.png\" alt=\"\" width=\"567\" height=\"648\" \/><\/a><\/p>\n","protected":false},"excerpt":{"rendered":"<p>Xiaomi Smart Camera C500 Dual &#8211; Kamera inteligjente me dy lente ofron mbik\u00ebqyrje t\u00eb p\u00ebrmir\u00ebsuar. Me rezolucion 4MP dhe mund\u00ebsin\u00eb p\u00ebr t\u00eb monitoruar dy drejtime n\u00eb t\u00eb nj\u00ebjt\u00ebn koh\u00eb, ajo ul ndjesh\u00ebm pik\u00ebverbimet. Teknologjia AI mund\u00ebson njohjen e l\u00ebvizjeve t\u00eb njer\u00ebzve dhe kafsh\u00ebve, dhe madje detekton qarjet e f\u00ebmij\u00ebve n\u00eb koh\u00eb reale. Kamera ofron vizion t\u00eb ngjyrave gjat\u00eb nat\u00ebs dhe nj\u00eb lidhje Wi-Fi 6 p\u00ebr transmetim t\u00eb shpejt\u00eb. Mund t\u00eb lidhet me aplikacione t\u00eb tjera, si Google Home dhe Alexa, p\u00ebr m\u00eb shum\u00eb komoditet.<\/p>\n","protected":false},"featured_media":18079,"template":"","meta":[],"product_cat":[176,214],"product_tag":[],"_links":{"self":[{"href":"https:\/\/www.xiaomistoreks.com\/en\/wp-json\/wp\/v2\/product\/18076"}],"collection":[{"href":"https:\/\/www.xiaomistoreks.com\/en\/wp-json\/wp\/v2\/product"}],"about":[{"href":"https:\/\/www.xiaomistoreks.com\/en\/wp-json\/wp\/v2\/types\/product"}],"version-history":[{"count":2,"href":"https:\/\/www.xiaomistoreks.com\/en\/wp-json\/wp\/v2\/product\/18076\/revisions"}],"predecessor-version":[{"id":19579,"href":"https:\/\/www.xiaomistoreks.com\/en\/wp-json\/wp\/v2\/product\/18076\/revisions\/19579"}],"wp:featuredmedia":[{"embeddable":true,"href":"https:\/\/www.xiaomistoreks.com\/en\/wp-json\/wp\/v2\/media\/18079"}],"wp:attachment":[{"href":"https:\/\/www.xiaomistoreks.com\/en\/wp-json\/wp\/v2\/media?parent=18076"}],"wp:term":[{"taxonomy":"product_cat","embeddable":true,"href":"https:\/\/www.xiaomistoreks.com\/en\/wp-json\/wp\/v2\/product_cat?post=18076"},{"taxonomy":"product_tag","embeddable":true,"href":"https:\/\/www.xiaomistoreks.com\/en\/wp-json\/wp\/v2\/product_tag?post=18076"}],"curies":[{"name":"wp","href":"https:\/\/api.w.org\/{rel}","templated":true}]}}