{"id":18060,"date":"2025-03-03T11:25:35","date_gmt":"2025-03-03T11:25:35","guid":{"rendered":"https:\/\/www.xiaomistoreks.com\/?post_type=product&#038;p=18060"},"modified":"2026-04-27T15:32:24","modified_gmt":"2026-04-27T15:32:24","slug":"xiaomi-outdoor-camera-cw500-dual","status":"publish","type":"product","link":"https:\/\/www.xiaomistoreks.com\/en\/product\/xiaomi-outdoor-camera-cw500-dual\/","title":{"rendered":"Xiaomi Outdoor Camera CW500 Dual"},"content":{"rendered":"<p><a href=\"https:\/\/www.xiaomistoreks.com\/wp-content\/uploads\/2025\/03\/xiaomi-outdoor-camera-cw500-dual-2025-01_01.jpg\"><img fetchpriority=\"high\" decoding=\"async\" class=\"alignnone size-full wp-image-18063\" src=\"https:\/\/www.xiaomistoreks.com\/wp-content\/uploads\/2025\/03\/xiaomi-outdoor-camera-cw500-dual-2025-01_01.jpg\" alt=\"\" width=\"1920\" height=\"1695\" \/><\/a> <a href=\"https:\/\/www.xiaomistoreks.com\/wp-content\/uploads\/2025\/03\/xiaomi-outdoor-camera-cw500-dual-2025-01_02.jpg\"><img decoding=\"async\" class=\"alignnone size-full wp-image-18064\" src=\"https:\/\/www.xiaomistoreks.com\/wp-content\/uploads\/2025\/03\/xiaomi-outdoor-camera-cw500-dual-2025-01_02.jpg\" alt=\"\" width=\"1920\" height=\"1879\" \/><\/a> <a href=\"https:\/\/www.xiaomistoreks.com\/wp-content\/uploads\/2025\/03\/xiaomi-outdoor-camera-cw500-dual-2025-01_03.jpg\"><img decoding=\"async\" class=\"alignnone size-full wp-image-18065\" src=\"https:\/\/www.xiaomistoreks.com\/wp-content\/uploads\/2025\/03\/xiaomi-outdoor-camera-cw500-dual-2025-01_03.jpg\" alt=\"\" width=\"1920\" height=\"1512\" \/><\/a> <a href=\"https:\/\/www.xiaomistoreks.com\/wp-content\/uploads\/2025\/03\/xiaomi-outdoor-camera-cw500-dual-2025-01_04.jpg\"><img loading=\"lazy\" decoding=\"async\" class=\"alignnone size-full wp-image-18066\" src=\"https:\/\/www.xiaomistoreks.com\/wp-content\/uploads\/2025\/03\/xiaomi-outdoor-camera-cw500-dual-2025-01_04.jpg\" alt=\"\" width=\"1920\" height=\"2553\" \/><\/a> <a href=\"https:\/\/www.xiaomistoreks.com\/wp-content\/uploads\/2025\/03\/xiaomi-outdoor-camera-cw500-dual-2025-01_05.jpg\"><img loading=\"lazy\" decoding=\"async\" class=\"alignnone size-full wp-image-18067\" src=\"https:\/\/www.xiaomistoreks.com\/wp-content\/uploads\/2025\/03\/xiaomi-outdoor-camera-cw500-dual-2025-01_05.jpg\" alt=\"\" width=\"1920\" height=\"1952\" \/><\/a> <a href=\"https:\/\/www.xiaomistoreks.com\/wp-content\/uploads\/2025\/03\/xiaomi-outdoor-camera-cw500-dual-2025-01_06-scaled.jpg\"><img loading=\"lazy\" decoding=\"async\" class=\"alignnone size-full wp-image-18068\" src=\"https:\/\/www.xiaomistoreks.com\/wp-content\/uploads\/2025\/03\/xiaomi-outdoor-camera-cw500-dual-2025-01_06-scaled.jpg\" alt=\"\" width=\"1676\" height=\"2560\" \/><\/a> <a href=\"https:\/\/www.xiaomistoreks.com\/wp-content\/uploads\/2025\/03\/xiaomi-outdoor-camera-cw500-dual-2025-01_07.jpg\"><img loading=\"lazy\" decoding=\"async\" class=\"alignnone size-full wp-image-18069\" src=\"https:\/\/www.xiaomistoreks.com\/wp-content\/uploads\/2025\/03\/xiaomi-outdoor-camera-cw500-dual-2025-01_07.jpg\" alt=\"\" width=\"1920\" height=\"1508\" \/><\/a> <a href=\"https:\/\/www.xiaomistoreks.com\/wp-content\/uploads\/2025\/03\/xiaomi-outdoor-camera-cw500-dual-2025-01_08.jpg\"><img loading=\"lazy\" decoding=\"async\" class=\"alignnone size-full wp-image-18070\" src=\"https:\/\/www.xiaomistoreks.com\/wp-content\/uploads\/2025\/03\/xiaomi-outdoor-camera-cw500-dual-2025-01_08.jpg\" alt=\"\" width=\"1920\" height=\"2253\" \/><\/a> <a href=\"https:\/\/www.xiaomistoreks.com\/wp-content\/uploads\/2025\/03\/xiaomi-outdoor-camera-cw500-dual-2025-01_09.jpg\"><img loading=\"lazy\" decoding=\"async\" class=\"alignnone size-full wp-image-18071\" src=\"https:\/\/www.xiaomistoreks.com\/wp-content\/uploads\/2025\/03\/xiaomi-outdoor-camera-cw500-dual-2025-01_09.jpg\" alt=\"\" width=\"1920\" height=\"2547\" \/><\/a> <a href=\"https:\/\/www.xiaomistoreks.com\/wp-content\/uploads\/2025\/03\/xiaomi-outdoor-camera-cw500-dual-2025-01_10.jpg\"><img loading=\"lazy\" decoding=\"async\" class=\"alignnone size-full wp-image-18072\" src=\"https:\/\/www.xiaomistoreks.com\/wp-content\/uploads\/2025\/03\/xiaomi-outdoor-camera-cw500-dual-2025-01_10.jpg\" alt=\"\" width=\"1920\" height=\"2085\" \/><\/a> <a href=\"https:\/\/www.xiaomistoreks.com\/wp-content\/uploads\/2025\/03\/xiaomi-outdoor-camera-cw500-dual-2025-01_11.jpg\"><img loading=\"lazy\" decoding=\"async\" class=\"alignnone size-full wp-image-18073\" src=\"https:\/\/www.xiaomistoreks.com\/wp-content\/uploads\/2025\/03\/xiaomi-outdoor-camera-cw500-dual-2025-01_11.jpg\" alt=\"\" width=\"1920\" height=\"2537\" \/><\/a> <a href=\"https:\/\/www.xiaomistoreks.com\/wp-content\/uploads\/2025\/03\/xiaomi-outdoor-camera-cw500-dual-2025-01_12.png\"><img loading=\"lazy\" decoding=\"async\" class=\"alignnone size-full wp-image-18074\" src=\"https:\/\/www.xiaomistoreks.com\/wp-content\/uploads\/2025\/03\/xiaomi-outdoor-camera-cw500-dual-2025-01_12.png\" alt=\"\" width=\"1920\" height=\"2405\" \/><\/a><\/p>\n","protected":false},"excerpt":{"rendered":"<div class=\"flex max-w-full flex-col flex-grow\">\n<div class=\"min-h-8 text-message relative flex w-full flex-col items-end gap-2 whitespace-normal break-words text-start [.text-message+&amp;]:mt-5\" dir=\"auto\" data-message-author-role=\"assistant\" data-message-id=\"b4d151a8-2fbf-4588-ba7b-68230ef7d751\" data-message-model-slug=\"gpt-4o-mini\">\n<div class=\"flex w-full flex-col gap-1 empty:hidden first:pt-[3px]\">\n<div class=\"markdown prose w-full break-words dark:prose-invert light\">\n<p data-start=\"0\" data-end=\"556\" data-is-last-node=\"\" data-is-only-node=\"\">Xiaomi Outdoor Camera CW500 Dual &#8211; Siguro mbrojtje t\u00eb avancuar me kamer\u00ebn dy-fishe 2.5K UHD. Me lente 4MP dhe mund\u00ebsin\u00eb p\u00ebr t\u00eb monitoruar nga dy k\u00ebndv\u00ebshtrime, kjo kamer\u00eb ofron siguri t\u00eb zgjeruar p\u00ebr brenda dhe jasht\u00eb sht\u00ebpis\u00eb. Teknologjia AI njofton p\u00ebr l\u00ebvizje t\u00eb njeriut dhe automjeteve, nd\u00ebrsa ndri\u00e7imi inteligjent dhe vizioni i nat\u00ebs plot\u00ebsojn\u00eb imazhin edhe n\u00eb err\u00ebsir\u00eb. Kamera \u00ebsht\u00eb IP66 e mbrojtur nga pluhuri dhe uji dhe ofron mund\u00ebsi alarmesh vizuale dhe akustike p\u00ebr mbrojtje shtes\u00eb. Mund t\u00eb lidhet me Alexa dhe Google Home p\u00ebr kontroll t\u00eb leht\u00eb.<\/p>\n<\/div>\n<\/div>\n<\/div>\n<\/div>\n","protected":false},"featured_media":18062,"template":"","meta":[],"product_cat":[176,214],"product_tag":[],"_links":{"self":[{"href":"https:\/\/www.xiaomistoreks.com\/en\/wp-json\/wp\/v2\/product\/18060"}],"collection":[{"href":"https:\/\/www.xiaomistoreks.com\/en\/wp-json\/wp\/v2\/product"}],"about":[{"href":"https:\/\/www.xiaomistoreks.com\/en\/wp-json\/wp\/v2\/types\/product"}],"version-history":[{"count":1,"href":"https:\/\/www.xiaomistoreks.com\/en\/wp-json\/wp\/v2\/product\/18060\/revisions"}],"predecessor-version":[{"id":18075,"href":"https:\/\/www.xiaomistoreks.com\/en\/wp-json\/wp\/v2\/product\/18060\/revisions\/18075"}],"wp:featuredmedia":[{"embeddable":true,"href":"https:\/\/www.xiaomistoreks.com\/en\/wp-json\/wp\/v2\/media\/18062"}],"wp:attachment":[{"href":"https:\/\/www.xiaomistoreks.com\/en\/wp-json\/wp\/v2\/media?parent=18060"}],"wp:term":[{"taxonomy":"product_cat","embeddable":true,"href":"https:\/\/www.xiaomistoreks.com\/en\/wp-json\/wp\/v2\/product_cat?post=18060"},{"taxonomy":"product_tag","embeddable":true,"href":"https:\/\/www.xiaomistoreks.com\/en\/wp-json\/wp\/v2\/product_tag?post=18060"}],"curies":[{"name":"wp","href":"https:\/\/api.w.org\/{rel}","templated":true}]}}