{"id":17978,"date":"2025-02-27T13:55:07","date_gmt":"2025-02-27T13:55:07","guid":{"rendered":"https:\/\/www.xiaomistoreks.com\/?post_type=product&#038;p=17978"},"modified":"2026-03-06T00:35:10","modified_gmt":"2026-03-06T00:35:10","slug":"redmi-buds-6","status":"publish","type":"product","link":"https:\/\/www.xiaomistoreks.com\/en\/product\/redmi-buds-6\/","title":{"rendered":"Redmi Buds 6"},"content":{"rendered":"<p><a href=\"https:\/\/www.xiaomistoreks.com\/wp-content\/uploads\/2025\/02\/redmi-buds-6-01.png\"><img fetchpriority=\"high\" decoding=\"async\" class=\"alignnone size-full wp-image-17982\" src=\"https:\/\/www.xiaomistoreks.com\/wp-content\/uploads\/2025\/02\/redmi-buds-6-01.png\" alt=\"\" width=\"3360\" height=\"1306\" \/><\/a> <a href=\"https:\/\/www.xiaomistoreks.com\/wp-content\/uploads\/2025\/02\/redmi-buds-6-02.png\"><img decoding=\"async\" class=\"alignnone size-full wp-image-17983\" src=\"https:\/\/www.xiaomistoreks.com\/wp-content\/uploads\/2025\/02\/redmi-buds-6-02.png\" alt=\"\" width=\"3360\" height=\"2791\" \/><\/a> <a href=\"https:\/\/www.xiaomistoreks.com\/wp-content\/uploads\/2025\/02\/redmi-buds-6-03.png\"><img decoding=\"async\" class=\"alignnone size-full wp-image-17984\" src=\"https:\/\/www.xiaomistoreks.com\/wp-content\/uploads\/2025\/02\/redmi-buds-6-03.png\" alt=\"\" width=\"3360\" height=\"2894\" \/><\/a> <a href=\"https:\/\/www.xiaomistoreks.com\/wp-content\/uploads\/2025\/02\/redmi-buds-6-04.png\"><img loading=\"lazy\" decoding=\"async\" class=\"alignnone size-full wp-image-17985\" src=\"https:\/\/www.xiaomistoreks.com\/wp-content\/uploads\/2025\/02\/redmi-buds-6-04.png\" alt=\"\" width=\"3360\" height=\"3738\" \/><\/a> <a href=\"https:\/\/www.xiaomistoreks.com\/wp-content\/uploads\/2025\/02\/redmi-buds-6-05.png\"><img loading=\"lazy\" decoding=\"async\" class=\"alignnone size-full wp-image-17986\" src=\"https:\/\/www.xiaomistoreks.com\/wp-content\/uploads\/2025\/02\/redmi-buds-6-05.png\" alt=\"\" width=\"3360\" height=\"2830\" \/><\/a> <a href=\"https:\/\/www.xiaomistoreks.com\/wp-content\/uploads\/2025\/02\/redmi-buds-6-06.png\"><img loading=\"lazy\" decoding=\"async\" class=\"alignnone size-full wp-image-17987\" src=\"https:\/\/www.xiaomistoreks.com\/wp-content\/uploads\/2025\/02\/redmi-buds-6-06.png\" alt=\"\" width=\"3360\" height=\"2533\" \/><\/a> <a href=\"https:\/\/www.xiaomistoreks.com\/wp-content\/uploads\/2025\/02\/redmi-buds-6-07.png\"><img loading=\"lazy\" decoding=\"async\" class=\"alignnone size-full wp-image-17988\" src=\"https:\/\/www.xiaomistoreks.com\/wp-content\/uploads\/2025\/02\/redmi-buds-6-07.png\" alt=\"\" width=\"3360\" height=\"3972\" \/><\/a> <a href=\"https:\/\/www.xiaomistoreks.com\/wp-content\/uploads\/2025\/02\/redmi-buds-6-08.png\"><img loading=\"lazy\" decoding=\"async\" class=\"alignnone size-full wp-image-17989\" src=\"https:\/\/www.xiaomistoreks.com\/wp-content\/uploads\/2025\/02\/redmi-buds-6-08.png\" alt=\"\" width=\"3360\" height=\"4713\" \/><\/a><\/p>\n","protected":false},"excerpt":{"rendered":"<p>Shijoni tingull t\u00eb past\u00ebr dhe t\u00eb fuqish\u00ebm me Redmi Buds 6! Dizajni me dy altoparlant\u00eb dhe diafragm\u00eb t\u00eb madhe titanike 12.4mm ofron nj\u00eb p\u00ebrvoj\u00eb t\u00eb pasur d\u00ebgjimi. Me anulimin aktiv t\u00eb zhurm\u00ebs deri n\u00eb 49dB dhe reduktimin inteligjent t\u00eb zhurm\u00ebs s\u00eb er\u00ebs, telefonatat tuaja do t\u00eb jen\u00eb gjithmon\u00eb t\u00eb qarta. Bateria zgjat deri n\u00eb 42 or\u00eb me kutin\u00eb e karikimit, nd\u00ebrsa karikimi i shpejt\u00eb ofron 4 or\u00eb p\u00ebrdorim me vet\u00ebm 10 minuta karikim. P\u00ebrjetoni tingull rrethues 360\u00b0 p\u00ebr nj\u00eb p\u00ebrvoj\u00eb m\u00eb t\u00ebrheq\u00ebse muzikore!<\/p>\n","protected":false},"featured_media":17979,"template":"","meta":[],"product_cat":[202,176,213,188],"product_tag":[],"_links":{"self":[{"href":"https:\/\/www.xiaomistoreks.com\/en\/wp-json\/wp\/v2\/product\/17978"}],"collection":[{"href":"https:\/\/www.xiaomistoreks.com\/en\/wp-json\/wp\/v2\/product"}],"about":[{"href":"https:\/\/www.xiaomistoreks.com\/en\/wp-json\/wp\/v2\/types\/product"}],"version-history":[{"count":4,"href":"https:\/\/www.xiaomistoreks.com\/en\/wp-json\/wp\/v2\/product\/17978\/revisions"}],"predecessor-version":[{"id":20349,"href":"https:\/\/www.xiaomistoreks.com\/en\/wp-json\/wp\/v2\/product\/17978\/revisions\/20349"}],"wp:featuredmedia":[{"embeddable":true,"href":"https:\/\/www.xiaomistoreks.com\/en\/wp-json\/wp\/v2\/media\/17979"}],"wp:attachment":[{"href":"https:\/\/www.xiaomistoreks.com\/en\/wp-json\/wp\/v2\/media?parent=17978"}],"wp:term":[{"taxonomy":"product_cat","embeddable":true,"href":"https:\/\/www.xiaomistoreks.com\/en\/wp-json\/wp\/v2\/product_cat?post=17978"},{"taxonomy":"product_tag","embeddable":true,"href":"https:\/\/www.xiaomistoreks.com\/en\/wp-json\/wp\/v2\/product_tag?post=17978"}],"curies":[{"name":"wp","href":"https:\/\/api.w.org\/{rel}","templated":true}]}}