{"id":17961,"date":"2025-02-27T13:29:39","date_gmt":"2025-02-27T13:29:39","guid":{"rendered":"https:\/\/www.xiaomistoreks.com\/?post_type=product&#038;p=17961"},"modified":"2026-04-13T07:24:51","modified_gmt":"2026-04-13T07:24:51","slug":"xiaomi-smart-band-9-active-beige-white","status":"publish","type":"product","link":"https:\/\/www.xiaomistoreks.com\/en\/product\/xiaomi-smart-band-9-active-beige-white\/","title":{"rendered":"Xiaomi Smart Band 9 Active"},"content":{"rendered":"<p><a href=\"https:\/\/www.xiaomistoreks.com\/wp-content\/uploads\/2025\/02\/xiaomi-smart-band-9-active-01.png\"><img fetchpriority=\"high\" decoding=\"async\" class=\"alignnone size-full wp-image-17966\" src=\"https:\/\/www.xiaomistoreks.com\/wp-content\/uploads\/2025\/02\/xiaomi-smart-band-9-active-01.png\" alt=\"\" width=\"3360\" height=\"2048\" \/><\/a> <a href=\"https:\/\/www.xiaomistoreks.com\/wp-content\/uploads\/2025\/02\/xiaomi-smart-band-9-active-02.png\"><img decoding=\"async\" class=\"alignnone size-full wp-image-17967\" src=\"https:\/\/www.xiaomistoreks.com\/wp-content\/uploads\/2025\/02\/xiaomi-smart-band-9-active-02.png\" alt=\"\" width=\"3360\" height=\"2364\" \/><\/a> <a href=\"https:\/\/www.xiaomistoreks.com\/wp-content\/uploads\/2025\/02\/xiaomi-smart-band-9-active-03.png\"><img decoding=\"async\" class=\"alignnone size-full wp-image-17968\" src=\"https:\/\/www.xiaomistoreks.com\/wp-content\/uploads\/2025\/02\/xiaomi-smart-band-9-active-03.png\" alt=\"\" width=\"3360\" height=\"4221\" \/><\/a> <a href=\"https:\/\/www.xiaomistoreks.com\/wp-content\/uploads\/2025\/02\/xiaomi-smart-band-9-active-04.png\"><img loading=\"lazy\" decoding=\"async\" class=\"alignnone size-full wp-image-17969\" src=\"https:\/\/www.xiaomistoreks.com\/wp-content\/uploads\/2025\/02\/xiaomi-smart-band-9-active-04.png\" alt=\"\" width=\"3360\" height=\"3807\" \/><\/a> <a href=\"https:\/\/www.xiaomistoreks.com\/wp-content\/uploads\/2025\/02\/xiaomi-smart-band-9-active-05.png\"><img loading=\"lazy\" decoding=\"async\" class=\"alignnone size-full wp-image-17970\" src=\"https:\/\/www.xiaomistoreks.com\/wp-content\/uploads\/2025\/02\/xiaomi-smart-band-9-active-05.png\" alt=\"\" width=\"3360\" height=\"4469\" \/><\/a> <a href=\"https:\/\/www.xiaomistoreks.com\/wp-content\/uploads\/2025\/02\/xiaomi-smart-band-9-active-06.png\"><img loading=\"lazy\" decoding=\"async\" class=\"alignnone size-full wp-image-17971\" src=\"https:\/\/www.xiaomistoreks.com\/wp-content\/uploads\/2025\/02\/xiaomi-smart-band-9-active-06.png\" alt=\"\" width=\"3360\" height=\"5147\" \/><\/a><\/p>\n","protected":false},"excerpt":{"rendered":"<p>Xiaomi Smart Band 9 Active kombinon dizajnin e leht\u00eb me performanc\u00ebn e avancuar. Me ekranin 1.47\u201d TFT dhe frekuenc\u00ebn e rifreskimit 60Hz, ofron nj\u00eb p\u00ebrvoj\u00eb t\u00eb qet\u00eb dhe t\u00eb qart\u00eb. Monitorimi i p\u00ebrmir\u00ebsuar i gjumit, oksigjenit n\u00eb gjak dhe rrahjeve t\u00eb zemr\u00ebs ju ndihmon t\u00eb mbani sh\u00ebndetin n\u00ebn kontroll. Me 50 modalitete sportive dhe rezistenc\u00eb ndaj ujit 5ATM, \u00ebsht\u00eb partneri ideal p\u00ebr aktivitetet tuaja. Bateria e fuqishme siguron deri n\u00eb 18 dit\u00eb p\u00ebrdorim t\u00eb zakonsh\u00ebm. P\u00ebrmir\u00ebsoni stilin me rripa shum\u00ebngjyr\u00ebsh dhe personalizoni p\u00ebrvoj\u00ebn tuaj me mbi 100 dizajne t\u00eb ndryshme t\u00eb ekranit!<\/p>\n","protected":false},"featured_media":17962,"template":"","meta":[],"product_cat":[176,194,188,221],"product_tag":[],"_links":{"self":[{"href":"https:\/\/www.xiaomistoreks.com\/en\/wp-json\/wp\/v2\/product\/17961"}],"collection":[{"href":"https:\/\/www.xiaomistoreks.com\/en\/wp-json\/wp\/v2\/product"}],"about":[{"href":"https:\/\/www.xiaomistoreks.com\/en\/wp-json\/wp\/v2\/types\/product"}],"version-history":[{"count":5,"href":"https:\/\/www.xiaomistoreks.com\/en\/wp-json\/wp\/v2\/product\/17961\/revisions"}],"predecessor-version":[{"id":18646,"href":"https:\/\/www.xiaomistoreks.com\/en\/wp-json\/wp\/v2\/product\/17961\/revisions\/18646"}],"wp:featuredmedia":[{"embeddable":true,"href":"https:\/\/www.xiaomistoreks.com\/en\/wp-json\/wp\/v2\/media\/17962"}],"wp:attachment":[{"href":"https:\/\/www.xiaomistoreks.com\/en\/wp-json\/wp\/v2\/media?parent=17961"}],"wp:term":[{"taxonomy":"product_cat","embeddable":true,"href":"https:\/\/www.xiaomistoreks.com\/en\/wp-json\/wp\/v2\/product_cat?post=17961"},{"taxonomy":"product_tag","embeddable":true,"href":"https:\/\/www.xiaomistoreks.com\/en\/wp-json\/wp\/v2\/product_tag?post=17961"}],"curies":[{"name":"wp","href":"https:\/\/api.w.org\/{rel}","templated":true}]}}